{"id":21222,"date":"2022-01-20T16:58:04","date_gmt":"2022-01-20T15:58:04","guid":{"rendered":"https:\/\/virgingrip.com\/?page_id=21222"},"modified":"2022-06-16T17:13:00","modified_gmt":"2022-06-16T15:13:00","slug":"firemni-informace","status":"publish","type":"page","link":"https:\/\/www.virgingrip.com\/cs\/o-nas\/firemni-informace\/","title":{"rendered":"Firemn\u00ed informace"},"content":{"rendered":"\n<hr class=\"wp-block-separator has-alpha-channel-opacity\"\/>\n\n<div class=\"wp-block-columns is-layout-flex wp-container-core-columns-is-layout-7387b849 wp-block-columns-is-layout-flex\">\n<div class=\"wp-block-column is-layout-flow wp-block-column-is-layout-flow\">\n<h4 class=\"wp-block-heading\"><strong>Kontakt<\/strong><\/h4>\n\n\n\n<p class=\"wp-block-paragraph\">VirginGrip s.r.o.<br\/>Tis\u00e1 382, 403 36 Tis\u00e1, Czech Republic<br\/>I\u010c:05579406<\/p>\n\n\n\n<p class=\"wp-block-paragraph\">Tom\u00e1\u0161 Riese<br\/><a href=\"mailto:grip@virgingrip.com\">grip@virgingrip.com<\/a><br\/>Tel. +420 775 961 968<\/p>\n\n\n\n<p class=\"wp-block-paragraph\">Lenka Riesov\u00e1<br\/><a href=\"mailto:sales@virgingrip.com\">sales@virgingrip.com<\/a><br\/><\/p>\n<\/div>\n\n\n\n<div class=\"wp-block-column is-layout-flow wp-block-column-is-layout-flow\">\n<h4 class=\"wp-block-heading\"><strong>Bankovn\u00ed \u00fa\u010det CZK<\/strong><\/h4>\n\n\n\n<p class=\"wp-block-paragraph\">\u010cSOB Bank<br\/>\u010c\u00edslo \u00fa\u010dtu: 277370354\/0300<br\/>IBAN: CZ47 0300 0000 0002 7737 0354<br\/>BIC\/SWIFT: CEKOCZPP<\/p>\n<\/div>\n\n\n\n<div class=\"wp-block-column is-layout-flow wp-block-column-is-layout-flow\">\n<h4 class=\"wp-block-heading\"><strong>Bankovn\u00ed \u00fa\u010det EUR<\/strong><\/h4>\n\n\n\n<p class=\"wp-block-paragraph\">\u010cSOB Bank<br\/>Bankovn\u00ed \u00fa\u010det: 288316812\/0300<br\/>IBAN: CZ25 0300 0000 0002 8831 6812<br\/>BIC\/SWIFT: CEKOCZPP<\/p>\n<\/div>\n<\/div>\n\n<div style=\"height:80px\" aria-hidden=\"true\" class=\"wp-block-spacer\"><\/div>\n","protected":false},"excerpt":{"rendered":"<p>Kontakt VirginGrip s.r.o.Tis\u00e1 382, 403 36 Tis\u00e1, Czech RepublicI\u010c:05579406 Tom\u00e1\u0161 Riesegrip@virgingrip.comTel. +420 775 961 968 Lenka Riesov\u00e1sales@virgingrip.com Bankovn\u00ed \u00fa\u010det CZK \u010cSOB Bank\u010c\u00edslo \u00fa\u010dtu: 277370354\/0300IBAN: CZ47 0300 0000 0002 7737 0354BIC\/SWIFT: CEKOCZPP Bankovn\u00ed \u00fa\u010det EUR \u010cSOB BankBankovn\u00ed \u00fa\u010det: 288316812\/0300IBAN: CZ25 0300 0000 0002 8831 6812BIC\/SWIFT: CEKOCZPP<\/p>\n","protected":false},"author":1501,"featured_media":0,"parent":21685,"menu_order":35,"comment_status":"closed","ping_status":"closed","template":"","meta":{"_acf_changed":false,"_crdt_document":"","site-sidebar-layout":"default","site-content-layout":"default","ast-site-content-layout":"default","site-content-style":"default","site-sidebar-style":"default","ast-global-header-display":"","ast-banner-title-visibility":"","ast-main-header-display":"","ast-hfb-above-header-display":"","ast-hfb-below-header-display":"","ast-hfb-mobile-header-display":"","site-post-title":"","ast-breadcrumbs-content":"","ast-featured-img":"","footer-sml-layout":"","ast-disable-related-posts":"","theme-transparent-header-meta":"default","adv-header-id-meta":"","stick-header-meta":"default","header-above-stick-meta":"","header-main-stick-meta":"","header-below-stick-meta":"","astra-migrate-meta-layouts":"default","ast-page-background-enabled":"default","ast-page-background-meta":{"desktop":{"background-color":"","background-image":"","background-repeat":"repeat","background-position":"center center","background-size":"auto","background-attachment":"scroll","background-type":"","background-media":"","overlay-type":"","overlay-color":"","overlay-opacity":"","overlay-gradient":""},"tablet":{"background-color":"","background-image":"","background-repeat":"repeat","background-position":"center center","background-size":"auto","background-attachment":"scroll","background-type":"","background-media":"","overlay-type":"","overlay-color":"","overlay-opacity":"","overlay-gradient":""},"mobile":{"background-color":"","background-image":"","background-repeat":"repeat","background-position":"center center","background-size":"auto","background-attachment":"scroll","background-type":"","background-media":"","overlay-type":"","overlay-color":"","overlay-opacity":"","overlay-gradient":""}},"ast-content-background-meta":{"desktop":{"background-color":"var(--ast-global-color-5)","background-image":"","background-repeat":"repeat","background-position":"center center","background-size":"auto","background-attachment":"scroll","background-type":"","background-media":"","overlay-type":"","overlay-color":"","overlay-opacity":"","overlay-gradient":""},"tablet":{"background-color":"var(--ast-global-color-5)","background-image":"","background-repeat":"repeat","background-position":"center center","background-size":"auto","background-attachment":"scroll","background-type":"","background-media":"","overlay-type":"","overlay-color":"","overlay-opacity":"","overlay-gradient":""},"mobile":{"background-color":"var(--ast-global-color-5)","background-image":"","background-repeat":"repeat","background-position":"center center","background-size":"auto","background-attachment":"scroll","background-type":"","background-media":"","overlay-type":"","overlay-color":"","overlay-opacity":"","overlay-gradient":""}},"_joinchat":[],"footnotes":""},"class_list":["post-21222","page","type-page","status-publish","hentry"],"acf":[],"_links":{"self":[{"href":"https:\/\/www.virgingrip.com\/cs\/wp-json\/wp\/v2\/pages\/21222","targetHints":{"allow":["GET"]}}],"collection":[{"href":"https:\/\/www.virgingrip.com\/cs\/wp-json\/wp\/v2\/pages"}],"about":[{"href":"https:\/\/www.virgingrip.com\/cs\/wp-json\/wp\/v2\/types\/page"}],"author":[{"embeddable":true,"href":"https:\/\/www.virgingrip.com\/cs\/wp-json\/wp\/v2\/users\/1501"}],"replies":[{"embeddable":true,"href":"https:\/\/www.virgingrip.com\/cs\/wp-json\/wp\/v2\/comments?post=21222"}],"version-history":[{"count":0,"href":"https:\/\/www.virgingrip.com\/cs\/wp-json\/wp\/v2\/pages\/21222\/revisions"}],"up":[{"embeddable":true,"href":"https:\/\/www.virgingrip.com\/cs\/wp-json\/wp\/v2\/pages\/21685"}],"wp:attachment":[{"href":"https:\/\/www.virgingrip.com\/cs\/wp-json\/wp\/v2\/media?parent=21222"}],"curies":[{"name":"wp","href":"https:\/\/api.w.org\/{rel}","templated":true}]}}