{"id":21243,"date":"2022-01-20T16:58:04","date_gmt":"2022-01-20T15:58:04","guid":{"rendered":"https:\/\/virgingrip.com\/?page_id=21243"},"modified":"2026-03-03T08:55:26","modified_gmt":"2026-03-03T07:55:26","slug":"reklamace","status":"publish","type":"page","link":"https:\/\/www.virgingrip.com\/cs\/reklamace\/","title":{"rendered":"Reklamace"},"content":{"rendered":"\n<h4 class=\"wp-block-heading\"><strong>Reklama\u010dn\u00ed \u0159\u00e1d VirginGrip s.r.o<\/strong><\/h4>\n\n<p class=\"wp-block-paragraph\">Tento reklama\u010dn\u00ed \u0159\u00e1d je sou\u010d\u00e1st\u00ed obchodn\u00edch podm\u00ednek v internetov\u00e9m obchod\u011b&#13;\nwww.virgingrip.com jeho\u017e vlastn\u00edkem a provozovatelem je:<\/p>\n\n<p class=\"wp-block-paragraph\"><strong>Prod\u00e1vaj\u00edc\u00ed: <\/strong>&#13;\nVirginGrip s.r.o.&#13;\nSe s\u00eddlem: Tis\u00e1 382, 403 36 Tis\u00e1&#13;\nI\u010cO: 05579406&#13;\nZaps\u00e1n: Obchodn\u00ed rejst\u0159\u00edk veden\u00fd Krajsk\u00fdm soudem v \u00dast\u00ed nad Labem, odd\u00edl C, vlo\u017eka 38496&#13;\nKontakt: sales@virgingrip.com&#13;\nMobil: +420 724482300<\/p>\n\n<hr class=\"wp-block-separator has-css-opacity\"\/>\n\n<p class=\"wp-block-paragraph\">Tento reklama\u010dn\u00ed \u0159\u00e1d se \u0159\u00edd\u00ed ustanoven\u00edm z\u00e1kona \u010d. 89\/2012 Sb., ob\u010dansk\u00e9ho z\u00e1kon\u00edku a z\u00e1konem \u010d. 634\/1992 Sb., o ochran\u011b spot\u0159ebitele (\u010d. 634\/1992 Sb.), ve zn\u011bn\u00ed pozd\u011bj\u0161\u00edch p\u0159edpis\u016f. Tento reklama\u010dn\u00ed \u0159\u00e1d dopl\u0148uje obchodn\u00ed podm\u00ednky a vztahuje se na spot\u0159ebn\u00ed zbo\u017e\u00ed (d\u00e1le jen \u201eZbo\u017e\u00ed\u201c), u n\u011bho\u017e jsou v z\u00e1ru\u010dn\u00ed dob\u011b uplat\u0148ov\u00e1na pr\u00e1va Kupuj\u00edc\u00edho z odpov\u011bdnosti za vady (d\u00e1le jen \u201eReklamace\u201c).<\/p>\n\n<hr class=\"wp-block-separator has-css-opacity\"\/>\n\n<p class=\"wp-block-paragraph\">Ve VirignGrip v\u011bnujeme tu nejv\u011bt\u0161\u00ed pozornost kvalit\u011b a designu na\u0161ich chyt\u016f a sna\u017e\u00edme&#13;\nse dod\u00e1vat jen ty nejlep\u0161\u00ed chyty. Pokud je n\u011bkdy chyba na lezeck\u00e9m chytu od VirginGrip jako je prasklina nebo d\u00edra, kter\u00e1 nebyla vyvrt\u00e1na spr\u00e1vn\u011b, pros\u00edm kontaktujte n\u00e1s a my v\u00e1m chyt nahrad\u00edme. Nem\u00e1me slo\u017eit\u00e1 z\u00e1ru\u010dn\u00ed pravidla, kter\u00e1 by v\u00e1s odrazovala od uplatn\u011bn\u00ed va\u0161ich n\u00e1rok\u016f. Sta\u010d\u00ed n\u00e1m poslat e-mail nebo n\u00e1m zavolat. Pot\u0159ebujeme jm\u00e9no toho, kdo zbo\u017e\u00ed objedn\u00e1val, va\u0161i e-mailovou adresu spojenou s objedn\u00e1vkou a p\u00e1r fotek chytu s vadou. Pokud existuje chyba v designu nebo vada materi\u00e1lu, chceme o tom v\u011bd\u011bt, abychom ji mohli odstranit. Pokud pot\u0159ebujeme zkontrolovat lezeck\u00fd chyt, abychom zjistili p\u0159\u00ed\u010dinu z\u00e1vady, zaplat\u00edme standardn\u00ed n\u00e1klady spojen\u00e9 s vr\u00e1cen\u00edm zbo\u017e\u00ed na adresu s\u00eddla firmy.<\/p>\n\n<p class=\"wp-block-paragraph\">V\u00fdm\u011bna a reklamace se nevztahuje:<\/p>\n\n<ul class=\"wp-block-list\"><li>Na kosmetick\u00e9 vady spojen\u00e9 se z\u00e1kladn\u00edmi mechanick\u00fdmi vlastnostmi polyuretanov\u00e9ho materi\u00e1lu.<\/li><li>Na\u0161e chyty jsou ur\u010deny pouze pro pou\u017eit\u00ed na ploch\u00fdch st\u011bn\u00e1ch. Z\u00e1ruka se tak nevztahuje na chyby \u010di praskliny zp\u016fsoben\u00e9 upevn\u011bn\u00edm nebo pou\u017eit\u00edm na nerovn\u00e9m \u010di zvln\u011bn\u00e9m povrchu.<\/li><\/ul>\n\n<p class=\"wp-block-paragraph\">O pr\u016fb\u011bhu a n\u00e1sledn\u00e9m vy\u0159\u00edzen\u00ed reklamace v\u00e1s budeme co nejd\u0159\u00edve, nejpozd\u011bji v\u0161ak do 30 dn\u016f ode dne uplatn\u011bn\u00ed reklamace, kontaktovat bu\u010f emailem, nebo telefonicky. V p\u0159\u00edpad\u011b nejasnost\u00ed lze pou\u017e\u00edt ofici\u00e1ln\u00ed reklama\u010dn\u00ed formul\u00e1\u0159, kter\u00fd je p\u0159\u00edlohou tohoto dokumentu.<\/p>\n\n<p class=\"wp-block-paragraph\">D\u011bkujeme, V\u00e1\u0161 VirginGrip team.<\/p>\n\n<hr class=\"wp-block-separator has-css-opacity\"\/>\n\n<p class=\"wp-block-paragraph\"><a href=\"https:\/\/www.virgingrip.com\/wp-content\/uploads\/Reklamacni-formular.pdf\" target=\"_blank\" rel=\"noreferrer noopener\">Formul\u00e1\u0159 pro uplatn\u011bn\u00ed reklamace (PDF dokument) <\/a><\/p>\n\n<div style=\"height:80px\" aria-hidden=\"true\" class=\"wp-block-spacer\"><\/div>\n","protected":false},"excerpt":{"rendered":"<p>Reklama\u010dn\u00ed \u0159\u00e1d VirginGrip s.r.o Tento reklama\u010dn\u00ed \u0159\u00e1d je sou\u010d\u00e1st\u00ed obchodn\u00edch podm\u00ednek v internetov\u00e9m obchod\u011b&#13; www.virgingrip.com jeho\u017e vlastn\u00edkem a provozovatelem je: Prod\u00e1vaj\u00edc\u00ed: &#13; VirginGrip s.r.o.&#13; Se s\u00eddlem: Tis\u00e1 382, 403 36 Tis\u00e1&#13; I\u010cO: 05579406&#13; Zaps\u00e1n: Obchodn\u00ed rejst\u0159\u00edk veden\u00fd Krajsk\u00fdm soudem v \u00dast\u00ed nad Labem, odd\u00edl C, vlo\u017eka 38496&#13; Kontakt: sales@virgingrip.com&#13; Mobil: +420 724482300 Tento reklama\u010dn\u00ed \u0159\u00e1d [&hellip;]<\/p>\n","protected":false},"author":1501,"featured_media":0,"parent":0,"menu_order":71,"comment_status":"closed","ping_status":"closed","template":"","meta":{"_acf_changed":false,"_crdt_document":"","site-sidebar-layout":"default","site-content-layout":"","ast-site-content-layout":"default","site-content-style":"default","site-sidebar-style":"default","ast-global-header-display":"","ast-banner-title-visibility":"","ast-main-header-display":"","ast-hfb-above-header-display":"","ast-hfb-below-header-display":"","ast-hfb-mobile-header-display":"","site-post-title":"","ast-breadcrumbs-content":"","ast-featured-img":"","footer-sml-layout":"","ast-disable-related-posts":"","theme-transparent-header-meta":"","adv-header-id-meta":"","stick-header-meta":"","header-above-stick-meta":"","header-main-stick-meta":"","header-below-stick-meta":"","astra-migrate-meta-layouts":"set","ast-page-background-enabled":"default","ast-page-background-meta":{"desktop":{"background-color":"","background-image":"","background-repeat":"repeat","background-position":"center center","background-size":"auto","background-attachment":"scroll","background-type":"","background-media":"","overlay-type":"","overlay-color":"","overlay-opacity":"","overlay-gradient":""},"tablet":{"background-color":"","background-image":"","background-repeat":"repeat","background-position":"center center","background-size":"auto","background-attachment":"scroll","background-type":"","background-media":"","overlay-type":"","overlay-color":"","overlay-opacity":"","overlay-gradient":""},"mobile":{"background-color":"","background-image":"","background-repeat":"repeat","background-position":"center center","background-size":"auto","background-attachment":"scroll","background-type":"","background-media":"","overlay-type":"","overlay-color":"","overlay-opacity":"","overlay-gradient":""}},"ast-content-background-meta":{"desktop":{"background-color":"var(--ast-global-color-5)","background-image":"","background-repeat":"repeat","background-position":"center center","background-size":"auto","background-attachment":"scroll","background-type":"","background-media":"","overlay-type":"","overlay-color":"","overlay-opacity":"","overlay-gradient":""},"tablet":{"background-color":"var(--ast-global-color-5)","background-image":"","background-repeat":"repeat","background-position":"center center","background-size":"auto","background-attachment":"scroll","background-type":"","background-media":"","overlay-type":"","overlay-color":"","overlay-opacity":"","overlay-gradient":""},"mobile":{"background-color":"var(--ast-global-color-5)","background-image":"","background-repeat":"repeat","background-position":"center center","background-size":"auto","background-attachment":"scroll","background-type":"","background-media":"","overlay-type":"","overlay-color":"","overlay-opacity":"","overlay-gradient":""}},"_joinchat":[],"footnotes":""},"class_list":["post-21243","page","type-page","status-publish","hentry"],"acf":[],"_links":{"self":[{"href":"https:\/\/www.virgingrip.com\/cs\/wp-json\/wp\/v2\/pages\/21243","targetHints":{"allow":["GET"]}}],"collection":[{"href":"https:\/\/www.virgingrip.com\/cs\/wp-json\/wp\/v2\/pages"}],"about":[{"href":"https:\/\/www.virgingrip.com\/cs\/wp-json\/wp\/v2\/types\/page"}],"author":[{"embeddable":true,"href":"https:\/\/www.virgingrip.com\/cs\/wp-json\/wp\/v2\/users\/1501"}],"replies":[{"embeddable":true,"href":"https:\/\/www.virgingrip.com\/cs\/wp-json\/wp\/v2\/comments?post=21243"}],"version-history":[{"count":3,"href":"https:\/\/www.virgingrip.com\/cs\/wp-json\/wp\/v2\/pages\/21243\/revisions"}],"predecessor-version":[{"id":27256,"href":"https:\/\/www.virgingrip.com\/cs\/wp-json\/wp\/v2\/pages\/21243\/revisions\/27256"}],"wp:attachment":[{"href":"https:\/\/www.virgingrip.com\/cs\/wp-json\/wp\/v2\/media?parent=21243"}],"curies":[{"name":"wp","href":"https:\/\/api.w.org\/{rel}","templated":true}]}}