{"id":21499,"date":"2022-05-03T14:16:01","date_gmt":"2022-05-03T12:16:01","guid":{"rendered":"https:\/\/virgingrip.com\/?page_id=21499"},"modified":"2026-03-03T08:55:27","modified_gmt":"2026-03-03T07:55:27","slug":"ochrana-osobnich-udaju","status":"publish","type":"page","link":"https:\/\/www.virgingrip.com\/cs\/ochrana-osobnich-udaju\/","title":{"rendered":"Ochrana osobn\u00edch \u00fadaj\u016f"},"content":{"rendered":"\n<p class=\"wp-block-paragraph\"><strong>Pravidla a podm\u00ednky<\/strong><\/p>\n\n<p class=\"wp-block-paragraph\"><strong>1.<\/strong> V souladu s ustanoven\u00edmi na\u0159\u00edzen\u00ed Evropsk\u00e9ho parlamentu a Rady (EU) ze dne 27. dubna 2016 o ochran\u011b fyzick\u00fdch osob v souvislosti se zpracov\u00e1n\u00edm osobn\u00edch \u00fadaj\u016f a o voln\u00e9m pohybu t\u011bchto \u00fadaj\u016f a o zru\u0161en\u00ed sm\u011brnice 95 \/ \/ 46 \/ ES (d\u00e1le jen &#8222;GDPR&#8220;) t\u00edmto ud\u011blujete sv\u016fj souhlas spole\u010dnosti VirginGrip s.r.o. se s\u00eddlem v Tis\u00e9 382, 4\u200b\u200b03 36 Tis\u00e1, \u010cesk\u00e1 republika (I\u010c: 05579406), d\u00e1le jen &#8222;kontrolor&#8220;) pro zpracov\u00e1n\u00ed va\u0161ich osobn\u00edch \u00fadaj\u016f:<\/p>\n\n<p class=\"wp-block-paragraph\">1.1 cel\u00e9 jm\u00e9no<br\/>1.2 telefonn\u00ed \u010d\u00edslo<br\/>1.3 e-mail (d\u00e1le jen &#8222;osobn\u00ed \u00fadaje&#8220;)<br\/>1.4 adresa (d\u00e1le jen &#8222;osobn\u00ed \u00fadaje&#8220;)<\/p>\n\n<hr class=\"wp-block-separator has-alpha-channel-opacity\"\/>\n\n<p class=\"wp-block-paragraph\"><strong>2.<\/strong> Osobn\u00ed \u00fadaje zpracov\u00e1v\u00e1me na z\u00e1klad\u011b va\u0161eho v\u00fdslovn\u00e9ho souhlasu.<\/p>\n\n<hr class=\"wp-block-separator has-alpha-channel-opacity\"\/>\n\n<p class=\"wp-block-paragraph\"><strong>3.\u00a0<\/strong>Va\u0161e osobn\u00ed \u00fadaje jsou zpracov\u00e1v\u00e1ny pro \u00fa\u010dely zpracov\u00e1n\u00ed va\u0161ich po\u017eadavk\u016f na dod\u00e1n\u00ed v\u00e1mi objednan\u00e9ho zbo\u017e\u00ed na\u0161\u00ed spole\u010dnost\u00ed.<\/p>\n\n<hr class=\"wp-block-separator has-alpha-channel-opacity\"\/>\n\n<p class=\"wp-block-paragraph\"><strong>4.<\/strong> Doba zpracov\u00e1n\u00ed: 1 rok od data souhlasu. Po uplynut\u00ed uveden\u00e9 lh\u016fty \u0159\u00e1dn\u011b odstran\u00edme va\u0161e \u00fadaje.<\/p>\n\n<hr class=\"wp-block-separator has-alpha-channel-opacity\"\/>\n\n<p class=\"wp-block-paragraph\"><strong>5.\u00a0<\/strong>Va\u0161e osobn\u00ed \u00fadaje m\u016f\u017eeme zp\u0159\u00edstupnit n\u00e1sleduj\u00edc\u00edm kategori\u00edm p\u0159\u00edjemc\u016f:<\/p>\n\n<ul class=\"wp-block-list\"><li>provozovatel hostingu &#8211; ACTIVE 24, s.r.o. Sokolovsk\u00e1 394\/17 186 00 Praha 8, (I\u010c: 25115804)<\/li><li>spole\u010dnosti za \u00fa\u010dely slu\u010diteln\u00fdmi s touto Politikou. P\u0159ijali jsme opat\u0159en\u00ed, aby osobn\u00ed \u00fadaje byly p\u0159\u00edstupn\u00e9 pouze t\u011bm zam\u011bstnanc\u016fm, kte\u0159\u00ed p\u0159\u00edstup k \u00fadaj\u016fm pot\u0159ebuj\u00ed v r\u00e1mci sv\u00fdch pracovn\u00edch povinnosti, a smluvn\u011b stanovili z\u00e1kaz vyu\u017e\u00edv\u00e1n\u00ed osobn\u00edch \u00fadaj\u016f pro jin\u00e9 \u00fa\u010dely.&#13;\n<\/li><li>na\u0161i smluvn\u00ed prodejci, poskytovatel\u00e9 slu\u017eeb a partne\u0159i, kte\u0159\u00ed n\u00e1m poskytuj\u00ed slu\u017eby zpracov\u00e1n\u00ed \u00fadaj\u016f nebo kte\u0159\u00ed jinak zpracov\u00e1vaj\u00ed osobn\u00ed \u00fadaje pro \u00fa\u010dely popsan\u00e9 v t\u00e9to Politice nebo v\u00e1m sd\u011blen\u00e9 v okam\u017eiku shroma\u017e\u010fov\u00e1n\u00ed va\u0161ich osobn\u00edch \u00fadaj\u016f. M\u016f\u017ee se jednat o zp\u0159\u00edstupn\u011bn\u00ed \u00fadaj\u016f smluvn\u00edm prodejc\u016fm a jin\u00fdm poskytovatel\u016fm slu\u017eeb v souvislosti se slu\u017ebami, kter\u00e9 n\u00e1m poskytuj\u00ed, nap\u0159. podpora p\u0159i spr\u00e1v\u011b IT platformy nebo podp\u016frn\u00e9 slu\u017eby, slu\u017eby infrastruktury a aplikac\u00ed, marketing, anal\u00fdza dat;&#13;\n<\/li><li>org\u00e1ny \u010dinn\u00e9 v trestn\u00edm \u0159\u00edzen\u00ed, regulatorn\u00ed org\u00e1ny, st\u00e1tn\u00ed org\u00e1ny, soudy nebo jin\u00e1 t\u0159et\u00ed strana, kdy budeme p\u0159edpokl\u00e1dat, \u017ee zp\u0159\u00edstupn\u011bn\u00ed je nutn\u00e9 <ol><li>na z\u00e1klad\u011b platn\u00e9 pr\u00e1vn\u00ed \u00fapravy a regulatorn\u00edch p\u0159edpis\u016f,<\/li><li>za \u00fa\u010delem uplatn\u011bn\u00ed, stanoven\u00ed nebo ochrany na\u0161ich z\u00e1konn\u00fdch pr\u00e1v, nebo<\/li><li>za \u00fa\u010delem ochrany na\u0161ich \u017eivotn\u011b d\u016fle\u017eit\u00fdch z\u00e1jm\u016f nebo \u017eivotn\u011b d\u016fle\u017eit\u00fdch z\u00e1jm\u016f jin\u00e9 osoby;&#13;\n<\/li><\/ol><\/li><li>poradci, pr\u00e1vn\u00ed z\u00e1stupci a podobn\u00e9 subjekty v souvislosti s poradensk\u00fdmi slu\u017ebami, kter\u00e9 n\u00e1m poskytuj\u00ed v r\u00e1mci na\u0161ich opr\u00e1vn\u011bn\u00fdch obchodn\u00edch z\u00e1jm\u016f a pod smluvn\u00edm z\u00e1vazkem z\u00e1kazu vyu\u017eit\u00ed osobn\u00edch dat k jin\u00fdm \u00fa\u010del\u016fm;&#13;\n<\/li><li>potenci\u00e1ln\u00ed kupec (a jeho z\u00e1stupci a poradci) v souvislosti s navrhovan\u00fdm n\u00e1kupem, f\u00faz\u00ed nebo akvizic\u00ed kter\u00e9koli \u010d\u00e1sti na\u0161\u00ed spole\u010dnosti za podm\u00ednky, \u017ee budeme kupce informovat, \u017ee va\u0161e osobn\u00ed \u00fadaje mohou b\u00fdt vyu\u017eity pouze za \u00fa\u010dely uveden\u00fdmi v t\u00e9to Politice;<\/li><li>jin\u00fd subjekt s va\u0161\u00edm p\u0159edchoz\u00edm souhlasem zp\u0159\u00edstupn\u011bn\u00ed.<\/li><\/ul>\n\n<hr class=\"wp-block-separator has-alpha-channel-opacity\"\/>\n\n<p class=\"wp-block-paragraph\"><strong>6.<\/strong> T\u00edmto v\u00fdslovn\u011b souhlas\u00edte s v\u00fd\u0161e uveden\u00fdm zpracov\u00e1n\u00edm. Osobn\u00ed \u00fadaje jsou poskytov\u00e1ny na z\u00e1klad\u011b dobrovolnosti. V\u00e1\u0161 souhlas m\u016f\u017eete v\u017edy odvolat kliknut\u00edm na tento odkaz: <a href=\"https:\/\/virgingrip.com\" target=\"_blank\" rel=\"noopener\">Odhl\u00e1sit se<\/a>.<\/p>\n\n<hr class=\"wp-block-separator has-alpha-channel-opacity\"\/>\n\n<p class=\"wp-block-paragraph\"><strong>7.<\/strong> Dle na\u0159\u00edzen\u00ed GDPR m\u00e1te n\u00e1sleduj\u00edc\u00ed pr\u00e1va:<\/p>\n\n<ol class=\"wp-block-list\"><li>kdykoli odvolat sv\u016fj souhlas;<\/li><li>vy\u017e\u00e1dat si od n\u00e1s informace o zpracov\u00e1n\u00ed osobn\u00edch \u00fadaj\u016f;<\/li><li>po\u017eadovat od n\u00e1s p\u0159\u00edstup k osobn\u00edm \u00fadaj\u016fm;<\/li><li>po\u017e\u00e1dat o opravu nep\u0159esn\u00fdch osobn\u00edch \u00fadaj\u016f, p\u0159\u00edpadn\u011b je doplnit nebo aktualizovat;<\/li><li>po\u017e\u00e1dat o okam\u017eit\u00e9 vymaz\u00e1n\u00ed osobn\u00edch \u00fadaj\u016f;<\/li><li>po\u017e\u00e1dat o omezen\u00ed zpracov\u00e1n\u00ed osobn\u00edch \u00fadaj\u016f;<\/li><li>po\u017eadovat, abychom p\u0159edali osobn\u00ed \u00fadaje ve strojov\u011b \u010diteln\u00e9m form\u00e1tu;<\/li><li>v p\u0159\u00edpad\u011b pochybnost\u00ed o z\u00e1konnosti zpracov\u00e1n\u00ed osobn\u00edch \u00fadaj\u016f m\u016f\u017eete kontaktovat na\u0161i spole\u010dnost prost\u0159ednictv\u00edm grip@virgingrip.com&#13;\n<\/li><\/ol>\n\n<hr class=\"wp-block-separator has-alpha-channel-opacity\"\/>\n\n<p class=\"wp-block-paragraph\"><strong>8.\u00a0<\/strong>Odkazy na jin\u00e9 internetov\u00e9 str\u00e1nky<\/p>\n\n<ul class=\"wp-block-list\"><li>Tato internetov\u00e1 str\u00e1nka m\u016f\u017ee obsahovat hyperodkazy na internetov\u00e9 str\u00e1nky ve vlastnictv\u00ed t\u0159et\u00edch stran nebo provozovan\u00e9 t\u0159et\u00edmi stranami. Tyto internetov\u00e9 str\u00e1nky mohou podl\u00e9hat vlastn\u00edm politik\u00e1m ochrany soukrom\u00ed. P\u0159e\u010dt\u011bte si je, pros\u00edm, pozorn\u011b. Tyto politiky stanovuj\u00ed, jak budou pou\u017eity va\u0161e osobn\u00ed \u00fadaje z\u00edskan\u00e9 v okam\u017eiku, kdy tyto str\u00e1nky nav\u0161t\u00edv\u00edte.&#13;\n<\/li><li>Nep\u0159ij\u00edm\u00e1me \u017e\u00e1dnou odpov\u011bdnost za politiku ochrany soukrom\u00ed internetov\u00fdch str\u00e1nek t\u011bchto t\u0159et\u00edch stran. Pou\u017e\u00edv\u00e1n\u00ed t\u011bchto internetov\u00fdch str\u00e1nek je na va\u0161e vlastn\u00ed riziko.&#13;\n<\/li><\/ul>\n\n<hr class=\"wp-block-separator has-alpha-channel-opacity\"\/>\n\n<p class=\"wp-block-paragraph\"><strong>9.<\/strong> Aktualizace t\u00e9to politiky<\/p>\n\n<ul class=\"wp-block-list\"><li>Jestli\u017ee z d\u016fvod\u016f pr\u00e1vn\u00edch, technick\u00fdch nebo obchodn\u00edch zm\u011bn bude nutn\u00e9 tuto Politiku aktualizovat, p\u0159ijmeme vhodn\u00e1 opat\u0159en\u00ed, abychom v\u00e1s informovali p\u0159im\u011b\u0159en\u011b v\u00fdznamu prov\u00e1d\u011bn\u00fdch zm\u011bn. V p\u0159\u00edpad\u011b v\u00fdznamn\u00fdch zm\u011bn, nebo vy\u017eaduje-li to platn\u00e1 pr\u00e1vn\u00ed \u00faprava, po\u017e\u00e1d\u00e1me v\u00e1s o souhlas.&#13;\n<\/li><\/ul>\n\n<hr class=\"wp-block-separator has-alpha-channel-opacity\"\/>\n\n<p class=\"wp-block-paragraph\">Posledn\u00ed aktualizace: 21. 5. 2018<\/p>\n\n<div style=\"height:80px\" aria-hidden=\"true\" class=\"wp-block-spacer\"><\/div>\n","protected":false},"excerpt":{"rendered":"<p>Pravidla a podm\u00ednky 1. V souladu s ustanoven\u00edmi na\u0159\u00edzen\u00ed Evropsk\u00e9ho parlamentu a Rady (EU) ze dne 27. dubna 2016 o ochran\u011b fyzick\u00fdch osob v souvislosti se zpracov\u00e1n\u00edm osobn\u00edch \u00fadaj\u016f a o voln\u00e9m pohybu t\u011bchto \u00fadaj\u016f a o zru\u0161en\u00ed sm\u011brnice 95 \/ \/ 46 \/ ES (d\u00e1le jen &#8222;GDPR&#8220;) t\u00edmto ud\u011blujete sv\u016fj souhlas spole\u010dnosti VirginGrip s.r.o. [&hellip;]<\/p>\n","protected":false},"author":1501,"featured_media":0,"parent":0,"menu_order":50,"comment_status":"closed","ping_status":"closed","template":"","meta":{"_acf_changed":false,"_crdt_document":"","site-sidebar-layout":"default","site-content-layout":"default","ast-site-content-layout":"default","site-content-style":"default","site-sidebar-style":"default","ast-global-header-display":"","ast-banner-title-visibility":"","ast-main-header-display":"","ast-hfb-above-header-display":"","ast-hfb-below-header-display":"","ast-hfb-mobile-header-display":"","site-post-title":"","ast-breadcrumbs-content":"","ast-featured-img":"","footer-sml-layout":"","ast-disable-related-posts":"","theme-transparent-header-meta":"default","adv-header-id-meta":"","stick-header-meta":"default","header-above-stick-meta":"","header-main-stick-meta":"","header-below-stick-meta":"","astra-migrate-meta-layouts":"set","ast-page-background-enabled":"default","ast-page-background-meta":{"desktop":{"background-color":"","background-image":"","background-repeat":"repeat","background-position":"center center","background-size":"auto","background-attachment":"scroll","background-type":"","background-media":"","overlay-type":"","overlay-color":"","overlay-opacity":"","overlay-gradient":""},"tablet":{"background-color":"","background-image":"","background-repeat":"repeat","background-position":"center center","background-size":"auto","background-attachment":"scroll","background-type":"","background-media":"","overlay-type":"","overlay-color":"","overlay-opacity":"","overlay-gradient":""},"mobile":{"background-color":"","background-image":"","background-repeat":"repeat","background-position":"center center","background-size":"auto","background-attachment":"scroll","background-type":"","background-media":"","overlay-type":"","overlay-color":"","overlay-opacity":"","overlay-gradient":""}},"ast-content-background-meta":{"desktop":{"background-color":"var(--ast-global-color-5)","background-image":"","background-repeat":"repeat","background-position":"center center","background-size":"auto","background-attachment":"scroll","background-type":"","background-media":"","overlay-type":"","overlay-color":"","overlay-opacity":"","overlay-gradient":""},"tablet":{"background-color":"var(--ast-global-color-5)","background-image":"","background-repeat":"repeat","background-position":"center center","background-size":"auto","background-attachment":"scroll","background-type":"","background-media":"","overlay-type":"","overlay-color":"","overlay-opacity":"","overlay-gradient":""},"mobile":{"background-color":"var(--ast-global-color-5)","background-image":"","background-repeat":"repeat","background-position":"center center","background-size":"auto","background-attachment":"scroll","background-type":"","background-media":"","overlay-type":"","overlay-color":"","overlay-opacity":"","overlay-gradient":""}},"_joinchat":[],"footnotes":""},"class_list":["post-21499","page","type-page","status-publish","hentry"],"acf":[],"_links":{"self":[{"href":"https:\/\/www.virgingrip.com\/cs\/wp-json\/wp\/v2\/pages\/21499","targetHints":{"allow":["GET"]}}],"collection":[{"href":"https:\/\/www.virgingrip.com\/cs\/wp-json\/wp\/v2\/pages"}],"about":[{"href":"https:\/\/www.virgingrip.com\/cs\/wp-json\/wp\/v2\/types\/page"}],"author":[{"embeddable":true,"href":"https:\/\/www.virgingrip.com\/cs\/wp-json\/wp\/v2\/users\/1501"}],"replies":[{"embeddable":true,"href":"https:\/\/www.virgingrip.com\/cs\/wp-json\/wp\/v2\/comments?post=21499"}],"version-history":[{"count":1,"href":"https:\/\/www.virgingrip.com\/cs\/wp-json\/wp\/v2\/pages\/21499\/revisions"}],"predecessor-version":[{"id":27257,"href":"https:\/\/www.virgingrip.com\/cs\/wp-json\/wp\/v2\/pages\/21499\/revisions\/27257"}],"wp:attachment":[{"href":"https:\/\/www.virgingrip.com\/cs\/wp-json\/wp\/v2\/media?parent=21499"}],"curies":[{"name":"wp","href":"https:\/\/api.w.org\/{rel}","templated":true}]}}