{"id":21691,"date":"2022-03-15T13:57:32","date_gmt":"2022-03-15T12:57:32","guid":{"rendered":"https:\/\/virgingrip.com\/?page_id=21691"},"modified":"2023-10-19T12:18:05","modified_gmt":"2023-10-19T10:18:05","slug":"nas-pribeh","status":"publish","type":"page","link":"https:\/\/www.virgingrip.com\/cs\/o-nas\/nas-pribeh\/","title":{"rendered":"N\u00e1\u0161 p\u0159\u00edb\u011bh"},"content":{"rendered":"\n<div class=\"wp-block-columns rozcestnik gap10 is-layout-flex wp-container-core-columns-is-layout-7387b849 wp-block-columns-is-layout-flex\">\n<div class=\"wp-block-column custombox box1 invert is-layout-flow wp-block-column-is-layout-flow\">\u00a0<\/div>\n\n\n\n<div class=\"wp-block-column custombox box2 invert darkgray is-layout-flow wp-block-column-is-layout-flow\">\n<h2 class=\"wp-block-heading has-text-align-left has-white-color has-text-color\" id=\"our-daily-inspiration\">P\u0159\u00edb\u011bh VirginGripu se za\u010dal ps\u00e1t v roce 2016<\/h2>\n\n\n\n<p class=\"has-text-align-left wp-block-paragraph\">Tehdy se jeho zakladatel\u00e9 Jarda Je\u017eek a Tom\u00e1\u0161 Riese rozhodli, \u017ee za\u010dnou na severu \u010cech v&nbsp;Tis\u00e9 vyr\u00e1b\u011bt lezeck\u00e9 chyty, kter\u00e9 budou vynikat svou kvalitou a unik\u00e1tn\u00edm designem.<\/p>\n<\/div>\n<\/div>\n\n\n\n<div class=\"wp-block-columns rozcestnik gap10 is-layout-flex wp-container-core-columns-is-layout-7387b849 wp-block-columns-is-layout-flex\">\n<div class=\"wp-block-column custombox box3 lightgray is-layout-flow wp-block-column-is-layout-flow\">\n<h2 class=\"wp-block-heading has-text-align-right has-white-color has-text-color\" id=\"rocks-of-tisa\">\u0160lo o kvalitu<\/h2>\n\n\n\n<p class=\"has-text-align-right has-white-color has-text-color wp-block-paragraph\">P\u016fvodn\u011b m\u011bli v pl\u00e1nu vyr\u00e1b\u011bt z\u00a0b\u011b\u017en\u011b dostupn\u00fdch polyuretanov\u00fdch materi\u00e1l\u016f, ale ty nespl\u0148ovaly jejich p\u0159edstavu o dlouh\u00e9 \u017eivotnosti lezeck\u00fdch chyt\u016f. Sta\u010dilo ale jedno setk\u00e1n\u00ed s\u00a0n\u011bmeck\u00fdm v\u00fdrobcem Ebalta, aby za\u010dal dlouhodob\u00fd v\u00fdvoj toho nejlep\u0161\u00edho materi\u00e1lu a tak\u00e9 spolupr\u00e1ce, kter\u00e1 trv\u00e1 dodnes. O rok pozd\u011bji z\u00edskali evropskou certifikaci pro sv\u00e9 v\u00fdrobky.<\/p>\n\n\n\n<p class=\"has-text-align-right has-white-color has-text-color wp-block-paragraph\"><a href=\"https:\/\/virgingrip.com\/cs\/virgingrip-vyroba\/\" target=\"_blank\" rel=\"noopener\">V\u00edce o v\u00fdrob\u011b<\/a><\/p>\n<\/div>\n\n\n\n<div class=\"wp-block-column custombox box4 is-layout-flow wp-block-column-is-layout-flow\">\u00a0<\/div>\n<\/div>\n\n\n\n<div class=\"wp-block-columns rozcestnik gap10 is-layout-flex wp-container-core-columns-is-layout-7387b849 wp-block-columns-is-layout-flex\">\n<div class=\"wp-block-column custombox box5 invert is-layout-flow wp-block-column-is-layout-flow\">\u00a0<\/div>\n\n\n\n<div class=\"wp-block-column custombox box6 invert darkgray is-layout-flow wp-block-column-is-layout-flow\">\n<h2 class=\"wp-block-heading has-text-align-left has-white-color has-text-color\" id=\"our-daily-inspiration\">Z\u00e1sadn\u00ed miln\u00edk p\u0159i\u0161el v roce 2018<\/h2>\n\n\n\n<p class=\"has-text-align-left wp-block-paragraph\">Ani n\u00e1ro\u010dn\u00e9 za\u010d\u00e1tky, pr\u00e1ce dlouho do noci a neust\u00e1l\u00e9 u\u010den\u00ed se nov\u00fdm v\u011bcem je neodradily od toho, aby projekt VirginGrip pokra\u010doval d\u00e1l. Tehdy se Tom\u00e1\u0161 rozhodl, \u017ee uk\u00e1\u017ee jejich lezeck\u00e9 chyty z vlastn\u00ed v\u00fdroby sv\u011btu.<\/p>\n<\/div>\n<\/div>\n\n\n\n<div class=\"wp-block-columns rozcestnik gap10 is-layout-flex wp-container-core-columns-is-layout-7387b849 wp-block-columns-is-layout-flex\">\n<div class=\"wp-block-column custombox box7 lightgray is-layout-flow wp-block-column-is-layout-flow\">\n<h2 class=\"wp-block-heading has-text-align-right has-white-color has-text-color\" id=\"rocks-of-tisa\">Halls &amp; Walls 2018<\/h2>\n\n\n\n<p class=\"has-text-align-right has-white-color has-text-color wp-block-paragraph\">V&nbsp;listopadu 2018 se firma poprv\u00e9 z\u00fa\u010dastnila mezin\u00e1rodn\u00edho veletrhu Halls &amp; Walls a d\u00edky origin\u00e1ln\u00edmu Jardovu designu tam nav\u00e1zala spolupr\u00e1ci se zahrani\u010dn\u00edmi distributory nejen z&nbsp;Evropy, ale i ze z\u00e1mo\u0159\u00ed, kter\u00e1 trv\u00e1 dodnes. A aby v\u00fdrobkov\u00e1 \u0161k\u00e1la nebyla omezen\u00e1 jen na lezeck\u00e9 chyty je\u0161t\u011b v&nbsp;t\u00e9m\u017ee roce p\u0159idala spole\u010dnost do sv\u00e9 nab\u00eddky d\u0159ev\u011bn\u00e9 lezeck\u00e9 struktury.<\/p>\n<\/div>\n\n\n\n<div class=\"wp-block-column custombox box8 is-layout-flow wp-block-column-is-layout-flow\">\u00a0<\/div>\n<\/div>\n\n\n\n<div class=\"wp-block-columns rozcestnik gap10 is-layout-flex wp-container-core-columns-is-layout-7387b849 wp-block-columns-is-layout-flex\">\n<div class=\"wp-block-column custombox box9 invert is-layout-flow wp-block-column-is-layout-flow\">\u00a0<\/div>\n\n\n\n<div class=\"wp-block-column custombox box10 invert darkgray is-layout-flow wp-block-column-is-layout-flow\">\n<h2 class=\"wp-block-heading has-text-align-left has-white-color has-text-color\" id=\"our-daily-inspiration\">Ocen\u011bn\u00ed inovativn\u00ed firma<\/h2>\n\n\n\n<p class=\"has-text-align-left wp-block-paragraph\">Spole\u010dnost VirginGrip z\u00edskala 1. m\u00edsto v sout\u011b\u017ei \u00dasteck\u00e9ho kraje Inova\u010dn\u00ed firma pro rok 2019<\/p>\n<\/div>\n<\/div>\n\n\n\n<div class=\"wp-block-columns rozcestnik gap10 is-layout-flex wp-container-core-columns-is-layout-7387b849 wp-block-columns-is-layout-flex\">\n<div class=\"wp-block-column custombox box11 lightgray is-layout-flow wp-block-column-is-layout-flow\">\n<h2 class=\"wp-block-heading has-text-align-right has-white-color has-text-color\" id=\"rocks-of-tisa\">allHOLDS<\/h2>\n\n\n\n<p class=\"has-text-align-right has-white-color has-text-color wp-block-paragraph\">V&nbsp;b\u0159eznu 2019 zalo\u017eila spole\u010dnost VirginGrip spolu s&nbsp;n\u011bmeckou spole\u010dnost\u00ed Ebalta, kter\u00e1 se zab\u00fdv\u00e1 v\u00fdrobou v&nbsp;chemick\u00e9m pr\u016fmyslu, Evropskou asociaci nez\u00e1visl\u00fdch v\u00fdrobc\u016f polyuretanov\u00fdch chyt\u016f allHOLDS. Dnes m\u00e1 tato asociace 6 \u010dlen\u016f ze 3 zem\u00ed a uvedla spole\u010dn\u011b na trh ji\u017e 3. generaci polyurethanu. Pro v\u00fdrobu toho posledn\u00edho se vyu\u017e\u00edv\u00e1 40 % materi\u00e1lu z&nbsp;obnoviteln\u00fdch zdroj\u016f.<\/p>\n\n\n\n<p class=\"has-text-align-right has-white-color has-text-color wp-block-paragraph\"><a href=\"https:\/\/www.allholds.com\/\" target=\"_blank\" rel=\"noreferrer noopener\">V\u00edce o allHolds<\/a><\/p>\n<\/div>\n\n\n\n<div class=\"wp-block-column custombox box12 is-layout-flow wp-block-column-is-layout-flow\">\u00a0<\/div>\n<\/div>\n\n\n\n<div class=\"wp-block-columns rozcestnik gap10 is-layout-flex wp-container-core-columns-is-layout-7387b849 wp-block-columns-is-layout-flex\">\n<div class=\"wp-block-column custombox box13 invert is-layout-flow wp-block-column-is-layout-flow\">\u00a0<\/div>\n\n\n\n<div class=\"wp-block-column custombox box14 invert darkgray is-layout-flow wp-block-column-is-layout-flow\">\n<h2 class=\"wp-block-heading has-text-align-left has-white-color has-text-color\" id=\"our-daily-inspiration\">N\u00e1\u0161 p\u0159\u00edb\u011bh m\u016f\u017ee b\u00fdt i va\u0161\u00edm p\u0159\u00edb\u011bhem!<\/h2>\n\n\n\n<p class=\"has-text-align-left wp-block-paragraph\"><a href=\"https:\/\/virgingrip.com\/cs\/o-nas\/\" data-type=\"page\" data-id=\"20572\" target=\"_blank\" rel=\"noopener\">V\u00edce o VirginGrip<\/a><\/p>\n<\/div>\n<\/div>\n\n\n\n<div class=\"wp-block-cover is-light news_banner\"><span aria-hidden=\"true\" class=\"wp-block-cover__background has-background-dim\"><\/span><div class=\"wp-block-cover__inner-container is-layout-constrained wp-block-cover-is-layout-constrained\">\n<div class=\"wp-block-columns is-layout-flex wp-container-core-columns-is-layout-7387b849 wp-block-columns-is-layout-flex\">\n<div class=\"wp-block-column is-layout-flow wp-block-column-is-layout-flow\">\n<figure class=\"wp-block-image alignleft size-full\"><a href=\"https:\/\/virgingrip.com\/wp-content\/uploads\/news.svg\" target=\"_blank\" rel=\"noopener\"><img decoding=\"async\" src=\"https:\/\/virgingrip.com\/wp-content\/uploads\/news.svg\" alt=\"\" class=\"wp-image-24252\"\/><\/a><\/figure>\n<\/div>\n\n\n\n<div class=\"wp-block-column links is-layout-flow wp-block-column-is-layout-flow\">\n<ul class=\"wp-block-list\">\n<li>New products \/ Comming Soon<\/li>\n\n\n\n<li>Colour range  by VirginGrip<\/li>\n\n\n\n<li>Company progress<\/li>\n\n\n\n<li>VG team<\/li>\n<\/ul>\n<\/div>\n\n\n\n<div class=\"wp-block-column is-layout-flow wp-block-column-is-layout-flow\">\n<div class=\"wp-block-buttons is-layout-flex wp-block-buttons-is-layout-flex\">\n<div class=\"wp-block-button bold black\"><a class=\"wp-block-button__link has-background wp-element-button\" href=\"https:\/\/drive.google.com\/file\/d\/1xB-jLfEAUmIsdomMq6ktOJ0U6rn-dK9J\/view\" style=\"background-color:#e74f1c\" target=\"_blank\" rel=\"noreferrer noopener\">FIND WHAT IS NEW<\/a><\/div>\n<\/div>\n<\/div>\n<\/div>\n<\/div><\/div>\n","protected":false},"excerpt":{"rendered":"<p>\u00a0 P\u0159\u00edb\u011bh VirginGripu se za\u010dal ps\u00e1t v roce 2016 Tehdy se jeho zakladatel\u00e9 Jarda Je\u017eek a Tom\u00e1\u0161 Riese rozhodli, \u017ee za\u010dnou na severu \u010cech v&nbsp;Tis\u00e9 vyr\u00e1b\u011bt lezeck\u00e9 chyty, kter\u00e9 budou vynikat svou kvalitou a unik\u00e1tn\u00edm designem. \u0160lo o kvalitu P\u016fvodn\u011b m\u011bli v pl\u00e1nu vyr\u00e1b\u011bt z\u00a0b\u011b\u017en\u011b dostupn\u00fdch polyuretanov\u00fdch materi\u00e1l\u016f, ale ty nespl\u0148ovaly jejich p\u0159edstavu o dlouh\u00e9 [&hellip;]<\/p>\n","protected":false},"author":1501,"featured_media":0,"parent":21685,"menu_order":23,"comment_status":"closed","ping_status":"closed","template":"page-infoheader.php","meta":{"_acf_changed":false,"_crdt_document":"","site-sidebar-layout":"default","site-content-layout":"default","ast-site-content-layout":"default","site-content-style":"default","site-sidebar-style":"default","ast-global-header-display":"","ast-banner-title-visibility":"","ast-main-header-display":"","ast-hfb-above-header-display":"","ast-hfb-below-header-display":"","ast-hfb-mobile-header-display":"","site-post-title":"disabled","ast-breadcrumbs-content":"","ast-featured-img":"","footer-sml-layout":"","ast-disable-related-posts":"","theme-transparent-header-meta":"default","adv-header-id-meta":"","stick-header-meta":"default","header-above-stick-meta":"","header-main-stick-meta":"","header-below-stick-meta":"","astra-migrate-meta-layouts":"set","ast-page-background-enabled":"default","ast-page-background-meta":{"desktop":{"background-color":"","background-image":"","background-repeat":"repeat","background-position":"center center","background-size":"auto","background-attachment":"scroll","background-type":"","background-media":"","overlay-type":"","overlay-color":"","overlay-opacity":"","overlay-gradient":""},"tablet":{"background-color":"","background-image":"","background-repeat":"repeat","background-position":"center center","background-size":"auto","background-attachment":"scroll","background-type":"","background-media":"","overlay-type":"","overlay-color":"","overlay-opacity":"","overlay-gradient":""},"mobile":{"background-color":"","background-image":"","background-repeat":"repeat","background-position":"center center","background-size":"auto","background-attachment":"scroll","background-type":"","background-media":"","overlay-type":"","overlay-color":"","overlay-opacity":"","overlay-gradient":""}},"ast-content-background-meta":{"desktop":{"background-color":"var(--ast-global-color-5)","background-image":"","background-repeat":"repeat","background-position":"center center","background-size":"auto","background-attachment":"scroll","background-type":"","background-media":"","overlay-type":"","overlay-color":"","overlay-opacity":"","overlay-gradient":""},"tablet":{"background-color":"var(--ast-global-color-5)","background-image":"","background-repeat":"repeat","background-position":"center center","background-size":"auto","background-attachment":"scroll","background-type":"","background-media":"","overlay-type":"","overlay-color":"","overlay-opacity":"","overlay-gradient":""},"mobile":{"background-color":"var(--ast-global-color-5)","background-image":"","background-repeat":"repeat","background-position":"center center","background-size":"auto","background-attachment":"scroll","background-type":"","background-media":"","overlay-type":"","overlay-color":"","overlay-opacity":"","overlay-gradient":""}},"_joinchat":[],"footnotes":""},"class_list":["post-21691","page","type-page","status-publish","hentry"],"acf":[],"_links":{"self":[{"href":"https:\/\/www.virgingrip.com\/cs\/wp-json\/wp\/v2\/pages\/21691","targetHints":{"allow":["GET"]}}],"collection":[{"href":"https:\/\/www.virgingrip.com\/cs\/wp-json\/wp\/v2\/pages"}],"about":[{"href":"https:\/\/www.virgingrip.com\/cs\/wp-json\/wp\/v2\/types\/page"}],"author":[{"embeddable":true,"href":"https:\/\/www.virgingrip.com\/cs\/wp-json\/wp\/v2\/users\/1501"}],"replies":[{"embeddable":true,"href":"https:\/\/www.virgingrip.com\/cs\/wp-json\/wp\/v2\/comments?post=21691"}],"version-history":[{"count":2,"href":"https:\/\/www.virgingrip.com\/cs\/wp-json\/wp\/v2\/pages\/21691\/revisions"}],"predecessor-version":[{"id":24566,"href":"https:\/\/www.virgingrip.com\/cs\/wp-json\/wp\/v2\/pages\/21691\/revisions\/24566"}],"up":[{"embeddable":true,"href":"https:\/\/www.virgingrip.com\/cs\/wp-json\/wp\/v2\/pages\/21685"}],"wp:attachment":[{"href":"https:\/\/www.virgingrip.com\/cs\/wp-json\/wp\/v2\/media?parent=21691"}],"curies":[{"name":"wp","href":"https:\/\/api.w.org\/{rel}","templated":true}]}}