{"id":21702,"date":"2022-01-20T16:58:13","date_gmt":"2022-01-20T15:58:13","guid":{"rendered":"https:\/\/virgingrip.com\/?page_id=21702"},"modified":"2023-10-19T12:47:40","modified_gmt":"2023-10-19T10:47:40","slug":"born-in-tisa","status":"publish","type":"page","link":"https:\/\/www.virgingrip.com\/cs\/o-nas\/born-in-tisa\/","title":{"rendered":"Born in Tis\u00e1"},"content":{"rendered":"\n<div class=\"wp-block-columns rozcestnik gap10 is-layout-flex wp-container-core-columns-is-layout-7387b849 wp-block-columns-is-layout-flex\">\n<div class=\"wp-block-column custombox box1 invert is-layout-flow wp-block-column-is-layout-flow\"><\/div>\n\n\n\n<div class=\"wp-block-column custombox box2 invert darkgray is-layout-flow wp-block-column-is-layout-flow\">\n<h2 class=\"wp-block-heading has-text-align-left has-white-color has-text-color\" id=\"our-daily-inspiration\">Na\u0161e denn\u00ed inspirace<\/h2>\n\n\n\n<p class=\"has-text-align-left has-white-color has-text-color wp-block-paragraph\">M\u00edsto, kde \u017eijeme a lid\u00e9, se kter\u00fdmi \u017eijeme, n\u00e1s inspiruj\u00ed a odr\u00e1\u017eej\u00ed se v na\u0161ich produktech.<\/p>\n\n\n\n<p class=\"has-text-align-left wp-block-paragraph\"><a href=\"https:\/\/virgingrip.com\/cs\/o-nas\/nas-pribeh\/\" target=\"_blank\" rel=\"noopener\">N\u00e1\u0161 p\u0159\u00edb\u011bh<\/a><\/p>\n<\/div>\n<\/div>\n\n\n\n<div class=\"wp-block-columns rozcestnik gap10 is-layout-flex wp-container-core-columns-is-layout-7387b849 wp-block-columns-is-layout-flex\">\n<div class=\"wp-block-column custombox box3 lightgray is-layout-flow wp-block-column-is-layout-flow\">\n<h2 class=\"wp-block-heading has-text-align-right has-white-color has-text-color\" id=\"rocks-of-tisa\">Tisk\u00e9 st\u011bny<\/h2>\n\n\n\n<p class=\"has-text-align-right has-white-color has-text-color wp-block-paragraph\">P\u00edskovcov\u00e9 bouldry a v\u011b\u017ee v na\u0161em okol\u00ed jsou zn\u00e1m\u00e9 \u0161irok\u00e9 lezeck\u00e9 ve\u0159ejnosti.   \nbVyzna\u010duj\u00ed se tradi\u010dn\u00edm sask\u00fdm stylem p\u00edskovcov\u00e9ho lezen\u00ed.\n\n<\/p>\n\n\n\n<p class=\"has-text-align-right wp-block-paragraph\"><a href=\"https:\/\/turistikatisa.cz\/\" target=\"_blank\" rel=\"noreferrer noopener\">V\u00edce o Tis\u00e9<\/a><\/p>\n<\/div>\n\n\n\n<div class=\"wp-block-column custombox box4 is-layout-flow wp-block-column-is-layout-flow\"><\/div>\n<\/div>\n\n\n\n<div class=\"wp-block-cover is-light news_banner\"><span aria-hidden=\"true\" class=\"wp-block-cover__background has-background-dim\"><\/span><div class=\"wp-block-cover__inner-container is-layout-constrained wp-block-cover-is-layout-constrained\">\n<div class=\"wp-block-columns is-layout-flex wp-container-core-columns-is-layout-7387b849 wp-block-columns-is-layout-flex\">\n<div class=\"wp-block-column is-layout-flow wp-block-column-is-layout-flow\">\n<figure class=\"wp-block-image alignleft size-full\"><a href=\"https:\/\/virgingrip.com\/wp-content\/uploads\/news.svg\" target=\"_blank\" rel=\"noopener\"><img decoding=\"async\" src=\"https:\/\/virgingrip.com\/wp-content\/uploads\/news.svg\" alt=\"\" class=\"wp-image-24252\"\/><\/a><\/figure>\n<\/div>\n\n\n\n<div class=\"wp-block-column links is-layout-flow wp-block-column-is-layout-flow\">\n<ul class=\"wp-block-list\">\n<li>New products \/ Comming Soon<\/li>\n\n\n\n<li>Colour range  by VirginGrip<\/li>\n\n\n\n<li>Company progress<\/li>\n\n\n\n<li>VG team<\/li>\n<\/ul>\n<\/div>\n\n\n\n<div class=\"wp-block-column is-layout-flow wp-block-column-is-layout-flow\">\n<div class=\"wp-block-buttons is-layout-flex wp-block-buttons-is-layout-flex\">\n<div class=\"wp-block-button bold black\"><a class=\"wp-block-button__link has-background wp-element-button\" href=\"https:\/\/drive.google.com\/file\/d\/1xB-jLfEAUmIsdomMq6ktOJ0U6rn-dK9J\/view\" style=\"background-color:#e74f1c\" target=\"_blank\" rel=\"noreferrer noopener\">FIND WHAT IS NEW<\/a><\/div>\n<\/div>\n<\/div>\n<\/div>\n<\/div><\/div>\n","protected":false},"excerpt":{"rendered":"<p>Na\u0161e denn\u00ed inspirace M\u00edsto, kde \u017eijeme a lid\u00e9, se kter\u00fdmi \u017eijeme, n\u00e1s inspiruj\u00ed a odr\u00e1\u017eej\u00ed se v na\u0161ich produktech. N\u00e1\u0161 p\u0159\u00edb\u011bh Tisk\u00e9 st\u011bny P\u00edskovcov\u00e9 bouldry a v\u011b\u017ee v na\u0161em okol\u00ed jsou zn\u00e1m\u00e9 \u0161irok\u00e9 lezeck\u00e9 ve\u0159ejnosti. bVyzna\u010duj\u00ed se tradi\u010dn\u00edm sask\u00fdm stylem p\u00edskovcov\u00e9ho lezen\u00ed. V\u00edce o Tis\u00e9<\/p>\n","protected":false},"author":1501,"featured_media":0,"parent":21685,"menu_order":24,"comment_status":"closed","ping_status":"closed","template":"page-infoheader.php","meta":{"_acf_changed":false,"_crdt_document":"","site-sidebar-layout":"default","site-content-layout":"default","ast-site-content-layout":"default","site-content-style":"default","site-sidebar-style":"default","ast-global-header-display":"","ast-banner-title-visibility":"","ast-main-header-display":"","ast-hfb-above-header-display":"","ast-hfb-below-header-display":"","ast-hfb-mobile-header-display":"","site-post-title":"disabled","ast-breadcrumbs-content":"","ast-featured-img":"","footer-sml-layout":"","ast-disable-related-posts":"","theme-transparent-header-meta":"","adv-header-id-meta":"","stick-header-meta":"","header-above-stick-meta":"","header-main-stick-meta":"","header-below-stick-meta":"","astra-migrate-meta-layouts":"set","ast-page-background-enabled":"default","ast-page-background-meta":{"desktop":{"background-color":"","background-image":"","background-repeat":"repeat","background-position":"center center","background-size":"auto","background-attachment":"scroll","background-type":"","background-media":"","overlay-type":"","overlay-color":"","overlay-opacity":"","overlay-gradient":""},"tablet":{"background-color":"","background-image":"","background-repeat":"repeat","background-position":"center center","background-size":"auto","background-attachment":"scroll","background-type":"","background-media":"","overlay-type":"","overlay-color":"","overlay-opacity":"","overlay-gradient":""},"mobile":{"background-color":"","background-image":"","background-repeat":"repeat","background-position":"center center","background-size":"auto","background-attachment":"scroll","background-type":"","background-media":"","overlay-type":"","overlay-color":"","overlay-opacity":"","overlay-gradient":""}},"ast-content-background-meta":{"desktop":{"background-color":"var(--ast-global-color-5)","background-image":"","background-repeat":"repeat","background-position":"center center","background-size":"auto","background-attachment":"scroll","background-type":"","background-media":"","overlay-type":"","overlay-color":"","overlay-opacity":"","overlay-gradient":""},"tablet":{"background-color":"var(--ast-global-color-5)","background-image":"","background-repeat":"repeat","background-position":"center center","background-size":"auto","background-attachment":"scroll","background-type":"","background-media":"","overlay-type":"","overlay-color":"","overlay-opacity":"","overlay-gradient":""},"mobile":{"background-color":"var(--ast-global-color-5)","background-image":"","background-repeat":"repeat","background-position":"center center","background-size":"auto","background-attachment":"scroll","background-type":"","background-media":"","overlay-type":"","overlay-color":"","overlay-opacity":"","overlay-gradient":""}},"_joinchat":[],"footnotes":""},"class_list":["post-21702","page","type-page","status-publish","hentry"],"acf":[],"_links":{"self":[{"href":"https:\/\/www.virgingrip.com\/cs\/wp-json\/wp\/v2\/pages\/21702","targetHints":{"allow":["GET"]}}],"collection":[{"href":"https:\/\/www.virgingrip.com\/cs\/wp-json\/wp\/v2\/pages"}],"about":[{"href":"https:\/\/www.virgingrip.com\/cs\/wp-json\/wp\/v2\/types\/page"}],"author":[{"embeddable":true,"href":"https:\/\/www.virgingrip.com\/cs\/wp-json\/wp\/v2\/users\/1501"}],"replies":[{"embeddable":true,"href":"https:\/\/www.virgingrip.com\/cs\/wp-json\/wp\/v2\/comments?post=21702"}],"version-history":[{"count":3,"href":"https:\/\/www.virgingrip.com\/cs\/wp-json\/wp\/v2\/pages\/21702\/revisions"}],"predecessor-version":[{"id":24574,"href":"https:\/\/www.virgingrip.com\/cs\/wp-json\/wp\/v2\/pages\/21702\/revisions\/24574"}],"up":[{"embeddable":true,"href":"https:\/\/www.virgingrip.com\/cs\/wp-json\/wp\/v2\/pages\/21685"}],"wp:attachment":[{"href":"https:\/\/www.virgingrip.com\/cs\/wp-json\/wp\/v2\/media?parent=21702"}],"curies":[{"name":"wp","href":"https:\/\/api.w.org\/{rel}","templated":true}]}}