{"id":24482,"date":"2023-07-19T21:41:58","date_gmt":"2023-07-19T19:41:58","guid":{"rendered":"https:\/\/virgingrip.com\/home-v2\/"},"modified":"2026-03-30T14:19:57","modified_gmt":"2026-03-30T12:19:57","slug":"uvod","status":"publish","type":"page","link":"https:\/\/www.virgingrip.com\/cs\/","title":{"rendered":"\u00davod"},"content":{"rendered":"\n\n<div class=\"wp-block-cover alignfull is-light rozcestnik border-bottom\" style=\"min-height:800px;aspect-ratio:unset;\"><img decoding=\"async\" width=\"1920\" height=\"600\" class=\"wp-block-cover__image-background wp-image-24464\" alt=\"Reach the top with our climbing holds\" src=\"https:\/\/www.virgingrip.com\/wp-content\/uploads\/homepage-intro-v2.jpg\" data-object-fit=\"cover\" srcset=\"https:\/\/www.virgingrip.com\/wp-content\/uploads\/homepage-intro-v2.jpg 1920w, https:\/\/www.virgingrip.com\/wp-content\/uploads\/homepage-intro-v2-300x94.jpg 300w, https:\/\/www.virgingrip.com\/wp-content\/uploads\/homepage-intro-v2-1024x320.jpg 1024w, https:\/\/www.virgingrip.com\/wp-content\/uploads\/homepage-intro-v2-768x240.jpg 768w, https:\/\/www.virgingrip.com\/wp-content\/uploads\/homepage-intro-v2-1536x480.jpg 1536w, https:\/\/www.virgingrip.com\/wp-content\/uploads\/homepage-intro-v2-1376x430.jpg 1376w, https:\/\/www.virgingrip.com\/wp-content\/uploads\/homepage-intro-v2-405x127.jpg 405w, https:\/\/www.virgingrip.com\/wp-content\/uploads\/homepage-intro-v2-615x192.jpg 615w, https:\/\/www.virgingrip.com\/wp-content\/uploads\/homepage-intro-v2-40x13.jpg 40w\" sizes=\"(max-width: 1920px) 100vw, 1920px\" \/><span aria-hidden=\"true\" class=\"wp-block-cover__background has-background-dim-0 has-background-dim\"><\/span><div class=\"wp-block-cover__inner-container is-layout-flow wp-block-cover-is-layout-flow\">\n<h6 class=\"wp-block-heading has-text-align-center size_14 uppercase\">Reach the top with our<\/h6>\n\n\n\n<h1 class=\"wp-block-heading has-text-align-center size_50 margin_b60\"><a href=\"https:\/\/www.virgingrip.com\/cs\/lezecke-chyty\/\">Lezeck\u00e9 chyty<\/a><\/h1>\n\n\n\n<div class=\"wp-block-columns are-vertically-aligned-top is-layout-flex wp-container-core-columns-is-layout-7387b849 wp-block-columns-is-layout-flex\">\n<div class=\"wp-block-column is-vertically-aligned-top href is-layout-flow wp-block-column-is-layout-flow\" style=\"flex-basis:33.3%\">\n<h2 class=\"wp-block-heading has-text-align-center has-black-color has-text-color\" id=\"competition-line\"><a href=\"https:\/\/www.virgingrip.com\/cs\/lezecke-chyty\/soutezni-linie\/\">Sout\u011b\u017en\u00ed linie<\/a><\/h2>\n\n\n\n<h5 class=\"wp-block-heading has-text-align-center has-black-color has-text-color\" id=\"primarily-dedicated-to-competition-climbing-routes\">Navr\u017eeno p\u0159edev\u0161\u00edm pro z\u00e1vodn\u00ed styl sportovn\u00edho lezen\u00ed<\/h5>\n\n\n\n<div class=\"wp-block-buttons is-horizontal is-content-justification-center is-layout-flex wp-container-core-buttons-is-layout-cbcdc57d wp-block-buttons-is-layout-flex\">\n<div class=\"wp-block-button\"><a class=\"wp-block-button__link has-background wp-element-button\" href=\"https:\/\/www.virgingrip.com\/cs\/lezecke-chyty\/soutezni-linie\/\" style=\"border-radius:0px;background-color:#2997ff\">Zobrazit produkty<\/a><\/div>\n<\/div>\n<\/div>\n\n\n\n<div class=\"wp-block-column href is-layout-flow wp-block-column-is-layout-flow\">\n<h2 class=\"wp-block-heading has-text-align-center has-black-color has-text-color\" id=\"competition-line\"><a href=\"https:\/\/www.virgingrip.com\/cs\/lezecke-chyty\/zakladni-linie\/\">Basic Line<br\/>lezeck\u00e9 chyty<\/a><\/h2>\n\n\n\n<h5 class=\"wp-block-heading has-text-align-center has-black-color has-text-color\" id=\"primarily-dedicated-to-competition-climbing-routes\">Pozitivn\u00ed, ale modern\u00ed! Skv\u011bl\u00e1 rovnov\u00e1ha\u2026<\/h5>\n\n\n\n<div class=\"wp-block-buttons is-horizontal is-content-justification-center is-layout-flex wp-container-core-buttons-is-layout-cbcdc57d wp-block-buttons-is-layout-flex\">\n<div class=\"wp-block-button\"><a class=\"wp-block-button__link has-background wp-element-button\" href=\"https:\/\/www.virgingrip.com\/cs\/lezecke-chyty\/zakladni-linie\/\" style=\"border-radius:0px;background-color:#2997ff\">Zobrazit produkty<\/a><\/div>\n<\/div>\n<\/div>\n\n\n\n<div class=\"wp-block-column href is-layout-flow wp-block-column-is-layout-flow\">\n<h2 class=\"wp-block-heading has-text-align-center has-black-color has-text-color\" id=\"competition-line\"><a href=\"https:\/\/www.virgingrip.com\/cs\/lezecke-chyty\/specialy\/\">VirginGrip speci\u00e1ly<\/a><\/h2>\n\n\n\n<h5 class=\"wp-block-heading has-text-align-center has-black-color has-text-color\" id=\"primarily-dedicated-to-competition-climbing-routes\">Prost\u011b \u0161\u00edlen\u00e9! Jak jinak lze popsat neobvykl\u00e9 a origin\u00e1ln\u00ed tvary?<\/h5>\n\n\n\n<div class=\"wp-block-buttons is-horizontal is-content-justification-center is-layout-flex wp-container-core-buttons-is-layout-cbcdc57d wp-block-buttons-is-layout-flex\">\n<div class=\"wp-block-button\"><a class=\"wp-block-button__link has-background wp-element-button\" href=\"https:\/\/www.virgingrip.com\/cs\/lezecke-chyty\/specialy\/\" style=\"border-radius:0px;background-color:#2997ff\">Zobrazit produkty<\/a><\/div>\n<\/div>\n<\/div>\n<\/div>\n<\/div><\/div>\n\n<div class=\"wp-block-columns alignfull gap10 is-layout-flex wp-container-core-columns-is-layout-7387b849 wp-block-columns-is-layout-flex\">\n<div class=\"wp-block-column is-vertically-aligned-center custombox box1 invert href is-layout-flow wp-block-column-is-layout-flow\">\n<div class=\"wp-block-group wrapper is-layout-constrained wp-block-group-is-layout-constrained\"><div class=\"wp-block-group__inner-container\">\n<h6 class=\"wp-block-heading has-text-align-center uppercase\">Reach the top with our<\/h6>\n\n\n\n<h2 class=\"wp-block-heading has-text-align-center size_50\">D\u0158EV\u011aN\u00c9 STRUKTURY<\/h2>\n\n\n\n<p class=\"has-text-align-center wp-block-paragraph\">D\u0159ev\u011bn\u00e9 lezeck\u00e9 struktury s nekonven\u010dn\u00edmi tvary. Vlastn\u00ed v\u00fdroba kovov\u00fdch komponent\u016f a super povrchov\u00e9 t\u0159en\u00ed! <\/p>\n\n\n\n<div class=\"wp-block-buttons is-content-justification-center is-layout-flex wp-container-core-buttons-is-layout-3e41869c wp-block-buttons-is-layout-flex\">\n<div class=\"wp-block-button is-style-fill\"><a class=\"wp-block-button__link wp-element-button\" href=\"https:\/\/www.virgingrip.com\/cs\/wooden-volumes-cs\/\">Zobrazit produkty<\/a><\/div>\n<\/div>\n<\/div><\/div>\n<\/div>\n\n\n\n<div class=\"wp-block-column is-vertically-aligned-center custombox box2 invert href is-layout-flow wp-block-column-is-layout-flow\">\n<div class=\"wp-block-group wrapper is-layout-constrained wp-block-group-is-layout-constrained\"><div class=\"wp-block-group__inner-container\">\n<h6 class=\"wp-block-heading has-text-align-center uppercase has-ast-global-color-5-color has-text-color\">Reach the top with our<\/h6>\n\n\n\n<h2 class=\"wp-block-heading has-text-align-center size_50\">LAMIN\u00c1TOV\u00c1 MAKRA<\/h2>\n\n\n\n<p class=\"has-text-align-center wp-block-paragraph\">Dokonal\u00e1 povrchov\u00e1 \u00faprava oblasti \u00fachopu a bezchybn\u011b leskl\u00fd povrch s dvojitou texturou! To je VirginGrip Macros!<\/p>\n\n\n\n<div class=\"wp-block-buttons is-content-justification-center is-layout-flex wp-container-core-buttons-is-layout-3e41869c wp-block-buttons-is-layout-flex\">\n<div class=\"wp-block-button is-style-fill\"><a class=\"wp-block-button__link wp-element-button\" href=\"https:\/\/www.virgingrip.com\/cs\/fiberglass-macros\/\">Zobrazit produkty<\/a><\/div>\n<\/div>\n<\/div><\/div>\n<\/div>\n<\/div>\n\n<div class=\"wp-block-cover eco-production alignfull border-bottom bg-lightgreen ratio-0\"><img decoding=\"async\" class=\"wp-block-cover__image-background wp-image-24469\" alt=\"Holds eco production\" src=\"https:\/\/www.virgingrip.com\/wp-content\/uploads\/vrstevnice-fighters-color.svg\" data-object-fit=\"cover\"\/><span aria-hidden=\"true\" class=\"wp-block-cover__background has-background-dim\"><\/span><div class=\"wp-block-cover__inner-container is-layout-constrained wp-block-cover-is-layout-constrained\">\n<div class=\"inherit-container-width wp-block-group w-1088 is-layout-constrained wp-block-group-is-layout-constrained\"><div class=\"wp-block-group__inner-container\">\n<h4 class=\"wp-block-heading has-text-align-center margin-b0 mobile-size32\">IMPROVING <\/h4>\n\n\n\n<h3 class=\"wp-block-heading has-text-align-center mobile-size32\">ECO PRODUCTION<\/h3>\n\n\n\n<h6 class=\"wp-block-heading has-text-align-center uppercase subtitle\">100% in-house produkce<\/h6>\n\n\n\n<hr class=\"wp-block-separator has-alpha-channel-opacity\"\/>\n\n\n\n<p class=\"has-text-align-center wp-block-paragraph\"><strong>N\u00e1\u0161 polyuretan obsahuje 40 % surovin<br\/>z obnoviteln\u00fdch zdroj\u016f<\/strong><\/p>\n\n\n\n<hr class=\"wp-block-separator has-alpha-channel-opacity\"\/>\n\n\n\n<div class=\"wp-block-columns is-layout-flex wp-container-core-columns-is-layout-7387b849 wp-block-columns-is-layout-flex\">\n<div class=\"wp-block-column is-layout-flow wp-block-column-is-layout-flow\">\n<p class=\"has-text-align-right eco-col wp-block-paragraph\">Na\u0161\u00edm hlavn\u00edm c\u00edlem je v\u00fdroba ekologick\u00fdch lezeck\u00fdch<br\/>chyt\u016f a sni\u017eov\u00e1n\u00ed uhl\u00edkov\u00e9 stopy ve v\u0161ech f\u00e1z\u00edch<br\/>v\u00fdroby.<\/p>\n<\/div>\n\n\n\n<div class=\"wp-block-column is-layout-flow wp-block-column-is-layout-flow\">\n<p class=\"eco-col wp-block-paragraph\">Ve spolupr\u00e1ci se spole\u010dnost\u00ed Ebalta investujeme do v\u00fdzkumu <br\/>za \u00fa\u010delem zlep\u0161en\u00ed kvality materi\u00e1l\u016f a zv\u00fd\u0161en\u00ed<br\/> udr\u017eitelnosti.<\/p>\n<\/div>\n<\/div>\n\n\n\n<div style=\"height:15px\" aria-hidden=\"true\" class=\"wp-block-spacer\"><\/div>\n\n\n\n<div class=\"wp-block-buttons is-content-justification-center is-layout-flex wp-container-core-buttons-is-layout-3e41869c wp-block-buttons-is-layout-flex\">\n<div class=\"wp-block-button black\"><a class=\"wp-block-button__link has-background wp-element-button\" href=\"https:\/\/virgingrip.com\/virgingrip-production\/\" style=\"background-color:#0f0f0f\" rel=\"\/virgingrip-production\/ noopener\" target=\"_blank\">VirginGrip production<\/a><\/div>\n<\/div>\n<\/div><\/div>\n<\/div><\/div>\n\n<div class=\"wp-block-columns alignfull gap10 is-layout-flex wp-container-core-columns-is-layout-7387b849 wp-block-columns-is-layout-flex\">\n<div class=\"wp-block-column custombox box3 invert href is-layout-flow wp-block-column-is-layout-flow\">\n<div class=\"wp-block-group wrapper is-layout-constrained wp-block-group-is-layout-constrained\"><div class=\"wp-block-group__inner-container\">\n<h3 class=\"wp-block-heading has-text-align-center size_50\" id=\"we-go-green-new-ecopolyurethane\">Posedl\u00fd dokonalost\u00ed<\/h3>\n\n\n\n<p class=\"has-text-align-center wp-block-paragraph\">P\u0159idejte se k n\u00e1m a dos\u00e1hn\u011bte vrcholu s produkty VirginGrip<\/p>\n\n\n\n<div class=\"wp-block-buttons is-content-justification-center is-layout-flex wp-container-core-buttons-is-layout-3e41869c wp-block-buttons-is-layout-flex\">\n<div class=\"wp-block-button is-style-fill\"><a class=\"wp-block-button__link wp-element-button\" href=\"https:\/\/virgingrip.com\/about\/our-story\/\" target=\"_blank\" rel=\"noopener\">N\u00e1\u0161 p\u0159\u00edb\u011bh<\/a><\/div>\n<\/div>\n<\/div><\/div>\n<\/div>\n\n\n\n<div class=\"wp-block-column custombox box4 invert href is-layout-flow wp-block-column-is-layout-flow\">\n<div class=\"wp-block-cover is-light\"><img decoding=\"async\" class=\"wp-block-cover__image-background wp-image-24210\" alt=\"About the company VirginGrip\" src=\"https:\/\/www.virgingrip.com\/wp-content\/uploads\/bg-reach.svg\" data-object-fit=\"cover\"\/><span aria-hidden=\"true\" class=\"wp-block-cover__background has-background-dim\"><\/span><div class=\"wp-block-cover__inner-container is-layout-constrained wp-block-cover-is-layout-constrained\">\n<p class=\"has-text-align-center hash dark wp-block-paragraph\"><strong>#ReachTheTop<\/strong><\/p>\n\n\n\n<figure class=\"wp-block-image aligncenter size-full sticker\"><a href=\"https:\/\/www.virgingrip.com\/wp-content\/uploads\/reach-the-top.svg\"><img decoding=\"async\" src=\"https:\/\/www.virgingrip.com\/wp-content\/uploads\/reach-the-top.svg\" alt=\"\" class=\"wp-image-24203\"\/><\/a><\/figure>\n\n\n\n<h5 class=\"wp-block-heading has-text-align-center\" id=\"network-of-independent-climbing-holds-producers\">Na\u0161e vize, hodnoty, c\u00edle a lid\u00e9<\/h5>\n\n\n\n<div class=\"wp-block-buttons is-content-justification-center is-layout-flex wp-container-core-buttons-is-layout-3e41869c wp-block-buttons-is-layout-flex\">\n<div class=\"wp-block-button is-style-fill black margin-on-mobile\"><a class=\"wp-block-button__link has-background wp-element-button\" href=\"https:\/\/virgingrip.com\/about\/\" style=\"background-color:#0f0f0f\" target=\"_blank\" rel=\"noopener\">O spole\u010dnosti<\/a><\/div>\n<\/div>\n\n\n\n<div style=\"height:10px\" aria-hidden=\"true\" class=\"wp-block-spacer\"><\/div>\n\n\n\n<div class=\"wp-block-group allholds is-content-justification-center is-nowrap is-layout-flex wp-container-core-group-is-layout-27847432 wp-block-group-is-layout-flex\" style=\"padding-right:var(--wp--preset--spacing--80);padding-left:var(--wp--preset--spacing--80)\">\n<figure class=\"wp-block-image size-full\"><a href=\"https:\/\/www.virgingrip.com\/wp-content\/uploads\/allholds.svg\"><img decoding=\"async\" src=\"https:\/\/www.virgingrip.com\/wp-content\/uploads\/allholds.svg\" alt=\"\" class=\"wp-image-24286\"\/><\/a><\/figure>\n\n\n\n<p class=\"wp-block-paragraph\">Jsme zakl\u00e1daj\u00edc\u00edm \u010dlenem asociace allHolds \u2013 Asociace nez\u00e1visl\u00fdch v\u00fdrobc\u016f lezeck\u00fdch chyt\u016f.<\/p>\n<\/div>\n<\/div><\/div>\n<\/div>\n<\/div>\n\n<div class=\"wp-block-cover is-light news_section\"><span aria-hidden=\"true\" class=\"wp-block-cover__background has-background-dim\"><\/span><div class=\"wp-block-cover__inner-container is-layout-constrained wp-block-cover-is-layout-constrained\">\n<figure class=\"wp-block-image size-full desktop-image\"><a href=\"https:\/\/drive.google.com\/file\/d\/15o4OKBdVO5eK1XPdtjRc_cUIhWlzPdQT\/view?usp=drive_link\" target=\"_blank\" rel=\"https:\/\/drive.google.com\/file\/d\/1ZQLpH-v5DfibvgrZXGtfTWUpCW5QaU08\/view noreferrer noopener\"><img decoding=\"async\" width=\"2560\" height=\"209\" src=\"https:\/\/www.virgingrip.com\/wp-content\/uploads\/vg-news25-horizontal-1-1-scaled.png\" alt=\"News banner 11\/2025\" class=\"wp-image-27056\" srcset=\"https:\/\/www.virgingrip.com\/wp-content\/uploads\/vg-news25-horizontal-1-1-scaled.png 2560w, https:\/\/www.virgingrip.com\/wp-content\/uploads\/vg-news25-horizontal-1-1-300x25.png 300w, https:\/\/www.virgingrip.com\/wp-content\/uploads\/vg-news25-horizontal-1-1-1024x84.png 1024w, https:\/\/www.virgingrip.com\/wp-content\/uploads\/vg-news25-horizontal-1-1-768x63.png 768w, https:\/\/www.virgingrip.com\/wp-content\/uploads\/vg-news25-horizontal-1-1-1536x126.png 1536w, https:\/\/www.virgingrip.com\/wp-content\/uploads\/vg-news25-horizontal-1-1-405x33.png 405w, https:\/\/www.virgingrip.com\/wp-content\/uploads\/vg-news25-horizontal-1-1-615x50.png 615w, https:\/\/www.virgingrip.com\/wp-content\/uploads\/vg-news25-horizontal-1-1-40x3.png 40w\" sizes=\"(max-width: 2560px) 100vw, 2560px\" \/><\/a><\/figure>\n\n\n\n<figure class=\"wp-block-image size-full mobile-image\"><a href=\"https:\/\/drive.google.com\/file\/d\/15o4OKBdVO5eK1XPdtjRc_cUIhWlzPdQT\/view?usp=drive_link\" target=\"_blank\" rel=\"https:\/\/drive.google.com\/file\/d\/1ZQLpH-v5DfibvgrZXGtfTWUpCW5QaU08\/view noopener\"><img decoding=\"async\" width=\"780\" height=\"780\" src=\"https:\/\/www.virgingrip.com\/wp-content\/uploads\/vg-news25-square-.png\" alt=\"News banner 11\/2025\" class=\"wp-image-27058\" style=\"object-fit:cover\" srcset=\"https:\/\/www.virgingrip.com\/wp-content\/uploads\/vg-news25-square-.png 780w, https:\/\/www.virgingrip.com\/wp-content\/uploads\/vg-news25-square--300x300.png 300w, https:\/\/www.virgingrip.com\/wp-content\/uploads\/vg-news25-square--150x150.png 150w, https:\/\/www.virgingrip.com\/wp-content\/uploads\/vg-news25-square--768x768.png 768w, https:\/\/www.virgingrip.com\/wp-content\/uploads\/vg-news25-square--430x430.png 430w, https:\/\/www.virgingrip.com\/wp-content\/uploads\/vg-news25-square--405x405.png 405w, https:\/\/www.virgingrip.com\/wp-content\/uploads\/vg-news25-square--615x615.png 615w, https:\/\/www.virgingrip.com\/wp-content\/uploads\/vg-news25-square--100x100.png 100w, https:\/\/www.virgingrip.com\/wp-content\/uploads\/vg-news25-square--40x40.png 40w\" sizes=\"(max-width: 780px) 100vw, 780px\" \/><\/a><\/figure>\n<\/div><\/div>\n","protected":false},"excerpt":{"rendered":"<p>Reach the top with our D\u0158EV\u011aN\u00c9 STRUKTURY D\u0159ev\u011bn\u00e9 lezeck\u00e9 struktury s nekonven\u010dn\u00edmi tvary. Vlastn\u00ed v\u00fdroba kovov\u00fdch komponent\u016f a super povrchov\u00e9 t\u0159en\u00ed! Reach the top with our LAMIN\u00c1TOV\u00c1 MAKRA Dokonal\u00e1 povrchov\u00e1 \u00faprava oblasti \u00fachopu a bezchybn\u011b leskl\u00fd povrch s dvojitou texturou! To je VirginGrip Macros! Posedl\u00fd dokonalost\u00ed P\u0159idejte se k n\u00e1m a dos\u00e1hn\u011bte vrcholu s produkty [&hellip;]<\/p>\n","protected":false},"author":3,"featured_media":0,"parent":0,"menu_order":2,"comment_status":"closed","ping_status":"closed","template":"page-homepage.php","meta":{"_acf_changed":false,"_crdt_document":"","site-sidebar-layout":"no-sidebar","site-content-layout":"page-builder","ast-site-content-layout":"full-width-container","site-content-style":"unboxed","site-sidebar-style":"unboxed","ast-global-header-display":"","ast-banner-title-visibility":"","ast-main-header-display":"","ast-hfb-above-header-display":"","ast-hfb-below-header-display":"","ast-hfb-mobile-header-display":"","site-post-title":"disabled","ast-breadcrumbs-content":"disabled","ast-featured-img":"disabled","footer-sml-layout":"","ast-disable-related-posts":"","theme-transparent-header-meta":"","adv-header-id-meta":"","stick-header-meta":"","header-above-stick-meta":"","header-main-stick-meta":"","header-below-stick-meta":"","astra-migrate-meta-layouts":"set","ast-page-background-enabled":"default","ast-page-background-meta":{"desktop":{"background-color":"","background-image":"","background-repeat":"repeat","background-position":"center center","background-size":"auto","background-attachment":"scroll","background-type":"","background-media":"","overlay-type":"","overlay-color":"","overlay-opacity":"","overlay-gradient":""},"tablet":{"background-color":"","background-image":"","background-repeat":"repeat","background-position":"center center","background-size":"auto","background-attachment":"scroll","background-type":"","background-media":"","overlay-type":"","overlay-color":"","overlay-opacity":"","overlay-gradient":""},"mobile":{"background-color":"","background-image":"","background-repeat":"repeat","background-position":"center center","background-size":"auto","background-attachment":"scroll","background-type":"","background-media":"","overlay-type":"","overlay-color":"","overlay-opacity":"","overlay-gradient":""}},"ast-content-background-meta":{"desktop":{"background-color":"var(--ast-global-color-5)","background-image":"","background-repeat":"repeat","background-position":"center center","background-size":"auto","background-attachment":"scroll","background-type":"","background-media":"","overlay-type":"","overlay-color":"","overlay-opacity":"","overlay-gradient":""},"tablet":{"background-color":"var(--ast-global-color-5)","background-image":"","background-repeat":"repeat","background-position":"center center","background-size":"auto","background-attachment":"scroll","background-type":"","background-media":"","overlay-type":"","overlay-color":"","overlay-opacity":"","overlay-gradient":""},"mobile":{"background-color":"var(--ast-global-color-5)","background-image":"","background-repeat":"repeat","background-position":"center center","background-size":"auto","background-attachment":"scroll","background-type":"","background-media":"","overlay-type":"","overlay-color":"","overlay-opacity":"","overlay-gradient":""}},"_joinchat":[],"footnotes":""},"class_list":["post-24482","page","type-page","status-publish","hentry"],"acf":[],"_links":{"self":[{"href":"https:\/\/www.virgingrip.com\/cs\/wp-json\/wp\/v2\/pages\/24482","targetHints":{"allow":["GET"]}}],"collection":[{"href":"https:\/\/www.virgingrip.com\/cs\/wp-json\/wp\/v2\/pages"}],"about":[{"href":"https:\/\/www.virgingrip.com\/cs\/wp-json\/wp\/v2\/types\/page"}],"author":[{"embeddable":true,"href":"https:\/\/www.virgingrip.com\/cs\/wp-json\/wp\/v2\/users\/3"}],"replies":[{"embeddable":true,"href":"https:\/\/www.virgingrip.com\/cs\/wp-json\/wp\/v2\/comments?post=24482"}],"version-history":[{"count":3,"href":"https:\/\/www.virgingrip.com\/cs\/wp-json\/wp\/v2\/pages\/24482\/revisions"}],"predecessor-version":[{"id":27341,"href":"https:\/\/www.virgingrip.com\/cs\/wp-json\/wp\/v2\/pages\/24482\/revisions\/27341"}],"wp:attachment":[{"href":"https:\/\/www.virgingrip.com\/cs\/wp-json\/wp\/v2\/media?parent=24482"}],"curies":[{"name":"wp","href":"https:\/\/api.w.org\/{rel}","templated":true}]}}