{"id":10782,"date":"2020-03-02T14:01:49","date_gmt":"2020-03-02T13:01:49","guid":{"rendered":"https:\/\/virgingrip.com\/?post_type=product&#038;p=10782"},"modified":"2025-07-22T11:08:14","modified_gmt":"2025-07-22T09:08:14","slug":"space-breaker-1","status":"publish","type":"product","link":"https:\/\/www.virgingrip.com\/cs\/drevene-struktury\/space-breaker-1\/","title":{"rendered":"Space Breaker 1"},"content":{"rendered":"<p>Pokud chcete \u201e rozb\u00edt\u201c velk\u00e9 rovn\u00e9 plochy na va\u0161ich lezeck\u00fdch \u010di bouldrov\u00fdch st\u011bn\u00e1ch, pak na\u0161e d\u0159ev\u011bnn\u00e9 struktury Space Breaker jsou ta spr\u00e1vn\u00e1 volba! Doporu\u010den\u00ed od n\u00e1s: nikdy nekupuj jen jednu. Kouzlo Space Breaker 1 je v tom, \u017ee se daj\u00ed skl\u00e1dat k sob\u011b, mohou se otv\u00edrat a uzav\u00edrat pomoc\u00ed \u0161ipky, prost\u011b jejich mo\u017enosti jsou velmi \u0161irok\u00e9! Kvalitn\u00ed kovov\u00e9 komponenty, 18mm p\u0159ekli\u017eka! Perfektn\u011b kompatibiln\u00ed se Space Breaker 2 &#8211; stejn\u00e9 rzm\u011bry hran.<\/p>\n","protected":false},"excerpt":{"rendered":"<p>Pokud chcete \u201e rozb\u00edt\u201c velk\u00e9 rovn\u00e9 plochy na va\u0161ich lezeck\u00fdch \u010di bouldrov\u00fdch st\u011bn\u00e1ch, pak na\u0161e d\u0159ev\u011bnn\u00e9 struktury Space Breaker jsou ta spr\u00e1vn\u00e1 volba! Doporu\u010den\u00ed od n\u00e1s: nikdy nekupuj jen jednu. Kouzlo Space Breaker 1 je v tom, \u017ee se daj\u00ed skl\u00e1dat k sob\u011b, mohou se otv\u00edrat a uzav\u00edrat pomoc\u00ed \u0161ipky, prost\u011b jejich mo\u017enosti jsou velmi [&hellip;]<\/p>\n","protected":false},"featured_media":23110,"template":"","meta":{"_acf_changed":false,"_crdt_document":"","site-sidebar-layout":"default","site-content-layout":"default","ast-site-content-layout":"default","site-content-style":"default","site-sidebar-style":"default","ast-global-header-display":"","ast-banner-title-visibility":"","ast-main-header-display":"","ast-hfb-above-header-display":"","ast-hfb-below-header-display":"","ast-hfb-mobile-header-display":"","site-post-title":"","ast-breadcrumbs-content":"","ast-featured-img":"","footer-sml-layout":"","ast-disable-related-posts":"","theme-transparent-header-meta":"default","adv-header-id-meta":"","stick-header-meta":"default","header-above-stick-meta":"","header-main-stick-meta":"","header-below-stick-meta":"","astra-migrate-meta-layouts":"default","ast-page-background-enabled":"default","ast-page-background-meta":{"desktop":{"background-color":"","background-image":"","background-repeat":"repeat","background-position":"center center","background-size":"auto","background-attachment":"scroll","background-type":"","background-media":"","overlay-type":"","overlay-color":"","overlay-opacity":"","overlay-gradient":""},"tablet":{"background-color":"","background-image":"","background-repeat":"repeat","background-position":"center center","background-size":"auto","background-attachment":"scroll","background-type":"","background-media":"","overlay-type":"","overlay-color":"","overlay-opacity":"","overlay-gradient":""},"mobile":{"background-color":"","background-image":"","background-repeat":"repeat","background-position":"center center","background-size":"auto","background-attachment":"scroll","background-type":"","background-media":"","overlay-type":"","overlay-color":"","overlay-opacity":"","overlay-gradient":""}},"ast-content-background-meta":{"desktop":{"background-color":"var(--ast-global-color-5)","background-image":"","background-repeat":"repeat","background-position":"center center","background-size":"auto","background-attachment":"scroll","background-type":"","background-media":"","overlay-type":"","overlay-color":"","overlay-opacity":"","overlay-gradient":""},"tablet":{"background-color":"var(--ast-global-color-5)","background-image":"","background-repeat":"repeat","background-position":"center center","background-size":"auto","background-attachment":"scroll","background-type":"","background-media":"","overlay-type":"","overlay-color":"","overlay-opacity":"","overlay-gradient":""},"mobile":{"background-color":"var(--ast-global-color-5)","background-image":"","background-repeat":"repeat","background-position":"center center","background-size":"auto","background-attachment":"scroll","background-type":"","background-media":"","overlay-type":"","overlay-color":"","overlay-opacity":"","overlay-gradient":""}},"_joinchat":[]},"product_brand":[],"product_cat":[270],"product_tag":[],"pack":[],"style":[],"class_list":{"0":"post-10782","1":"product","2":"type-product","3":"status-publish","4":"has-post-thumbnail","6":"product_cat-drevene-struktury","7":"pa_color-bila","8":"pa_color-cerna","9":"pa_color-cervena","10":"pa_color-modra-cs","11":"pa_color-grey-ral-7001-cs","12":"pa_color-violet-ral-4008-cs","13":"pa_color-zelena","14":"pa_color-zluta","15":"pa_fixation-navruty","16":"pa_material-18mm-plywood-cs","17":"desktop-align-left","18":"tablet-align-left","19":"mobile-align-left","21":"first","22":"onbackorder","23":"taxable","24":"shipping-taxable","25":"purchasable","26":"product-type-variable"},"acf":[],"_links":{"self":[{"href":"https:\/\/www.virgingrip.com\/cs\/wp-json\/wp\/v2\/product\/10782","targetHints":{"allow":["GET"]}}],"collection":[{"href":"https:\/\/www.virgingrip.com\/cs\/wp-json\/wp\/v2\/product"}],"about":[{"href":"https:\/\/www.virgingrip.com\/cs\/wp-json\/wp\/v2\/types\/product"}],"wp:featuredmedia":[{"embeddable":true,"href":"https:\/\/www.virgingrip.com\/cs\/wp-json\/wp\/v2\/media\/23110"}],"wp:attachment":[{"href":"https:\/\/www.virgingrip.com\/cs\/wp-json\/wp\/v2\/media?parent=10782"}],"wp:term":[{"taxonomy":"product_brand","embeddable":true,"href":"https:\/\/www.virgingrip.com\/cs\/wp-json\/wp\/v2\/product_brand?post=10782"},{"taxonomy":"product_cat","embeddable":true,"href":"https:\/\/www.virgingrip.com\/cs\/wp-json\/wp\/v2\/product_cat?post=10782"},{"taxonomy":"product_tag","embeddable":true,"href":"https:\/\/www.virgingrip.com\/cs\/wp-json\/wp\/v2\/product_tag?post=10782"},{"taxonomy":"pack","embeddable":true,"href":"https:\/\/www.virgingrip.com\/cs\/wp-json\/wp\/v2\/pack?post=10782"},{"taxonomy":"style","embeddable":true,"href":"https:\/\/www.virgingrip.com\/cs\/wp-json\/wp\/v2\/style?post=10782"}],"curies":[{"name":"wp","href":"https:\/\/api.w.org\/{rel}","templated":true}]}}