{"id":10809,"date":"2020-03-03T00:13:45","date_gmt":"2020-03-02T23:13:45","guid":{"rendered":"https:\/\/virgingrip.com\/?post_type=product&#038;p=10809"},"modified":"2025-07-22T11:09:26","modified_gmt":"2025-07-22T09:09:26","slug":"triangle-of-forces-t1","status":"publish","type":"product","link":"https:\/\/www.virgingrip.com\/cs\/drevene-struktury\/triangle-of-forces-t1\/","title":{"rendered":"Triangle of Forces T1"},"content":{"rendered":"<p>Klasick\u00e9 d\u0159ev\u011bn\u00e9 struktury ve tvaru rovnostrann\u00fdch troj\u00faheln\u00edk\u016f, s\u00a0velmi kvalitn\u00edm povrchem a skv\u011bl\u00fdmi kovov\u00fdmi komponenty, kter\u00e9 prodlu\u017euj\u00ed jejich \u017eivotnost. Vyrobeno z\u00a018mm p\u0159ekli\u017eky.<\/p>\n","protected":false},"excerpt":{"rendered":"<p>Klasick\u00e9 d\u0159ev\u011bn\u00e9 struktury ve tvaru rovnostrann\u00fdch troj\u00faheln\u00edk\u016f, s\u00a0velmi kvalitn\u00edm povrchem a skv\u011bl\u00fdmi kovov\u00fdmi komponenty, kter\u00e9 prodlu\u017euj\u00ed jejich \u017eivotnost. Vyrobeno z\u00a018mm p\u0159ekli\u017eky.<\/p>\n","protected":false},"featured_media":23261,"template":"","meta":{"_acf_changed":false,"_crdt_document":"","site-sidebar-layout":"default","site-content-layout":"default","ast-site-content-layout":"default","site-content-style":"default","site-sidebar-style":"default","ast-global-header-display":"","ast-banner-title-visibility":"","ast-main-header-display":"","ast-hfb-above-header-display":"","ast-hfb-below-header-display":"","ast-hfb-mobile-header-display":"","site-post-title":"","ast-breadcrumbs-content":"","ast-featured-img":"","footer-sml-layout":"","ast-disable-related-posts":"","theme-transparent-header-meta":"default","adv-header-id-meta":"","stick-header-meta":"default","header-above-stick-meta":"","header-main-stick-meta":"","header-below-stick-meta":"","astra-migrate-meta-layouts":"default","ast-page-background-enabled":"default","ast-page-background-meta":{"desktop":{"background-color":"","background-image":"","background-repeat":"repeat","background-position":"center center","background-size":"auto","background-attachment":"scroll","background-type":"","background-media":"","overlay-type":"","overlay-color":"","overlay-opacity":"","overlay-gradient":""},"tablet":{"background-color":"","background-image":"","background-repeat":"repeat","background-position":"center center","background-size":"auto","background-attachment":"scroll","background-type":"","background-media":"","overlay-type":"","overlay-color":"","overlay-opacity":"","overlay-gradient":""},"mobile":{"background-color":"","background-image":"","background-repeat":"repeat","background-position":"center center","background-size":"auto","background-attachment":"scroll","background-type":"","background-media":"","overlay-type":"","overlay-color":"","overlay-opacity":"","overlay-gradient":""}},"ast-content-background-meta":{"desktop":{"background-color":"var(--ast-global-color-5)","background-image":"","background-repeat":"repeat","background-position":"center center","background-size":"auto","background-attachment":"scroll","background-type":"","background-media":"","overlay-type":"","overlay-color":"","overlay-opacity":"","overlay-gradient":""},"tablet":{"background-color":"var(--ast-global-color-5)","background-image":"","background-repeat":"repeat","background-position":"center center","background-size":"auto","background-attachment":"scroll","background-type":"","background-media":"","overlay-type":"","overlay-color":"","overlay-opacity":"","overlay-gradient":""},"mobile":{"background-color":"var(--ast-global-color-5)","background-image":"","background-repeat":"repeat","background-position":"center center","background-size":"auto","background-attachment":"scroll","background-type":"","background-media":"","overlay-type":"","overlay-color":"","overlay-opacity":"","overlay-gradient":""}},"_joinchat":[]},"product_brand":[],"product_cat":[270],"product_tag":[],"pack":[],"style":[],"class_list":{"0":"post-10809","1":"product","2":"type-product","3":"status-publish","4":"has-post-thumbnail","6":"product_cat-drevene-struktury","7":"pa_color-bila","8":"pa_color-cerna","9":"pa_color-cervena","10":"pa_color-modra-cs","11":"pa_color-grey-ral-7001-cs","12":"pa_color-violet-ral-4008-cs","13":"pa_color-zelena","14":"pa_color-zluta","15":"pa_fixation-navruty","16":"pa_material-18mm-plywood-cs","17":"desktop-align-left","18":"tablet-align-left","19":"mobile-align-left","21":"first","22":"onbackorder","23":"taxable","24":"shipping-taxable","25":"purchasable","26":"product-type-variable"},"acf":[],"_links":{"self":[{"href":"https:\/\/www.virgingrip.com\/cs\/wp-json\/wp\/v2\/product\/10809","targetHints":{"allow":["GET"]}}],"collection":[{"href":"https:\/\/www.virgingrip.com\/cs\/wp-json\/wp\/v2\/product"}],"about":[{"href":"https:\/\/www.virgingrip.com\/cs\/wp-json\/wp\/v2\/types\/product"}],"wp:featuredmedia":[{"embeddable":true,"href":"https:\/\/www.virgingrip.com\/cs\/wp-json\/wp\/v2\/media\/23261"}],"wp:attachment":[{"href":"https:\/\/www.virgingrip.com\/cs\/wp-json\/wp\/v2\/media?parent=10809"}],"wp:term":[{"taxonomy":"product_brand","embeddable":true,"href":"https:\/\/www.virgingrip.com\/cs\/wp-json\/wp\/v2\/product_brand?post=10809"},{"taxonomy":"product_cat","embeddable":true,"href":"https:\/\/www.virgingrip.com\/cs\/wp-json\/wp\/v2\/product_cat?post=10809"},{"taxonomy":"product_tag","embeddable":true,"href":"https:\/\/www.virgingrip.com\/cs\/wp-json\/wp\/v2\/product_tag?post=10809"},{"taxonomy":"pack","embeddable":true,"href":"https:\/\/www.virgingrip.com\/cs\/wp-json\/wp\/v2\/pack?post=10809"},{"taxonomy":"style","embeddable":true,"href":"https:\/\/www.virgingrip.com\/cs\/wp-json\/wp\/v2\/style?post=10809"}],"curies":[{"name":"wp","href":"https:\/\/api.w.org\/{rel}","templated":true}]}}