{"id":15975,"date":"2020-09-08T10:31:35","date_gmt":"2020-09-08T08:31:35","guid":{"rendered":"https:\/\/virgingrip.com\/?post_type=product&#038;p=15975"},"modified":"2025-07-22T11:08:26","modified_gmt":"2025-07-22T09:08:26","slug":"virgingrip-triko","status":"publish","type":"product","link":"https:\/\/www.virgingrip.com\/cs\/prislusenstvi\/virgingrip-triko\/","title":{"rendered":"VirginGrip triko"},"content":{"rendered":"<p>Triko, na kter\u00e9 jsi \u010dekal, jen jsi o tom dote\u010f nev\u011bd\u011bl! Zbrusu nov\u00fd design VirginGrip slad\u011bn\u00fd s \u00fapln\u011b nov\u00fdm vizu\u00e1lem na\u0161eho brandu! A\u017e t\u011b v n\u011bm poprv\u00e9 uvid\u00edme, m\u00e1\u0161 u n\u00e1s pivo! Vyber si, zda triko \u010dern\u00e9 nebo b\u00edl\u00e9, d\u00e1msk\u00e9 nebo p\u00e1nsk\u00e9 a zvol si svou velikost.<\/p>\n","protected":false},"excerpt":{"rendered":"<p>Triko, na kter\u00e9 jsi \u010dekal, jen jsi o tom dote\u010f nev\u011bd\u011bl! Zbrusu nov\u00fd design VirginGrip slad\u011bn\u00fd s \u00fapln\u011b nov\u00fdm vizu\u00e1lem na\u0161eho brandu! A\u017e t\u011b v n\u011bm poprv\u00e9 uvid\u00edme, m\u00e1\u0161 u n\u00e1s pivo! Vyber si, zda triko \u010dern\u00e9 nebo b\u00edl\u00e9, d\u00e1msk\u00e9 nebo p\u00e1nsk\u00e9 a zvol si svou velikost.<\/p>\n","protected":false},"featured_media":24984,"template":"","meta":{"_acf_changed":false,"_crdt_document":"","site-sidebar-layout":"default","site-content-layout":"default","ast-site-content-layout":"default","site-content-style":"default","site-sidebar-style":"default","ast-global-header-display":"","ast-banner-title-visibility":"","ast-main-header-display":"","ast-hfb-above-header-display":"","ast-hfb-below-header-display":"","ast-hfb-mobile-header-display":"","site-post-title":"","ast-breadcrumbs-content":"","ast-featured-img":"","footer-sml-layout":"","ast-disable-related-posts":"","theme-transparent-header-meta":"default","adv-header-id-meta":"","stick-header-meta":"default","header-above-stick-meta":"","header-main-stick-meta":"","header-below-stick-meta":"","astra-migrate-meta-layouts":"set","ast-page-background-enabled":"default","ast-page-background-meta":{"desktop":{"background-color":"","background-image":"","background-repeat":"repeat","background-position":"center center","background-size":"auto","background-attachment":"scroll","background-type":"","background-media":"","overlay-type":"","overlay-color":"","overlay-opacity":"","overlay-gradient":""},"tablet":{"background-color":"","background-image":"","background-repeat":"repeat","background-position":"center center","background-size":"auto","background-attachment":"scroll","background-type":"","background-media":"","overlay-type":"","overlay-color":"","overlay-opacity":"","overlay-gradient":""},"mobile":{"background-color":"","background-image":"","background-repeat":"repeat","background-position":"center center","background-size":"auto","background-attachment":"scroll","background-type":"","background-media":"","overlay-type":"","overlay-color":"","overlay-opacity":"","overlay-gradient":""}},"ast-content-background-meta":{"desktop":{"background-color":"var(--ast-global-color-5)","background-image":"","background-repeat":"repeat","background-position":"center center","background-size":"auto","background-attachment":"scroll","background-type":"","background-media":"","overlay-type":"","overlay-color":"","overlay-opacity":"","overlay-gradient":""},"tablet":{"background-color":"var(--ast-global-color-5)","background-image":"","background-repeat":"repeat","background-position":"center center","background-size":"auto","background-attachment":"scroll","background-type":"","background-media":"","overlay-type":"","overlay-color":"","overlay-opacity":"","overlay-gradient":""},"mobile":{"background-color":"var(--ast-global-color-5)","background-image":"","background-repeat":"repeat","background-position":"center center","background-size":"auto","background-attachment":"scroll","background-type":"","background-media":"","overlay-type":"","overlay-color":"","overlay-opacity":"","overlay-gradient":""}},"_joinchat":[]},"product_brand":[],"product_cat":[123],"product_tag":[],"pack":[],"style":[],"class_list":{"0":"post-15975","1":"product","2":"type-product","3":"status-publish","4":"has-post-thumbnail","6":"product_cat-prislusenstvi","7":"pa_accessories-size-l","8":"pa_accessories-size-m","9":"pa_accessories-size-s","10":"pa_sex-damske","11":"pa_sex-panske","12":"desktop-align-left","13":"tablet-align-left","14":"mobile-align-left","16":"first","17":"instock","18":"taxable","19":"shipping-taxable","20":"purchasable","21":"product-type-variable"},"acf":[],"_links":{"self":[{"href":"https:\/\/www.virgingrip.com\/cs\/wp-json\/wp\/v2\/product\/15975","targetHints":{"allow":["GET"]}}],"collection":[{"href":"https:\/\/www.virgingrip.com\/cs\/wp-json\/wp\/v2\/product"}],"about":[{"href":"https:\/\/www.virgingrip.com\/cs\/wp-json\/wp\/v2\/types\/product"}],"wp:featuredmedia":[{"embeddable":true,"href":"https:\/\/www.virgingrip.com\/cs\/wp-json\/wp\/v2\/media\/24984"}],"wp:attachment":[{"href":"https:\/\/www.virgingrip.com\/cs\/wp-json\/wp\/v2\/media?parent=15975"}],"wp:term":[{"taxonomy":"product_brand","embeddable":true,"href":"https:\/\/www.virgingrip.com\/cs\/wp-json\/wp\/v2\/product_brand?post=15975"},{"taxonomy":"product_cat","embeddable":true,"href":"https:\/\/www.virgingrip.com\/cs\/wp-json\/wp\/v2\/product_cat?post=15975"},{"taxonomy":"product_tag","embeddable":true,"href":"https:\/\/www.virgingrip.com\/cs\/wp-json\/wp\/v2\/product_tag?post=15975"},{"taxonomy":"pack","embeddable":true,"href":"https:\/\/www.virgingrip.com\/cs\/wp-json\/wp\/v2\/pack?post=15975"},{"taxonomy":"style","embeddable":true,"href":"https:\/\/www.virgingrip.com\/cs\/wp-json\/wp\/v2\/style?post=15975"}],"curies":[{"name":"wp","href":"https:\/\/api.w.org\/{rel}","templated":true}]}}