{"id":15983,"date":"2020-09-08T10:50:23","date_gmt":"2020-09-08T08:50:23","guid":{"rendered":"https:\/\/virgingrip.com\/?post_type=product&#038;p=15983"},"modified":"2025-07-22T11:08:25","modified_gmt":"2025-07-22T09:08:25","slug":"virgingrip-rough-guys-cap","status":"publish","type":"product","link":"https:\/\/www.virgingrip.com\/cs\/prislusenstvi\/virgingrip-rough-guys-cap\/","title":{"rendered":"VirginGrip k\u0161iltovka Snapback"},"content":{"rendered":"<p>Jsi od p\u0159\u00edrody tvrdej typ nebo drsn\u00e1 holka? P\u0159imhou\u0159en\u00fd pohled zpod k\u0161iltu je tv\u016fj styl? Tak u\u017e v\u00edme, pro\u010d chce\u0161 tuhle \u010depici. Je prost\u011b bo\u017e\u00ed a v\u0161ichni v t\u00fdmu u\u017e ji maj\u00ed \ud83d\ude0a! Tentokr\u00e1t je to pr\u00e1ce kamar\u00e1da z Urban Fatal Design \u2013 Urban se bude tetelit a a\u017e t\u011b v n\u00ed poprv\u00e9 uvid\u00ed!<\/p>\n","protected":false},"excerpt":{"rendered":"<p>Jsi od p\u0159\u00edrody tvrdej typ nebo drsn\u00e1 holka? P\u0159imhou\u0159en\u00fd pohled zpod k\u0161iltu je tv\u016fj styl? Tak u\u017e v\u00edme, pro\u010d chce\u0161 tuhle \u010depici. Je prost\u011b bo\u017e\u00ed a v\u0161ichni v t\u00fdmu u\u017e ji maj\u00ed \ud83d\ude0a! Tentokr\u00e1t je to pr\u00e1ce kamar\u00e1da z Urban Fatal Design \u2013 Urban se bude tetelit a a\u017e t\u011b v n\u00ed poprv\u00e9 uvid\u00ed!<\/p>\n","protected":false},"featured_media":24975,"template":"","meta":{"_acf_changed":false,"_crdt_document":"","site-sidebar-layout":"default","site-content-layout":"default","ast-site-content-layout":"default","site-content-style":"default","site-sidebar-style":"default","ast-global-header-display":"","ast-banner-title-visibility":"","ast-main-header-display":"","ast-hfb-above-header-display":"","ast-hfb-below-header-display":"","ast-hfb-mobile-header-display":"","site-post-title":"","ast-breadcrumbs-content":"","ast-featured-img":"","footer-sml-layout":"","ast-disable-related-posts":"","theme-transparent-header-meta":"default","adv-header-id-meta":"","stick-header-meta":"default","header-above-stick-meta":"","header-main-stick-meta":"","header-below-stick-meta":"","astra-migrate-meta-layouts":"set","ast-page-background-enabled":"default","ast-page-background-meta":{"desktop":{"background-color":"","background-image":"","background-repeat":"repeat","background-position":"center center","background-size":"auto","background-attachment":"scroll","background-type":"","background-media":"","overlay-type":"","overlay-color":"","overlay-opacity":"","overlay-gradient":""},"tablet":{"background-color":"","background-image":"","background-repeat":"repeat","background-position":"center center","background-size":"auto","background-attachment":"scroll","background-type":"","background-media":"","overlay-type":"","overlay-color":"","overlay-opacity":"","overlay-gradient":""},"mobile":{"background-color":"","background-image":"","background-repeat":"repeat","background-position":"center center","background-size":"auto","background-attachment":"scroll","background-type":"","background-media":"","overlay-type":"","overlay-color":"","overlay-opacity":"","overlay-gradient":""}},"ast-content-background-meta":{"desktop":{"background-color":"var(--ast-global-color-5)","background-image":"","background-repeat":"repeat","background-position":"center center","background-size":"auto","background-attachment":"scroll","background-type":"","background-media":"","overlay-type":"","overlay-color":"","overlay-opacity":"","overlay-gradient":""},"tablet":{"background-color":"var(--ast-global-color-5)","background-image":"","background-repeat":"repeat","background-position":"center center","background-size":"auto","background-attachment":"scroll","background-type":"","background-media":"","overlay-type":"","overlay-color":"","overlay-opacity":"","overlay-gradient":""},"mobile":{"background-color":"var(--ast-global-color-5)","background-image":"","background-repeat":"repeat","background-position":"center center","background-size":"auto","background-attachment":"scroll","background-type":"","background-media":"","overlay-type":"","overlay-color":"","overlay-opacity":"","overlay-gradient":""}},"_joinchat":[]},"product_brand":[],"product_cat":[123],"product_tag":[],"pack":[],"style":[],"class_list":{"0":"post-15983","1":"product","2":"type-product","3":"status-publish","4":"has-post-thumbnail","6":"product_cat-prislusenstvi","7":"desktop-align-left","8":"tablet-align-left","9":"mobile-align-left","11":"first","12":"instock","13":"taxable","14":"shipping-taxable","15":"purchasable","16":"product-type-variable"},"acf":[],"_links":{"self":[{"href":"https:\/\/www.virgingrip.com\/cs\/wp-json\/wp\/v2\/product\/15983","targetHints":{"allow":["GET"]}}],"collection":[{"href":"https:\/\/www.virgingrip.com\/cs\/wp-json\/wp\/v2\/product"}],"about":[{"href":"https:\/\/www.virgingrip.com\/cs\/wp-json\/wp\/v2\/types\/product"}],"wp:featuredmedia":[{"embeddable":true,"href":"https:\/\/www.virgingrip.com\/cs\/wp-json\/wp\/v2\/media\/24975"}],"wp:attachment":[{"href":"https:\/\/www.virgingrip.com\/cs\/wp-json\/wp\/v2\/media?parent=15983"}],"wp:term":[{"taxonomy":"product_brand","embeddable":true,"href":"https:\/\/www.virgingrip.com\/cs\/wp-json\/wp\/v2\/product_brand?post=15983"},{"taxonomy":"product_cat","embeddable":true,"href":"https:\/\/www.virgingrip.com\/cs\/wp-json\/wp\/v2\/product_cat?post=15983"},{"taxonomy":"product_tag","embeddable":true,"href":"https:\/\/www.virgingrip.com\/cs\/wp-json\/wp\/v2\/product_tag?post=15983"},{"taxonomy":"pack","embeddable":true,"href":"https:\/\/www.virgingrip.com\/cs\/wp-json\/wp\/v2\/pack?post=15983"},{"taxonomy":"style","embeddable":true,"href":"https:\/\/www.virgingrip.com\/cs\/wp-json\/wp\/v2\/style?post=15983"}],"curies":[{"name":"wp","href":"https:\/\/api.w.org\/{rel}","templated":true}]}}