{"id":19992,"date":"2021-10-21T17:00:19","date_gmt":"2021-10-21T15:00:19","guid":{"rendered":"https:\/\/virgingrip.com\/?post_type=product&#038;p=19992"},"modified":"2025-09-01T13:47:04","modified_gmt":"2025-09-01T11:47:04","slug":"virgingrip-trainer-kompletni-sada","status":"publish","type":"product","link":"https:\/\/www.virgingrip.com\/cs\/prislusenstvi\/virgingrip-trainer-kompletni-sada\/","title":{"rendered":"Balkna VirginGrip Trainer &#8211; nastaviteln\u00e1 posilovac\u00ed deska, kompletn\u00ed sada"},"content":{"rendered":"<p>D\u0159ev\u011bn\u00e1 <strong>posilovac\u00ed deska <\/strong>neboli <strong>balkna<\/strong>: Pot\u0159ebuje\u0161 tr\u00e9novat a nem\u00e1te dostate\u010dn\u00fd prostor pro dom\u00e1c\u00ed st\u011bnu? <strong>Chce\u0161 obm\u011b\u0148ovat jednotliv\u00e9 chyty<\/strong> a nebav\u00ed t\u011b statick\u00e9 posilovac\u00ed desky? M\u00e1me pro tebe \u0159e\u0161en\u00ed ve form\u011b na\u0161\u00ed d\u0159ev\u011bn\u00e9 posilovac\u00ed desky <strong>s 29 otvory pro um\u00edst\u011bn\u00ed jak\u00fdchkoliv lezeck\u00fdch chyt\u016f<\/strong>. K desce si m\u016f\u017ee\u0161 koupit bu\u010f <strong>na\u0161e speci\u00e1ln\u00ed PU chyty navr\u017een\u00e9 pro shybov\u00e1n\u00ed<\/strong> a p\u0159esn\u011b pro jej\u00ed tvar. Tyto <strong>chyty lze ot\u00e1\u010det o 360 stup\u0148\u016f<\/strong> a poka\u017ed\u00e9 zab\u00edraj\u00ed tak, jak pot\u0159ebuje\u0161! Nebo <strong>m\u016f\u017ee\u0161 pou\u017e\u00edt lezeck\u00e9 chyty<\/strong>, co u\u017e doma m\u00e1\u0161 anebo jak\u00e9koliv lezeck\u00e9 chyty z na\u0161\u00ed \u0161k\u00e1ly VirginGrip. Balknu dod\u00e1v\u00e1me s p\u0159\u00edslu\u0161enstv\u00edm pro jej\u00ed instalaci.<\/p>\n","protected":false},"excerpt":{"rendered":"<p>D\u0159ev\u011bn\u00e1 posilovac\u00ed deska neboli balkna: Pot\u0159ebuje\u0161 tr\u00e9novat a nem\u00e1te dostate\u010dn\u00fd prostor pro dom\u00e1c\u00ed st\u011bnu? Chce\u0161 obm\u011b\u0148ovat jednotliv\u00e9 chyty a nebav\u00ed t\u011b statick\u00e9 posilovac\u00ed desky? M\u00e1me pro tebe \u0159e\u0161en\u00ed ve form\u011b na\u0161\u00ed d\u0159ev\u011bn\u00e9 posilovac\u00ed desky s 29 otvory pro um\u00edst\u011bn\u00ed jak\u00fdchkoliv lezeck\u00fdch chyt\u016f. K desce si m\u016f\u017ee\u0161 koupit bu\u010f na\u0161e speci\u00e1ln\u00ed PU chyty navr\u017een\u00e9 pro shybov\u00e1n\u00ed [&hellip;]<\/p>\n","protected":false},"featured_media":19950,"template":"","meta":{"_acf_changed":false,"_crdt_document":"","site-sidebar-layout":"default","site-content-layout":"default","ast-site-content-layout":"default","site-content-style":"default","site-sidebar-style":"default","ast-global-header-display":"","ast-banner-title-visibility":"","ast-main-header-display":"","ast-hfb-above-header-display":"","ast-hfb-below-header-display":"","ast-hfb-mobile-header-display":"","site-post-title":"","ast-breadcrumbs-content":"","ast-featured-img":"","footer-sml-layout":"","ast-disable-related-posts":"","theme-transparent-header-meta":"default","adv-header-id-meta":"","stick-header-meta":"default","header-above-stick-meta":"","header-main-stick-meta":"","header-below-stick-meta":"","astra-migrate-meta-layouts":"set","ast-page-background-enabled":"default","ast-page-background-meta":{"desktop":{"background-color":"","background-image":"","background-repeat":"repeat","background-position":"center center","background-size":"auto","background-attachment":"scroll","background-type":"","background-media":"","overlay-type":"","overlay-color":"","overlay-opacity":"","overlay-gradient":""},"tablet":{"background-color":"","background-image":"","background-repeat":"repeat","background-position":"center center","background-size":"auto","background-attachment":"scroll","background-type":"","background-media":"","overlay-type":"","overlay-color":"","overlay-opacity":"","overlay-gradient":""},"mobile":{"background-color":"","background-image":"","background-repeat":"repeat","background-position":"center center","background-size":"auto","background-attachment":"scroll","background-type":"","background-media":"","overlay-type":"","overlay-color":"","overlay-opacity":"","overlay-gradient":""}},"ast-content-background-meta":{"desktop":{"background-color":"var(--ast-global-color-5)","background-image":"","background-repeat":"repeat","background-position":"center center","background-size":"auto","background-attachment":"scroll","background-type":"","background-media":"","overlay-type":"","overlay-color":"","overlay-opacity":"","overlay-gradient":""},"tablet":{"background-color":"var(--ast-global-color-5)","background-image":"","background-repeat":"repeat","background-position":"center center","background-size":"auto","background-attachment":"scroll","background-type":"","background-media":"","overlay-type":"","overlay-color":"","overlay-opacity":"","overlay-gradient":""},"mobile":{"background-color":"var(--ast-global-color-5)","background-image":"","background-repeat":"repeat","background-position":"center center","background-size":"auto","background-attachment":"scroll","background-type":"","background-media":"","overlay-type":"","overlay-color":"","overlay-opacity":"","overlay-gradient":""}},"_joinchat":[]},"product_brand":[],"product_cat":[123],"product_tag":[],"pack":[],"style":[],"class_list":{"0":"post-19992","1":"product","2":"type-product","3":"status-publish","4":"has-post-thumbnail","6":"product_cat-prislusenstvi","7":"desktop-align-left","8":"tablet-align-left","9":"mobile-align-left","11":"first","12":"instock","13":"taxable","14":"shipping-taxable","15":"purchasable","16":"product-type-variable"},"acf":[],"_links":{"self":[{"href":"https:\/\/www.virgingrip.com\/cs\/wp-json\/wp\/v2\/product\/19992","targetHints":{"allow":["GET"]}}],"collection":[{"href":"https:\/\/www.virgingrip.com\/cs\/wp-json\/wp\/v2\/product"}],"about":[{"href":"https:\/\/www.virgingrip.com\/cs\/wp-json\/wp\/v2\/types\/product"}],"wp:featuredmedia":[{"embeddable":true,"href":"https:\/\/www.virgingrip.com\/cs\/wp-json\/wp\/v2\/media\/19950"}],"wp:attachment":[{"href":"https:\/\/www.virgingrip.com\/cs\/wp-json\/wp\/v2\/media?parent=19992"}],"wp:term":[{"taxonomy":"product_brand","embeddable":true,"href":"https:\/\/www.virgingrip.com\/cs\/wp-json\/wp\/v2\/product_brand?post=19992"},{"taxonomy":"product_cat","embeddable":true,"href":"https:\/\/www.virgingrip.com\/cs\/wp-json\/wp\/v2\/product_cat?post=19992"},{"taxonomy":"product_tag","embeddable":true,"href":"https:\/\/www.virgingrip.com\/cs\/wp-json\/wp\/v2\/product_tag?post=19992"},{"taxonomy":"pack","embeddable":true,"href":"https:\/\/www.virgingrip.com\/cs\/wp-json\/wp\/v2\/pack?post=19992"},{"taxonomy":"style","embeddable":true,"href":"https:\/\/www.virgingrip.com\/cs\/wp-json\/wp\/v2\/style?post=19992"}],"curies":[{"name":"wp","href":"https:\/\/api.w.org\/{rel}","templated":true}]}}