{"id":20006,"date":"2021-10-21T17:32:59","date_gmt":"2021-10-21T15:32:59","guid":{"rendered":"https:\/\/virgingrip.com\/?post_type=product&#038;p=20006"},"modified":"2025-07-22T11:09:28","modified_gmt":"2025-07-22T09:09:28","slug":"virgingrip-trainer-m-size-lezecke-chyty","status":"publish","type":"product","link":"https:\/\/www.virgingrip.com\/cs\/prislusenstvi\/virgingrip-trainer-m-size-lezecke-chyty\/","title":{"rendered":"VirginGrip Trainer &#8211; M-size Fitness climbing holds set"},"content":{"rendered":"<p>\u0160est li\u0161t se \u0161irok\u00fdm spektrem instalace na na\u0161i d\u0159ev\u011bnou posilovac\u00ed desku VirginGrip Tren\u00e9r. Mal\u00e9 li\u0161ty lze na desku bu\u010f p\u0159ipevnit pomoc\u00ed \u0161roub\u016f anebo je jednodu\u0161e zasunout do spodn\u00edch \u00fachop\u016f pro ruce \u2013 t\u00edm z\u00edsk\u00e1te mal\u00e9 li\u0161ty pro tvrd\u00fd tr\u00e9nink. Dva v\u011bt\u0161\u00ed univerz\u00e1ln\u00ed chyty lze ot\u00e1\u010det o 360 stup\u0148\u016f a poka\u017ed\u00e9 zab\u00edraj\u00ed tak, jak pot\u0159ebujete! Tyto lezeck\u00e9 PU chyty byly navr\u017eeny speci\u00e1ln\u011b pro na\u0161i d\u0159ev\u011bnou posilovac\u00ed desku VirginGrip Tren\u00e9r. Dod\u00e1v\u00e1me i se \u0161rouby pro jejich instalaci.<\/p>\n","protected":false},"excerpt":{"rendered":"<p>\u0160est li\u0161t se \u0161irok\u00fdm spektrem instalace na na\u0161i d\u0159ev\u011bnou posilovac\u00ed desku VirginGrip Tren\u00e9r. Mal\u00e9 li\u0161ty lze na desku bu\u010f p\u0159ipevnit pomoc\u00ed \u0161roub\u016f anebo je jednodu\u0161e zasunout do spodn\u00edch \u00fachop\u016f pro ruce \u2013 t\u00edm z\u00edsk\u00e1te mal\u00e9 li\u0161ty pro tvrd\u00fd tr\u00e9nink. Dva v\u011bt\u0161\u00ed univerz\u00e1ln\u00ed chyty lze ot\u00e1\u010det o 360 stup\u0148\u016f a poka\u017ed\u00e9 zab\u00edraj\u00ed tak, jak pot\u0159ebujete! Tyto [&hellip;]<\/p>\n","protected":false},"featured_media":23557,"template":"","meta":{"_acf_changed":false,"_crdt_document":"","site-sidebar-layout":"default","site-content-layout":"default","ast-site-content-layout":"default","site-content-style":"default","site-sidebar-style":"default","ast-global-header-display":"","ast-banner-title-visibility":"","ast-main-header-display":"","ast-hfb-above-header-display":"","ast-hfb-below-header-display":"","ast-hfb-mobile-header-display":"","site-post-title":"","ast-breadcrumbs-content":"","ast-featured-img":"","footer-sml-layout":"","ast-disable-related-posts":"","theme-transparent-header-meta":"default","adv-header-id-meta":"","stick-header-meta":"default","header-above-stick-meta":"","header-main-stick-meta":"","header-below-stick-meta":"","astra-migrate-meta-layouts":"default","ast-page-background-enabled":"default","ast-page-background-meta":{"desktop":{"background-color":"","background-image":"","background-repeat":"repeat","background-position":"center center","background-size":"auto","background-attachment":"scroll","background-type":"","background-media":"","overlay-type":"","overlay-color":"","overlay-opacity":"","overlay-gradient":""},"tablet":{"background-color":"","background-image":"","background-repeat":"repeat","background-position":"center center","background-size":"auto","background-attachment":"scroll","background-type":"","background-media":"","overlay-type":"","overlay-color":"","overlay-opacity":"","overlay-gradient":""},"mobile":{"background-color":"","background-image":"","background-repeat":"repeat","background-position":"center center","background-size":"auto","background-attachment":"scroll","background-type":"","background-media":"","overlay-type":"","overlay-color":"","overlay-opacity":"","overlay-gradient":""}},"ast-content-background-meta":{"desktop":{"background-color":"var(--ast-global-color-5)","background-image":"","background-repeat":"repeat","background-position":"center center","background-size":"auto","background-attachment":"scroll","background-type":"","background-media":"","overlay-type":"","overlay-color":"","overlay-opacity":"","overlay-gradient":""},"tablet":{"background-color":"var(--ast-global-color-5)","background-image":"","background-repeat":"repeat","background-position":"center center","background-size":"auto","background-attachment":"scroll","background-type":"","background-media":"","overlay-type":"","overlay-color":"","overlay-opacity":"","overlay-gradient":""},"mobile":{"background-color":"var(--ast-global-color-5)","background-image":"","background-repeat":"repeat","background-position":"center center","background-size":"auto","background-attachment":"scroll","background-type":"","background-media":"","overlay-type":"","overlay-color":"","overlay-opacity":"","overlay-gradient":""}},"_joinchat":[]},"product_brand":[],"product_cat":[123],"product_tag":[],"pack":[],"style":[],"class_list":{"0":"post-20006","1":"product","2":"type-product","3":"status-publish","4":"has-post-thumbnail","6":"product_cat-prislusenstvi","7":"pa_color-virgingrip-blue-ral-670-6-cs","8":"pa_dual-texture-ne","9":"pa_fixation-nasroub","10":"pa_material-eco-polyurethane-3rd-generation-cs","11":"pa_size-m-cs","12":"pa_size-s-cs","13":"pa_type-of-grip-crimps-cs","14":"desktop-align-left","15":"tablet-align-left","16":"mobile-align-left","18":"first","19":"instock","20":"taxable","21":"shipping-taxable","22":"purchasable","23":"product-type-variable"},"acf":[],"_links":{"self":[{"href":"https:\/\/www.virgingrip.com\/cs\/wp-json\/wp\/v2\/product\/20006","targetHints":{"allow":["GET"]}}],"collection":[{"href":"https:\/\/www.virgingrip.com\/cs\/wp-json\/wp\/v2\/product"}],"about":[{"href":"https:\/\/www.virgingrip.com\/cs\/wp-json\/wp\/v2\/types\/product"}],"wp:featuredmedia":[{"embeddable":true,"href":"https:\/\/www.virgingrip.com\/cs\/wp-json\/wp\/v2\/media\/23557"}],"wp:attachment":[{"href":"https:\/\/www.virgingrip.com\/cs\/wp-json\/wp\/v2\/media?parent=20006"}],"wp:term":[{"taxonomy":"product_brand","embeddable":true,"href":"https:\/\/www.virgingrip.com\/cs\/wp-json\/wp\/v2\/product_brand?post=20006"},{"taxonomy":"product_cat","embeddable":true,"href":"https:\/\/www.virgingrip.com\/cs\/wp-json\/wp\/v2\/product_cat?post=20006"},{"taxonomy":"product_tag","embeddable":true,"href":"https:\/\/www.virgingrip.com\/cs\/wp-json\/wp\/v2\/product_tag?post=20006"},{"taxonomy":"pack","embeddable":true,"href":"https:\/\/www.virgingrip.com\/cs\/wp-json\/wp\/v2\/pack?post=20006"},{"taxonomy":"style","embeddable":true,"href":"https:\/\/www.virgingrip.com\/cs\/wp-json\/wp\/v2\/style?post=20006"}],"curies":[{"name":"wp","href":"https:\/\/api.w.org\/{rel}","templated":true}]}}