{"id":20293,"date":"2022-01-17T16:23:26","date_gmt":"2022-01-17T15:23:26","guid":{"rendered":"https:\/\/virgingrip.com\/?post_type=product&#038;p=20293"},"modified":"2026-03-20T08:37:43","modified_gmt":"2026-03-20T07:37:43","slug":"pyramids-of-giza-large","status":"publish","type":"product","link":"https:\/\/www.virgingrip.com\/cs\/lezecke-chyty\/pyramids-of-giza-large\/","title":{"rendered":"Pyramids of Giza large"},"content":{"rendered":"<p>Zd\u00e1 se v\u00e1m, \u017ee na\u0161e pyramidy jsou p\u0159\u00edli\u0161 pozitivn\u00ed chyty a cht\u011bli byste z nich ud\u011blat n\u00e1ro\u010dn\u011bj\u0161\u00ed chyty? No pak je tedy sta\u010d\u00ed poskl\u00e1dat a pak op\u011bt a op\u011bt &#8230; Nekone\u010dn\u00e1 variability \u00fachop\u016f, sp\u00e1r a mal\u00fdch sp\u00e1re\u010dek, li\u0161t a stisk\u016f &#8230; Jak je pou\u017eije\u0161 ty? Zde jeden ze set\u016f, kter\u00e1 dopl\u0148uje kompletn\u00ed \u0161k\u00e1lu VirginGrip Pyramid z Tis\u00e9 &#8211; celkem 37 chyt\u016f v cel\u00e9 s\u00e9rii! <\/p>\n","protected":false},"excerpt":{"rendered":"<p>Zd\u00e1 se v\u00e1m, \u017ee na\u0161e pyramidy jsou p\u0159\u00edli\u0161 pozitivn\u00ed chyty a cht\u011bli byste z nich ud\u011blat n\u00e1ro\u010dn\u011bj\u0161\u00ed chyty? No pak je tedy sta\u010d\u00ed poskl\u00e1dat a pak op\u011bt a op\u011bt &#8230; Nekone\u010dn\u00e1 variability \u00fachop\u016f, sp\u00e1r a mal\u00fdch sp\u00e1re\u010dek, li\u0161t a stisk\u016f &#8230; Jak je pou\u017eije\u0161 ty? Zde jeden ze set\u016f, kter\u00e1 dopl\u0148uje kompletn\u00ed \u0161k\u00e1lu VirginGrip Pyramid [&hellip;]<\/p>\n","protected":false},"featured_media":20309,"template":"","meta":{"_acf_changed":false,"_crdt_document":"","site-sidebar-layout":"default","site-content-layout":"default","ast-site-content-layout":"default","site-content-style":"default","site-sidebar-style":"default","ast-global-header-display":"","ast-banner-title-visibility":"","ast-main-header-display":"","ast-hfb-above-header-display":"","ast-hfb-below-header-display":"","ast-hfb-mobile-header-display":"","site-post-title":"","ast-breadcrumbs-content":"","ast-featured-img":"","footer-sml-layout":"","ast-disable-related-posts":"","theme-transparent-header-meta":"default","adv-header-id-meta":"","stick-header-meta":"default","header-above-stick-meta":"","header-main-stick-meta":"","header-below-stick-meta":"","astra-migrate-meta-layouts":"default","ast-page-background-enabled":"default","ast-page-background-meta":{"desktop":{"background-color":"","background-image":"","background-repeat":"repeat","background-position":"center center","background-size":"auto","background-attachment":"scroll","background-type":"","background-media":"","overlay-type":"","overlay-color":"","overlay-opacity":"","overlay-gradient":""},"tablet":{"background-color":"","background-image":"","background-repeat":"repeat","background-position":"center center","background-size":"auto","background-attachment":"scroll","background-type":"","background-media":"","overlay-type":"","overlay-color":"","overlay-opacity":"","overlay-gradient":""},"mobile":{"background-color":"","background-image":"","background-repeat":"repeat","background-position":"center center","background-size":"auto","background-attachment":"scroll","background-type":"","background-media":"","overlay-type":"","overlay-color":"","overlay-opacity":"","overlay-gradient":""}},"ast-content-background-meta":{"desktop":{"background-color":"var(--ast-global-color-5)","background-image":"","background-repeat":"repeat","background-position":"center center","background-size":"auto","background-attachment":"scroll","background-type":"","background-media":"","overlay-type":"","overlay-color":"","overlay-opacity":"","overlay-gradient":""},"tablet":{"background-color":"var(--ast-global-color-5)","background-image":"","background-repeat":"repeat","background-position":"center center","background-size":"auto","background-attachment":"scroll","background-type":"","background-media":"","overlay-type":"","overlay-color":"","overlay-opacity":"","overlay-gradient":""},"mobile":{"background-color":"var(--ast-global-color-5)","background-image":"","background-repeat":"repeat","background-position":"center center","background-size":"auto","background-attachment":"scroll","background-type":"","background-media":"","overlay-type":"","overlay-color":"","overlay-opacity":"","overlay-gradient":""}},"_joinchat":[]},"product_brand":[],"product_cat":[138,715],"product_tag":[522],"pack":[330],"style":[497],"class_list":{"0":"post-20293","1":"product","2":"type-product","3":"status-publish","4":"has-post-thumbnail","6":"product_cat-lezecke-chyty","7":"product_cat-zakladni-linie","8":"product_tag-zakladni-linie","9":"pa_color-bila","10":"pa_color-brown-orange-ral-8023-cs","11":"pa_color-cerna","12":"pa_color-cervena","13":"pa_color-fluo-green-ral-6038","14":"pa_color-fluo-orange-cs","15":"pa_color-fluo-pink-pantone-806c-cs","16":"pa_color-light-orange-ral-2011-cs","17":"pa_color-mint-green-ral-6027-cs","18":"pa_color-modra-cs","19":"pa_color-grey-ral-7001-cs","20":"pa_color-violet-ral-4008-cs","21":"pa_color-virgingrip-blue-ral-670-6-cs","22":"pa_color-zelena","23":"pa_color-zluta","24":"pa_dual-texture-ne","25":"pa_fixation-nasroub","26":"pa_material-eco-polyurethane-3rd-generation-cs","27":"pa_size-l-cs","28":"pa_size-xl-cs","29":"pa_type-of-grip-crack-cs","30":"pa_type-of-grip-slopers-cs","31":"pack-st-sada","32":"style-basic-style","33":"desktop-align-left","34":"tablet-align-left","35":"mobile-align-left","37":"first","38":"instock","39":"taxable","40":"shipping-taxable","41":"purchasable","42":"product-type-variable"},"acf":[],"_links":{"self":[{"href":"https:\/\/www.virgingrip.com\/cs\/wp-json\/wp\/v2\/product\/20293","targetHints":{"allow":["GET"]}}],"collection":[{"href":"https:\/\/www.virgingrip.com\/cs\/wp-json\/wp\/v2\/product"}],"about":[{"href":"https:\/\/www.virgingrip.com\/cs\/wp-json\/wp\/v2\/types\/product"}],"wp:featuredmedia":[{"embeddable":true,"href":"https:\/\/www.virgingrip.com\/cs\/wp-json\/wp\/v2\/media\/20309"}],"wp:attachment":[{"href":"https:\/\/www.virgingrip.com\/cs\/wp-json\/wp\/v2\/media?parent=20293"}],"wp:term":[{"taxonomy":"product_brand","embeddable":true,"href":"https:\/\/www.virgingrip.com\/cs\/wp-json\/wp\/v2\/product_brand?post=20293"},{"taxonomy":"product_cat","embeddable":true,"href":"https:\/\/www.virgingrip.com\/cs\/wp-json\/wp\/v2\/product_cat?post=20293"},{"taxonomy":"product_tag","embeddable":true,"href":"https:\/\/www.virgingrip.com\/cs\/wp-json\/wp\/v2\/product_tag?post=20293"},{"taxonomy":"pack","embeddable":true,"href":"https:\/\/www.virgingrip.com\/cs\/wp-json\/wp\/v2\/pack?post=20293"},{"taxonomy":"style","embeddable":true,"href":"https:\/\/www.virgingrip.com\/cs\/wp-json\/wp\/v2\/style?post=20293"}],"curies":[{"name":"wp","href":"https:\/\/api.w.org\/{rel}","templated":true}]}}