{"id":21940,"date":"2022-06-15T22:20:38","date_gmt":"2022-06-15T20:20:38","guid":{"rendered":"https:\/\/virgingrip.com\/?post_type=product&#038;p=21940"},"modified":"2025-07-22T11:07:44","modified_gmt":"2025-07-22T09:07:44","slug":"fighter-3","status":"publish","type":"product","link":"https:\/\/www.virgingrip.com\/cs\/frp-makra\/fighter-3\/","title":{"rendered":"Fighter 3"},"content":{"rendered":"<p>Vyzkou\u0161ejte jeden z na\u0161ich epoxidov\u00fdch lamin\u00e1t\u016f pro sportovn\u00ed lezen\u00ed. Najde u v\u00e1s uplatn\u011bn\u00ed jak na bouldrech, tak i na lanov\u00fdch lezeck\u00fdch st\u011bn\u00e1ch. Jejich tvar odpov\u00edd\u00e1 po\u017eadavk\u016fm extr\u00e9mn\u00edho sportovn\u00edho lezen\u00ed v p\u0159evisech, ale na kolm\u00e9 st\u011bn\u011b si ho u\u017eije i ta nej\u0161ir\u0161\u00ed skupina va\u0161ich n\u00e1v\u0161t\u011bvn\u00edk\u016f. P\u0159\u00edjemn\u00fd tvar, dobr\u00e9 t\u0159en\u00ed a dlouh\u00e1 \u017eivotnost! Cel\u00e1 na\u0161e s\u00e9rie lezeck\u00fdch lamin\u00e1t\u016f Fighters m\u00e1 celkem 12 kus\u016f a vyr\u00e1b\u00ed se v \u0161esti z\u00e1kladn\u00edch barv\u00e1ch. <\/p>\n","protected":false},"excerpt":{"rendered":"<p>Vyzkou\u0161ejte jeden z na\u0161ich epoxidov\u00fdch lamin\u00e1t\u016f pro sportovn\u00ed lezen\u00ed. Najde u v\u00e1s uplatn\u011bn\u00ed jak na bouldrech, tak i na lanov\u00fdch lezeck\u00fdch st\u011bn\u00e1ch. Jejich tvar odpov\u00edd\u00e1 po\u017eadavk\u016fm extr\u00e9mn\u00edho sportovn\u00edho lezen\u00ed v p\u0159evisech, ale na kolm\u00e9 st\u011bn\u011b si ho u\u017eije i ta nej\u0161ir\u0161\u00ed skupina va\u0161ich n\u00e1v\u0161t\u011bvn\u00edk\u016f. P\u0159\u00edjemn\u00fd tvar, dobr\u00e9 t\u0159en\u00ed a dlouh\u00e1 \u017eivotnost! Cel\u00e1 na\u0161e s\u00e9rie lezeck\u00fdch [&hellip;]<\/p>\n","protected":false},"featured_media":21885,"template":"","meta":{"_acf_changed":false,"_crdt_document":"","site-sidebar-layout":"default","site-content-layout":"default","ast-site-content-layout":"default","site-content-style":"default","site-sidebar-style":"default","ast-global-header-display":"","ast-banner-title-visibility":"","ast-main-header-display":"","ast-hfb-above-header-display":"","ast-hfb-below-header-display":"","ast-hfb-mobile-header-display":"","site-post-title":"","ast-breadcrumbs-content":"","ast-featured-img":"","footer-sml-layout":"","ast-disable-related-posts":"","theme-transparent-header-meta":"default","adv-header-id-meta":"","stick-header-meta":"default","header-above-stick-meta":"","header-main-stick-meta":"","header-below-stick-meta":"","astra-migrate-meta-layouts":"default","ast-page-background-enabled":"default","ast-page-background-meta":{"desktop":{"background-color":"","background-image":"","background-repeat":"repeat","background-position":"center center","background-size":"auto","background-attachment":"scroll","background-type":"","background-media":"","overlay-type":"","overlay-color":"","overlay-opacity":"","overlay-gradient":""},"tablet":{"background-color":"","background-image":"","background-repeat":"repeat","background-position":"center center","background-size":"auto","background-attachment":"scroll","background-type":"","background-media":"","overlay-type":"","overlay-color":"","overlay-opacity":"","overlay-gradient":""},"mobile":{"background-color":"","background-image":"","background-repeat":"repeat","background-position":"center center","background-size":"auto","background-attachment":"scroll","background-type":"","background-media":"","overlay-type":"","overlay-color":"","overlay-opacity":"","overlay-gradient":""}},"ast-content-background-meta":{"desktop":{"background-color":"var(--ast-global-color-5)","background-image":"","background-repeat":"repeat","background-position":"center center","background-size":"auto","background-attachment":"scroll","background-type":"","background-media":"","overlay-type":"","overlay-color":"","overlay-opacity":"","overlay-gradient":""},"tablet":{"background-color":"var(--ast-global-color-5)","background-image":"","background-repeat":"repeat","background-position":"center center","background-size":"auto","background-attachment":"scroll","background-type":"","background-media":"","overlay-type":"","overlay-color":"","overlay-opacity":"","overlay-gradient":""},"mobile":{"background-color":"var(--ast-global-color-5)","background-image":"","background-repeat":"repeat","background-position":"center center","background-size":"auto","background-attachment":"scroll","background-type":"","background-media":"","overlay-type":"","overlay-color":"","overlay-opacity":"","overlay-gradient":""}},"_joinchat":[]},"product_brand":[],"product_cat":[533],"product_tag":[],"pack":[],"style":[512],"class_list":{"0":"post-21940","1":"product","2":"type-product","3":"status-publish","4":"has-post-thumbnail","6":"product_cat-frp-makra","7":"pa_color-bila","8":"pa_color-cerna","9":"pa_color-cervena","10":"pa_color-mint-green-ral-6027-cs","11":"pa_color-modra-cs","12":"pa_color-virgingrip-blue-ral-670-6-cs","13":"pa_color-zelena","14":"pa_dual-texture-ano","15":"pa_fixation-navruty","16":"pa_material-epoxy-fiberglass-reinforced-plastic-frp","17":"pa_size-macro-cs","18":"pa_type-of-grip-jug-cs","19":"style-indoor","20":"desktop-align-left","21":"tablet-align-left","22":"mobile-align-left","24":"first","25":"instock","26":"taxable","27":"shipping-taxable","28":"purchasable","29":"product-type-variable"},"acf":[],"_links":{"self":[{"href":"https:\/\/www.virgingrip.com\/cs\/wp-json\/wp\/v2\/product\/21940","targetHints":{"allow":["GET"]}}],"collection":[{"href":"https:\/\/www.virgingrip.com\/cs\/wp-json\/wp\/v2\/product"}],"about":[{"href":"https:\/\/www.virgingrip.com\/cs\/wp-json\/wp\/v2\/types\/product"}],"wp:featuredmedia":[{"embeddable":true,"href":"https:\/\/www.virgingrip.com\/cs\/wp-json\/wp\/v2\/media\/21885"}],"wp:attachment":[{"href":"https:\/\/www.virgingrip.com\/cs\/wp-json\/wp\/v2\/media?parent=21940"}],"wp:term":[{"taxonomy":"product_brand","embeddable":true,"href":"https:\/\/www.virgingrip.com\/cs\/wp-json\/wp\/v2\/product_brand?post=21940"},{"taxonomy":"product_cat","embeddable":true,"href":"https:\/\/www.virgingrip.com\/cs\/wp-json\/wp\/v2\/product_cat?post=21940"},{"taxonomy":"product_tag","embeddable":true,"href":"https:\/\/www.virgingrip.com\/cs\/wp-json\/wp\/v2\/product_tag?post=21940"},{"taxonomy":"pack","embeddable":true,"href":"https:\/\/www.virgingrip.com\/cs\/wp-json\/wp\/v2\/pack?post=21940"},{"taxonomy":"style","embeddable":true,"href":"https:\/\/www.virgingrip.com\/cs\/wp-json\/wp\/v2\/style?post=21940"}],"curies":[{"name":"wp","href":"https:\/\/api.w.org\/{rel}","templated":true}]}}