{"id":21950,"date":"2022-06-16T08:35:49","date_gmt":"2022-06-16T06:35:49","guid":{"rendered":"https:\/\/virgingrip.com\/?post_type=product&#038;p=21950"},"modified":"2025-07-22T11:08:11","modified_gmt":"2025-07-22T09:08:11","slug":"wooden-volumes-set","status":"publish","type":"product","link":"https:\/\/www.virgingrip.com\/cs\/drevene-struktury\/wooden-volumes-set\/","title":{"rendered":"Wooden volumes set"},"content":{"rendered":"<p>Par\u00e1dn\u00ed sada na\u0161ich d\u0159ev\u011bn\u00fdch struktur se slevou. Tak co, bere\u0161 je? <\/p>\n","protected":false},"excerpt":{"rendered":"<p>Par\u00e1dn\u00ed sada na\u0161ich d\u0159ev\u011bn\u00fdch struktur se slevou. Tak co, bere\u0161 je?<\/p>\n","protected":false},"featured_media":22745,"template":"","meta":{"_acf_changed":false,"_crdt_document":"","site-sidebar-layout":"default","site-content-layout":"default","ast-site-content-layout":"default","site-content-style":"default","site-sidebar-style":"default","ast-global-header-display":"","ast-banner-title-visibility":"","ast-main-header-display":"","ast-hfb-above-header-display":"","ast-hfb-below-header-display":"","ast-hfb-mobile-header-display":"","site-post-title":"","ast-breadcrumbs-content":"","ast-featured-img":"","footer-sml-layout":"","ast-disable-related-posts":"","theme-transparent-header-meta":"default","adv-header-id-meta":"","stick-header-meta":"default","header-above-stick-meta":"","header-main-stick-meta":"","header-below-stick-meta":"","astra-migrate-meta-layouts":"default","ast-page-background-enabled":"default","ast-page-background-meta":{"desktop":{"background-color":"","background-image":"","background-repeat":"repeat","background-position":"center center","background-size":"auto","background-attachment":"scroll","background-type":"","background-media":"","overlay-type":"","overlay-color":"","overlay-opacity":"","overlay-gradient":""},"tablet":{"background-color":"","background-image":"","background-repeat":"repeat","background-position":"center center","background-size":"auto","background-attachment":"scroll","background-type":"","background-media":"","overlay-type":"","overlay-color":"","overlay-opacity":"","overlay-gradient":""},"mobile":{"background-color":"","background-image":"","background-repeat":"repeat","background-position":"center center","background-size":"auto","background-attachment":"scroll","background-type":"","background-media":"","overlay-type":"","overlay-color":"","overlay-opacity":"","overlay-gradient":""}},"ast-content-background-meta":{"desktop":{"background-color":"var(--ast-global-color-5)","background-image":"","background-repeat":"repeat","background-position":"center center","background-size":"auto","background-attachment":"scroll","background-type":"","background-media":"","overlay-type":"","overlay-color":"","overlay-opacity":"","overlay-gradient":""},"tablet":{"background-color":"var(--ast-global-color-5)","background-image":"","background-repeat":"repeat","background-position":"center center","background-size":"auto","background-attachment":"scroll","background-type":"","background-media":"","overlay-type":"","overlay-color":"","overlay-opacity":"","overlay-gradient":""},"mobile":{"background-color":"var(--ast-global-color-5)","background-image":"","background-repeat":"repeat","background-position":"center center","background-size":"auto","background-attachment":"scroll","background-type":"","background-media":"","overlay-type":"","overlay-color":"","overlay-opacity":"","overlay-gradient":""}},"_joinchat":[]},"product_brand":[],"product_cat":[270],"product_tag":[584],"pack":[331],"style":[],"class_list":{"0":"post-21950","1":"product","2":"type-product","3":"status-publish","4":"has-post-thumbnail","6":"product_cat-drevene-struktury","7":"product_tag-packs-cs","8":"pa_color-bila","9":"pa_color-cerna","10":"pa_color-cervena","11":"pa_color-modra-cs","12":"pa_color-grey-ral-7001-cs","13":"pa_color-violet-ral-4008-cs","14":"pa_color-zelena","15":"pa_color-zluta","16":"pa_fixation-navruty","17":"pa_material-18mm-plywood-cs","18":"pa_size-macro-cs","19":"pack-boulder-kit","20":"desktop-align-left","21":"tablet-align-left","22":"mobile-align-left","24":"first","25":"instock","26":"taxable","27":"shipping-taxable","28":"purchasable","29":"product-type-variable"},"acf":[],"_links":{"self":[{"href":"https:\/\/www.virgingrip.com\/cs\/wp-json\/wp\/v2\/product\/21950","targetHints":{"allow":["GET"]}}],"collection":[{"href":"https:\/\/www.virgingrip.com\/cs\/wp-json\/wp\/v2\/product"}],"about":[{"href":"https:\/\/www.virgingrip.com\/cs\/wp-json\/wp\/v2\/types\/product"}],"wp:featuredmedia":[{"embeddable":true,"href":"https:\/\/www.virgingrip.com\/cs\/wp-json\/wp\/v2\/media\/22745"}],"wp:attachment":[{"href":"https:\/\/www.virgingrip.com\/cs\/wp-json\/wp\/v2\/media?parent=21950"}],"wp:term":[{"taxonomy":"product_brand","embeddable":true,"href":"https:\/\/www.virgingrip.com\/cs\/wp-json\/wp\/v2\/product_brand?post=21950"},{"taxonomy":"product_cat","embeddable":true,"href":"https:\/\/www.virgingrip.com\/cs\/wp-json\/wp\/v2\/product_cat?post=21950"},{"taxonomy":"product_tag","embeddable":true,"href":"https:\/\/www.virgingrip.com\/cs\/wp-json\/wp\/v2\/product_tag?post=21950"},{"taxonomy":"pack","embeddable":true,"href":"https:\/\/www.virgingrip.com\/cs\/wp-json\/wp\/v2\/pack?post=21950"},{"taxonomy":"style","embeddable":true,"href":"https:\/\/www.virgingrip.com\/cs\/wp-json\/wp\/v2\/style?post=21950"}],"curies":[{"name":"wp","href":"https:\/\/api.w.org\/{rel}","templated":true}]}}