{"id":22395,"date":"2022-07-05T19:12:11","date_gmt":"2022-07-05T17:12:11","guid":{"rendered":"https:\/\/virgingrip.com\/?post_type=product&#038;p=22395"},"modified":"2025-07-22T11:08:20","modified_gmt":"2025-07-22T09:08:20","slug":"base-lines-complete-set","status":"publish","type":"product","link":"https:\/\/www.virgingrip.com\/cs\/lezecke-chyty\/base-lines-complete-set\/","title":{"rendered":"Base Lines"},"content":{"rendered":"<p>Cel\u00e1 s\u00e9rie Base lines, kter\u00e9 obsahuje celkem 52 lezeck\u00fdch stup\u016f v\u0161ech velikost\u00ed od XS po XL. Skv\u011bl\u00e1 stejn\u011b tak pro cesty na lano, tak i na bouldrovky! Nov\u00fd design, jednota tvar\u016f a velk\u00fd po\u010det chyt\u016f odpov\u00edd\u00e1 posledn\u00edm trend\u016fm pro stav\u011bn\u00ed lezeck\u00fdch cest a bouldr\u016f. V\u017edy najde\u0161 to, co pot\u0159ebuje\u0161!<\/p>\n<p style=\"margin: 0cm; margin-bottom: .0001pt;\"><span lang=\"EN-GB\">\u00a0<\/span><\/p>\n<p style=\"margin: 0cm; margin-bottom: .0001pt;\"><span lang=\"EN-GB\">\u00a0<\/span><\/p>\n","protected":false},"excerpt":{"rendered":"<p>Cel\u00e1 s\u00e9rie Base lines, kter\u00e9 obsahuje celkem 52 lezeck\u00fdch stup\u016f v\u0161ech velikost\u00ed od XS po XL. Skv\u011bl\u00e1 stejn\u011b tak pro cesty na lano, tak i na bouldrovky! Nov\u00fd design, jednota tvar\u016f a velk\u00fd po\u010det chyt\u016f odpov\u00edd\u00e1 posledn\u00edm trend\u016fm pro stav\u011bn\u00ed lezeck\u00fdch cest a bouldr\u016f. V\u017edy najde\u0161 to, co pot\u0159ebuje\u0161! \u00a0 \u00a0<\/p>\n","protected":false},"featured_media":22576,"template":"","meta":{"_acf_changed":false,"_crdt_document":"","site-sidebar-layout":"default","site-content-layout":"default","ast-site-content-layout":"default","site-content-style":"default","site-sidebar-style":"default","ast-global-header-display":"","ast-banner-title-visibility":"","ast-main-header-display":"","ast-hfb-above-header-display":"","ast-hfb-below-header-display":"","ast-hfb-mobile-header-display":"","site-post-title":"","ast-breadcrumbs-content":"","ast-featured-img":"","footer-sml-layout":"","ast-disable-related-posts":"","theme-transparent-header-meta":"default","adv-header-id-meta":"","stick-header-meta":"default","header-above-stick-meta":"","header-main-stick-meta":"","header-below-stick-meta":"","astra-migrate-meta-layouts":"default","ast-page-background-enabled":"default","ast-page-background-meta":{"desktop":{"background-color":"","background-image":"","background-repeat":"repeat","background-position":"center center","background-size":"auto","background-attachment":"scroll","background-type":"","background-media":"","overlay-type":"","overlay-color":"","overlay-opacity":"","overlay-gradient":""},"tablet":{"background-color":"","background-image":"","background-repeat":"repeat","background-position":"center center","background-size":"auto","background-attachment":"scroll","background-type":"","background-media":"","overlay-type":"","overlay-color":"","overlay-opacity":"","overlay-gradient":""},"mobile":{"background-color":"","background-image":"","background-repeat":"repeat","background-position":"center center","background-size":"auto","background-attachment":"scroll","background-type":"","background-media":"","overlay-type":"","overlay-color":"","overlay-opacity":"","overlay-gradient":""}},"ast-content-background-meta":{"desktop":{"background-color":"var(--ast-global-color-5)","background-image":"","background-repeat":"repeat","background-position":"center center","background-size":"auto","background-attachment":"scroll","background-type":"","background-media":"","overlay-type":"","overlay-color":"","overlay-opacity":"","overlay-gradient":""},"tablet":{"background-color":"var(--ast-global-color-5)","background-image":"","background-repeat":"repeat","background-position":"center center","background-size":"auto","background-attachment":"scroll","background-type":"","background-media":"","overlay-type":"","overlay-color":"","overlay-opacity":"","overlay-gradient":""},"mobile":{"background-color":"var(--ast-global-color-5)","background-image":"","background-repeat":"repeat","background-position":"center center","background-size":"auto","background-attachment":"scroll","background-type":"","background-media":"","overlay-type":"","overlay-color":"","overlay-opacity":"","overlay-gradient":""}},"_joinchat":[]},"product_brand":[],"product_cat":[138],"product_tag":[584],"pack":[332],"style":[],"class_list":{"0":"post-22395","1":"product","2":"type-product","3":"status-publish","4":"has-post-thumbnail","6":"product_cat-lezecke-chyty","7":"product_tag-packs-cs","8":"pa_color-bila","9":"pa_color-brown-orange-ral-8023-cs","10":"pa_color-cerna","11":"pa_color-cervena","12":"pa_color-fluo-green-ral-6038","13":"pa_color-fluo-orange-cs","14":"pa_color-fluo-pink-pantone-806c-cs","15":"pa_color-light-orange-ral-2011-cs","16":"pa_color-mint-green-ral-6027-cs","17":"pa_color-modra-cs","18":"pa_color-grey-ral-7001-cs","19":"pa_color-violet-ral-4008-cs","20":"pa_color-virgingrip-blue-ral-670-6-cs","21":"pa_color-zelena","22":"pa_color-zluta","23":"pa_dual-texture-ne","24":"pa_fixation-nasroub","25":"pa_material-eco-polyurethane-3rd-generation-cs","26":"pa_size-all-cs","27":"pack-lead-set","28":"desktop-align-left","29":"tablet-align-left","30":"mobile-align-left","32":"first","33":"instock","34":"taxable","35":"shipping-taxable","36":"purchasable","37":"product-type-variable"},"acf":[],"_links":{"self":[{"href":"https:\/\/www.virgingrip.com\/cs\/wp-json\/wp\/v2\/product\/22395","targetHints":{"allow":["GET"]}}],"collection":[{"href":"https:\/\/www.virgingrip.com\/cs\/wp-json\/wp\/v2\/product"}],"about":[{"href":"https:\/\/www.virgingrip.com\/cs\/wp-json\/wp\/v2\/types\/product"}],"wp:featuredmedia":[{"embeddable":true,"href":"https:\/\/www.virgingrip.com\/cs\/wp-json\/wp\/v2\/media\/22576"}],"wp:attachment":[{"href":"https:\/\/www.virgingrip.com\/cs\/wp-json\/wp\/v2\/media?parent=22395"}],"wp:term":[{"taxonomy":"product_brand","embeddable":true,"href":"https:\/\/www.virgingrip.com\/cs\/wp-json\/wp\/v2\/product_brand?post=22395"},{"taxonomy":"product_cat","embeddable":true,"href":"https:\/\/www.virgingrip.com\/cs\/wp-json\/wp\/v2\/product_cat?post=22395"},{"taxonomy":"product_tag","embeddable":true,"href":"https:\/\/www.virgingrip.com\/cs\/wp-json\/wp\/v2\/product_tag?post=22395"},{"taxonomy":"pack","embeddable":true,"href":"https:\/\/www.virgingrip.com\/cs\/wp-json\/wp\/v2\/pack?post=22395"},{"taxonomy":"style","embeddable":true,"href":"https:\/\/www.virgingrip.com\/cs\/wp-json\/wp\/v2\/style?post=22395"}],"curies":[{"name":"wp","href":"https:\/\/api.w.org\/{rel}","templated":true}]}}