{"id":22411,"date":"2022-07-05T19:40:06","date_gmt":"2022-07-05T17:40:06","guid":{"rendered":"https:\/\/virgingrip.com\/?post_type=product&#038;p=22411"},"modified":"2025-07-22T11:07:34","modified_gmt":"2025-07-22T09:07:34","slug":"crack-formation-lead-set","status":"publish","type":"product","link":"https:\/\/www.virgingrip.com\/cs\/lezecke-chyty\/crack-formation-lead-set\/","title":{"rendered":"Crack Formation"},"content":{"rendered":"<p>Tato s\u00e9rie lezeck\u00fdch chyt\u016f pro lano je vhodn\u00e1 na kolm\u00e9 a p\u0159evisl\u00e9 lezeck\u00e9 st\u011bny. Z\u00e1le\u017e\u00ed jen na v\u00e1s jak\u00fd profil si vyberete a jak\u00fd styl cesty postav\u00edte. Kombinace ostr\u00fdch li\u0161t, dlouh\u00fdch chyt\u016f, kter\u00e9 lze r\u016fzn\u011b kombinovat, aby vznikla sp\u00e1ra pro prsty nebo jen mal\u00e1 li\u0161ta, v\u00e1s bude bavit<\/p>\n","protected":false},"excerpt":{"rendered":"<p>Tato s\u00e9rie lezeck\u00fdch chyt\u016f pro lano je vhodn\u00e1 na kolm\u00e9 a p\u0159evisl\u00e9 lezeck\u00e9 st\u011bny. Z\u00e1le\u017e\u00ed jen na v\u00e1s jak\u00fd profil si vyberete a jak\u00fd styl cesty postav\u00edte. Kombinace ostr\u00fdch li\u0161t, dlouh\u00fdch chyt\u016f, kter\u00e9 lze r\u016fzn\u011b kombinovat, aby vznikla sp\u00e1ra pro prsty nebo jen mal\u00e1 li\u0161ta, v\u00e1s bude bavit<\/p>\n","protected":false},"featured_media":22311,"template":"","meta":{"_acf_changed":false,"_crdt_document":"","site-sidebar-layout":"default","site-content-layout":"default","ast-site-content-layout":"default","site-content-style":"default","site-sidebar-style":"default","ast-global-header-display":"","ast-banner-title-visibility":"","ast-main-header-display":"","ast-hfb-above-header-display":"","ast-hfb-below-header-display":"","ast-hfb-mobile-header-display":"","site-post-title":"","ast-breadcrumbs-content":"","ast-featured-img":"","footer-sml-layout":"","ast-disable-related-posts":"","theme-transparent-header-meta":"default","adv-header-id-meta":"","stick-header-meta":"default","header-above-stick-meta":"","header-main-stick-meta":"","header-below-stick-meta":"","astra-migrate-meta-layouts":"default","ast-page-background-enabled":"default","ast-page-background-meta":{"desktop":{"background-color":"","background-image":"","background-repeat":"repeat","background-position":"center center","background-size":"auto","background-attachment":"scroll","background-type":"","background-media":"","overlay-type":"","overlay-color":"","overlay-opacity":"","overlay-gradient":""},"tablet":{"background-color":"","background-image":"","background-repeat":"repeat","background-position":"center center","background-size":"auto","background-attachment":"scroll","background-type":"","background-media":"","overlay-type":"","overlay-color":"","overlay-opacity":"","overlay-gradient":""},"mobile":{"background-color":"","background-image":"","background-repeat":"repeat","background-position":"center center","background-size":"auto","background-attachment":"scroll","background-type":"","background-media":"","overlay-type":"","overlay-color":"","overlay-opacity":"","overlay-gradient":""}},"ast-content-background-meta":{"desktop":{"background-color":"var(--ast-global-color-5)","background-image":"","background-repeat":"repeat","background-position":"center center","background-size":"auto","background-attachment":"scroll","background-type":"","background-media":"","overlay-type":"","overlay-color":"","overlay-opacity":"","overlay-gradient":""},"tablet":{"background-color":"var(--ast-global-color-5)","background-image":"","background-repeat":"repeat","background-position":"center center","background-size":"auto","background-attachment":"scroll","background-type":"","background-media":"","overlay-type":"","overlay-color":"","overlay-opacity":"","overlay-gradient":""},"mobile":{"background-color":"var(--ast-global-color-5)","background-image":"","background-repeat":"repeat","background-position":"center center","background-size":"auto","background-attachment":"scroll","background-type":"","background-media":"","overlay-type":"","overlay-color":"","overlay-opacity":"","overlay-gradient":""}},"_joinchat":[]},"product_brand":[],"product_cat":[138],"product_tag":[584],"pack":[332],"style":[],"class_list":{"0":"post-22411","1":"product","2":"type-product","3":"status-publish","4":"has-post-thumbnail","6":"product_cat-lezecke-chyty","7":"product_tag-packs-cs","8":"pa_color-bila","9":"pa_color-brown-orange-ral-8023-cs","10":"pa_color-cerna","11":"pa_color-cervena","12":"pa_color-fluo-green-ral-6038","13":"pa_color-fluo-orange-cs","14":"pa_color-fluo-pink-pantone-806c-cs","15":"pa_color-light-orange-ral-2011-cs","16":"pa_color-mint-green-ral-6027-cs","17":"pa_color-modra-cs","18":"pa_color-grey-ral-7001-cs","19":"pa_color-violet-ral-4008-cs","20":"pa_color-virgingrip-blue-ral-670-6-cs","21":"pa_color-zelena","22":"pa_color-zluta","23":"pa_dual-texture-ano","24":"pa_fixation-nasroub","25":"pa_material-eco-polyurethane-3rd-generation-cs","26":"pa_size-all-cs","27":"pack-lead-set","28":"desktop-align-left","29":"tablet-align-left","30":"mobile-align-left","32":"first","33":"instock","34":"taxable","35":"shipping-taxable","36":"purchasable","37":"product-type-variable"},"acf":[],"_links":{"self":[{"href":"https:\/\/www.virgingrip.com\/cs\/wp-json\/wp\/v2\/product\/22411","targetHints":{"allow":["GET"]}}],"collection":[{"href":"https:\/\/www.virgingrip.com\/cs\/wp-json\/wp\/v2\/product"}],"about":[{"href":"https:\/\/www.virgingrip.com\/cs\/wp-json\/wp\/v2\/types\/product"}],"wp:featuredmedia":[{"embeddable":true,"href":"https:\/\/www.virgingrip.com\/cs\/wp-json\/wp\/v2\/media\/22311"}],"wp:attachment":[{"href":"https:\/\/www.virgingrip.com\/cs\/wp-json\/wp\/v2\/media?parent=22411"}],"wp:term":[{"taxonomy":"product_brand","embeddable":true,"href":"https:\/\/www.virgingrip.com\/cs\/wp-json\/wp\/v2\/product_brand?post=22411"},{"taxonomy":"product_cat","embeddable":true,"href":"https:\/\/www.virgingrip.com\/cs\/wp-json\/wp\/v2\/product_cat?post=22411"},{"taxonomy":"product_tag","embeddable":true,"href":"https:\/\/www.virgingrip.com\/cs\/wp-json\/wp\/v2\/product_tag?post=22411"},{"taxonomy":"pack","embeddable":true,"href":"https:\/\/www.virgingrip.com\/cs\/wp-json\/wp\/v2\/pack?post=22411"},{"taxonomy":"style","embeddable":true,"href":"https:\/\/www.virgingrip.com\/cs\/wp-json\/wp\/v2\/style?post=22411"}],"curies":[{"name":"wp","href":"https:\/\/api.w.org\/{rel}","templated":true}]}}