{"id":22446,"date":"2022-07-08T11:34:17","date_gmt":"2022-07-08T09:34:17","guid":{"rendered":"https:\/\/virgingrip.com\/?post_type=product&#038;p=22446"},"modified":"2025-07-22T11:09:31","modified_gmt":"2025-07-22T09:09:31","slug":"bones","status":"publish","type":"product","link":"https:\/\/www.virgingrip.com\/cs\/lezecke-chyty\/bones\/","title":{"rendered":"Bones"},"content":{"rendered":"<p>Nemus\u00ed\u0161 b\u00fdt ani pir\u00e1t ani doktor aby sis tyhle chyty obl\u00edbil. Tato sada v\u0161ech Kost\u00ed  je prost\u011b v\u00fdjime\u010dn\u00e9 a budou ozdobou tv\u00e9 st\u011bny. Z\u00e1rove\u0148 velmi dob\u0159e berou a mohou na tv\u00e9 st\u011bn\u011b vytvo\u0159it jeden velmi origin\u00e1ln\u00ed boulder nebo celou cestu na lano!<\/p>\n","protected":false},"excerpt":{"rendered":"<p>Nemus\u00ed\u0161 b\u00fdt ani pir\u00e1t ani doktor aby sis tyhle chyty obl\u00edbil. Tato sada v\u0161ech Kost\u00ed je prost\u011b v\u00fdjime\u010dn\u00e9 a budou ozdobou tv\u00e9 st\u011bny. Z\u00e1rove\u0148 velmi dob\u0159e berou a mohou na tv\u00e9 st\u011bn\u011b vytvo\u0159it jeden velmi origin\u00e1ln\u00ed boulder nebo celou cestu na lano!<\/p>\n","protected":false},"featured_media":22323,"template":"","meta":{"_acf_changed":false,"_crdt_document":"","site-sidebar-layout":"default","site-content-layout":"default","ast-site-content-layout":"default","site-content-style":"default","site-sidebar-style":"default","ast-global-header-display":"","ast-banner-title-visibility":"","ast-main-header-display":"","ast-hfb-above-header-display":"","ast-hfb-below-header-display":"","ast-hfb-mobile-header-display":"","site-post-title":"","ast-breadcrumbs-content":"","ast-featured-img":"","footer-sml-layout":"","ast-disable-related-posts":"","theme-transparent-header-meta":"default","adv-header-id-meta":"","stick-header-meta":"default","header-above-stick-meta":"","header-main-stick-meta":"","header-below-stick-meta":"","astra-migrate-meta-layouts":"default","ast-page-background-enabled":"default","ast-page-background-meta":{"desktop":{"background-color":"","background-image":"","background-repeat":"repeat","background-position":"center center","background-size":"auto","background-attachment":"scroll","background-type":"","background-media":"","overlay-type":"","overlay-color":"","overlay-opacity":"","overlay-gradient":""},"tablet":{"background-color":"","background-image":"","background-repeat":"repeat","background-position":"center center","background-size":"auto","background-attachment":"scroll","background-type":"","background-media":"","overlay-type":"","overlay-color":"","overlay-opacity":"","overlay-gradient":""},"mobile":{"background-color":"","background-image":"","background-repeat":"repeat","background-position":"center center","background-size":"auto","background-attachment":"scroll","background-type":"","background-media":"","overlay-type":"","overlay-color":"","overlay-opacity":"","overlay-gradient":""}},"ast-content-background-meta":{"desktop":{"background-color":"var(--ast-global-color-5)","background-image":"","background-repeat":"repeat","background-position":"center center","background-size":"auto","background-attachment":"scroll","background-type":"","background-media":"","overlay-type":"","overlay-color":"","overlay-opacity":"","overlay-gradient":""},"tablet":{"background-color":"var(--ast-global-color-5)","background-image":"","background-repeat":"repeat","background-position":"center center","background-size":"auto","background-attachment":"scroll","background-type":"","background-media":"","overlay-type":"","overlay-color":"","overlay-opacity":"","overlay-gradient":""},"mobile":{"background-color":"var(--ast-global-color-5)","background-image":"","background-repeat":"repeat","background-position":"center center","background-size":"auto","background-attachment":"scroll","background-type":"","background-media":"","overlay-type":"","overlay-color":"","overlay-opacity":"","overlay-gradient":""}},"_joinchat":[]},"product_brand":[],"product_cat":[138],"product_tag":[584],"pack":[332],"style":[],"class_list":{"0":"post-22446","1":"product","2":"type-product","3":"status-publish","4":"has-post-thumbnail","6":"product_cat-lezecke-chyty","7":"product_tag-packs-cs","8":"pa_color-bila","9":"pa_color-brown-orange-ral-8023-cs","10":"pa_color-cerna","11":"pa_color-cervena","12":"pa_color-fluo-green-ral-6038","13":"pa_color-fluo-orange-cs","14":"pa_color-fluo-pink-pantone-806c-cs","15":"pa_color-light-orange-ral-2011-cs","16":"pa_color-mint-green-ral-6027-cs","17":"pa_color-modra-cs","18":"pa_color-grey-ral-7001-cs","19":"pa_color-violet-ral-4008-cs","20":"pa_color-virgingrip-blue-ral-670-6-cs","21":"pa_color-zelena","22":"pa_color-zluta","23":"pa_dual-texture-ne","24":"pa_fixation-kombinovane","25":"pa_material-eco-polyurethane-3rd-generation-cs","26":"pa_size-all-cs","27":"pack-lead-set","28":"desktop-align-left","29":"tablet-align-left","30":"mobile-align-left","32":"first","33":"instock","34":"taxable","35":"shipping-taxable","36":"purchasable","37":"product-type-variable"},"acf":[],"_links":{"self":[{"href":"https:\/\/www.virgingrip.com\/cs\/wp-json\/wp\/v2\/product\/22446","targetHints":{"allow":["GET"]}}],"collection":[{"href":"https:\/\/www.virgingrip.com\/cs\/wp-json\/wp\/v2\/product"}],"about":[{"href":"https:\/\/www.virgingrip.com\/cs\/wp-json\/wp\/v2\/types\/product"}],"wp:featuredmedia":[{"embeddable":true,"href":"https:\/\/www.virgingrip.com\/cs\/wp-json\/wp\/v2\/media\/22323"}],"wp:attachment":[{"href":"https:\/\/www.virgingrip.com\/cs\/wp-json\/wp\/v2\/media?parent=22446"}],"wp:term":[{"taxonomy":"product_brand","embeddable":true,"href":"https:\/\/www.virgingrip.com\/cs\/wp-json\/wp\/v2\/product_brand?post=22446"},{"taxonomy":"product_cat","embeddable":true,"href":"https:\/\/www.virgingrip.com\/cs\/wp-json\/wp\/v2\/product_cat?post=22446"},{"taxonomy":"product_tag","embeddable":true,"href":"https:\/\/www.virgingrip.com\/cs\/wp-json\/wp\/v2\/product_tag?post=22446"},{"taxonomy":"pack","embeddable":true,"href":"https:\/\/www.virgingrip.com\/cs\/wp-json\/wp\/v2\/pack?post=22446"},{"taxonomy":"style","embeddable":true,"href":"https:\/\/www.virgingrip.com\/cs\/wp-json\/wp\/v2\/style?post=22446"}],"curies":[{"name":"wp","href":"https:\/\/api.w.org\/{rel}","templated":true}]}}