{"id":23064,"date":"2022-07-26T14:19:31","date_gmt":"2022-07-26T12:19:31","guid":{"rendered":"https:\/\/virgingrip.com\/?post_type=product&#038;p=23064"},"modified":"2025-07-22T11:10:00","modified_gmt":"2025-07-22T09:10:00","slug":"ouroboros-transition-for-small-and-large-set","status":"publish","type":"product","link":"https:\/\/www.virgingrip.com\/cs\/lezecke-chyty\/ouroboros-transition-for-small-and-large-set\/","title":{"rendered":"Ouroboros p\u0159echodka pro malou a velkou sadu"},"content":{"rendered":"<p>Tato \u010d\u00e1st umo\u017e\u0148uje propojit sadu velk\u00fdch stisk\u016f (pinches) ze setu Ouroboros s mal\u00fdmi li\u0161tami, stupy. Doporu\u010dujeme vz\u00edt alespo\u0148 2 kusy pro boulder sady a alespo\u0148 3 kusy p\u0159echodek pro sadu na lezeckou st\u011bnu! D\u00edky tomuto lezeck\u00e9mu chytu v\u00e1m vznikne nekone\u010dn\u011b mnoho variant, jak cestu z na\u0161eho hada vyladit do t\u011bch nej\u00fa\u017easn\u011bj\u0161\u00edch cest kr\u00e1pn\u00edkov\u00e9ho stylu!<\/p>\n","protected":false},"excerpt":{"rendered":"<p>Tato \u010d\u00e1st umo\u017e\u0148uje propojit sadu velk\u00fdch stisk\u016f (pinches) ze setu Ouroboros s mal\u00fdmi li\u0161tami, stupy. Doporu\u010dujeme vz\u00edt alespo\u0148 2 kusy pro boulder sady a alespo\u0148 3 kusy p\u0159echodek pro sadu na lezeckou st\u011bnu! D\u00edky tomuto lezeck\u00e9mu chytu v\u00e1m vznikne nekone\u010dn\u011b mnoho variant, jak cestu z na\u0161eho hada vyladit do t\u011bch nej\u00fa\u017easn\u011bj\u0161\u00edch cest kr\u00e1pn\u00edkov\u00e9ho stylu!<\/p>\n","protected":false},"featured_media":23069,"template":"","meta":{"_acf_changed":false,"_crdt_document":"","site-sidebar-layout":"default","site-content-layout":"default","ast-site-content-layout":"default","site-content-style":"default","site-sidebar-style":"default","ast-global-header-display":"","ast-banner-title-visibility":"","ast-main-header-display":"","ast-hfb-above-header-display":"","ast-hfb-below-header-display":"","ast-hfb-mobile-header-display":"","site-post-title":"","ast-breadcrumbs-content":"","ast-featured-img":"","footer-sml-layout":"","ast-disable-related-posts":"","theme-transparent-header-meta":"default","adv-header-id-meta":"","stick-header-meta":"default","header-above-stick-meta":"","header-main-stick-meta":"","header-below-stick-meta":"","astra-migrate-meta-layouts":"default","ast-page-background-enabled":"default","ast-page-background-meta":{"desktop":{"background-color":"","background-image":"","background-repeat":"repeat","background-position":"center center","background-size":"auto","background-attachment":"scroll","background-type":"","background-media":"","overlay-type":"","overlay-color":"","overlay-opacity":"","overlay-gradient":""},"tablet":{"background-color":"","background-image":"","background-repeat":"repeat","background-position":"center center","background-size":"auto","background-attachment":"scroll","background-type":"","background-media":"","overlay-type":"","overlay-color":"","overlay-opacity":"","overlay-gradient":""},"mobile":{"background-color":"","background-image":"","background-repeat":"repeat","background-position":"center center","background-size":"auto","background-attachment":"scroll","background-type":"","background-media":"","overlay-type":"","overlay-color":"","overlay-opacity":"","overlay-gradient":""}},"ast-content-background-meta":{"desktop":{"background-color":"var(--ast-global-color-5)","background-image":"","background-repeat":"repeat","background-position":"center center","background-size":"auto","background-attachment":"scroll","background-type":"","background-media":"","overlay-type":"","overlay-color":"","overlay-opacity":"","overlay-gradient":""},"tablet":{"background-color":"var(--ast-global-color-5)","background-image":"","background-repeat":"repeat","background-position":"center center","background-size":"auto","background-attachment":"scroll","background-type":"","background-media":"","overlay-type":"","overlay-color":"","overlay-opacity":"","overlay-gradient":""},"mobile":{"background-color":"var(--ast-global-color-5)","background-image":"","background-repeat":"repeat","background-position":"center center","background-size":"auto","background-attachment":"scroll","background-type":"","background-media":"","overlay-type":"","overlay-color":"","overlay-opacity":"","overlay-gradient":""}},"_joinchat":[]},"product_brand":[],"product_cat":[138,718],"product_tag":[524],"pack":[330],"style":[],"class_list":{"0":"post-23064","1":"product","2":"type-product","3":"status-publish","4":"has-post-thumbnail","6":"product_cat-lezecke-chyty","7":"product_cat-specialy","8":"product_tag-specialy","9":"pa_color-bila","10":"pa_color-brown-orange-ral-8023-cs","11":"pa_color-cerna","12":"pa_color-cervena","13":"pa_color-fluo-green-ral-6038","14":"pa_color-fluo-orange-cs","15":"pa_color-fluo-pink-pantone-806c-cs","16":"pa_color-light-orange-ral-2011-cs","17":"pa_color-mint-green-ral-6027-cs","18":"pa_color-modra-cs","19":"pa_color-grey-ral-7001-cs","20":"pa_color-violet-ral-4008-cs","21":"pa_color-virgingrip-blue-ral-670-6-cs","22":"pa_color-zelena","23":"pa_color-zluta","24":"pa_dual-texture-ne","25":"pa_fixation-navruty","26":"pa_material-eco-polyurethane-3rd-generation-cs","27":"pa_size-m-cs","28":"pa_type-of-grip-pinches-cs","29":"pack-st-sada","30":"desktop-align-left","31":"tablet-align-left","32":"mobile-align-left","34":"first","35":"instock","36":"taxable","37":"shipping-taxable","38":"purchasable","39":"product-type-variable"},"acf":[],"_links":{"self":[{"href":"https:\/\/www.virgingrip.com\/cs\/wp-json\/wp\/v2\/product\/23064","targetHints":{"allow":["GET"]}}],"collection":[{"href":"https:\/\/www.virgingrip.com\/cs\/wp-json\/wp\/v2\/product"}],"about":[{"href":"https:\/\/www.virgingrip.com\/cs\/wp-json\/wp\/v2\/types\/product"}],"wp:featuredmedia":[{"embeddable":true,"href":"https:\/\/www.virgingrip.com\/cs\/wp-json\/wp\/v2\/media\/23069"}],"wp:attachment":[{"href":"https:\/\/www.virgingrip.com\/cs\/wp-json\/wp\/v2\/media?parent=23064"}],"wp:term":[{"taxonomy":"product_brand","embeddable":true,"href":"https:\/\/www.virgingrip.com\/cs\/wp-json\/wp\/v2\/product_brand?post=23064"},{"taxonomy":"product_cat","embeddable":true,"href":"https:\/\/www.virgingrip.com\/cs\/wp-json\/wp\/v2\/product_cat?post=23064"},{"taxonomy":"product_tag","embeddable":true,"href":"https:\/\/www.virgingrip.com\/cs\/wp-json\/wp\/v2\/product_tag?post=23064"},{"taxonomy":"pack","embeddable":true,"href":"https:\/\/www.virgingrip.com\/cs\/wp-json\/wp\/v2\/pack?post=23064"},{"taxonomy":"style","embeddable":true,"href":"https:\/\/www.virgingrip.com\/cs\/wp-json\/wp\/v2\/style?post=23064"}],"curies":[{"name":"wp","href":"https:\/\/api.w.org\/{rel}","templated":true}]}}