{"id":2328,"date":"2017-08-18T21:12:56","date_gmt":"2017-08-18T19:12:56","guid":{"rendered":"https:\/\/virgingrip.com\/product\/set-snooze-snake\/"},"modified":"2025-07-22T11:10:05","modified_gmt":"2025-07-22T09:10:05","slug":"set-snooze-snake","status":"publish","type":"product","link":"https:\/\/www.virgingrip.com\/cs\/lezecke-chyty\/set-snooze-snake\/","title":{"rendered":"Set Snooze Snake"},"content":{"rendered":"<p><em>Co \u0159\u00edk\u00e1 Wikipedie?<\/em> Ouroboros je starobyl\u00fd symbol, kter\u00fd zobrazuje hada nebo draka, kter\u00fd po\u017e\u00edr\u00e1 sv\u016fj vlastn\u00ed ocas. \u010casto br\u00e1n jako symbol introspekce, v\u011b\u010dn\u00e9ho n\u00e1vratu, zvl\u00e1\u0161t\u011b ve smyslu n\u011b\u010deho, co se neust\u00e1le znovu vytv\u00e1\u0159\u00ed. To tak\u00e9 p\u0159edstavuje nekone\u010dn\u00fd cyklus nekone\u010dn\u00e9ho stvo\u0159en\u00ed a zk\u00e1zy p\u0159\u00edrody, \u017eivota a smrti. <em>Co \u0159\u00edk\u00e1 VirginGrip?<\/em> Nekone\u010dn\u00e9 mo\u017enosti pro bouldry nebo lezeck\u00e9 st\u011bny. M\u016f\u017eete stav\u011bt a kombinovat tak dlouho, jak jen chcete!<\/p>\n","protected":false},"excerpt":{"rendered":"<p>Co \u0159\u00edk\u00e1 Wikipedie? Ouroboros je starobyl\u00fd symbol, kter\u00fd zobrazuje hada nebo draka, kter\u00fd po\u017e\u00edr\u00e1 sv\u016fj vlastn\u00ed ocas. \u010casto br\u00e1n jako symbol introspekce, v\u011b\u010dn\u00e9ho n\u00e1vratu, zvl\u00e1\u0161t\u011b ve smyslu n\u011b\u010deho, co se neust\u00e1le znovu vytv\u00e1\u0159\u00ed. To tak\u00e9 p\u0159edstavuje nekone\u010dn\u00fd cyklus nekone\u010dn\u00e9ho stvo\u0159en\u00ed a zk\u00e1zy p\u0159\u00edrody, \u017eivota a smrti. Co \u0159\u00edk\u00e1 VirginGrip? Nekone\u010dn\u00e9 mo\u017enosti pro bouldry nebo lezeck\u00e9 [&hellip;]<\/p>\n","protected":false},"featured_media":20085,"template":"","meta":{"_acf_changed":false,"_crdt_document":"","site-sidebar-layout":"default","site-content-layout":"","ast-site-content-layout":"default","site-content-style":"default","site-sidebar-style":"default","ast-global-header-display":"","ast-banner-title-visibility":"","ast-main-header-display":"","ast-hfb-above-header-display":"","ast-hfb-below-header-display":"","ast-hfb-mobile-header-display":"","site-post-title":"","ast-breadcrumbs-content":"","ast-featured-img":"","footer-sml-layout":"","ast-disable-related-posts":"","theme-transparent-header-meta":"default","adv-header-id-meta":"","stick-header-meta":"default","header-above-stick-meta":"","header-main-stick-meta":"","header-below-stick-meta":"","astra-migrate-meta-layouts":"default","ast-page-background-enabled":"default","ast-page-background-meta":{"desktop":{"background-color":"","background-image":"","background-repeat":"repeat","background-position":"center center","background-size":"auto","background-attachment":"scroll","background-type":"","background-media":"","overlay-type":"","overlay-color":"","overlay-opacity":"","overlay-gradient":""},"tablet":{"background-color":"","background-image":"","background-repeat":"repeat","background-position":"center center","background-size":"auto","background-attachment":"scroll","background-type":"","background-media":"","overlay-type":"","overlay-color":"","overlay-opacity":"","overlay-gradient":""},"mobile":{"background-color":"","background-image":"","background-repeat":"repeat","background-position":"center center","background-size":"auto","background-attachment":"scroll","background-type":"","background-media":"","overlay-type":"","overlay-color":"","overlay-opacity":"","overlay-gradient":""}},"ast-content-background-meta":{"desktop":{"background-color":"var(--ast-global-color-5)","background-image":"","background-repeat":"repeat","background-position":"center center","background-size":"auto","background-attachment":"scroll","background-type":"","background-media":"","overlay-type":"","overlay-color":"","overlay-opacity":"","overlay-gradient":""},"tablet":{"background-color":"var(--ast-global-color-5)","background-image":"","background-repeat":"repeat","background-position":"center center","background-size":"auto","background-attachment":"scroll","background-type":"","background-media":"","overlay-type":"","overlay-color":"","overlay-opacity":"","overlay-gradient":""},"mobile":{"background-color":"var(--ast-global-color-5)","background-image":"","background-repeat":"repeat","background-position":"center center","background-size":"auto","background-attachment":"scroll","background-type":"","background-media":"","overlay-type":"","overlay-color":"","overlay-opacity":"","overlay-gradient":""}},"_joinchat":[]},"product_brand":[],"product_cat":[138,718],"product_tag":[524],"pack":[330],"style":[],"class_list":{"0":"post-2328","1":"product","2":"type-product","3":"status-publish","4":"has-post-thumbnail","6":"product_cat-lezecke-chyty","7":"product_cat-specialy","8":"product_tag-specialy","9":"pa_color-bila","10":"pa_color-brown-orange-ral-8023-cs","11":"pa_color-cerna","12":"pa_color-cervena","13":"pa_color-fluo-green-ral-6038","14":"pa_color-fluo-orange-cs","15":"pa_color-fluo-pink-pantone-806c-cs","16":"pa_color-light-orange-ral-2011-cs","17":"pa_color-mint-green-ral-6027-cs","18":"pa_color-modra-cs","19":"pa_color-grey-ral-7001-cs","20":"pa_color-violet-ral-4008-cs","21":"pa_color-virgingrip-blue-ral-670-6-cs","22":"pa_color-zelena","23":"pa_color-zluta","24":"pa_dual-texture-ne","25":"pa_fixation-navruty","26":"pa_material-eco-polyurethane-3rd-generation-cs","27":"pa_size-s-xxl","28":"pa_type-of-grip-pinches-cs","29":"pack-st-sada","30":"desktop-align-left","31":"tablet-align-left","32":"mobile-align-left","34":"first","35":"instock","36":"taxable","37":"shipping-taxable","38":"purchasable","39":"product-type-variable"},"acf":[],"_links":{"self":[{"href":"https:\/\/www.virgingrip.com\/cs\/wp-json\/wp\/v2\/product\/2328","targetHints":{"allow":["GET"]}}],"collection":[{"href":"https:\/\/www.virgingrip.com\/cs\/wp-json\/wp\/v2\/product"}],"about":[{"href":"https:\/\/www.virgingrip.com\/cs\/wp-json\/wp\/v2\/types\/product"}],"wp:featuredmedia":[{"embeddable":true,"href":"https:\/\/www.virgingrip.com\/cs\/wp-json\/wp\/v2\/media\/20085"}],"wp:attachment":[{"href":"https:\/\/www.virgingrip.com\/cs\/wp-json\/wp\/v2\/media?parent=2328"}],"wp:term":[{"taxonomy":"product_brand","embeddable":true,"href":"https:\/\/www.virgingrip.com\/cs\/wp-json\/wp\/v2\/product_brand?post=2328"},{"taxonomy":"product_cat","embeddable":true,"href":"https:\/\/www.virgingrip.com\/cs\/wp-json\/wp\/v2\/product_cat?post=2328"},{"taxonomy":"product_tag","embeddable":true,"href":"https:\/\/www.virgingrip.com\/cs\/wp-json\/wp\/v2\/product_tag?post=2328"},{"taxonomy":"pack","embeddable":true,"href":"https:\/\/www.virgingrip.com\/cs\/wp-json\/wp\/v2\/pack?post=2328"},{"taxonomy":"style","embeddable":true,"href":"https:\/\/www.virgingrip.com\/cs\/wp-json\/wp\/v2\/style?post=2328"}],"curies":[{"name":"wp","href":"https:\/\/api.w.org\/{rel}","templated":true}]}}