{"id":23324,"date":"2022-08-02T13:30:30","date_gmt":"2022-08-02T11:30:30","guid":{"rendered":"https:\/\/virgingrip.com\/?post_type=product&#038;p=23324"},"modified":"2025-07-22T11:10:04","modified_gmt":"2025-07-22T09:10:04","slug":"ouroboros-set-of-climbing-holds","status":"publish","type":"product","link":"https:\/\/www.virgingrip.com\/cs\/lezecke-chyty\/ouroboros-set-of-climbing-holds\/","title":{"rendered":"Ouroboros"},"content":{"rendered":"<p><em>Co \u0159\u00edk\u00e1 Wikipedie?<\/em> Ouroboros je starobyl\u00fd symbol, kter\u00fd zobrazuje hada nebo draka, kter\u00fd po\u017e\u00edr\u00e1 sv\u016fj vlastn\u00ed ocas. \u010casto br\u00e1n jako symbol introspekce, v\u011b\u010dn\u00e9ho n\u00e1vratu, zvl\u00e1\u0161t\u011b ve smyslu n\u011b\u010deho, co se neust\u00e1le znovu vytv\u00e1\u0159\u00ed. To tak\u00e9 p\u0159edstavuje nekone\u010dn\u00fd cyklus nekone\u010dn\u00e9ho stvo\u0159en\u00ed a zk\u00e1zy p\u0159\u00edrody, \u017eivota a smrti. <em>Co \u0159\u00edk\u00e1 VirginGrip?<\/em> Nekone\u010dn\u00e9 mo\u017enosti pro bouldry nebo lezeck\u00e9 st\u011bny. D\u00edky t\u00e9to sad\u011b lezeck\u00fdch chyt\u016f v\u00e1m vznikne nekone\u010dn\u011b mnoho variant, jak cestu z na\u0161eho hada vyladit do t\u011bch nej\u00fa\u017easn\u011bj\u0161\u00edch cest kr\u00e1pn\u00edkov\u00e9ho stylu!<\/p>\n","protected":false},"excerpt":{"rendered":"<p>Co \u0159\u00edk\u00e1 Wikipedie? Ouroboros je starobyl\u00fd symbol, kter\u00fd zobrazuje hada nebo draka, kter\u00fd po\u017e\u00edr\u00e1 sv\u016fj vlastn\u00ed ocas. \u010casto br\u00e1n jako symbol introspekce, v\u011b\u010dn\u00e9ho n\u00e1vratu, zvl\u00e1\u0161t\u011b ve smyslu n\u011b\u010deho, co se neust\u00e1le znovu vytv\u00e1\u0159\u00ed. To tak\u00e9 p\u0159edstavuje nekone\u010dn\u00fd cyklus nekone\u010dn\u00e9ho stvo\u0159en\u00ed a zk\u00e1zy p\u0159\u00edrody, \u017eivota a smrti. Co \u0159\u00edk\u00e1 VirginGrip? Nekone\u010dn\u00e9 mo\u017enosti pro bouldry nebo lezeck\u00e9 [&hellip;]<\/p>\n","protected":false},"featured_media":23336,"template":"","meta":{"_acf_changed":false,"_crdt_document":"","site-sidebar-layout":"default","site-content-layout":"default","ast-site-content-layout":"default","site-content-style":"default","site-sidebar-style":"default","ast-global-header-display":"","ast-banner-title-visibility":"","ast-main-header-display":"","ast-hfb-above-header-display":"","ast-hfb-below-header-display":"","ast-hfb-mobile-header-display":"","site-post-title":"","ast-breadcrumbs-content":"","ast-featured-img":"","footer-sml-layout":"","ast-disable-related-posts":"","theme-transparent-header-meta":"default","adv-header-id-meta":"","stick-header-meta":"default","header-above-stick-meta":"","header-main-stick-meta":"","header-below-stick-meta":"","astra-migrate-meta-layouts":"default","ast-page-background-enabled":"default","ast-page-background-meta":{"desktop":{"background-color":"","background-image":"","background-repeat":"repeat","background-position":"center center","background-size":"auto","background-attachment":"scroll","background-type":"","background-media":"","overlay-type":"","overlay-color":"","overlay-opacity":"","overlay-gradient":""},"tablet":{"background-color":"","background-image":"","background-repeat":"repeat","background-position":"center center","background-size":"auto","background-attachment":"scroll","background-type":"","background-media":"","overlay-type":"","overlay-color":"","overlay-opacity":"","overlay-gradient":""},"mobile":{"background-color":"","background-image":"","background-repeat":"repeat","background-position":"center center","background-size":"auto","background-attachment":"scroll","background-type":"","background-media":"","overlay-type":"","overlay-color":"","overlay-opacity":"","overlay-gradient":""}},"ast-content-background-meta":{"desktop":{"background-color":"var(--ast-global-color-5)","background-image":"","background-repeat":"repeat","background-position":"center center","background-size":"auto","background-attachment":"scroll","background-type":"","background-media":"","overlay-type":"","overlay-color":"","overlay-opacity":"","overlay-gradient":""},"tablet":{"background-color":"var(--ast-global-color-5)","background-image":"","background-repeat":"repeat","background-position":"center center","background-size":"auto","background-attachment":"scroll","background-type":"","background-media":"","overlay-type":"","overlay-color":"","overlay-opacity":"","overlay-gradient":""},"mobile":{"background-color":"var(--ast-global-color-5)","background-image":"","background-repeat":"repeat","background-position":"center center","background-size":"auto","background-attachment":"scroll","background-type":"","background-media":"","overlay-type":"","overlay-color":"","overlay-opacity":"","overlay-gradient":""}},"_joinchat":[]},"product_brand":[],"product_cat":[138],"product_tag":[584],"pack":[331],"style":[],"class_list":{"0":"post-23324","1":"product","2":"type-product","3":"status-publish","4":"has-post-thumbnail","6":"product_cat-lezecke-chyty","7":"product_tag-packs-cs","8":"pa_color-bila","9":"pa_color-brown-orange-ral-8023-cs","10":"pa_color-cerna","11":"pa_color-cervena","12":"pa_color-fluo-green-ral-6038","13":"pa_color-fluo-orange-cs","14":"pa_color-fluo-pink-pantone-806c-cs","15":"pa_color-light-orange-ral-2011-cs","16":"pa_color-mint-green-ral-6027-cs","17":"pa_color-modra-cs","18":"pa_color-grey-ral-7001-cs","19":"pa_color-violet-ral-4008-cs","20":"pa_color-virgingrip-blue-ral-670-6-cs","21":"pa_color-zelena","22":"pa_color-zluta","23":"pa_dual-texture-ne","24":"pa_fixation-navruty","25":"pa_material-eco-polyurethane-3rd-generation-cs","26":"pa_type-of-grip-pinches-cs","27":"pack-boulder-kit","28":"desktop-align-left","29":"tablet-align-left","30":"mobile-align-left","32":"first","33":"instock","34":"taxable","35":"shipping-taxable","36":"purchasable","37":"product-type-variable"},"acf":[],"_links":{"self":[{"href":"https:\/\/www.virgingrip.com\/cs\/wp-json\/wp\/v2\/product\/23324","targetHints":{"allow":["GET"]}}],"collection":[{"href":"https:\/\/www.virgingrip.com\/cs\/wp-json\/wp\/v2\/product"}],"about":[{"href":"https:\/\/www.virgingrip.com\/cs\/wp-json\/wp\/v2\/types\/product"}],"wp:featuredmedia":[{"embeddable":true,"href":"https:\/\/www.virgingrip.com\/cs\/wp-json\/wp\/v2\/media\/23336"}],"wp:attachment":[{"href":"https:\/\/www.virgingrip.com\/cs\/wp-json\/wp\/v2\/media?parent=23324"}],"wp:term":[{"taxonomy":"product_brand","embeddable":true,"href":"https:\/\/www.virgingrip.com\/cs\/wp-json\/wp\/v2\/product_brand?post=23324"},{"taxonomy":"product_cat","embeddable":true,"href":"https:\/\/www.virgingrip.com\/cs\/wp-json\/wp\/v2\/product_cat?post=23324"},{"taxonomy":"product_tag","embeddable":true,"href":"https:\/\/www.virgingrip.com\/cs\/wp-json\/wp\/v2\/product_tag?post=23324"},{"taxonomy":"pack","embeddable":true,"href":"https:\/\/www.virgingrip.com\/cs\/wp-json\/wp\/v2\/pack?post=23324"},{"taxonomy":"style","embeddable":true,"href":"https:\/\/www.virgingrip.com\/cs\/wp-json\/wp\/v2\/style?post=23324"}],"curies":[{"name":"wp","href":"https:\/\/api.w.org\/{rel}","templated":true}]}}