{"id":2339,"date":"2017-08-23T22:55:12","date_gmt":"2017-08-23T20:55:12","guid":{"rendered":"https:\/\/virgingrip.com\/product\/set-potatoes\/"},"modified":"2026-03-20T08:37:27","modified_gmt":"2026-03-20T07:37:27","slug":"set-potatoes","status":"publish","type":"product","link":"https:\/\/www.virgingrip.com\/cs\/lezecke-chyty\/set-potatoes\/","title":{"rendered":"Potatoes"},"content":{"rendered":"<p>Toto je sada z\u00a0kategorie chyt\u016f pro stisk, zkr\u00e1tka stiskadla. Pro tr\u00e9nink tv\u00fdch dovednost\u00ed a s\u00edly m\u016f\u017ee VirginGrip tyto chyty pouze doporu\u010dit! 12 chyt\u016f velikosti \u201eS\u201c\u00a0s\u00a0obl\u00fdmi tvary a hladk\u00fdm povrchem a p\u0159eci je ka\u017ed\u00fd jin\u00fd. V\u00edme, \u017ee budou na tv\u00e9 st\u011bn\u011b vypadat dob\u0159e, jen zvolit tu spr\u00e1vnou barvu.<\/p>\n","protected":false},"excerpt":{"rendered":"<p>Toto je sada z\u00a0kategorie chyt\u016f pro stisk, zkr\u00e1tka stiskadla. Pro tr\u00e9nink tv\u00fdch dovednost\u00ed a s\u00edly m\u016f\u017ee VirginGrip tyto chyty pouze doporu\u010dit! 12 chyt\u016f velikosti \u201eS\u201c\u00a0s\u00a0obl\u00fdmi tvary a hladk\u00fdm povrchem a p\u0159eci je ka\u017ed\u00fd jin\u00fd. V\u00edme, \u017ee budou na tv\u00e9 st\u011bn\u011b vypadat dob\u0159e, jen zvolit tu spr\u00e1vnou barvu.<\/p>\n","protected":false},"featured_media":22692,"template":"","meta":{"_acf_changed":false,"_crdt_document":"","site-sidebar-layout":"default","site-content-layout":"default","ast-site-content-layout":"default","site-content-style":"default","site-sidebar-style":"default","ast-global-header-display":"","ast-banner-title-visibility":"","ast-main-header-display":"","ast-hfb-above-header-display":"","ast-hfb-below-header-display":"","ast-hfb-mobile-header-display":"","site-post-title":"","ast-breadcrumbs-content":"","ast-featured-img":"","footer-sml-layout":"","ast-disable-related-posts":"","theme-transparent-header-meta":"default","adv-header-id-meta":"","stick-header-meta":"default","header-above-stick-meta":"","header-main-stick-meta":"","header-below-stick-meta":"","astra-migrate-meta-layouts":"default","ast-page-background-enabled":"default","ast-page-background-meta":{"desktop":{"background-color":"","background-image":"","background-repeat":"repeat","background-position":"center center","background-size":"auto","background-attachment":"scroll","background-type":"","background-media":"","overlay-type":"","overlay-color":"","overlay-opacity":"","overlay-gradient":""},"tablet":{"background-color":"","background-image":"","background-repeat":"repeat","background-position":"center center","background-size":"auto","background-attachment":"scroll","background-type":"","background-media":"","overlay-type":"","overlay-color":"","overlay-opacity":"","overlay-gradient":""},"mobile":{"background-color":"","background-image":"","background-repeat":"repeat","background-position":"center center","background-size":"auto","background-attachment":"scroll","background-type":"","background-media":"","overlay-type":"","overlay-color":"","overlay-opacity":"","overlay-gradient":""}},"ast-content-background-meta":{"desktop":{"background-color":"var(--ast-global-color-5)","background-image":"","background-repeat":"repeat","background-position":"center center","background-size":"auto","background-attachment":"scroll","background-type":"","background-media":"","overlay-type":"","overlay-color":"","overlay-opacity":"","overlay-gradient":""},"tablet":{"background-color":"var(--ast-global-color-5)","background-image":"","background-repeat":"repeat","background-position":"center center","background-size":"auto","background-attachment":"scroll","background-type":"","background-media":"","overlay-type":"","overlay-color":"","overlay-opacity":"","overlay-gradient":""},"mobile":{"background-color":"var(--ast-global-color-5)","background-image":"","background-repeat":"repeat","background-position":"center center","background-size":"auto","background-attachment":"scroll","background-type":"","background-media":"","overlay-type":"","overlay-color":"","overlay-opacity":"","overlay-gradient":""}},"_joinchat":[]},"product_brand":[],"product_cat":[138,715],"product_tag":[522],"pack":[330],"style":[497],"class_list":{"0":"post-2339","1":"product","2":"type-product","3":"status-publish","4":"has-post-thumbnail","6":"product_cat-lezecke-chyty","7":"product_cat-zakladni-linie","8":"product_tag-zakladni-linie","9":"pa_color-bila","10":"pa_color-brown-orange-ral-8023-cs","11":"pa_color-cerna","12":"pa_color-cervena","13":"pa_color-fluo-green-ral-6038","14":"pa_color-fluo-orange-cs","15":"pa_color-fluo-pink-pantone-806c-cs","16":"pa_color-light-orange-ral-2011-cs","17":"pa_color-mint-green-ral-6027-cs","18":"pa_color-modra-cs","19":"pa_color-grey-ral-7001-cs","20":"pa_color-violet-ral-4008-cs","21":"pa_color-virgingrip-blue-ral-670-6-cs","22":"pa_color-zelena","23":"pa_color-zluta","24":"pa_dual-texture-ne","25":"pa_fixation-nasroub","26":"pa_material-eco-polyurethane-3rd-generation-cs","27":"pa_size-s-cs","28":"pa_type-of-grip-crimps-cs","29":"pa_type-of-grip-pinches-cs","30":"pack-st-sada","31":"style-basic-style","32":"desktop-align-left","33":"tablet-align-left","34":"mobile-align-left","36":"first","37":"instock","38":"taxable","39":"shipping-taxable","40":"purchasable","41":"product-type-variable"},"acf":[],"_links":{"self":[{"href":"https:\/\/www.virgingrip.com\/cs\/wp-json\/wp\/v2\/product\/2339","targetHints":{"allow":["GET"]}}],"collection":[{"href":"https:\/\/www.virgingrip.com\/cs\/wp-json\/wp\/v2\/product"}],"about":[{"href":"https:\/\/www.virgingrip.com\/cs\/wp-json\/wp\/v2\/types\/product"}],"wp:featuredmedia":[{"embeddable":true,"href":"https:\/\/www.virgingrip.com\/cs\/wp-json\/wp\/v2\/media\/22692"}],"wp:attachment":[{"href":"https:\/\/www.virgingrip.com\/cs\/wp-json\/wp\/v2\/media?parent=2339"}],"wp:term":[{"taxonomy":"product_brand","embeddable":true,"href":"https:\/\/www.virgingrip.com\/cs\/wp-json\/wp\/v2\/product_brand?post=2339"},{"taxonomy":"product_cat","embeddable":true,"href":"https:\/\/www.virgingrip.com\/cs\/wp-json\/wp\/v2\/product_cat?post=2339"},{"taxonomy":"product_tag","embeddable":true,"href":"https:\/\/www.virgingrip.com\/cs\/wp-json\/wp\/v2\/product_tag?post=2339"},{"taxonomy":"pack","embeddable":true,"href":"https:\/\/www.virgingrip.com\/cs\/wp-json\/wp\/v2\/pack?post=2339"},{"taxonomy":"style","embeddable":true,"href":"https:\/\/www.virgingrip.com\/cs\/wp-json\/wp\/v2\/style?post=2339"}],"curies":[{"name":"wp","href":"https:\/\/api.w.org\/{rel}","templated":true}]}}