{"id":2355,"date":"2017-08-24T09:19:43","date_gmt":"2017-08-24T07:19:43","guid":{"rendered":"https:\/\/virgingrip.com\/product\/small-heart\/"},"modified":"2025-07-22T11:09:54","modified_gmt":"2025-07-22T09:09:54","slug":"climbing-hold-small-heart","status":"publish","type":"product","link":"https:\/\/www.virgingrip.com\/cs\/lezecke-chyty\/climbing-hold-small-heart\/","title":{"rendered":"Small Heart Softcore"},"content":{"rendered":"<p>Softcore Mal\u00e9 srdce \u2013 m\u016f\u017ee to b\u00fdt t\u0159eba dobr\u00fd chyt na tv\u00e9 bouldrovce nebo na tv\u00e9 st\u011bn\u011b,\u00a0hladk\u00fd povrch Softcore &#8230; ale m\u016f\u017ee to tak\u00e9 b\u00fdt skv\u011bl\u00fd d\u00e1rek pro tv\u00e9ho kamar\u00e1da, p\u0159\u00edtele nebo p\u0159\u00edtelkyni. Nebo pro mamku, ta\u0165ku? Zkr\u00e1tka a dob\u0159e a\u0165 to bude kdokoliv, ud\u011bl\u00e1\u0161 mu radost!<\/p>\n","protected":false},"excerpt":{"rendered":"<p>Softcore Mal\u00e9 srdce \u2013 m\u016f\u017ee to b\u00fdt t\u0159eba dobr\u00fd chyt na tv\u00e9 bouldrovce nebo na tv\u00e9 st\u011bn\u011b,\u00a0hladk\u00fd povrch Softcore &#8230; ale m\u016f\u017ee to tak\u00e9 b\u00fdt skv\u011bl\u00fd d\u00e1rek pro tv\u00e9ho kamar\u00e1da, p\u0159\u00edtele nebo p\u0159\u00edtelkyni. Nebo pro mamku, ta\u0165ku? Zkr\u00e1tka a dob\u0159e a\u0165 to bude kdokoliv, ud\u011bl\u00e1\u0161 mu radost!<\/p>\n","protected":false},"featured_media":22543,"template":"","meta":{"_acf_changed":false,"_crdt_document":"","site-sidebar-layout":"default","site-content-layout":"default","ast-site-content-layout":"default","site-content-style":"default","site-sidebar-style":"default","ast-global-header-display":"","ast-banner-title-visibility":"","ast-main-header-display":"","ast-hfb-above-header-display":"","ast-hfb-below-header-display":"","ast-hfb-mobile-header-display":"","site-post-title":"","ast-breadcrumbs-content":"","ast-featured-img":"","footer-sml-layout":"","ast-disable-related-posts":"","theme-transparent-header-meta":"default","adv-header-id-meta":"","stick-header-meta":"default","header-above-stick-meta":"","header-main-stick-meta":"","header-below-stick-meta":"","astra-migrate-meta-layouts":"default","ast-page-background-enabled":"default","ast-page-background-meta":{"desktop":{"background-color":"","background-image":"","background-repeat":"repeat","background-position":"center center","background-size":"auto","background-attachment":"scroll","background-type":"","background-media":"","overlay-type":"","overlay-color":"","overlay-opacity":"","overlay-gradient":""},"tablet":{"background-color":"","background-image":"","background-repeat":"repeat","background-position":"center center","background-size":"auto","background-attachment":"scroll","background-type":"","background-media":"","overlay-type":"","overlay-color":"","overlay-opacity":"","overlay-gradient":""},"mobile":{"background-color":"","background-image":"","background-repeat":"repeat","background-position":"center center","background-size":"auto","background-attachment":"scroll","background-type":"","background-media":"","overlay-type":"","overlay-color":"","overlay-opacity":"","overlay-gradient":""}},"ast-content-background-meta":{"desktop":{"background-color":"var(--ast-global-color-5)","background-image":"","background-repeat":"repeat","background-position":"center center","background-size":"auto","background-attachment":"scroll","background-type":"","background-media":"","overlay-type":"","overlay-color":"","overlay-opacity":"","overlay-gradient":""},"tablet":{"background-color":"var(--ast-global-color-5)","background-image":"","background-repeat":"repeat","background-position":"center center","background-size":"auto","background-attachment":"scroll","background-type":"","background-media":"","overlay-type":"","overlay-color":"","overlay-opacity":"","overlay-gradient":""},"mobile":{"background-color":"var(--ast-global-color-5)","background-image":"","background-repeat":"repeat","background-position":"center center","background-size":"auto","background-attachment":"scroll","background-type":"","background-media":"","overlay-type":"","overlay-color":"","overlay-opacity":"","overlay-gradient":""}},"_joinchat":[]},"product_brand":[],"product_cat":[138,718],"product_tag":[524],"pack":[330],"style":[],"class_list":{"0":"post-2355","1":"product","2":"type-product","3":"status-publish","4":"has-post-thumbnail","6":"product_cat-lezecke-chyty","7":"product_cat-specialy","8":"product_tag-specialy","9":"pa_color-bila","10":"pa_color-brown-orange-ral-8023-cs","11":"pa_color-cerna","12":"pa_color-cervena","13":"pa_color-fluo-green-ral-6038","14":"pa_color-fluo-orange-cs","15":"pa_color-fluo-pink-pantone-806c-cs","16":"pa_color-light-orange-ral-2011-cs","17":"pa_color-mint-green-ral-6027-cs","18":"pa_color-modra-cs","19":"pa_color-grey-ral-7001-cs","20":"pa_color-violet-ral-4008-cs","21":"pa_color-virgingrip-blue-ral-670-6-cs","22":"pa_color-zelena","23":"pa_color-zluta","24":"pa_dual-texture-ne","25":"pa_fixation-nasroub","26":"pa_material-eco-polyurethane-3rd-generation-cs","27":"pa_size-l-cs","28":"pa_type-of-grip-slopers-cs","29":"pack-st-sada","30":"desktop-align-left","31":"tablet-align-left","32":"mobile-align-left","34":"first","35":"instock","36":"taxable","37":"shipping-taxable","38":"purchasable","39":"product-type-variable"},"acf":[],"_links":{"self":[{"href":"https:\/\/www.virgingrip.com\/cs\/wp-json\/wp\/v2\/product\/2355","targetHints":{"allow":["GET"]}}],"collection":[{"href":"https:\/\/www.virgingrip.com\/cs\/wp-json\/wp\/v2\/product"}],"about":[{"href":"https:\/\/www.virgingrip.com\/cs\/wp-json\/wp\/v2\/types\/product"}],"wp:featuredmedia":[{"embeddable":true,"href":"https:\/\/www.virgingrip.com\/cs\/wp-json\/wp\/v2\/media\/22543"}],"wp:attachment":[{"href":"https:\/\/www.virgingrip.com\/cs\/wp-json\/wp\/v2\/media?parent=2355"}],"wp:term":[{"taxonomy":"product_brand","embeddable":true,"href":"https:\/\/www.virgingrip.com\/cs\/wp-json\/wp\/v2\/product_brand?post=2355"},{"taxonomy":"product_cat","embeddable":true,"href":"https:\/\/www.virgingrip.com\/cs\/wp-json\/wp\/v2\/product_cat?post=2355"},{"taxonomy":"product_tag","embeddable":true,"href":"https:\/\/www.virgingrip.com\/cs\/wp-json\/wp\/v2\/product_tag?post=2355"},{"taxonomy":"pack","embeddable":true,"href":"https:\/\/www.virgingrip.com\/cs\/wp-json\/wp\/v2\/pack?post=2355"},{"taxonomy":"style","embeddable":true,"href":"https:\/\/www.virgingrip.com\/cs\/wp-json\/wp\/v2\/style?post=2355"}],"curies":[{"name":"wp","href":"https:\/\/api.w.org\/{rel}","templated":true}]}}