{"id":23718,"date":"2023-01-24T16:48:27","date_gmt":"2023-01-24T15:48:27","guid":{"rendered":"https:\/\/virgingrip.com\/?post_type=product&#038;p=23718"},"modified":"2026-03-20T08:38:39","modified_gmt":"2026-03-20T07:38:39","slug":"manta-ray","status":"publish","type":"product","link":"https:\/\/www.virgingrip.com\/cs\/lezecke-chyty\/manta-ray\/","title":{"rendered":"Manta Ray climbing holds complete set"},"content":{"rendered":"<p>Opravdu velk\u00e9 a jedine\u010dn\u00e9\u2026 to jsou dv\u011b charakteristiky, kter\u00e9 vystihuj\u00ed na\u0161i novou sadu lezeck\u00fdch chyt\u016f Manta Ray, v n\u00ed\u017e z\u00edsk\u00e1te celkem 35 chyt\u016f. Pozitivn\u00ed madla ur\u010den\u00e1 na velk\u00e9 p\u0159evisy dopl\u0148uje 10 stup\u016f. Cel\u00e1 sada se skl\u00e1d\u00e1 ze 2 sad stup\u016f a 5 sad, v ka\u017ed\u00e9 z nich\u017e najdete 5 chyt\u016f typu madlo. A v\u011b\u0159te n\u00e1m, na\u0161\u00ed VG rejnoci Manta nekou\u0161ou \u2026<\/p>\n","protected":false},"excerpt":{"rendered":"<p>Opravdu velk\u00e9 a jedine\u010dn\u00e9\u2026 to jsou dv\u011b charakteristiky, kter\u00e9 vystihuj\u00ed na\u0161i novou sadu lezeck\u00fdch chyt\u016f Manta Ray, v n\u00ed\u017e z\u00edsk\u00e1te celkem 35 chyt\u016f. Pozitivn\u00ed madla ur\u010den\u00e1 na velk\u00e9 p\u0159evisy dopl\u0148uje 10 stup\u016f. Cel\u00e1 sada se skl\u00e1d\u00e1 ze 2 sad stup\u016f a 5 sad, v ka\u017ed\u00e9 z nich\u017e najdete 5 chyt\u016f typu madlo. A v\u011b\u0159te n\u00e1m, [&hellip;]<\/p>\n","protected":false},"featured_media":23785,"template":"","meta":{"_acf_changed":false,"_crdt_document":"","site-sidebar-layout":"default","site-content-layout":"default","ast-site-content-layout":"default","site-content-style":"default","site-sidebar-style":"default","ast-global-header-display":"","ast-banner-title-visibility":"","ast-main-header-display":"","ast-hfb-above-header-display":"","ast-hfb-below-header-display":"","ast-hfb-mobile-header-display":"","site-post-title":"","ast-breadcrumbs-content":"","ast-featured-img":"","footer-sml-layout":"","ast-disable-related-posts":"","theme-transparent-header-meta":"default","adv-header-id-meta":"","stick-header-meta":"default","header-above-stick-meta":"","header-main-stick-meta":"","header-below-stick-meta":"","astra-migrate-meta-layouts":"default","ast-page-background-enabled":"default","ast-page-background-meta":{"desktop":{"background-color":"","background-image":"","background-repeat":"repeat","background-position":"center center","background-size":"auto","background-attachment":"scroll","background-type":"","background-media":"","overlay-type":"","overlay-color":"","overlay-opacity":"","overlay-gradient":""},"tablet":{"background-color":"","background-image":"","background-repeat":"repeat","background-position":"center center","background-size":"auto","background-attachment":"scroll","background-type":"","background-media":"","overlay-type":"","overlay-color":"","overlay-opacity":"","overlay-gradient":""},"mobile":{"background-color":"","background-image":"","background-repeat":"repeat","background-position":"center center","background-size":"auto","background-attachment":"scroll","background-type":"","background-media":"","overlay-type":"","overlay-color":"","overlay-opacity":"","overlay-gradient":""}},"ast-content-background-meta":{"desktop":{"background-color":"var(--ast-global-color-5)","background-image":"","background-repeat":"repeat","background-position":"center center","background-size":"auto","background-attachment":"scroll","background-type":"","background-media":"","overlay-type":"","overlay-color":"","overlay-opacity":"","overlay-gradient":""},"tablet":{"background-color":"var(--ast-global-color-5)","background-image":"","background-repeat":"repeat","background-position":"center center","background-size":"auto","background-attachment":"scroll","background-type":"","background-media":"","overlay-type":"","overlay-color":"","overlay-opacity":"","overlay-gradient":""},"mobile":{"background-color":"var(--ast-global-color-5)","background-image":"","background-repeat":"repeat","background-position":"center center","background-size":"auto","background-attachment":"scroll","background-type":"","background-media":"","overlay-type":"","overlay-color":"","overlay-opacity":"","overlay-gradient":""}},"_joinchat":[]},"product_brand":[],"product_cat":[138,715],"product_tag":[522],"pack":[],"style":[497],"class_list":{"0":"post-23718","1":"product","2":"type-product","3":"status-publish","4":"has-post-thumbnail","6":"product_cat-lezecke-chyty","7":"product_cat-zakladni-linie","8":"product_tag-zakladni-linie","9":"pa_color-bila","10":"pa_color-brown-orange-ral-8023-cs","11":"pa_color-cerna","12":"pa_color-cervena","13":"pa_color-fluo-green-ral-6038","14":"pa_color-fluo-orange-cs","15":"pa_color-fluo-pink-pantone-806c-cs","16":"pa_color-light-orange-ral-2011-cs","17":"pa_color-mint-green-ral-6027-cs","18":"pa_color-modra-cs","19":"pa_color-grey-ral-7001-cs","20":"pa_color-violet-ral-4008-cs","21":"pa_color-virgingrip-blue-ral-670-6-cs","22":"pa_color-zelena","23":"pa_color-zluta","24":"pa_dual-texture-ne","25":"pa_fixation-nasroub","26":"pa_material-eco-polyurethane-3rd-generation-cs","27":"pa_size-all-cs","28":"pa_type-of-grip-footholds-cs","29":"pa_type-of-grip-jug-cs","30":"style-basic-style","31":"desktop-align-left","32":"tablet-align-left","33":"mobile-align-left","35":"first","36":"instock","37":"taxable","38":"shipping-taxable","39":"purchasable","40":"product-type-variable"},"acf":[],"_links":{"self":[{"href":"https:\/\/www.virgingrip.com\/cs\/wp-json\/wp\/v2\/product\/23718","targetHints":{"allow":["GET"]}}],"collection":[{"href":"https:\/\/www.virgingrip.com\/cs\/wp-json\/wp\/v2\/product"}],"about":[{"href":"https:\/\/www.virgingrip.com\/cs\/wp-json\/wp\/v2\/types\/product"}],"wp:featuredmedia":[{"embeddable":true,"href":"https:\/\/www.virgingrip.com\/cs\/wp-json\/wp\/v2\/media\/23785"}],"wp:attachment":[{"href":"https:\/\/www.virgingrip.com\/cs\/wp-json\/wp\/v2\/media?parent=23718"}],"wp:term":[{"taxonomy":"product_brand","embeddable":true,"href":"https:\/\/www.virgingrip.com\/cs\/wp-json\/wp\/v2\/product_brand?post=23718"},{"taxonomy":"product_cat","embeddable":true,"href":"https:\/\/www.virgingrip.com\/cs\/wp-json\/wp\/v2\/product_cat?post=23718"},{"taxonomy":"product_tag","embeddable":true,"href":"https:\/\/www.virgingrip.com\/cs\/wp-json\/wp\/v2\/product_tag?post=23718"},{"taxonomy":"pack","embeddable":true,"href":"https:\/\/www.virgingrip.com\/cs\/wp-json\/wp\/v2\/pack?post=23718"},{"taxonomy":"style","embeddable":true,"href":"https:\/\/www.virgingrip.com\/cs\/wp-json\/wp\/v2\/style?post=23718"}],"curies":[{"name":"wp","href":"https:\/\/api.w.org\/{rel}","templated":true}]}}