{"id":23830,"date":"2023-02-04T15:09:17","date_gmt":"2023-02-04T14:09:17","guid":{"rendered":"https:\/\/virgingrip.com\/?post_type=product&#038;p=23830"},"modified":"2025-07-22T11:08:05","modified_gmt":"2025-07-22T09:08:05","slug":"ufo-complete-set","status":"publish","type":"product","link":"https:\/\/www.virgingrip.com\/cs\/frp-makra\/ufo-complete-set\/","title":{"rendered":"UFO sada FRP makra A1 &#8211; B3"},"content":{"rendered":"<p>Jsou trendy a maj\u00ed ambice &#8211; to je nov\u00e1 sada fiberglass lamin\u00e1t\u016f. Velk\u00e9 a\u017e 90 cm, r\u016fzn\u00e9 typy uchopen\u00ed \u2026 Skv\u011bl\u00e1 sada pro modern\u00ed boulderov\u00e9 st\u011bny. To jsou lezeck\u00e1 makra UFA od VirginGripu! <\/p>\n","protected":false},"excerpt":{"rendered":"<p>Jsou trendy a maj\u00ed ambice &#8211; to je nov\u00e1 sada fiberglass lamin\u00e1t\u016f. Velk\u00e9 a\u017e 90 cm, r\u016fzn\u00e9 typy uchopen\u00ed \u2026 Skv\u011bl\u00e1 sada pro modern\u00ed boulderov\u00e9 st\u011bny. To jsou lezeck\u00e1 makra UFA od VirginGripu!<\/p>\n","protected":false},"featured_media":25937,"template":"","meta":{"_acf_changed":false,"_crdt_document":"","site-sidebar-layout":"default","site-content-layout":"default","ast-site-content-layout":"default","site-content-style":"default","site-sidebar-style":"default","ast-global-header-display":"","ast-banner-title-visibility":"","ast-main-header-display":"","ast-hfb-above-header-display":"","ast-hfb-below-header-display":"","ast-hfb-mobile-header-display":"","site-post-title":"","ast-breadcrumbs-content":"","ast-featured-img":"","footer-sml-layout":"","ast-disable-related-posts":"","theme-transparent-header-meta":"default","adv-header-id-meta":"","stick-header-meta":"default","header-above-stick-meta":"","header-main-stick-meta":"","header-below-stick-meta":"","astra-migrate-meta-layouts":"default","ast-page-background-enabled":"default","ast-page-background-meta":{"desktop":{"background-color":"","background-image":"","background-repeat":"repeat","background-position":"center center","background-size":"auto","background-attachment":"scroll","background-type":"","background-media":"","overlay-type":"","overlay-color":"","overlay-opacity":"","overlay-gradient":""},"tablet":{"background-color":"","background-image":"","background-repeat":"repeat","background-position":"center center","background-size":"auto","background-attachment":"scroll","background-type":"","background-media":"","overlay-type":"","overlay-color":"","overlay-opacity":"","overlay-gradient":""},"mobile":{"background-color":"","background-image":"","background-repeat":"repeat","background-position":"center center","background-size":"auto","background-attachment":"scroll","background-type":"","background-media":"","overlay-type":"","overlay-color":"","overlay-opacity":"","overlay-gradient":""}},"ast-content-background-meta":{"desktop":{"background-color":"var(--ast-global-color-5)","background-image":"","background-repeat":"repeat","background-position":"center center","background-size":"auto","background-attachment":"scroll","background-type":"","background-media":"","overlay-type":"","overlay-color":"","overlay-opacity":"","overlay-gradient":""},"tablet":{"background-color":"var(--ast-global-color-5)","background-image":"","background-repeat":"repeat","background-position":"center center","background-size":"auto","background-attachment":"scroll","background-type":"","background-media":"","overlay-type":"","overlay-color":"","overlay-opacity":"","overlay-gradient":""},"mobile":{"background-color":"var(--ast-global-color-5)","background-image":"","background-repeat":"repeat","background-position":"center center","background-size":"auto","background-attachment":"scroll","background-type":"","background-media":"","overlay-type":"","overlay-color":"","overlay-opacity":"","overlay-gradient":""}},"_joinchat":[]},"product_brand":[],"product_cat":[533],"product_tag":[],"pack":[],"style":[512],"class_list":{"0":"post-23830","1":"product","2":"type-product","3":"status-publish","4":"has-post-thumbnail","6":"product_cat-frp-makra","7":"pa_color-bila","8":"pa_color-cerna","9":"pa_color-cervena","10":"pa_color-mint-green-ral-6027-cs","11":"pa_color-modra-cs","12":"pa_color-virgingrip-blue-ral-670-6-cs","13":"pa_color-zelena","14":"pa_dual-texture-ano","15":"pa_fixation-navruty","16":"pa_material-fiberglass-macros-cs","17":"pa_size-macro-cs","18":"pa_type-of-grip-jug-cs","19":"style-indoor","20":"desktop-align-left","21":"tablet-align-left","22":"mobile-align-left","24":"first","25":"instock","26":"taxable","27":"shipping-taxable","28":"purchasable","29":"product-type-variable"},"acf":[],"_links":{"self":[{"href":"https:\/\/www.virgingrip.com\/cs\/wp-json\/wp\/v2\/product\/23830","targetHints":{"allow":["GET"]}}],"collection":[{"href":"https:\/\/www.virgingrip.com\/cs\/wp-json\/wp\/v2\/product"}],"about":[{"href":"https:\/\/www.virgingrip.com\/cs\/wp-json\/wp\/v2\/types\/product"}],"wp:featuredmedia":[{"embeddable":true,"href":"https:\/\/www.virgingrip.com\/cs\/wp-json\/wp\/v2\/media\/25937"}],"wp:attachment":[{"href":"https:\/\/www.virgingrip.com\/cs\/wp-json\/wp\/v2\/media?parent=23830"}],"wp:term":[{"taxonomy":"product_brand","embeddable":true,"href":"https:\/\/www.virgingrip.com\/cs\/wp-json\/wp\/v2\/product_brand?post=23830"},{"taxonomy":"product_cat","embeddable":true,"href":"https:\/\/www.virgingrip.com\/cs\/wp-json\/wp\/v2\/product_cat?post=23830"},{"taxonomy":"product_tag","embeddable":true,"href":"https:\/\/www.virgingrip.com\/cs\/wp-json\/wp\/v2\/product_tag?post=23830"},{"taxonomy":"pack","embeddable":true,"href":"https:\/\/www.virgingrip.com\/cs\/wp-json\/wp\/v2\/pack?post=23830"},{"taxonomy":"style","embeddable":true,"href":"https:\/\/www.virgingrip.com\/cs\/wp-json\/wp\/v2\/style?post=23830"}],"curies":[{"name":"wp","href":"https:\/\/api.w.org\/{rel}","templated":true}]}}