{"id":25201,"date":"2023-12-14T15:31:47","date_gmt":"2023-12-14T14:31:47","guid":{"rendered":"https:\/\/virgingrip.com\/?post_type=product&#038;p=25201"},"modified":"2025-07-22T11:08:09","modified_gmt":"2025-07-22T09:08:09","slug":"ufo-c1-lezecka-makra","status":"publish","type":"product","link":"https:\/\/www.virgingrip.com\/cs\/frp-makra\/ufo-c1-lezecka-makra\/","title":{"rendered":"UFO.C1"},"content":{"rendered":"<p>Objevte jedine\u010dn\u00e9 tvary a kvalitu s na\u0161\u00ed s\u00e9ri\u00ed 12 kus\u016f UFO FRP Macros! S touto s\u00e9ri\u00ed jsme vytvo\u0159ili skv\u011bl\u00e9 kombinace 4 r\u016fzn\u00fdch podsekc\u00ed, ka\u017edou s t\u0159emi tvary, kter\u00e9 nejen\u017ee dod\u00e1vaj\u00ed t\u011bmto lezeck\u00fdm prvk\u016fm unik\u00e1tn\u00ed vzhled, ale i zaji\u0161\u0165uj\u00ed dokonalou souhru mezi jednotliv\u00fdmi kusy.<br \/>\nS FRP Macros od n\u00e1s z\u00edsk\u00e1te nejen skv\u011bl\u00fd vizu\u00e1ln\u00ed dojem, ale i vynikaj\u00edc\u00ed \u00fachop a variabilitu. Ka\u017ed\u00fd kus je pe\u010dliv\u011b navr\u017een tak, aby se vz\u00e1jemn\u011b dopl\u0148oval s ostatn\u00edmi, vytv\u00e1\u0159ej\u00edc\u00ed jedine\u010dn\u00fd celek.<br \/>\nA pro je\u0161t\u011b v\u011bt\u0161\u00ed rozmanitost doporu\u010dujeme zkombinovat na\u0161i s\u00e9rii FRP Macros s lezeck\u00fdmi polyuretanov\u00fdmi chyty UFO. Tato kombinace v\u00e1m poskytne \u0161irok\u00e9 spektrum mo\u017enost\u00ed pro va\u0161i lezeckou st\u011bnu. Objednejte si nyn\u00ed a p\u0159inesete do sv\u00e9ho prostoru nov\u00fd rozm\u011br lezeck\u00e9ho z\u00e1\u017eitku!<\/p>\n","protected":false},"excerpt":{"rendered":"<p>Objevte jedine\u010dn\u00e9 tvary a kvalitu s na\u0161\u00ed s\u00e9ri\u00ed 12 kus\u016f UFO FRP Macros! S touto s\u00e9ri\u00ed jsme vytvo\u0159ili skv\u011bl\u00e9 kombinace 4 r\u016fzn\u00fdch podsekc\u00ed, ka\u017edou s t\u0159emi tvary, kter\u00e9 nejen\u017ee dod\u00e1vaj\u00ed t\u011bmto lezeck\u00fdm prvk\u016fm unik\u00e1tn\u00ed vzhled, ale i zaji\u0161\u0165uj\u00ed dokonalou souhru mezi jednotliv\u00fdmi kusy. S FRP Macros od n\u00e1s z\u00edsk\u00e1te nejen skv\u011bl\u00fd vizu\u00e1ln\u00ed dojem, ale i [&hellip;]<\/p>\n","protected":false},"featured_media":25816,"template":"","meta":{"_acf_changed":false,"_crdt_document":"","site-sidebar-layout":"default","site-content-layout":"default","ast-site-content-layout":"default","site-content-style":"default","site-sidebar-style":"default","ast-global-header-display":"","ast-banner-title-visibility":"","ast-main-header-display":"","ast-hfb-above-header-display":"","ast-hfb-below-header-display":"","ast-hfb-mobile-header-display":"","site-post-title":"","ast-breadcrumbs-content":"","ast-featured-img":"","footer-sml-layout":"","ast-disable-related-posts":"","theme-transparent-header-meta":"default","adv-header-id-meta":"","stick-header-meta":"default","header-above-stick-meta":"","header-main-stick-meta":"","header-below-stick-meta":"","astra-migrate-meta-layouts":"default","ast-page-background-enabled":"default","ast-page-background-meta":{"desktop":{"background-color":"","background-image":"","background-repeat":"repeat","background-position":"center center","background-size":"auto","background-attachment":"scroll","background-type":"","background-media":"","overlay-type":"","overlay-color":"","overlay-opacity":"","overlay-gradient":""},"tablet":{"background-color":"","background-image":"","background-repeat":"repeat","background-position":"center center","background-size":"auto","background-attachment":"scroll","background-type":"","background-media":"","overlay-type":"","overlay-color":"","overlay-opacity":"","overlay-gradient":""},"mobile":{"background-color":"","background-image":"","background-repeat":"repeat","background-position":"center center","background-size":"auto","background-attachment":"scroll","background-type":"","background-media":"","overlay-type":"","overlay-color":"","overlay-opacity":"","overlay-gradient":""}},"ast-content-background-meta":{"desktop":{"background-color":"var(--ast-global-color-5)","background-image":"","background-repeat":"repeat","background-position":"center center","background-size":"auto","background-attachment":"scroll","background-type":"","background-media":"","overlay-type":"","overlay-color":"","overlay-opacity":"","overlay-gradient":""},"tablet":{"background-color":"var(--ast-global-color-5)","background-image":"","background-repeat":"repeat","background-position":"center center","background-size":"auto","background-attachment":"scroll","background-type":"","background-media":"","overlay-type":"","overlay-color":"","overlay-opacity":"","overlay-gradient":""},"mobile":{"background-color":"var(--ast-global-color-5)","background-image":"","background-repeat":"repeat","background-position":"center center","background-size":"auto","background-attachment":"scroll","background-type":"","background-media":"","overlay-type":"","overlay-color":"","overlay-opacity":"","overlay-gradient":""}},"_joinchat":[]},"product_brand":[],"product_cat":[533],"product_tag":[],"pack":[],"style":[512],"class_list":{"0":"post-25201","1":"product","2":"type-product","3":"status-publish","4":"has-post-thumbnail","6":"product_cat-frp-makra","7":"pa_color-bila","8":"pa_color-cerna","9":"pa_color-cervena","10":"pa_color-mint-green-ral-6027-cs","11":"pa_color-modra-cs","12":"pa_color-virgingrip-blue-ral-670-6-cs","13":"pa_color-zelena","14":"pa_dual-texture-ano","15":"pa_fixation-navruty","16":"pa_material-fiberglass-macros-cs","17":"pa_size-macro-cs","18":"pa_type-of-grip-slopers-cs","19":"style-indoor","20":"desktop-align-left","21":"tablet-align-left","22":"mobile-align-left","24":"first","25":"instock","26":"taxable","27":"shipping-taxable","28":"purchasable","29":"product-type-variable"},"acf":[],"_links":{"self":[{"href":"https:\/\/www.virgingrip.com\/cs\/wp-json\/wp\/v2\/product\/25201","targetHints":{"allow":["GET"]}}],"collection":[{"href":"https:\/\/www.virgingrip.com\/cs\/wp-json\/wp\/v2\/product"}],"about":[{"href":"https:\/\/www.virgingrip.com\/cs\/wp-json\/wp\/v2\/types\/product"}],"wp:featuredmedia":[{"embeddable":true,"href":"https:\/\/www.virgingrip.com\/cs\/wp-json\/wp\/v2\/media\/25816"}],"wp:attachment":[{"href":"https:\/\/www.virgingrip.com\/cs\/wp-json\/wp\/v2\/media?parent=25201"}],"wp:term":[{"taxonomy":"product_brand","embeddable":true,"href":"https:\/\/www.virgingrip.com\/cs\/wp-json\/wp\/v2\/product_brand?post=25201"},{"taxonomy":"product_cat","embeddable":true,"href":"https:\/\/www.virgingrip.com\/cs\/wp-json\/wp\/v2\/product_cat?post=25201"},{"taxonomy":"product_tag","embeddable":true,"href":"https:\/\/www.virgingrip.com\/cs\/wp-json\/wp\/v2\/product_tag?post=25201"},{"taxonomy":"pack","embeddable":true,"href":"https:\/\/www.virgingrip.com\/cs\/wp-json\/wp\/v2\/pack?post=25201"},{"taxonomy":"style","embeddable":true,"href":"https:\/\/www.virgingrip.com\/cs\/wp-json\/wp\/v2\/style?post=25201"}],"curies":[{"name":"wp","href":"https:\/\/api.w.org\/{rel}","templated":true}]}}