{"id":25258,"date":"2023-12-15T09:05:36","date_gmt":"2023-12-15T08:05:36","guid":{"rendered":"https:\/\/virgingrip.com\/?post_type=product&#038;p=25258"},"modified":"2026-03-20T08:37:34","modified_gmt":"2026-03-20T07:37:34","slug":"frogs-jugs-lezecke-chyty","status":"publish","type":"product","link":"https:\/\/www.virgingrip.com\/cs\/lezecke-chyty\/frogs-jugs-lezecke-chyty\/","title":{"rendered":"Frogs Jugs"},"content":{"rendered":"<p>Inspirac\u00ed pro tyto lezeck\u00e9 chyty byla samotn\u00e1 p\u0159\u00edroda. Tato sada vze\u0161la p\u0159\u00edmo z pohybu \u017e\u00e1by p\u0159ed skokem. Sada Frogs zahrnuje 16 lezeck\u00fdch chyt\u016f, z nich\u017e 8 jsou univerz\u00e1ln\u00ed centr\u00e1ln\u00ed chyty, kter\u00e9 poskytuj\u00ed optim\u00e1ln\u00ed \u00fachop. Dal\u0161\u00edch 4 chyty pak tvo\u0159\u00ed dopl\u0148kovou sadu pro ob\u011b strany &#8211; pravou i levou.<\/p>\n<p>Kdy\u017e si objedn\u00e1te na\u0161i s\u00e9rii Frogs, nezapome\u0148te p\u0159idat i set lezeck\u00fdch stup\u016f s n\u00e1zvem Frog Footholds. Tato sada obsahuje 12 stup\u016f.<\/p>\n","protected":false},"excerpt":{"rendered":"<p>Inspirac\u00ed pro tyto lezeck\u00e9 chyty byla samotn\u00e1 p\u0159\u00edroda. Tato sada vze\u0161la p\u0159\u00edmo z pohybu \u017e\u00e1by p\u0159ed skokem. Sada Frogs zahrnuje 16 lezeck\u00fdch chyt\u016f, z nich\u017e 8 jsou univerz\u00e1ln\u00ed centr\u00e1ln\u00ed chyty, kter\u00e9 poskytuj\u00ed optim\u00e1ln\u00ed \u00fachop. Dal\u0161\u00edch 4 chyty pak tvo\u0159\u00ed dopl\u0148kovou sadu pro ob\u011b strany &#8211; pravou i levou. Kdy\u017e si objedn\u00e1te na\u0161i s\u00e9rii Frogs, nezapome\u0148te [&hellip;]<\/p>\n","protected":false},"featured_media":25030,"template":"","meta":{"_acf_changed":false,"_crdt_document":"","site-sidebar-layout":"default","site-content-layout":"default","ast-site-content-layout":"default","site-content-style":"default","site-sidebar-style":"default","ast-global-header-display":"","ast-banner-title-visibility":"","ast-main-header-display":"","ast-hfb-above-header-display":"","ast-hfb-below-header-display":"","ast-hfb-mobile-header-display":"","site-post-title":"","ast-breadcrumbs-content":"","ast-featured-img":"","footer-sml-layout":"","ast-disable-related-posts":"","theme-transparent-header-meta":"default","adv-header-id-meta":"","stick-header-meta":"default","header-above-stick-meta":"","header-main-stick-meta":"","header-below-stick-meta":"","astra-migrate-meta-layouts":"default","ast-page-background-enabled":"default","ast-page-background-meta":{"desktop":{"background-color":"","background-image":"","background-repeat":"repeat","background-position":"center center","background-size":"auto","background-attachment":"scroll","background-type":"","background-media":"","overlay-type":"","overlay-color":"","overlay-opacity":"","overlay-gradient":""},"tablet":{"background-color":"","background-image":"","background-repeat":"repeat","background-position":"center center","background-size":"auto","background-attachment":"scroll","background-type":"","background-media":"","overlay-type":"","overlay-color":"","overlay-opacity":"","overlay-gradient":""},"mobile":{"background-color":"","background-image":"","background-repeat":"repeat","background-position":"center center","background-size":"auto","background-attachment":"scroll","background-type":"","background-media":"","overlay-type":"","overlay-color":"","overlay-opacity":"","overlay-gradient":""}},"ast-content-background-meta":{"desktop":{"background-color":"var(--ast-global-color-5)","background-image":"","background-repeat":"repeat","background-position":"center center","background-size":"auto","background-attachment":"scroll","background-type":"","background-media":"","overlay-type":"","overlay-color":"","overlay-opacity":"","overlay-gradient":""},"tablet":{"background-color":"var(--ast-global-color-5)","background-image":"","background-repeat":"repeat","background-position":"center center","background-size":"auto","background-attachment":"scroll","background-type":"","background-media":"","overlay-type":"","overlay-color":"","overlay-opacity":"","overlay-gradient":""},"mobile":{"background-color":"var(--ast-global-color-5)","background-image":"","background-repeat":"repeat","background-position":"center center","background-size":"auto","background-attachment":"scroll","background-type":"","background-media":"","overlay-type":"","overlay-color":"","overlay-opacity":"","overlay-gradient":""}},"_joinchat":[]},"product_brand":[],"product_cat":[138,715],"product_tag":[522],"pack":[],"style":[497],"class_list":{"0":"post-25258","1":"product","2":"type-product","3":"status-publish","4":"has-post-thumbnail","6":"product_cat-lezecke-chyty","7":"product_cat-zakladni-linie","8":"product_tag-zakladni-linie","9":"pa_color-bila","10":"pa_color-brown-orange-ral-8023-cs","11":"pa_color-cerna","12":"pa_color-cervena","13":"pa_color-fluo-green-ral-6038","14":"pa_color-fluo-orange-cs","15":"pa_color-fluo-pink-pantone-806c-cs","16":"pa_color-light-orange-ral-2011-cs","17":"pa_color-mint-green-ral-6027-cs","18":"pa_color-modra-cs","19":"pa_color-grey-ral-7001-cs","20":"pa_color-violet-ral-4008-cs","21":"pa_color-virgingrip-blue-ral-670-6-cs","22":"pa_color-zelena","23":"pa_color-zluta","24":"pa_dual-texture-ne","25":"pa_fixation-nasroub","26":"pa_material-eco-polyurethane-3rd-generation-cs","27":"pa_size-l-cs","28":"pa_size-m-cs","29":"pa_size-xl-cs","30":"pa_type-of-grip-jug-cs","31":"style-basic-style","32":"desktop-align-left","33":"tablet-align-left","34":"mobile-align-left","36":"first","37":"instock","38":"taxable","39":"shipping-taxable","40":"purchasable","41":"product-type-variable"},"acf":[],"_links":{"self":[{"href":"https:\/\/www.virgingrip.com\/cs\/wp-json\/wp\/v2\/product\/25258","targetHints":{"allow":["GET"]}}],"collection":[{"href":"https:\/\/www.virgingrip.com\/cs\/wp-json\/wp\/v2\/product"}],"about":[{"href":"https:\/\/www.virgingrip.com\/cs\/wp-json\/wp\/v2\/types\/product"}],"wp:featuredmedia":[{"embeddable":true,"href":"https:\/\/www.virgingrip.com\/cs\/wp-json\/wp\/v2\/media\/25030"}],"wp:attachment":[{"href":"https:\/\/www.virgingrip.com\/cs\/wp-json\/wp\/v2\/media?parent=25258"}],"wp:term":[{"taxonomy":"product_brand","embeddable":true,"href":"https:\/\/www.virgingrip.com\/cs\/wp-json\/wp\/v2\/product_brand?post=25258"},{"taxonomy":"product_cat","embeddable":true,"href":"https:\/\/www.virgingrip.com\/cs\/wp-json\/wp\/v2\/product_cat?post=25258"},{"taxonomy":"product_tag","embeddable":true,"href":"https:\/\/www.virgingrip.com\/cs\/wp-json\/wp\/v2\/product_tag?post=25258"},{"taxonomy":"pack","embeddable":true,"href":"https:\/\/www.virgingrip.com\/cs\/wp-json\/wp\/v2\/pack?post=25258"},{"taxonomy":"style","embeddable":true,"href":"https:\/\/www.virgingrip.com\/cs\/wp-json\/wp\/v2\/style?post=25258"}],"curies":[{"name":"wp","href":"https:\/\/api.w.org\/{rel}","templated":true}]}}