{"id":25276,"date":"2023-12-15T11:07:15","date_gmt":"2023-12-15T10:07:15","guid":{"rendered":"https:\/\/virgingrip.com\/?post_type=product&#038;p=25276"},"modified":"2026-03-19T17:43:51","modified_gmt":"2026-03-19T16:43:51","slug":"seashells-slopies-lezecke-chyty","status":"publish","type":"product","link":"https:\/\/www.virgingrip.com\/cs\/lezecke-chyty\/seashells-slopies-lezecke-chyty\/","title":{"rendered":"Seashells Slopies"},"content":{"rendered":"<p>S\u00e9rie lezeck\u00fdch chyt\u016f Seashells pat\u0159\u00ed mezi na\u0161e nej\u00fasp\u011b\u0161n\u011bj\u0161\u00ed! Ji\u017e m\u00e1me velk\u00e9 a relativn\u011b pozitivn\u00ed chyty, li\u0161ty a stupy, ale n\u011bco chyb\u011blo. A to je pr\u00e1v\u011b tato nov\u00e1 s\u00e9rie 12 lezeck\u00fdch chyt\u016f, kter\u00e1 dokonale dopl\u0148uje st\u00e1vaj\u00edc\u00ed sortiment. Jemn\u00e9 stisky nab\u00edzej\u00edc\u00ed tolik mo\u017enost\u00ed pro vytv\u00e1\u0159en\u00ed lezeck\u00fdch a bouldrov\u00fdch v\u00fdzev!<\/p>\n","protected":false},"excerpt":{"rendered":"<p>S\u00e9rie lezeck\u00fdch chyt\u016f Seashells pat\u0159\u00ed mezi na\u0161e nej\u00fasp\u011b\u0161n\u011bj\u0161\u00ed! Ji\u017e m\u00e1me velk\u00e9 a relativn\u011b pozitivn\u00ed chyty, li\u0161ty a stupy, ale n\u011bco chyb\u011blo. A to je pr\u00e1v\u011b tato nov\u00e1 s\u00e9rie 12 lezeck\u00fdch chyt\u016f, kter\u00e1 dokonale dopl\u0148uje st\u00e1vaj\u00edc\u00ed sortiment. Jemn\u00e9 stisky nab\u00edzej\u00edc\u00ed tolik mo\u017enost\u00ed pro vytv\u00e1\u0159en\u00ed lezeck\u00fdch a bouldrov\u00fdch v\u00fdzev!<\/p>\n","protected":false},"featured_media":25135,"template":"","meta":{"_acf_changed":false,"_crdt_document":"","site-sidebar-layout":"default","site-content-layout":"default","ast-site-content-layout":"default","site-content-style":"default","site-sidebar-style":"default","ast-global-header-display":"","ast-banner-title-visibility":"","ast-main-header-display":"","ast-hfb-above-header-display":"","ast-hfb-below-header-display":"","ast-hfb-mobile-header-display":"","site-post-title":"","ast-breadcrumbs-content":"","ast-featured-img":"","footer-sml-layout":"","ast-disable-related-posts":"","theme-transparent-header-meta":"default","adv-header-id-meta":"","stick-header-meta":"default","header-above-stick-meta":"","header-main-stick-meta":"","header-below-stick-meta":"","astra-migrate-meta-layouts":"default","ast-page-background-enabled":"default","ast-page-background-meta":{"desktop":{"background-color":"","background-image":"","background-repeat":"repeat","background-position":"center center","background-size":"auto","background-attachment":"scroll","background-type":"","background-media":"","overlay-type":"","overlay-color":"","overlay-opacity":"","overlay-gradient":""},"tablet":{"background-color":"","background-image":"","background-repeat":"repeat","background-position":"center center","background-size":"auto","background-attachment":"scroll","background-type":"","background-media":"","overlay-type":"","overlay-color":"","overlay-opacity":"","overlay-gradient":""},"mobile":{"background-color":"","background-image":"","background-repeat":"repeat","background-position":"center center","background-size":"auto","background-attachment":"scroll","background-type":"","background-media":"","overlay-type":"","overlay-color":"","overlay-opacity":"","overlay-gradient":""}},"ast-content-background-meta":{"desktop":{"background-color":"var(--ast-global-color-5)","background-image":"","background-repeat":"repeat","background-position":"center center","background-size":"auto","background-attachment":"scroll","background-type":"","background-media":"","overlay-type":"","overlay-color":"","overlay-opacity":"","overlay-gradient":""},"tablet":{"background-color":"var(--ast-global-color-5)","background-image":"","background-repeat":"repeat","background-position":"center center","background-size":"auto","background-attachment":"scroll","background-type":"","background-media":"","overlay-type":"","overlay-color":"","overlay-opacity":"","overlay-gradient":""},"mobile":{"background-color":"var(--ast-global-color-5)","background-image":"","background-repeat":"repeat","background-position":"center center","background-size":"auto","background-attachment":"scroll","background-type":"","background-media":"","overlay-type":"","overlay-color":"","overlay-opacity":"","overlay-gradient":""}},"_joinchat":[]},"product_brand":[],"product_cat":[138,712],"product_tag":[527],"pack":[],"style":[],"class_list":{"0":"post-25276","1":"product","2":"type-product","3":"status-publish","4":"has-post-thumbnail","6":"product_cat-lezecke-chyty","7":"product_cat-soutezni-linie","8":"product_tag-competition-line-cz","9":"pa_color-bila","10":"pa_color-brown-orange-ral-8023-cs","11":"pa_color-cerna","12":"pa_color-cervena","13":"pa_color-fluo-green-ral-6038","14":"pa_color-fluo-orange-cs","15":"pa_color-fluo-pink-pantone-806c-cs","16":"pa_color-light-orange-ral-2011-cs","17":"pa_color-mint-green-ral-6027-cs","18":"pa_color-modra-cs","19":"pa_color-grey-ral-7001-cs","20":"pa_color-violet-ral-4008-cs","21":"pa_color-virgingrip-blue-ral-670-6-cs","22":"pa_color-zelena","23":"pa_color-zluta","24":"pa_dual-texture-ano","25":"pa_fixation-navruty","26":"pa_material-eco-polyurethane-3rd-generation-cs","27":"pa_size-m-cs","28":"pa_size-s-cs","29":"pa_type-of-grip-footholds-cs","30":"pa_type-of-grip-slopers-cs","31":"desktop-align-left","32":"tablet-align-left","33":"mobile-align-left","35":"first","36":"instock","37":"taxable","38":"shipping-taxable","39":"purchasable","40":"product-type-variable"},"acf":[],"_links":{"self":[{"href":"https:\/\/www.virgingrip.com\/cs\/wp-json\/wp\/v2\/product\/25276","targetHints":{"allow":["GET"]}}],"collection":[{"href":"https:\/\/www.virgingrip.com\/cs\/wp-json\/wp\/v2\/product"}],"about":[{"href":"https:\/\/www.virgingrip.com\/cs\/wp-json\/wp\/v2\/types\/product"}],"wp:featuredmedia":[{"embeddable":true,"href":"https:\/\/www.virgingrip.com\/cs\/wp-json\/wp\/v2\/media\/25135"}],"wp:attachment":[{"href":"https:\/\/www.virgingrip.com\/cs\/wp-json\/wp\/v2\/media?parent=25276"}],"wp:term":[{"taxonomy":"product_brand","embeddable":true,"href":"https:\/\/www.virgingrip.com\/cs\/wp-json\/wp\/v2\/product_brand?post=25276"},{"taxonomy":"product_cat","embeddable":true,"href":"https:\/\/www.virgingrip.com\/cs\/wp-json\/wp\/v2\/product_cat?post=25276"},{"taxonomy":"product_tag","embeddable":true,"href":"https:\/\/www.virgingrip.com\/cs\/wp-json\/wp\/v2\/product_tag?post=25276"},{"taxonomy":"pack","embeddable":true,"href":"https:\/\/www.virgingrip.com\/cs\/wp-json\/wp\/v2\/pack?post=25276"},{"taxonomy":"style","embeddable":true,"href":"https:\/\/www.virgingrip.com\/cs\/wp-json\/wp\/v2\/style?post=25276"}],"curies":[{"name":"wp","href":"https:\/\/api.w.org\/{rel}","templated":true}]}}