{"id":25518,"date":"2024-02-10T17:21:49","date_gmt":"2024-02-10T16:21:49","guid":{"rendered":"https:\/\/virgingrip.com\/?post_type=product&#038;p=25518"},"modified":"2026-03-20T08:37:45","modified_gmt":"2026-03-20T07:37:45","slug":"solaris-footholds-lezecke-stupy","status":"publish","type":"product","link":"https:\/\/www.virgingrip.com\/cs\/lezecke-chyty\/solaris-footholds-lezecke-stupy\/","title":{"rendered":"Solaris footholds lezeck\u00e9 stupy"},"content":{"rendered":"<p>Na\u0161e nov\u00e1 kolekce lezeck\u00fdch chyt\u016f byla pe\u010dliv\u011b navr\u017eena s ohledem na va\u0161e individu\u00e1ln\u00ed pot\u0159eby a po\u017eadavky na\u0161ich z\u00e1kazn\u00edk\u016f. Tato exkluzivn\u00ed s\u00e9rie chyt\u016f nab\u00edz\u00ed v\u0161estrannost a vynikne nejen na st\u011bn\u00e1ch s m\u00edrn\u00fdm sklonem, ale tak\u00e9 na t\u011bch nejp\u0159evislej\u0161\u00edch bouldrech. Sest\u00e1v\u00e1 z celkem 25 lezeck\u00fdch chyt\u016f, rozd\u011blen\u00fdch do p\u011bti sad r\u016fzn\u00fdch velikost\u00ed a 10 pozitivn\u00edch lezeck\u00fdch stup\u016f. Ka\u017ed\u00fd chyt je precizn\u011b zpracov\u00e1n s ohledem na estetiku a funk\u010dnost. Na\u0161e chyty jsou navr\u017eeny tak, aby zaujaly pozornost ka\u017ed\u00e9ho, kdo se na n\u011b pod\u00edv\u00e1.<\/p>\n","protected":false},"excerpt":{"rendered":"<p>Na\u0161e nov\u00e1 kolekce lezeck\u00fdch chyt\u016f byla pe\u010dliv\u011b navr\u017eena s ohledem na va\u0161e individu\u00e1ln\u00ed pot\u0159eby a po\u017eadavky na\u0161ich z\u00e1kazn\u00edk\u016f. Tato exkluzivn\u00ed s\u00e9rie chyt\u016f nab\u00edz\u00ed v\u0161estrannost a vynikne nejen na st\u011bn\u00e1ch s m\u00edrn\u00fdm sklonem, ale tak\u00e9 na t\u011bch nejp\u0159evislej\u0161\u00edch bouldrech. Sest\u00e1v\u00e1 z celkem 25 lezeck\u00fdch chyt\u016f, rozd\u011blen\u00fdch do p\u011bti sad r\u016fzn\u00fdch velikost\u00ed a 10 pozitivn\u00edch lezeck\u00fdch stup\u016f. [&hellip;]<\/p>\n","protected":false},"featured_media":25556,"template":"","meta":{"_acf_changed":false,"_crdt_document":"","site-sidebar-layout":"default","site-content-layout":"default","ast-site-content-layout":"default","site-content-style":"default","site-sidebar-style":"default","ast-global-header-display":"","ast-banner-title-visibility":"","ast-main-header-display":"","ast-hfb-above-header-display":"","ast-hfb-below-header-display":"","ast-hfb-mobile-header-display":"","site-post-title":"","ast-breadcrumbs-content":"","ast-featured-img":"","footer-sml-layout":"","ast-disable-related-posts":"","theme-transparent-header-meta":"default","adv-header-id-meta":"","stick-header-meta":"default","header-above-stick-meta":"","header-main-stick-meta":"","header-below-stick-meta":"","astra-migrate-meta-layouts":"default","ast-page-background-enabled":"default","ast-page-background-meta":{"desktop":{"background-color":"","background-image":"","background-repeat":"repeat","background-position":"center center","background-size":"auto","background-attachment":"scroll","background-type":"","background-media":"","overlay-type":"","overlay-color":"","overlay-opacity":"","overlay-gradient":""},"tablet":{"background-color":"","background-image":"","background-repeat":"repeat","background-position":"center center","background-size":"auto","background-attachment":"scroll","background-type":"","background-media":"","overlay-type":"","overlay-color":"","overlay-opacity":"","overlay-gradient":""},"mobile":{"background-color":"","background-image":"","background-repeat":"repeat","background-position":"center center","background-size":"auto","background-attachment":"scroll","background-type":"","background-media":"","overlay-type":"","overlay-color":"","overlay-opacity":"","overlay-gradient":""}},"ast-content-background-meta":{"desktop":{"background-color":"var(--ast-global-color-5)","background-image":"","background-repeat":"repeat","background-position":"center center","background-size":"auto","background-attachment":"scroll","background-type":"","background-media":"","overlay-type":"","overlay-color":"","overlay-opacity":"","overlay-gradient":""},"tablet":{"background-color":"var(--ast-global-color-5)","background-image":"","background-repeat":"repeat","background-position":"center center","background-size":"auto","background-attachment":"scroll","background-type":"","background-media":"","overlay-type":"","overlay-color":"","overlay-opacity":"","overlay-gradient":""},"mobile":{"background-color":"var(--ast-global-color-5)","background-image":"","background-repeat":"repeat","background-position":"center center","background-size":"auto","background-attachment":"scroll","background-type":"","background-media":"","overlay-type":"","overlay-color":"","overlay-opacity":"","overlay-gradient":""}},"_joinchat":[]},"product_brand":[],"product_cat":[138,715],"product_tag":[522],"pack":[],"style":[497],"class_list":{"0":"post-25518","1":"product","2":"type-product","3":"status-publish","4":"has-post-thumbnail","6":"product_cat-lezecke-chyty","7":"product_cat-zakladni-linie","8":"product_tag-zakladni-linie","9":"pa_color-bila","10":"pa_color-brown-orange-ral-8023-cs","11":"pa_color-cerna","12":"pa_color-cervena","13":"pa_color-fluo-green-ral-6038","14":"pa_color-fluo-orange-cs","15":"pa_color-fluo-pink-pantone-806c-cs","16":"pa_color-light-orange-ral-2011-cs","17":"pa_color-mint-green-ral-6027-cs","18":"pa_color-modra-cs","19":"pa_color-grey-ral-7001-cs","20":"pa_color-violet-ral-4008-cs","21":"pa_color-virgingrip-blue-ral-670-6-cs","22":"pa_color-zelena","23":"pa_color-zluta","24":"pa_dual-texture-ne","25":"pa_fixation-kombinovane","26":"pa_material-eco-polyurethane-3rd-generation-cs","27":"pa_size-s-cs","28":"pa_type-of-grip-jug-cs","29":"style-basic-style","30":"desktop-align-left","31":"tablet-align-left","32":"mobile-align-left","34":"first","35":"instock","36":"taxable","37":"shipping-taxable","38":"purchasable","39":"product-type-variable"},"acf":[],"_links":{"self":[{"href":"https:\/\/www.virgingrip.com\/cs\/wp-json\/wp\/v2\/product\/25518","targetHints":{"allow":["GET"]}}],"collection":[{"href":"https:\/\/www.virgingrip.com\/cs\/wp-json\/wp\/v2\/product"}],"about":[{"href":"https:\/\/www.virgingrip.com\/cs\/wp-json\/wp\/v2\/types\/product"}],"wp:featuredmedia":[{"embeddable":true,"href":"https:\/\/www.virgingrip.com\/cs\/wp-json\/wp\/v2\/media\/25556"}],"wp:attachment":[{"href":"https:\/\/www.virgingrip.com\/cs\/wp-json\/wp\/v2\/media?parent=25518"}],"wp:term":[{"taxonomy":"product_brand","embeddable":true,"href":"https:\/\/www.virgingrip.com\/cs\/wp-json\/wp\/v2\/product_brand?post=25518"},{"taxonomy":"product_cat","embeddable":true,"href":"https:\/\/www.virgingrip.com\/cs\/wp-json\/wp\/v2\/product_cat?post=25518"},{"taxonomy":"product_tag","embeddable":true,"href":"https:\/\/www.virgingrip.com\/cs\/wp-json\/wp\/v2\/product_tag?post=25518"},{"taxonomy":"pack","embeddable":true,"href":"https:\/\/www.virgingrip.com\/cs\/wp-json\/wp\/v2\/pack?post=25518"},{"taxonomy":"style","embeddable":true,"href":"https:\/\/www.virgingrip.com\/cs\/wp-json\/wp\/v2\/style?post=25518"}],"curies":[{"name":"wp","href":"https:\/\/api.w.org\/{rel}","templated":true}]}}