{"id":26041,"date":"2024-08-02T15:33:42","date_gmt":"2024-08-02T13:33:42","guid":{"rendered":"https:\/\/www.virgingrip.com\/?post_type=product&#038;p=26041"},"modified":"2025-07-22T11:07:39","modified_gmt":"2025-07-22T09:07:39","slug":"fighters-sada-lezecka-makra-notexture","status":"publish","type":"product","link":"https:\/\/www.virgingrip.com\/cs\/frp-makra\/fighters-sada-lezecka-makra-notexture\/","title":{"rendered":"Fighters No Texture SPACE Edition"},"content":{"rendered":"<p>N\u011bkdy se i mal\u00e1 my\u0161lenka m\u016f\u017ee prom\u011bnit v n\u011bco velk\u00e9ho, a v na\u0161em p\u0159\u00edpad\u011b jde o velmi odv\u00e1\u017enou novou s\u00e9rii chyt\u016f \u2013 Fighters Space Edition \u2013 No Texture. Dual-Tex Fighters je na\u0161e zaveden\u00e1 s\u00e9rie FRP makro chyt\u016f, ze kter\u00e9 jsme vytvo\u0159ili edici bez textury. Fighters Space Edition tak m\u016f\u017ee slou\u017eit k vylep\u0161en\u00ed cest nebo boulder\u016f, a to jak z estetick\u00e9ho, tak z pohybov\u00e9ho hlediska.<br \/>\n    Tato kolekce zahrnuje v\u0161ech 12 jedine\u010dn\u00fdch kus\u016f a cena uveden\u00e1 n\u00ed\u017ee je PLATN\u00c1 pro celou s\u00e9rii 12 ks! , kter\u00e9 v\u00e1m p\u0159inesou inovativn\u00ed design a bezkonkuren\u010dn\u00ed kvalitu.<\/p>\n<p>Pro objedn\u00e1n\u00ed t\u00e9to v\u00fdjime\u010dn\u00e9 edice je nutn\u00e9 vybrat alespo\u0148 7 individu\u00e1ln\u00edch tvar\u016f z na\u0161\u00ed s\u00e9rie. V p\u0159ilo\u017een\u00fdch fotografi\u00edch m\u016f\u017eete vid\u011bt n\u011bkter\u00e9 ze z\u00e1kladn\u00edch tvar\u016f, kter\u00e9 jsou sou\u010d\u00e1st\u00ed t\u00e9to jedine\u010dn\u00e9 kolekce.<\/p>\n<p>P\u0159idejte do sv\u00e9 sb\u00edrky kousek vesm\u00edru s edic\u00ed SPACE No Texture.<\/p>\n","protected":false},"excerpt":{"rendered":"<p>N\u011bkdy se i mal\u00e1 my\u0161lenka m\u016f\u017ee prom\u011bnit v n\u011bco velk\u00e9ho, a v na\u0161em p\u0159\u00edpad\u011b jde o velmi odv\u00e1\u017enou novou s\u00e9rii chyt\u016f \u2013 Fighters Space Edition \u2013 No Texture. Dual-Tex Fighters je na\u0161e zaveden\u00e1 s\u00e9rie FRP makro chyt\u016f, ze kter\u00e9 jsme vytvo\u0159ili edici bez textury. Fighters Space Edition tak m\u016f\u017ee slou\u017eit k vylep\u0161en\u00ed cest nebo boulder\u016f, [&hellip;]<\/p>\n","protected":false},"featured_media":26088,"template":"","meta":{"_acf_changed":false,"_crdt_document":"","site-sidebar-layout":"default","site-content-layout":"default","ast-site-content-layout":"default","site-content-style":"default","site-sidebar-style":"default","ast-global-header-display":"","ast-banner-title-visibility":"","ast-main-header-display":"","ast-hfb-above-header-display":"","ast-hfb-below-header-display":"","ast-hfb-mobile-header-display":"","site-post-title":"","ast-breadcrumbs-content":"","ast-featured-img":"","footer-sml-layout":"","ast-disable-related-posts":"","theme-transparent-header-meta":"default","adv-header-id-meta":"","stick-header-meta":"default","header-above-stick-meta":"","header-main-stick-meta":"","header-below-stick-meta":"","astra-migrate-meta-layouts":"set","ast-page-background-enabled":"default","ast-page-background-meta":{"desktop":{"background-color":"","background-image":"","background-repeat":"repeat","background-position":"center center","background-size":"auto","background-attachment":"scroll","background-type":"","background-media":"","overlay-type":"","overlay-color":"","overlay-opacity":"","overlay-gradient":""},"tablet":{"background-color":"","background-image":"","background-repeat":"repeat","background-position":"center center","background-size":"auto","background-attachment":"scroll","background-type":"","background-media":"","overlay-type":"","overlay-color":"","overlay-opacity":"","overlay-gradient":""},"mobile":{"background-color":"","background-image":"","background-repeat":"repeat","background-position":"center center","background-size":"auto","background-attachment":"scroll","background-type":"","background-media":"","overlay-type":"","overlay-color":"","overlay-opacity":"","overlay-gradient":""}},"ast-content-background-meta":{"desktop":{"background-color":"var(--ast-global-color-5)","background-image":"","background-repeat":"repeat","background-position":"center center","background-size":"auto","background-attachment":"scroll","background-type":"","background-media":"","overlay-type":"","overlay-color":"","overlay-opacity":"","overlay-gradient":""},"tablet":{"background-color":"var(--ast-global-color-5)","background-image":"","background-repeat":"repeat","background-position":"center center","background-size":"auto","background-attachment":"scroll","background-type":"","background-media":"","overlay-type":"","overlay-color":"","overlay-opacity":"","overlay-gradient":""},"mobile":{"background-color":"var(--ast-global-color-5)","background-image":"","background-repeat":"repeat","background-position":"center center","background-size":"auto","background-attachment":"scroll","background-type":"","background-media":"","overlay-type":"","overlay-color":"","overlay-opacity":"","overlay-gradient":""}},"_joinchat":[]},"product_brand":[],"product_cat":[533],"product_tag":[],"pack":[],"style":[512],"class_list":{"0":"post-26041","1":"product","2":"type-product","3":"status-publish","4":"has-post-thumbnail","6":"product_cat-frp-makra","7":"pa_color-space-edition-cs","8":"pa_dual-texture-no-texture-cs","9":"pa_fixation-navruty","10":"pa_material-epoxy-fiberglass-reinforced-plastic-frp","11":"pa_size-macro-cs","12":"pa_type-of-grip-jug-cs","13":"pa_type-of-grip-slopers-cs","14":"style-indoor","15":"desktop-align-left","16":"tablet-align-left","17":"mobile-align-left","19":"first","20":"instock","21":"taxable","22":"shipping-taxable","23":"purchasable","24":"product-type-variable"},"acf":[],"_links":{"self":[{"href":"https:\/\/www.virgingrip.com\/cs\/wp-json\/wp\/v2\/product\/26041","targetHints":{"allow":["GET"]}}],"collection":[{"href":"https:\/\/www.virgingrip.com\/cs\/wp-json\/wp\/v2\/product"}],"about":[{"href":"https:\/\/www.virgingrip.com\/cs\/wp-json\/wp\/v2\/types\/product"}],"wp:featuredmedia":[{"embeddable":true,"href":"https:\/\/www.virgingrip.com\/cs\/wp-json\/wp\/v2\/media\/26088"}],"wp:attachment":[{"href":"https:\/\/www.virgingrip.com\/cs\/wp-json\/wp\/v2\/media?parent=26041"}],"wp:term":[{"taxonomy":"product_brand","embeddable":true,"href":"https:\/\/www.virgingrip.com\/cs\/wp-json\/wp\/v2\/product_brand?post=26041"},{"taxonomy":"product_cat","embeddable":true,"href":"https:\/\/www.virgingrip.com\/cs\/wp-json\/wp\/v2\/product_cat?post=26041"},{"taxonomy":"product_tag","embeddable":true,"href":"https:\/\/www.virgingrip.com\/cs\/wp-json\/wp\/v2\/product_tag?post=26041"},{"taxonomy":"pack","embeddable":true,"href":"https:\/\/www.virgingrip.com\/cs\/wp-json\/wp\/v2\/pack?post=26041"},{"taxonomy":"style","embeddable":true,"href":"https:\/\/www.virgingrip.com\/cs\/wp-json\/wp\/v2\/style?post=26041"}],"curies":[{"name":"wp","href":"https:\/\/api.w.org\/{rel}","templated":true}]}}