{"id":26124,"date":"2024-10-13T12:34:44","date_gmt":"2024-10-13T10:34:44","guid":{"rendered":"https:\/\/www.virgingrip.com\/?post_type=product&#038;p=26124"},"modified":"2026-03-19T17:43:23","modified_gmt":"2026-03-19T16:43:23","slug":"ufo-pu-d6-crimps-kopirovat","status":"publish","type":"product","link":"https:\/\/www.virgingrip.com\/cs\/lezecke-chyty\/ufo-pu-d6-crimps-kopirovat\/","title":{"rendered":"UFO Mini Crimps"},"content":{"rendered":"<p>S radost\u00ed v\u00e1m p\u0159edstavujeme na\u0161i novou \u0159adu mal\u00fdch li\u0161t, kter\u00e9 roz\u0161i\u0159uj\u00ed \u00fasp\u011b\u0161nou s\u00e9rii UFO od VirginGrip. Tato kolekce obsahuje 10 mal\u00fdch lezeck\u00fdch chyt\u016f s unik\u00e1tn\u00edm povrchem s dual texturou, kter\u00e9 skv\u011ble dopl\u0148uj\u00ed na\u0161i nab\u00eddku lezeck\u00fdch chyt\u016f z polyuretanu a lamin\u00e1tov\u00fdvh maker UFO.<br \/>\nDoporu\u010dujeme investovat do kompletn\u00ed kolekce UFO, v\u010detn\u011b t\u011bchto nov\u00fdch mal\u00fdch chyt\u016f, a z\u00edskat tak sadu 52 PU chyt\u016f a 12 maker, kter\u00e1 nen\u00ed jen cenov\u011b v\u00fdhodn\u00e1, ale tak\u00e9 poskytuje lezc\u016fm maxim\u00e1ln\u00ed kvalitu a v\u00fdkon. Nenechte se omezovat\u2014prom\u011b\u0148te svou lezeckou st\u011bnu s touto exkluzivn\u00ed s\u00e9ri\u00ed!<\/p>\n","protected":false},"excerpt":{"rendered":"<p>S radost\u00ed v\u00e1m p\u0159edstavujeme na\u0161i novou \u0159adu mal\u00fdch li\u0161t, kter\u00e9 roz\u0161i\u0159uj\u00ed \u00fasp\u011b\u0161nou s\u00e9rii UFO od VirginGrip. Tato kolekce obsahuje 10 mal\u00fdch lezeck\u00fdch chyt\u016f s unik\u00e1tn\u00edm povrchem s dual texturou, kter\u00e9 skv\u011ble dopl\u0148uj\u00ed na\u0161i nab\u00eddku lezeck\u00fdch chyt\u016f z polyuretanu a lamin\u00e1tov\u00fdvh maker UFO. Doporu\u010dujeme investovat do kompletn\u00ed kolekce UFO, v\u010detn\u011b t\u011bchto nov\u00fdch mal\u00fdch chyt\u016f, a z\u00edskat [&hellip;]<\/p>\n","protected":false},"featured_media":26148,"template":"","meta":{"_acf_changed":false,"_crdt_document":"","site-sidebar-layout":"default","site-content-layout":"default","ast-site-content-layout":"default","site-content-style":"default","site-sidebar-style":"default","ast-global-header-display":"","ast-banner-title-visibility":"","ast-main-header-display":"","ast-hfb-above-header-display":"","ast-hfb-below-header-display":"","ast-hfb-mobile-header-display":"","site-post-title":"","ast-breadcrumbs-content":"","ast-featured-img":"","footer-sml-layout":"","ast-disable-related-posts":"","theme-transparent-header-meta":"default","adv-header-id-meta":"","stick-header-meta":"default","header-above-stick-meta":"","header-main-stick-meta":"","header-below-stick-meta":"","astra-migrate-meta-layouts":"set","ast-page-background-enabled":"default","ast-page-background-meta":{"desktop":{"background-color":"","background-image":"","background-repeat":"repeat","background-position":"center center","background-size":"auto","background-attachment":"scroll","background-type":"","background-media":"","overlay-type":"","overlay-color":"","overlay-opacity":"","overlay-gradient":""},"tablet":{"background-color":"","background-image":"","background-repeat":"repeat","background-position":"center center","background-size":"auto","background-attachment":"scroll","background-type":"","background-media":"","overlay-type":"","overlay-color":"","overlay-opacity":"","overlay-gradient":""},"mobile":{"background-color":"","background-image":"","background-repeat":"repeat","background-position":"center center","background-size":"auto","background-attachment":"scroll","background-type":"","background-media":"","overlay-type":"","overlay-color":"","overlay-opacity":"","overlay-gradient":""}},"ast-content-background-meta":{"desktop":{"background-color":"var(--ast-global-color-5)","background-image":"","background-repeat":"repeat","background-position":"center center","background-size":"auto","background-attachment":"scroll","background-type":"","background-media":"","overlay-type":"","overlay-color":"","overlay-opacity":"","overlay-gradient":""},"tablet":{"background-color":"var(--ast-global-color-5)","background-image":"","background-repeat":"repeat","background-position":"center center","background-size":"auto","background-attachment":"scroll","background-type":"","background-media":"","overlay-type":"","overlay-color":"","overlay-opacity":"","overlay-gradient":""},"mobile":{"background-color":"var(--ast-global-color-5)","background-image":"","background-repeat":"repeat","background-position":"center center","background-size":"auto","background-attachment":"scroll","background-type":"","background-media":"","overlay-type":"","overlay-color":"","overlay-opacity":"","overlay-gradient":""}},"_joinchat":[]},"product_brand":[],"product_cat":[138,712],"product_tag":[527],"pack":[],"style":[],"class_list":{"0":"post-26124","1":"product","2":"type-product","3":"status-publish","4":"has-post-thumbnail","6":"product_cat-lezecke-chyty","7":"product_cat-soutezni-linie","8":"product_tag-competition-line-cz","9":"pa_color-bila","10":"pa_color-brown-orange-ral-8023-cs","11":"pa_color-cerna","12":"pa_color-cervena","13":"pa_color-fluo-green-ral-6038","14":"pa_color-fluo-orange-cs","15":"pa_color-fluo-pink-pantone-806c-cs","16":"pa_color-light-orange-ral-2011-cs","17":"pa_color-mint-green-ral-6027-cs","18":"pa_color-modra-cs","19":"pa_color-grey-ral-7001-cs","20":"pa_color-violet-ral-4008-cs","21":"pa_color-virgingrip-blue-ral-670-6-cs","22":"pa_color-zelena","23":"pa_color-zluta","24":"pa_dual-texture-ano","25":"pa_fixation-navruty","26":"pa_material-eco-polyurethane-3rd-generation-cs","27":"pa_size-xs-cs","28":"pa_type-of-grip-crimps-cs","29":"desktop-align-left","30":"tablet-align-left","31":"mobile-align-left","33":"first","34":"instock","35":"taxable","36":"shipping-taxable","37":"purchasable","38":"product-type-variable"},"acf":[],"_links":{"self":[{"href":"https:\/\/www.virgingrip.com\/cs\/wp-json\/wp\/v2\/product\/26124","targetHints":{"allow":["GET"]}}],"collection":[{"href":"https:\/\/www.virgingrip.com\/cs\/wp-json\/wp\/v2\/product"}],"about":[{"href":"https:\/\/www.virgingrip.com\/cs\/wp-json\/wp\/v2\/types\/product"}],"wp:featuredmedia":[{"embeddable":true,"href":"https:\/\/www.virgingrip.com\/cs\/wp-json\/wp\/v2\/media\/26148"}],"wp:attachment":[{"href":"https:\/\/www.virgingrip.com\/cs\/wp-json\/wp\/v2\/media?parent=26124"}],"wp:term":[{"taxonomy":"product_brand","embeddable":true,"href":"https:\/\/www.virgingrip.com\/cs\/wp-json\/wp\/v2\/product_brand?post=26124"},{"taxonomy":"product_cat","embeddable":true,"href":"https:\/\/www.virgingrip.com\/cs\/wp-json\/wp\/v2\/product_cat?post=26124"},{"taxonomy":"product_tag","embeddable":true,"href":"https:\/\/www.virgingrip.com\/cs\/wp-json\/wp\/v2\/product_tag?post=26124"},{"taxonomy":"pack","embeddable":true,"href":"https:\/\/www.virgingrip.com\/cs\/wp-json\/wp\/v2\/pack?post=26124"},{"taxonomy":"style","embeddable":true,"href":"https:\/\/www.virgingrip.com\/cs\/wp-json\/wp\/v2\/style?post=26124"}],"curies":[{"name":"wp","href":"https:\/\/api.w.org\/{rel}","templated":true}]}}