{"id":26273,"date":"2024-11-18T13:34:59","date_gmt":"2024-11-18T12:34:59","guid":{"rendered":"https:\/\/www.virgingrip.com\/?post_type=product&#038;p=26273"},"modified":"2025-07-22T11:07:38","modified_gmt":"2025-07-22T09:07:38","slug":"fighters-no-texture-space-edition-kopirovat-kopirovat","status":"publish","type":"product","link":"https:\/\/www.virgingrip.com\/cs\/frp-makra\/fighters-no-texture-space-edition-kopirovat-kopirovat\/","title":{"rendered":"Triangle T3 OUTDOOR"},"content":{"rendered":"<p>P\u0159edstavujeme v\u00e1m n\u00e1\u0161 jedine\u010dn\u00fd produkt na trhu \u2013 VirginGrip Outdoor Laminated Volumes. Tato inovativn\u00ed s\u00e9rie nab\u00edz\u00ed perfektn\u00ed \u0159e\u0161en\u00ed pro va\u0161e venkovn\u00ed lezeck\u00e9 st\u011bny. Navr\u017eeny s ohledem na venkovn\u00ed v\u00fdkonnost, tyto volumy poskytuj\u00ed neporovnateln\u00e1 v\u00fdhody:<\/p>\n<ul>\n<li>V\u00fdjime\u010dn\u00e1 odolnost proti vlhkosti a UV z\u00e1\u0159en\u00ed<\/li>\n<li>Dlouh\u00e1 \u017eivotnost a vysok\u00e1 trvanlivost<\/li>\n<li>Vysok\u00e1 odolnost proti prask\u00e1n\u00ed, odlupov\u00e1n\u00ed a korozi<\/li>\n<li>Lehk\u00e1, p\u0159esto pevn\u00e1 konstrukce pro snadnou manipulaci a stav\u011bn\u00ed<\/li>\n<li>Korozi odoln\u00e9 lehk\u00e9 kovov\u00e9 komponenty<\/li>\n<\/ul>\n","protected":false},"excerpt":{"rendered":"<p>P\u0159edstavujeme v\u00e1m n\u00e1\u0161 jedine\u010dn\u00fd produkt na trhu \u2013 VirginGrip Outdoor Laminated Volumes. Tato inovativn\u00ed s\u00e9rie nab\u00edz\u00ed perfektn\u00ed \u0159e\u0161en\u00ed pro va\u0161e venkovn\u00ed lezeck\u00e9 st\u011bny. Navr\u017eeny s ohledem na venkovn\u00ed v\u00fdkonnost, tyto volumy poskytuj\u00ed neporovnateln\u00e1 v\u00fdhody: V\u00fdjime\u010dn\u00e1 odolnost proti vlhkosti a UV z\u00e1\u0159en\u00ed Dlouh\u00e1 \u017eivotnost a vysok\u00e1 trvanlivost Vysok\u00e1 odolnost proti prask\u00e1n\u00ed, odlupov\u00e1n\u00ed a korozi Lehk\u00e1, p\u0159esto [&hellip;]<\/p>\n","protected":false},"featured_media":26252,"template":"","meta":{"_acf_changed":false,"_crdt_document":"","site-sidebar-layout":"default","site-content-layout":"default","ast-site-content-layout":"default","site-content-style":"default","site-sidebar-style":"default","ast-global-header-display":"","ast-banner-title-visibility":"","ast-main-header-display":"","ast-hfb-above-header-display":"","ast-hfb-below-header-display":"","ast-hfb-mobile-header-display":"","site-post-title":"","ast-breadcrumbs-content":"","ast-featured-img":"","footer-sml-layout":"","ast-disable-related-posts":"","theme-transparent-header-meta":"default","adv-header-id-meta":"","stick-header-meta":"default","header-above-stick-meta":"","header-main-stick-meta":"","header-below-stick-meta":"","astra-migrate-meta-layouts":"set","ast-page-background-enabled":"default","ast-page-background-meta":{"desktop":{"background-color":"","background-image":"","background-repeat":"repeat","background-position":"center center","background-size":"auto","background-attachment":"scroll","background-type":"","background-media":"","overlay-type":"","overlay-color":"","overlay-opacity":"","overlay-gradient":""},"tablet":{"background-color":"","background-image":"","background-repeat":"repeat","background-position":"center center","background-size":"auto","background-attachment":"scroll","background-type":"","background-media":"","overlay-type":"","overlay-color":"","overlay-opacity":"","overlay-gradient":""},"mobile":{"background-color":"","background-image":"","background-repeat":"repeat","background-position":"center center","background-size":"auto","background-attachment":"scroll","background-type":"","background-media":"","overlay-type":"","overlay-color":"","overlay-opacity":"","overlay-gradient":""}},"ast-content-background-meta":{"desktop":{"background-color":"var(--ast-global-color-5)","background-image":"","background-repeat":"repeat","background-position":"center center","background-size":"auto","background-attachment":"scroll","background-type":"","background-media":"","overlay-type":"","overlay-color":"","overlay-opacity":"","overlay-gradient":""},"tablet":{"background-color":"var(--ast-global-color-5)","background-image":"","background-repeat":"repeat","background-position":"center center","background-size":"auto","background-attachment":"scroll","background-type":"","background-media":"","overlay-type":"","overlay-color":"","overlay-opacity":"","overlay-gradient":""},"mobile":{"background-color":"var(--ast-global-color-5)","background-image":"","background-repeat":"repeat","background-position":"center center","background-size":"auto","background-attachment":"scroll","background-type":"","background-media":"","overlay-type":"","overlay-color":"","overlay-opacity":"","overlay-gradient":""}},"_joinchat":[]},"product_brand":[],"product_cat":[533],"product_tag":[],"pack":[],"style":[513],"class_list":{"0":"post-26273","1":"product","2":"type-product","3":"status-publish","4":"has-post-thumbnail","6":"product_cat-frp-makra","7":"pa_color-bila","8":"pa_color-cerna","9":"pa_color-cervena","10":"pa_color-modra-cs","11":"pa_color-grey-ral-7001-cs","12":"pa_color-zelena","13":"pa_dual-texture-ne","14":"pa_fixation-navruty","15":"pa_material-fiberglass-macros-cs","16":"pa_size-macro-cs","17":"pa_type-of-grip-volume-cs","18":"style-outdoor","19":"desktop-align-left","20":"tablet-align-left","21":"mobile-align-left","23":"first","24":"instock","25":"taxable","26":"shipping-taxable","27":"purchasable","28":"product-type-variable"},"acf":[],"_links":{"self":[{"href":"https:\/\/www.virgingrip.com\/cs\/wp-json\/wp\/v2\/product\/26273","targetHints":{"allow":["GET"]}}],"collection":[{"href":"https:\/\/www.virgingrip.com\/cs\/wp-json\/wp\/v2\/product"}],"about":[{"href":"https:\/\/www.virgingrip.com\/cs\/wp-json\/wp\/v2\/types\/product"}],"wp:featuredmedia":[{"embeddable":true,"href":"https:\/\/www.virgingrip.com\/cs\/wp-json\/wp\/v2\/media\/26252"}],"wp:attachment":[{"href":"https:\/\/www.virgingrip.com\/cs\/wp-json\/wp\/v2\/media?parent=26273"}],"wp:term":[{"taxonomy":"product_brand","embeddable":true,"href":"https:\/\/www.virgingrip.com\/cs\/wp-json\/wp\/v2\/product_brand?post=26273"},{"taxonomy":"product_cat","embeddable":true,"href":"https:\/\/www.virgingrip.com\/cs\/wp-json\/wp\/v2\/product_cat?post=26273"},{"taxonomy":"product_tag","embeddable":true,"href":"https:\/\/www.virgingrip.com\/cs\/wp-json\/wp\/v2\/product_tag?post=26273"},{"taxonomy":"pack","embeddable":true,"href":"https:\/\/www.virgingrip.com\/cs\/wp-json\/wp\/v2\/pack?post=26273"},{"taxonomy":"style","embeddable":true,"href":"https:\/\/www.virgingrip.com\/cs\/wp-json\/wp\/v2\/style?post=26273"}],"curies":[{"name":"wp","href":"https:\/\/api.w.org\/{rel}","templated":true}]}}