{"id":26955,"date":"2025-11-30T14:23:24","date_gmt":"2025-11-30T13:23:24","guid":{"rendered":"https:\/\/www.virgingrip.com\/?post_type=product&#038;p=26955"},"modified":"2026-03-19T17:42:47","modified_gmt":"2026-03-19T16:42:47","slug":"falcons-lezecke-chyty-edges","status":"publish","type":"product","link":"https:\/\/www.virgingrip.com\/cs\/lezecke-chyty\/falcons-lezecke-chyty-edges\/","title":{"rendered":"Falcons Edges climbing holds"},"content":{"rendered":"<p>Sada lezeck\u00fdch chyt\u016f Falcons Edges obsahuje 10 v\u0161estrann\u00fdch li\u0161t v r\u016fzn\u00fdch d\u00e9lk\u00e1ch a \u00fahlech. Ide\u00e1ln\u00ed pro dynamick\u00e9 i statick\u00e9 pohyby, skv\u011ble se hod\u00ed do modern\u00edho boulderingu i sportovn\u00edho lezen\u00ed. Vyrobeno z ekologick\u00e9ho polyuretanu pro pohodl\u00ed a dobrou kontrolu.<\/p>\n","protected":false},"excerpt":{"rendered":"<p>Sada lezeck\u00fdch chyt\u016f Falcons Edges obsahuje 10 v\u0161estrann\u00fdch li\u0161t v r\u016fzn\u00fdch d\u00e9lk\u00e1ch a \u00fahlech.<\/p>\n","protected":false},"featured_media":26961,"template":"","meta":{"_acf_changed":false,"_crdt_document":"","site-sidebar-layout":"default","site-content-layout":"default","ast-site-content-layout":"default","site-content-style":"default","site-sidebar-style":"default","ast-global-header-display":"","ast-banner-title-visibility":"","ast-main-header-display":"","ast-hfb-above-header-display":"","ast-hfb-below-header-display":"","ast-hfb-mobile-header-display":"","site-post-title":"","ast-breadcrumbs-content":"","ast-featured-img":"","footer-sml-layout":"","ast-disable-related-posts":"","theme-transparent-header-meta":"default","adv-header-id-meta":"","stick-header-meta":"default","header-above-stick-meta":"","header-main-stick-meta":"","header-below-stick-meta":"","astra-migrate-meta-layouts":"set","ast-page-background-enabled":"default","ast-page-background-meta":{"desktop":{"background-color":"","background-image":"","background-repeat":"repeat","background-position":"center center","background-size":"auto","background-attachment":"scroll","background-type":"","background-media":"","overlay-type":"","overlay-color":"","overlay-opacity":"","overlay-gradient":""},"tablet":{"background-color":"","background-image":"","background-repeat":"repeat","background-position":"center center","background-size":"auto","background-attachment":"scroll","background-type":"","background-media":"","overlay-type":"","overlay-color":"","overlay-opacity":"","overlay-gradient":""},"mobile":{"background-color":"","background-image":"","background-repeat":"repeat","background-position":"center center","background-size":"auto","background-attachment":"scroll","background-type":"","background-media":"","overlay-type":"","overlay-color":"","overlay-opacity":"","overlay-gradient":""}},"ast-content-background-meta":{"desktop":{"background-color":"var(--ast-global-color-5)","background-image":"","background-repeat":"repeat","background-position":"center center","background-size":"auto","background-attachment":"scroll","background-type":"","background-media":"","overlay-type":"","overlay-color":"","overlay-opacity":"","overlay-gradient":""},"tablet":{"background-color":"var(--ast-global-color-5)","background-image":"","background-repeat":"repeat","background-position":"center center","background-size":"auto","background-attachment":"scroll","background-type":"","background-media":"","overlay-type":"","overlay-color":"","overlay-opacity":"","overlay-gradient":""},"mobile":{"background-color":"var(--ast-global-color-5)","background-image":"","background-repeat":"repeat","background-position":"center center","background-size":"auto","background-attachment":"scroll","background-type":"","background-media":"","overlay-type":"","overlay-color":"","overlay-opacity":"","overlay-gradient":""}},"_joinchat":[]},"product_brand":[],"product_cat":[138,712],"product_tag":[592,527],"pack":[],"style":[],"class_list":{"0":"post-26955","1":"product","2":"type-product","3":"status-publish","4":"has-post-thumbnail","6":"product_cat-lezecke-chyty","7":"product_cat-soutezni-linie","8":"product_tag-new_product","9":"product_tag-competition-line-cz","10":"pa_color-bila","11":"pa_color-brown-orange-ral-8023-cs","12":"pa_color-cerna","13":"pa_color-cervena","14":"pa_color-fluo-green-ral-6038","15":"pa_color-fluo-orange-cs","16":"pa_color-fluo-pink-pantone-806c-cs","17":"pa_color-light-orange-ral-2011-cs","18":"pa_color-mint-green-ral-6027-cs","19":"pa_color-modra-cs","20":"pa_color-grey-ral-7001-cs","21":"pa_color-violet-ral-4008-cs","22":"pa_color-virgingrip-blue-ral-670-6-cs","23":"pa_color-zelena","24":"pa_color-zluta","25":"pa_dual-texture-ano","26":"pa_fixation-kombinovane","27":"pa_material-eco-polyurethane-3rd-generation-cs","28":"pa_size-l-cs","29":"pa_type-of-grip-edges","30":"desktop-align-left","31":"tablet-align-left","32":"mobile-align-left","34":"first","35":"instock","36":"taxable","37":"shipping-taxable","38":"purchasable","39":"product-type-variable"},"acf":[],"_links":{"self":[{"href":"https:\/\/www.virgingrip.com\/cs\/wp-json\/wp\/v2\/product\/26955","targetHints":{"allow":["GET"]}}],"collection":[{"href":"https:\/\/www.virgingrip.com\/cs\/wp-json\/wp\/v2\/product"}],"about":[{"href":"https:\/\/www.virgingrip.com\/cs\/wp-json\/wp\/v2\/types\/product"}],"wp:featuredmedia":[{"embeddable":true,"href":"https:\/\/www.virgingrip.com\/cs\/wp-json\/wp\/v2\/media\/26961"}],"wp:attachment":[{"href":"https:\/\/www.virgingrip.com\/cs\/wp-json\/wp\/v2\/media?parent=26955"}],"wp:term":[{"taxonomy":"product_brand","embeddable":true,"href":"https:\/\/www.virgingrip.com\/cs\/wp-json\/wp\/v2\/product_brand?post=26955"},{"taxonomy":"product_cat","embeddable":true,"href":"https:\/\/www.virgingrip.com\/cs\/wp-json\/wp\/v2\/product_cat?post=26955"},{"taxonomy":"product_tag","embeddable":true,"href":"https:\/\/www.virgingrip.com\/cs\/wp-json\/wp\/v2\/product_tag?post=26955"},{"taxonomy":"pack","embeddable":true,"href":"https:\/\/www.virgingrip.com\/cs\/wp-json\/wp\/v2\/pack?post=26955"},{"taxonomy":"style","embeddable":true,"href":"https:\/\/www.virgingrip.com\/cs\/wp-json\/wp\/v2\/style?post=26955"}],"curies":[{"name":"wp","href":"https:\/\/api.w.org\/{rel}","templated":true}]}}