{"id":26991,"date":"2025-11-30T14:42:55","date_gmt":"2025-11-30T13:42:55","guid":{"rendered":"https:\/\/www.virgingrip.com\/?post_type=product&#038;p=26991"},"modified":"2026-03-19T17:42:52","modified_gmt":"2026-03-19T16:42:52","slug":"falcons-lezecke-chyty-pinches","status":"publish","type":"product","link":"https:\/\/www.virgingrip.com\/cs\/lezecke-chyty\/falcons-lezecke-chyty-pinches\/","title":{"rendered":"Falcons Pinches climbing holds"},"content":{"rendered":"<p>Sada lezeck\u00fdch chyt\u016f Falcons Pinches obsahuje 6 ergonomick\u00fdch stisk\u016f v r\u016fzn\u00fdch velikostech. Jejich v\u00fdrazn\u00e9 tvary a struktury umo\u017e\u0148uj\u00ed silov\u00e9 sv\u00edr\u00e1n\u00ed i technick\u00e9 pozicov\u00e1n\u00ed. Ide\u00e1ln\u00ed pro silov\u011b zam\u011b\u0159en\u00e9 bouldery a kreativn\u00ed cesty na lano.<\/p>\n","protected":false},"excerpt":{"rendered":"<p>Sada lezeck\u00fdch chyt\u016f Falcons Pinches obsahuje 6 ergonomick\u00fdch stisk\u016f v r\u016fzn\u00fdch velikostech.<\/p>\n","protected":false},"featured_media":26997,"template":"","meta":{"_acf_changed":false,"_crdt_document":"","site-sidebar-layout":"default","site-content-layout":"default","ast-site-content-layout":"default","site-content-style":"default","site-sidebar-style":"default","ast-global-header-display":"","ast-banner-title-visibility":"","ast-main-header-display":"","ast-hfb-above-header-display":"","ast-hfb-below-header-display":"","ast-hfb-mobile-header-display":"","site-post-title":"","ast-breadcrumbs-content":"","ast-featured-img":"","footer-sml-layout":"","ast-disable-related-posts":"","theme-transparent-header-meta":"default","adv-header-id-meta":"","stick-header-meta":"default","header-above-stick-meta":"","header-main-stick-meta":"","header-below-stick-meta":"","astra-migrate-meta-layouts":"set","ast-page-background-enabled":"default","ast-page-background-meta":{"desktop":{"background-color":"","background-image":"","background-repeat":"repeat","background-position":"center center","background-size":"auto","background-attachment":"scroll","background-type":"","background-media":"","overlay-type":"","overlay-color":"","overlay-opacity":"","overlay-gradient":""},"tablet":{"background-color":"","background-image":"","background-repeat":"repeat","background-position":"center center","background-size":"auto","background-attachment":"scroll","background-type":"","background-media":"","overlay-type":"","overlay-color":"","overlay-opacity":"","overlay-gradient":""},"mobile":{"background-color":"","background-image":"","background-repeat":"repeat","background-position":"center center","background-size":"auto","background-attachment":"scroll","background-type":"","background-media":"","overlay-type":"","overlay-color":"","overlay-opacity":"","overlay-gradient":""}},"ast-content-background-meta":{"desktop":{"background-color":"var(--ast-global-color-5)","background-image":"","background-repeat":"repeat","background-position":"center center","background-size":"auto","background-attachment":"scroll","background-type":"","background-media":"","overlay-type":"","overlay-color":"","overlay-opacity":"","overlay-gradient":""},"tablet":{"background-color":"var(--ast-global-color-5)","background-image":"","background-repeat":"repeat","background-position":"center center","background-size":"auto","background-attachment":"scroll","background-type":"","background-media":"","overlay-type":"","overlay-color":"","overlay-opacity":"","overlay-gradient":""},"mobile":{"background-color":"var(--ast-global-color-5)","background-image":"","background-repeat":"repeat","background-position":"center center","background-size":"auto","background-attachment":"scroll","background-type":"","background-media":"","overlay-type":"","overlay-color":"","overlay-opacity":"","overlay-gradient":""}},"_joinchat":[]},"product_brand":[],"product_cat":[138,712],"product_tag":[592,527],"pack":[],"style":[],"class_list":{"0":"post-26991","1":"product","2":"type-product","3":"status-publish","4":"has-post-thumbnail","6":"product_cat-lezecke-chyty","7":"product_cat-soutezni-linie","8":"product_tag-new_product","9":"product_tag-competition-line-cz","10":"pa_color-bila","11":"pa_color-brown-orange-ral-8023-cs","12":"pa_color-cerna","13":"pa_color-cervena","14":"pa_color-fluo-green-ral-6038","15":"pa_color-fluo-orange-cs","16":"pa_color-fluo-pink-pantone-806c-cs","17":"pa_color-light-orange-ral-2011-cs","18":"pa_color-mint-green-ral-6027-cs","19":"pa_color-modra-cs","20":"pa_color-grey-ral-7001-cs","21":"pa_color-violet-ral-4008-cs","22":"pa_color-virgingrip-blue-ral-670-6-cs","23":"pa_color-zelena","24":"pa_color-zluta","25":"pa_dual-texture-ano","26":"pa_fixation-kombinovane","27":"pa_material-eco-polyurethane-3rd-generation-cs","28":"pa_size-xl-cs","29":"pa_type-of-grip-pinches-cs","30":"desktop-align-left","31":"tablet-align-left","32":"mobile-align-left","34":"first","35":"instock","36":"taxable","37":"shipping-taxable","38":"purchasable","39":"product-type-variable"},"acf":[],"_links":{"self":[{"href":"https:\/\/www.virgingrip.com\/cs\/wp-json\/wp\/v2\/product\/26991","targetHints":{"allow":["GET"]}}],"collection":[{"href":"https:\/\/www.virgingrip.com\/cs\/wp-json\/wp\/v2\/product"}],"about":[{"href":"https:\/\/www.virgingrip.com\/cs\/wp-json\/wp\/v2\/types\/product"}],"wp:featuredmedia":[{"embeddable":true,"href":"https:\/\/www.virgingrip.com\/cs\/wp-json\/wp\/v2\/media\/26997"}],"wp:attachment":[{"href":"https:\/\/www.virgingrip.com\/cs\/wp-json\/wp\/v2\/media?parent=26991"}],"wp:term":[{"taxonomy":"product_brand","embeddable":true,"href":"https:\/\/www.virgingrip.com\/cs\/wp-json\/wp\/v2\/product_brand?post=26991"},{"taxonomy":"product_cat","embeddable":true,"href":"https:\/\/www.virgingrip.com\/cs\/wp-json\/wp\/v2\/product_cat?post=26991"},{"taxonomy":"product_tag","embeddable":true,"href":"https:\/\/www.virgingrip.com\/cs\/wp-json\/wp\/v2\/product_tag?post=26991"},{"taxonomy":"pack","embeddable":true,"href":"https:\/\/www.virgingrip.com\/cs\/wp-json\/wp\/v2\/pack?post=26991"},{"taxonomy":"style","embeddable":true,"href":"https:\/\/www.virgingrip.com\/cs\/wp-json\/wp\/v2\/style?post=26991"}],"curies":[{"name":"wp","href":"https:\/\/api.w.org\/{rel}","templated":true}]}}