{"id":27083,"date":"2025-12-03T12:14:52","date_gmt":"2025-12-03T11:14:52","guid":{"rendered":"https:\/\/www.virgingrip.com\/?post_type=product&#038;p=27083"},"modified":"2026-03-19T17:43:03","modified_gmt":"2026-03-19T16:43:03","slug":"falcons-lezecke-chyty","status":"publish","type":"product","link":"https:\/\/www.virgingrip.com\/cs\/lezecke-chyty\/falcons-lezecke-chyty\/","title":{"rendered":"Falcons complete set"},"content":{"rendered":"<p>Kompletn\u00ed sada lezeck\u00fdch chyt\u016f Falcons p\u0159edstavuje zcela novou kolekci 81 lezeck\u00fdch chyt\u016f navr\u017een\u00fdch tak, aby pokryly v\u0161echny velikostn\u00ed kategorie \u2013 od stup\u016f a\u017e po XXXL makro tvary. Tato ucelen\u00e1 \u0159ada nab\u00edz\u00ed maxim\u00e1ln\u00ed v\u0161estrannost p\u0159i stav\u011bn\u00ed cest a poskytuje ide\u00e1ln\u00ed rovnov\u00e1hu mezi p\u0159esnost\u00ed, ergonomi\u00ed a modern\u00edm tvarov\u00e1n\u00edm. S\u00e9rie Falcons je ide\u00e1ln\u00ed jak pro bouldrov\u00e9, tak i cesty na lano a nab\u00edz\u00ed neomezen\u00e9 mo\u017enosti pro kreativn\u00ed pohyb i dynamick\u00e9 nebo technick\u00e9 lezen\u00ed na jak\u00e9koli st\u011bn\u011b.<\/p>\n","protected":false},"excerpt":{"rendered":"<p>Kompletn\u00ed sada lezeck\u00fdch chyt\u016f Falcons p\u0159edstavuje zcela novou kolekci 81 lezeck\u00fdch chyt\u016f navr\u017een\u00fdch tak, aby pokryly v\u0161echny velikostn\u00ed kategorie \u2013 od stup\u016f a\u017e po XXXL makro tvary. Tato ucelen\u00e1 \u0159ada nab\u00edz\u00ed maxim\u00e1ln\u00ed v\u0161estrannost p\u0159i stav\u011bn\u00ed cest a poskytuje ide\u00e1ln\u00ed rovnov\u00e1hu mezi p\u0159esnost\u00ed, ergonomi\u00ed a modern\u00edm tvarov\u00e1n\u00edm. S\u00e9rie Falcons je ide\u00e1ln\u00ed jak pro bouldrov\u00e9, tak i [&hellip;]<\/p>\n","protected":false},"featured_media":27090,"template":"","meta":{"_acf_changed":false,"_crdt_document":"","site-sidebar-layout":"default","site-content-layout":"default","ast-site-content-layout":"default","site-content-style":"default","site-sidebar-style":"default","ast-global-header-display":"","ast-banner-title-visibility":"","ast-main-header-display":"","ast-hfb-above-header-display":"","ast-hfb-below-header-display":"","ast-hfb-mobile-header-display":"","site-post-title":"","ast-breadcrumbs-content":"","ast-featured-img":"","footer-sml-layout":"","ast-disable-related-posts":"","theme-transparent-header-meta":"default","adv-header-id-meta":"","stick-header-meta":"default","header-above-stick-meta":"","header-main-stick-meta":"","header-below-stick-meta":"","astra-migrate-meta-layouts":"set","ast-page-background-enabled":"default","ast-page-background-meta":{"desktop":{"background-color":"","background-image":"","background-repeat":"repeat","background-position":"center center","background-size":"auto","background-attachment":"scroll","background-type":"","background-media":"","overlay-type":"","overlay-color":"","overlay-opacity":"","overlay-gradient":""},"tablet":{"background-color":"","background-image":"","background-repeat":"repeat","background-position":"center center","background-size":"auto","background-attachment":"scroll","background-type":"","background-media":"","overlay-type":"","overlay-color":"","overlay-opacity":"","overlay-gradient":""},"mobile":{"background-color":"","background-image":"","background-repeat":"repeat","background-position":"center center","background-size":"auto","background-attachment":"scroll","background-type":"","background-media":"","overlay-type":"","overlay-color":"","overlay-opacity":"","overlay-gradient":""}},"ast-content-background-meta":{"desktop":{"background-color":"var(--ast-global-color-5)","background-image":"","background-repeat":"repeat","background-position":"center center","background-size":"auto","background-attachment":"scroll","background-type":"","background-media":"","overlay-type":"","overlay-color":"","overlay-opacity":"","overlay-gradient":""},"tablet":{"background-color":"var(--ast-global-color-5)","background-image":"","background-repeat":"repeat","background-position":"center center","background-size":"auto","background-attachment":"scroll","background-type":"","background-media":"","overlay-type":"","overlay-color":"","overlay-opacity":"","overlay-gradient":""},"mobile":{"background-color":"var(--ast-global-color-5)","background-image":"","background-repeat":"repeat","background-position":"center center","background-size":"auto","background-attachment":"scroll","background-type":"","background-media":"","overlay-type":"","overlay-color":"","overlay-opacity":"","overlay-gradient":""}},"_joinchat":[]},"product_brand":[],"product_cat":[138,712],"product_tag":[592,527],"pack":[],"style":[],"class_list":{"0":"post-27083","1":"product","2":"type-product","3":"status-publish","4":"has-post-thumbnail","6":"product_cat-lezecke-chyty","7":"product_cat-soutezni-linie","8":"product_tag-new_product","9":"product_tag-competition-line-cz","10":"pa_color-bila","11":"pa_color-brown-orange-ral-8023-cs","12":"pa_color-cerna","13":"pa_color-cervena","14":"pa_color-fluo-green-ral-6038","15":"pa_color-fluo-orange-cs","16":"pa_color-fluo-pink-pantone-806c-cs","17":"pa_color-light-orange-ral-2011-cs","18":"pa_color-mint-green-ral-6027-cs","19":"pa_color-modra-cs","20":"pa_color-grey-ral-7001-cs","21":"pa_color-violet-ral-4008-cs","22":"pa_color-virgingrip-blue-ral-670-6-cs","23":"pa_color-zelena","24":"pa_color-zluta","25":"pa_dual-texture-ano","26":"pa_fixation-kombinovane","27":"pa_material-eco-polyurethane-3rd-generation-cs","28":"pa_size-macro-cs","29":"pa_size-s-xxl","30":"pa_type-of-grip-all","31":"desktop-align-left","32":"tablet-align-left","33":"mobile-align-left","35":"first","36":"instock","37":"taxable","38":"shipping-taxable","39":"purchasable","40":"product-type-variable"},"acf":[],"_links":{"self":[{"href":"https:\/\/www.virgingrip.com\/cs\/wp-json\/wp\/v2\/product\/27083","targetHints":{"allow":["GET"]}}],"collection":[{"href":"https:\/\/www.virgingrip.com\/cs\/wp-json\/wp\/v2\/product"}],"about":[{"href":"https:\/\/www.virgingrip.com\/cs\/wp-json\/wp\/v2\/types\/product"}],"wp:featuredmedia":[{"embeddable":true,"href":"https:\/\/www.virgingrip.com\/cs\/wp-json\/wp\/v2\/media\/27090"}],"wp:attachment":[{"href":"https:\/\/www.virgingrip.com\/cs\/wp-json\/wp\/v2\/media?parent=27083"}],"wp:term":[{"taxonomy":"product_brand","embeddable":true,"href":"https:\/\/www.virgingrip.com\/cs\/wp-json\/wp\/v2\/product_brand?post=27083"},{"taxonomy":"product_cat","embeddable":true,"href":"https:\/\/www.virgingrip.com\/cs\/wp-json\/wp\/v2\/product_cat?post=27083"},{"taxonomy":"product_tag","embeddable":true,"href":"https:\/\/www.virgingrip.com\/cs\/wp-json\/wp\/v2\/product_tag?post=27083"},{"taxonomy":"pack","embeddable":true,"href":"https:\/\/www.virgingrip.com\/cs\/wp-json\/wp\/v2\/pack?post=27083"},{"taxonomy":"style","embeddable":true,"href":"https:\/\/www.virgingrip.com\/cs\/wp-json\/wp\/v2\/style?post=27083"}],"curies":[{"name":"wp","href":"https:\/\/api.w.org\/{rel}","templated":true}]}}