{"id":27436,"date":"2026-04-21T14:29:38","date_gmt":"2026-04-21T12:29:38","guid":{"rendered":"https:\/\/www.virgingrip.com\/?post_type=product&#038;p=27436"},"modified":"2026-04-23T18:48:13","modified_gmt":"2026-04-23T16:48:13","slug":"crack-formation-kopirovat","status":"publish","type":"product","link":"https:\/\/www.virgingrip.com\/cs\/lezecke-chyty\/crack-formation-kopirovat\/","title":{"rendered":"Ufo"},"content":{"rendered":"<p>Set je ide\u00e1ln\u00ed pro modern\u00ed sportovn\u00ed cesty, kde se st\u0159\u00eddaj\u00ed technick\u00e9 pas\u00e1\u017ee s dynamick\u00fdmi pohyby. Men\u0161\u00ed kontaktn\u00ed plochy zvy\u0161uj\u00ed n\u00e1ro\u010dnost a podporuj\u00ed \u010dist\u00fd styl lezen\u00ed.<\/p>\n<p>Doporu\u010den\u00fd v\u00fdb\u011br od VirginGripu umo\u017e\u0148uje systematicky obm\u011b\u0148ovat cesty bez zdlouhav\u00e9ho v\u00fdb\u011bru jednotliv\u00fdch lezeck\u00fdch chyt\u016f.<\/p>\n","protected":false},"excerpt":{"rendered":"<p>Lezeck\u00e9 chyty UFO tvo\u0159\u00ed lead set navr\u017een\u00fd pro technick\u00e9 a silov\u00e9 lezeck\u00e9 cesty. Kombinace pozitivn\u00edch li\u0161t, mal\u00fdch a\u017e mikro li\u0161t a stup\u016f umo\u017e\u0148uje stav\u011bt p\u0159esn\u00e9 sekvence zam\u011b\u0159en\u00e9 na pr\u00e1ci prst\u016f, kontrolu t\u011bla a vytrvalost.<\/p>\n","protected":false},"featured_media":27321,"template":"","meta":{"_acf_changed":false,"_crdt_document":"","site-sidebar-layout":"default","site-content-layout":"default","ast-site-content-layout":"default","site-content-style":"default","site-sidebar-style":"default","ast-global-header-display":"","ast-banner-title-visibility":"","ast-main-header-display":"","ast-hfb-above-header-display":"","ast-hfb-below-header-display":"","ast-hfb-mobile-header-display":"","site-post-title":"","ast-breadcrumbs-content":"","ast-featured-img":"","footer-sml-layout":"","ast-disable-related-posts":"","theme-transparent-header-meta":"default","adv-header-id-meta":"","stick-header-meta":"default","header-above-stick-meta":"","header-main-stick-meta":"","header-below-stick-meta":"","astra-migrate-meta-layouts":"default","ast-page-background-enabled":"default","ast-page-background-meta":{"desktop":{"background-color":"","background-image":"","background-repeat":"repeat","background-position":"center center","background-size":"auto","background-attachment":"scroll","background-type":"","background-media":"","overlay-type":"","overlay-color":"","overlay-opacity":"","overlay-gradient":""},"tablet":{"background-color":"","background-image":"","background-repeat":"repeat","background-position":"center center","background-size":"auto","background-attachment":"scroll","background-type":"","background-media":"","overlay-type":"","overlay-color":"","overlay-opacity":"","overlay-gradient":""},"mobile":{"background-color":"","background-image":"","background-repeat":"repeat","background-position":"center center","background-size":"auto","background-attachment":"scroll","background-type":"","background-media":"","overlay-type":"","overlay-color":"","overlay-opacity":"","overlay-gradient":""}},"ast-content-background-meta":{"desktop":{"background-color":"var(--ast-global-color-5)","background-image":"","background-repeat":"repeat","background-position":"center center","background-size":"auto","background-attachment":"scroll","background-type":"","background-media":"","overlay-type":"","overlay-color":"","overlay-opacity":"","overlay-gradient":""},"tablet":{"background-color":"var(--ast-global-color-5)","background-image":"","background-repeat":"repeat","background-position":"center center","background-size":"auto","background-attachment":"scroll","background-type":"","background-media":"","overlay-type":"","overlay-color":"","overlay-opacity":"","overlay-gradient":""},"mobile":{"background-color":"var(--ast-global-color-5)","background-image":"","background-repeat":"repeat","background-position":"center center","background-size":"auto","background-attachment":"scroll","background-type":"","background-media":"","overlay-type":"","overlay-color":"","overlay-opacity":"","overlay-gradient":""}},"_joinchat":[]},"product_brand":[],"product_cat":[138],"product_tag":[584],"pack":[332],"style":[],"class_list":{"0":"post-27436","1":"product","2":"type-product","3":"status-publish","4":"has-post-thumbnail","6":"product_cat-lezecke-chyty","7":"product_tag-packs-cs","8":"pa_color-bila","9":"pa_color-brown-orange-ral-8023-cs","10":"pa_color-cerna","11":"pa_color-cervena","12":"pa_color-fluo-green-ral-6038","13":"pa_color-fluo-orange-cs","14":"pa_color-fluo-pink-pantone-806c-cs","15":"pa_color-light-orange-ral-2011-cs","16":"pa_color-mint-green-ral-6027-cs","17":"pa_color-modra-cs","18":"pa_color-grey-ral-7001-cs","19":"pa_color-violet-ral-4008-cs","20":"pa_color-virgingrip-blue-ral-670-6-cs","21":"pa_color-zelena","22":"pa_color-zluta","23":"pa_dual-texture-ano","24":"pa_fixation-kombinovane","25":"pa_material-eco-polyurethane-3rd-generation-cs","26":"pa_size-l-cs","27":"pa_size-s-cs","28":"pa_size-xs-cs","29":"pack-lead-set","30":"desktop-align-left","31":"tablet-align-left","32":"mobile-align-left","34":"first","35":"instock","36":"taxable","37":"shipping-taxable","38":"purchasable","39":"product-type-variable"},"acf":[],"_links":{"self":[{"href":"https:\/\/www.virgingrip.com\/cs\/wp-json\/wp\/v2\/product\/27436","targetHints":{"allow":["GET"]}}],"collection":[{"href":"https:\/\/www.virgingrip.com\/cs\/wp-json\/wp\/v2\/product"}],"about":[{"href":"https:\/\/www.virgingrip.com\/cs\/wp-json\/wp\/v2\/types\/product"}],"wp:featuredmedia":[{"embeddable":true,"href":"https:\/\/www.virgingrip.com\/cs\/wp-json\/wp\/v2\/media\/27321"}],"wp:attachment":[{"href":"https:\/\/www.virgingrip.com\/cs\/wp-json\/wp\/v2\/media?parent=27436"}],"wp:term":[{"taxonomy":"product_brand","embeddable":true,"href":"https:\/\/www.virgingrip.com\/cs\/wp-json\/wp\/v2\/product_brand?post=27436"},{"taxonomy":"product_cat","embeddable":true,"href":"https:\/\/www.virgingrip.com\/cs\/wp-json\/wp\/v2\/product_cat?post=27436"},{"taxonomy":"product_tag","embeddable":true,"href":"https:\/\/www.virgingrip.com\/cs\/wp-json\/wp\/v2\/product_tag?post=27436"},{"taxonomy":"pack","embeddable":true,"href":"https:\/\/www.virgingrip.com\/cs\/wp-json\/wp\/v2\/pack?post=27436"},{"taxonomy":"style","embeddable":true,"href":"https:\/\/www.virgingrip.com\/cs\/wp-json\/wp\/v2\/style?post=27436"}],"curies":[{"name":"wp","href":"https:\/\/api.w.org\/{rel}","templated":true}]}}