{"id":27455,"date":"2026-04-21T15:03:01","date_gmt":"2026-04-21T13:03:01","guid":{"rendered":"https:\/\/www.virgingrip.com\/?post_type=product&#038;p=27455"},"modified":"2026-04-23T18:52:22","modified_gmt":"2026-04-23T16:52:22","slug":"falcons-footholds-kopirovat-kopirovat-kopirovat-2","status":"publish","type":"product","link":"https:\/\/www.virgingrip.com\/cs\/lezecke-chyty\/falcons-footholds-kopirovat-kopirovat-kopirovat-2\/","title":{"rendered":"Fighters"},"content":{"rendered":"<p>Set je ide\u00e1ln\u00ed pro modern\u00ed sportovn\u00ed cesty zam\u011b\u0159en\u00e9 na tah, kontrolu t\u011bla a s\u00edlu prst\u016f v li\u0161t\u00e1ch. Velk\u00e1 madla vytv\u00e1\u0159ej\u00ed plynul\u00e9 sekvence a p\u0159irozen\u00fd flow lezen\u00ed, zat\u00edmco men\u0161\u00ed li\u0161ty p\u0159in\u00e1\u0161ej\u00ed technick\u00e9 pas\u00e1\u017ee i v p\u0159evislej\u0161\u00edch sekc\u00edch. N\u011bkter\u00e9 li\u0161ty lze z\u00e1rove\u0148 vyu\u017e\u00edt jako stupy. Leskl\u00e1 textura podporuje kontrolovan\u00fd \u00fachop a p\u0159esnou techniku nohou. <\/p>\n<p>Doporu\u010den\u00fd v\u00fdb\u011br od VirginGripu umo\u017e\u0148uje rychle postavit v\u00fdraznou a dob\u0159e \u010ditelnou cestu bez zdlouhav\u00e9ho v\u00fdb\u011bru jednotliv\u00fdch lezeck\u00fdch chyt\u016f.<\/p>\n","protected":false},"excerpt":{"rendered":"<p>Lezeck\u00e9 chyty Fighters tvo\u0159\u00ed lead set navr\u017een\u00fd pro silov\u00e9 a technick\u00e9 cesty na rovn\u00fdch i m\u00edrn\u011b p\u0159evisl\u00fdch st\u011bn\u00e1ch. Dominantn\u00ed velk\u00e1 PU makra dopln\u011bn\u00e1 o stisky (slopers) a pozitivn\u00ed i men\u0161\u00ed li\u0161ty umo\u017e\u0148uj\u00ed stav\u011bt fyzicky intenzivn\u00ed a z\u00e1rove\u0148 dob\u0159e \u010diteln\u00e9 lezeck\u00e9 cesty.<\/p>\n","protected":false},"featured_media":27462,"template":"","meta":{"_acf_changed":false,"_crdt_document":"","site-sidebar-layout":"default","site-content-layout":"default","ast-site-content-layout":"default","site-content-style":"default","site-sidebar-style":"default","ast-global-header-display":"","ast-banner-title-visibility":"","ast-main-header-display":"","ast-hfb-above-header-display":"","ast-hfb-below-header-display":"","ast-hfb-mobile-header-display":"","site-post-title":"","ast-breadcrumbs-content":"","ast-featured-img":"","footer-sml-layout":"","ast-disable-related-posts":"","theme-transparent-header-meta":"default","adv-header-id-meta":"","stick-header-meta":"default","header-above-stick-meta":"","header-main-stick-meta":"","header-below-stick-meta":"","astra-migrate-meta-layouts":"set","ast-page-background-enabled":"default","ast-page-background-meta":{"desktop":{"background-color":"","background-image":"","background-repeat":"repeat","background-position":"center center","background-size":"auto","background-attachment":"scroll","background-type":"","background-media":"","overlay-type":"","overlay-color":"","overlay-opacity":"","overlay-gradient":""},"tablet":{"background-color":"","background-image":"","background-repeat":"repeat","background-position":"center center","background-size":"auto","background-attachment":"scroll","background-type":"","background-media":"","overlay-type":"","overlay-color":"","overlay-opacity":"","overlay-gradient":""},"mobile":{"background-color":"","background-image":"","background-repeat":"repeat","background-position":"center center","background-size":"auto","background-attachment":"scroll","background-type":"","background-media":"","overlay-type":"","overlay-color":"","overlay-opacity":"","overlay-gradient":""}},"ast-content-background-meta":{"desktop":{"background-color":"var(--ast-global-color-5)","background-image":"","background-repeat":"repeat","background-position":"center center","background-size":"auto","background-attachment":"scroll","background-type":"","background-media":"","overlay-type":"","overlay-color":"","overlay-opacity":"","overlay-gradient":""},"tablet":{"background-color":"var(--ast-global-color-5)","background-image":"","background-repeat":"repeat","background-position":"center center","background-size":"auto","background-attachment":"scroll","background-type":"","background-media":"","overlay-type":"","overlay-color":"","overlay-opacity":"","overlay-gradient":""},"mobile":{"background-color":"var(--ast-global-color-5)","background-image":"","background-repeat":"repeat","background-position":"center center","background-size":"auto","background-attachment":"scroll","background-type":"","background-media":"","overlay-type":"","overlay-color":"","overlay-opacity":"","overlay-gradient":""}},"_joinchat":[]},"product_brand":[],"product_cat":[138],"product_tag":[584],"pack":[332],"style":[],"class_list":{"0":"post-27455","1":"product","2":"type-product","3":"status-publish","4":"has-post-thumbnail","6":"product_cat-lezecke-chyty","7":"product_tag-packs-cs","8":"pa_color-bila","9":"pa_color-brown-orange-ral-8023-cs","10":"pa_color-cerna","11":"pa_color-cervena","12":"pa_color-fluo-green-ral-6038","13":"pa_color-fluo-orange-cs","14":"pa_color-fluo-pink-pantone-806c-cs","15":"pa_color-light-orange-ral-2011-cs","16":"pa_color-mint-green-ral-6027-cs","17":"pa_color-modra-cs","18":"pa_color-grey-ral-7001-cs","19":"pa_color-violet-ral-4008-cs","20":"pa_color-virgingrip-blue-ral-670-6-cs","21":"pa_color-zelena","22":"pa_color-zluta","23":"pa_dual-texture-ano","24":"pa_fixation-navruty","25":"pa_material-eco-polyurethane-3rd-generation-cs","26":"pa_size-l-cs","27":"pa_size-macro-cs","28":"pa_size-xs-cs","29":"pa_type-of-grip-crimps-cs","30":"pa_type-of-grip-jug-cs","31":"pa_type-of-grip-pinches-cs","32":"pack-lead-set","33":"desktop-align-left","34":"tablet-align-left","35":"mobile-align-left","37":"first","38":"instock","39":"taxable","40":"shipping-taxable","41":"purchasable","42":"product-type-variable"},"acf":[],"_links":{"self":[{"href":"https:\/\/www.virgingrip.com\/cs\/wp-json\/wp\/v2\/product\/27455","targetHints":{"allow":["GET"]}}],"collection":[{"href":"https:\/\/www.virgingrip.com\/cs\/wp-json\/wp\/v2\/product"}],"about":[{"href":"https:\/\/www.virgingrip.com\/cs\/wp-json\/wp\/v2\/types\/product"}],"wp:featuredmedia":[{"embeddable":true,"href":"https:\/\/www.virgingrip.com\/cs\/wp-json\/wp\/v2\/media\/27462"}],"wp:attachment":[{"href":"https:\/\/www.virgingrip.com\/cs\/wp-json\/wp\/v2\/media?parent=27455"}],"wp:term":[{"taxonomy":"product_brand","embeddable":true,"href":"https:\/\/www.virgingrip.com\/cs\/wp-json\/wp\/v2\/product_brand?post=27455"},{"taxonomy":"product_cat","embeddable":true,"href":"https:\/\/www.virgingrip.com\/cs\/wp-json\/wp\/v2\/product_cat?post=27455"},{"taxonomy":"product_tag","embeddable":true,"href":"https:\/\/www.virgingrip.com\/cs\/wp-json\/wp\/v2\/product_tag?post=27455"},{"taxonomy":"pack","embeddable":true,"href":"https:\/\/www.virgingrip.com\/cs\/wp-json\/wp\/v2\/pack?post=27455"},{"taxonomy":"style","embeddable":true,"href":"https:\/\/www.virgingrip.com\/cs\/wp-json\/wp\/v2\/style?post=27455"}],"curies":[{"name":"wp","href":"https:\/\/api.w.org\/{rel}","templated":true}]}}