{"id":27466,"date":"2026-04-21T15:18:29","date_gmt":"2026-04-21T13:18:29","guid":{"rendered":"https:\/\/www.virgingrip.com\/?post_type=product&#038;p=27466"},"modified":"2026-04-23T19:01:41","modified_gmt":"2026-04-23T17:01:41","slug":"pyramids-kopirovat","status":"publish","type":"product","link":"https:\/\/www.virgingrip.com\/cs\/lezecke-chyty\/pyramids-kopirovat\/","title":{"rendered":"Lagunas"},"content":{"rendered":"<p>Hlavn\u00edm prvkem setu je velk\u00fd polyuretanov\u00fd makro stisk, kter\u00fd vytv\u00e1\u0159\u00ed dominantn\u00ed prvek boulderu a p\u0159irozen\u00e9 centrum pohybu. Tento v\u00fdrazn\u00fd lezeck\u00fd chyt umo\u017e\u0148uje stav\u011bt atraktivn\u00ed sekvence s plynul\u00fdmi p\u0159echody.<br \/>\nSet je ide\u00e1ln\u00ed pro modern\u00ed bouldery v p\u0159evisech zam\u011b\u0159en\u00e9 na kontrolu t\u011bla, pr\u00e1ci ve stisku a p\u0159esnou techniku nohou. Doporu\u010den\u00fd v\u00fdb\u011br od VirginGripu umo\u017e\u0148uje rychle postavit vizu\u00e1ln\u011b v\u00fdrazn\u00fd boulder bez zdlouhav\u00e9ho v\u00fdb\u011bru jednotliv\u00fdch lezeck\u00fdch chyt\u016f.<\/p>\n","protected":false},"excerpt":{"rendered":"<p>Lezeck\u00e9 chyty Lagunas tvo\u0159\u00ed boulder kit navr\u017een\u00fd pro silov\u00e9 bouldery v p\u0159evisl\u00fdch profilech. Dominantn\u00ed velk\u00e1 PU makra dopln\u011bn\u00e1 o pozitivn\u00ed madla (jugs) a stupy umo\u017e\u0148uj\u00ed stav\u011bt v\u00fdrazn\u00e9 a dob\u0159e \u010diteln\u00e9 bouldrov\u00e9 cesty.<\/p>\n","protected":false},"featured_media":27475,"template":"","meta":{"_acf_changed":false,"_crdt_document":"","site-sidebar-layout":"default","site-content-layout":"default","ast-site-content-layout":"default","site-content-style":"default","site-sidebar-style":"default","ast-global-header-display":"","ast-banner-title-visibility":"","ast-main-header-display":"","ast-hfb-above-header-display":"","ast-hfb-below-header-display":"","ast-hfb-mobile-header-display":"","site-post-title":"","ast-breadcrumbs-content":"","ast-featured-img":"","footer-sml-layout":"","ast-disable-related-posts":"","theme-transparent-header-meta":"default","adv-header-id-meta":"","stick-header-meta":"default","header-above-stick-meta":"","header-main-stick-meta":"","header-below-stick-meta":"","astra-migrate-meta-layouts":"default","ast-page-background-enabled":"default","ast-page-background-meta":{"desktop":{"background-color":"","background-image":"","background-repeat":"repeat","background-position":"center center","background-size":"auto","background-attachment":"scroll","background-type":"","background-media":"","overlay-type":"","overlay-color":"","overlay-opacity":"","overlay-gradient":""},"tablet":{"background-color":"","background-image":"","background-repeat":"repeat","background-position":"center center","background-size":"auto","background-attachment":"scroll","background-type":"","background-media":"","overlay-type":"","overlay-color":"","overlay-opacity":"","overlay-gradient":""},"mobile":{"background-color":"","background-image":"","background-repeat":"repeat","background-position":"center center","background-size":"auto","background-attachment":"scroll","background-type":"","background-media":"","overlay-type":"","overlay-color":"","overlay-opacity":"","overlay-gradient":""}},"ast-content-background-meta":{"desktop":{"background-color":"var(--ast-global-color-5)","background-image":"","background-repeat":"repeat","background-position":"center center","background-size":"auto","background-attachment":"scroll","background-type":"","background-media":"","overlay-type":"","overlay-color":"","overlay-opacity":"","overlay-gradient":""},"tablet":{"background-color":"var(--ast-global-color-5)","background-image":"","background-repeat":"repeat","background-position":"center center","background-size":"auto","background-attachment":"scroll","background-type":"","background-media":"","overlay-type":"","overlay-color":"","overlay-opacity":"","overlay-gradient":""},"mobile":{"background-color":"var(--ast-global-color-5)","background-image":"","background-repeat":"repeat","background-position":"center center","background-size":"auto","background-attachment":"scroll","background-type":"","background-media":"","overlay-type":"","overlay-color":"","overlay-opacity":"","overlay-gradient":""}},"_joinchat":[]},"product_brand":[],"product_cat":[138],"product_tag":[584],"pack":[331],"style":[],"class_list":{"0":"post-27466","1":"product","2":"type-product","3":"status-publish","4":"has-post-thumbnail","6":"product_cat-lezecke-chyty","7":"product_tag-packs-cs","8":"pa_color-bila","9":"pa_color-brown-orange-ral-8023-cs","10":"pa_color-cerna","11":"pa_color-cervena","12":"pa_color-fluo-green-ral-6038","13":"pa_color-fluo-orange-cs","14":"pa_color-fluo-pink-pantone-806c-cs","15":"pa_color-light-orange-ral-2011-cs","16":"pa_color-mint-green-ral-6027-cs","17":"pa_color-modra-cs","18":"pa_color-grey-ral-7001-cs","19":"pa_color-violet-ral-4008-cs","20":"pa_color-virgingrip-blue-ral-670-6-cs","21":"pa_color-zelena","22":"pa_color-zluta","23":"pa_dual-texture-ne","24":"pa_fixation-kombinovane","25":"pa_material-eco-polyurethane-3rd-generation-cs","26":"pa_size-all-cs","27":"pa_type-of-grip-jug-cs","28":"pa_type-of-grip-pinches-cs","29":"pack-boulder-kit","30":"desktop-align-left","31":"tablet-align-left","32":"mobile-align-left","34":"first","35":"instock","36":"taxable","37":"shipping-taxable","38":"purchasable","39":"product-type-variable"},"acf":[],"_links":{"self":[{"href":"https:\/\/www.virgingrip.com\/cs\/wp-json\/wp\/v2\/product\/27466","targetHints":{"allow":["GET"]}}],"collection":[{"href":"https:\/\/www.virgingrip.com\/cs\/wp-json\/wp\/v2\/product"}],"about":[{"href":"https:\/\/www.virgingrip.com\/cs\/wp-json\/wp\/v2\/types\/product"}],"wp:featuredmedia":[{"embeddable":true,"href":"https:\/\/www.virgingrip.com\/cs\/wp-json\/wp\/v2\/media\/27475"}],"wp:attachment":[{"href":"https:\/\/www.virgingrip.com\/cs\/wp-json\/wp\/v2\/media?parent=27466"}],"wp:term":[{"taxonomy":"product_brand","embeddable":true,"href":"https:\/\/www.virgingrip.com\/cs\/wp-json\/wp\/v2\/product_brand?post=27466"},{"taxonomy":"product_cat","embeddable":true,"href":"https:\/\/www.virgingrip.com\/cs\/wp-json\/wp\/v2\/product_cat?post=27466"},{"taxonomy":"product_tag","embeddable":true,"href":"https:\/\/www.virgingrip.com\/cs\/wp-json\/wp\/v2\/product_tag?post=27466"},{"taxonomy":"pack","embeddable":true,"href":"https:\/\/www.virgingrip.com\/cs\/wp-json\/wp\/v2\/pack?post=27466"},{"taxonomy":"style","embeddable":true,"href":"https:\/\/www.virgingrip.com\/cs\/wp-json\/wp\/v2\/style?post=27466"}],"curies":[{"name":"wp","href":"https:\/\/api.w.org\/{rel}","templated":true}]}}