{"id":27483,"date":"2026-04-21T20:50:00","date_gmt":"2026-04-21T18:50:00","guid":{"rendered":"https:\/\/www.virgingrip.com\/?post_type=product&#038;p=27483"},"modified":"2026-04-23T19:03:53","modified_gmt":"2026-04-23T17:03:53","slug":"pyramids-kopirovat-kopirovat","status":"publish","type":"product","link":"https:\/\/www.virgingrip.com\/cs\/lezecke-chyty\/pyramids-kopirovat-kopirovat\/","title":{"rendered":"Lagunas"},"content":{"rendered":"<p>Set je ide\u00e1ln\u00ed pro modern\u00ed sportovn\u00ed cesty zam\u011b\u0159en\u00e9 na tah, kontrolu t\u011bla a p\u0159esnou pr\u00e1ci nohou. Velk\u00e1 madla vytv\u00e1\u0159ej\u00ed p\u0159irozen\u00fd flow lezen\u00ed, zat\u00edmco li\u0161ty p\u0159in\u00e1\u0161ej\u00ed technick\u00e9 pas\u00e1\u017ee. Velkou v\u00fdhodou tohoto setu je v\u00fdhodn\u00e1 cena za cel\u00fd set, d\u00edky kter\u00e9 lze efektivn\u011b vybavit v\u011bt\u0161\u00ed \u010d\u00e1st st\u011bny jednou objedn\u00e1vkou. <\/p>\n<p>Doporu\u010den\u00fd v\u00fdb\u011br od VirginGripu umo\u017e\u0148uje rychle postavit dob\u0159e \u010diteln\u00e9 sportovn\u00ed cesty.<\/p>\n","protected":false},"excerpt":{"rendered":"<p>Lezeck\u00e9 chyty Lagunas tvo\u0159\u00ed lead set ur\u010den\u00fd pro sportovn\u00ed cesty s dob\u0159e \u010diteln\u00fdmi sekvencemi. Kombinace velk\u00fdch a st\u0159edn\u00edch madel (jugy), li\u0161t a stup\u016f umo\u017e\u0148uje stav\u011bt plynul\u00e9 lezeck\u00e9 cesty vhodn\u00e9 pro \u0161irok\u00e9 spektrum obt\u00ed\u017enost\u00ed.<\/p>\n","protected":false},"featured_media":27490,"template":"","meta":{"_acf_changed":false,"_crdt_document":"","site-sidebar-layout":"default","site-content-layout":"default","ast-site-content-layout":"default","site-content-style":"default","site-sidebar-style":"default","ast-global-header-display":"","ast-banner-title-visibility":"","ast-main-header-display":"","ast-hfb-above-header-display":"","ast-hfb-below-header-display":"","ast-hfb-mobile-header-display":"","site-post-title":"","ast-breadcrumbs-content":"","ast-featured-img":"","footer-sml-layout":"","ast-disable-related-posts":"","theme-transparent-header-meta":"default","adv-header-id-meta":"","stick-header-meta":"default","header-above-stick-meta":"","header-main-stick-meta":"","header-below-stick-meta":"","astra-migrate-meta-layouts":"default","ast-page-background-enabled":"default","ast-page-background-meta":{"desktop":{"background-color":"","background-image":"","background-repeat":"repeat","background-position":"center center","background-size":"auto","background-attachment":"scroll","background-type":"","background-media":"","overlay-type":"","overlay-color":"","overlay-opacity":"","overlay-gradient":""},"tablet":{"background-color":"","background-image":"","background-repeat":"repeat","background-position":"center center","background-size":"auto","background-attachment":"scroll","background-type":"","background-media":"","overlay-type":"","overlay-color":"","overlay-opacity":"","overlay-gradient":""},"mobile":{"background-color":"","background-image":"","background-repeat":"repeat","background-position":"center center","background-size":"auto","background-attachment":"scroll","background-type":"","background-media":"","overlay-type":"","overlay-color":"","overlay-opacity":"","overlay-gradient":""}},"ast-content-background-meta":{"desktop":{"background-color":"var(--ast-global-color-5)","background-image":"","background-repeat":"repeat","background-position":"center center","background-size":"auto","background-attachment":"scroll","background-type":"","background-media":"","overlay-type":"","overlay-color":"","overlay-opacity":"","overlay-gradient":""},"tablet":{"background-color":"var(--ast-global-color-5)","background-image":"","background-repeat":"repeat","background-position":"center center","background-size":"auto","background-attachment":"scroll","background-type":"","background-media":"","overlay-type":"","overlay-color":"","overlay-opacity":"","overlay-gradient":""},"mobile":{"background-color":"var(--ast-global-color-5)","background-image":"","background-repeat":"repeat","background-position":"center center","background-size":"auto","background-attachment":"scroll","background-type":"","background-media":"","overlay-type":"","overlay-color":"","overlay-opacity":"","overlay-gradient":""}},"_joinchat":[]},"product_brand":[],"product_cat":[138],"product_tag":[584],"pack":[332],"style":[],"class_list":{"0":"post-27483","1":"product","2":"type-product","3":"status-publish","4":"has-post-thumbnail","6":"product_cat-lezecke-chyty","7":"product_tag-packs-cs","8":"pa_color-bila","9":"pa_color-brown-orange-ral-8023-cs","10":"pa_color-cerna","11":"pa_color-cervena","12":"pa_color-fluo-green-ral-6038","13":"pa_color-fluo-orange-cs","14":"pa_color-fluo-pink-pantone-806c-cs","15":"pa_color-light-orange-ral-2011-cs","16":"pa_color-mint-green-ral-6027-cs","17":"pa_color-modra-cs","18":"pa_color-grey-ral-7001-cs","19":"pa_color-violet-ral-4008-cs","20":"pa_color-virgingrip-blue-ral-670-6-cs","21":"pa_color-zelena","22":"pa_color-zluta","23":"pa_dual-texture-ne","24":"pa_fixation-kombinovane","25":"pa_material-eco-polyurethane-3rd-generation-cs","26":"pa_size-s-xxl","27":"pa_type-of-grip-crimps-cs","28":"pa_type-of-grip-footholds-cs","29":"pa_type-of-grip-jug-cs","30":"pack-lead-set","31":"desktop-align-left","32":"tablet-align-left","33":"mobile-align-left","35":"first","36":"instock","37":"taxable","38":"shipping-taxable","39":"purchasable","40":"product-type-variable"},"acf":[],"_links":{"self":[{"href":"https:\/\/www.virgingrip.com\/cs\/wp-json\/wp\/v2\/product\/27483","targetHints":{"allow":["GET"]}}],"collection":[{"href":"https:\/\/www.virgingrip.com\/cs\/wp-json\/wp\/v2\/product"}],"about":[{"href":"https:\/\/www.virgingrip.com\/cs\/wp-json\/wp\/v2\/types\/product"}],"wp:featuredmedia":[{"embeddable":true,"href":"https:\/\/www.virgingrip.com\/cs\/wp-json\/wp\/v2\/media\/27490"}],"wp:attachment":[{"href":"https:\/\/www.virgingrip.com\/cs\/wp-json\/wp\/v2\/media?parent=27483"}],"wp:term":[{"taxonomy":"product_brand","embeddable":true,"href":"https:\/\/www.virgingrip.com\/cs\/wp-json\/wp\/v2\/product_brand?post=27483"},{"taxonomy":"product_cat","embeddable":true,"href":"https:\/\/www.virgingrip.com\/cs\/wp-json\/wp\/v2\/product_cat?post=27483"},{"taxonomy":"product_tag","embeddable":true,"href":"https:\/\/www.virgingrip.com\/cs\/wp-json\/wp\/v2\/product_tag?post=27483"},{"taxonomy":"pack","embeddable":true,"href":"https:\/\/www.virgingrip.com\/cs\/wp-json\/wp\/v2\/pack?post=27483"},{"taxonomy":"style","embeddable":true,"href":"https:\/\/www.virgingrip.com\/cs\/wp-json\/wp\/v2\/style?post=27483"}],"curies":[{"name":"wp","href":"https:\/\/api.w.org\/{rel}","templated":true}]}}