{"id":27530,"date":"2026-04-21T21:56:16","date_gmt":"2026-04-21T19:56:16","guid":{"rendered":"https:\/\/www.virgingrip.com\/?post_type=product&#038;p=27530"},"modified":"2026-04-23T19:10:07","modified_gmt":"2026-04-23T17:10:07","slug":"falcons-footholds-kopirovat-kopirovat-kopirovat","status":"publish","type":"product","link":"https:\/\/www.virgingrip.com\/cs\/frp-makra\/falcons-footholds-kopirovat-kopirovat-kopirovat\/","title":{"rendered":"Fighters Signature Hybrid Set"},"content":{"rendered":"<p>Velk\u00e1 FRP makra vytv\u00e1\u0159ej\u00ed kl\u00ed\u010dov\u00e9 body pohybu a ur\u010duj\u00ed charakter cel\u00e9 linie, zat\u00edmco PU lezeck\u00e9 chyty dopl\u0148uj\u00ed sekvence o silov\u00e9 tahy, dynamiku a technick\u00e9 p\u0159echody. Set je ide\u00e1ln\u00ed pro modern\u00ed cesty zam\u011b\u0159en\u00e9 na pr\u00e1ci t\u011bla v objemu, koordinaci a plynul\u00e9 p\u0159echody mezi dominantn\u00edmi prvky.<\/p>\n<p>Doporu\u010den\u00fd v\u00fdb\u011br od VirginGripu umo\u017e\u0148uje rychle postavit v\u00fdraznou a fyzicky atraktivn\u00ed linii bez zdlouhav\u00e9ho v\u00fdb\u011bru jednotliv\u00fdch lezeck\u00fdch chyt\u016f.<\/p>\n","protected":false},"excerpt":{"rendered":"<p>Lezeck\u00e9 chyty VirginGrip Fighters Signature Hybrid Set p\u0159edstavuj\u00ed pr\u00e9miov\u00fd set navr\u017een\u00fd pro silov\u00e9 a dynamick\u00e9 linie s dominantn\u00edm vyu\u017eit\u00edm objem\u016f. Kombinace polyuretanov\u00fdch lezeck\u00fdch chyt\u016f a dvou extr\u00e9mn\u011b velk\u00fdch fiberglass maker (FRP) umo\u017e\u0148uje stav\u011bt fyzicky intenzivn\u00ed a vizu\u00e1ln\u011b v\u00fdrazn\u00e9 bouldery i cesty pro lano.<\/p>\n","protected":false},"featured_media":27538,"template":"","meta":{"_acf_changed":false,"_crdt_document":"","site-sidebar-layout":"default","site-content-layout":"default","ast-site-content-layout":"default","site-content-style":"default","site-sidebar-style":"default","ast-global-header-display":"","ast-banner-title-visibility":"","ast-main-header-display":"","ast-hfb-above-header-display":"","ast-hfb-below-header-display":"","ast-hfb-mobile-header-display":"","site-post-title":"","ast-breadcrumbs-content":"","ast-featured-img":"","footer-sml-layout":"","ast-disable-related-posts":"","theme-transparent-header-meta":"default","adv-header-id-meta":"","stick-header-meta":"default","header-above-stick-meta":"","header-main-stick-meta":"","header-below-stick-meta":"","astra-migrate-meta-layouts":"set","ast-page-background-enabled":"default","ast-page-background-meta":{"desktop":{"background-color":"","background-image":"","background-repeat":"repeat","background-position":"center center","background-size":"auto","background-attachment":"scroll","background-type":"","background-media":"","overlay-type":"","overlay-color":"","overlay-opacity":"","overlay-gradient":""},"tablet":{"background-color":"","background-image":"","background-repeat":"repeat","background-position":"center center","background-size":"auto","background-attachment":"scroll","background-type":"","background-media":"","overlay-type":"","overlay-color":"","overlay-opacity":"","overlay-gradient":""},"mobile":{"background-color":"","background-image":"","background-repeat":"repeat","background-position":"center center","background-size":"auto","background-attachment":"scroll","background-type":"","background-media":"","overlay-type":"","overlay-color":"","overlay-opacity":"","overlay-gradient":""}},"ast-content-background-meta":{"desktop":{"background-color":"var(--ast-global-color-5)","background-image":"","background-repeat":"repeat","background-position":"center center","background-size":"auto","background-attachment":"scroll","background-type":"","background-media":"","overlay-type":"","overlay-color":"","overlay-opacity":"","overlay-gradient":""},"tablet":{"background-color":"var(--ast-global-color-5)","background-image":"","background-repeat":"repeat","background-position":"center center","background-size":"auto","background-attachment":"scroll","background-type":"","background-media":"","overlay-type":"","overlay-color":"","overlay-opacity":"","overlay-gradient":""},"mobile":{"background-color":"var(--ast-global-color-5)","background-image":"","background-repeat":"repeat","background-position":"center center","background-size":"auto","background-attachment":"scroll","background-type":"","background-media":"","overlay-type":"","overlay-color":"","overlay-opacity":"","overlay-gradient":""}},"_joinchat":[]},"product_brand":[],"product_cat":[533],"product_tag":[584],"pack":[331],"style":[],"class_list":{"0":"post-27530","1":"product","2":"type-product","3":"status-publish","4":"has-post-thumbnail","6":"product_cat-frp-makra","7":"product_tag-packs-cs","8":"pa_color-bila","9":"pa_color-cerna","10":"pa_color-cervena","11":"pa_color-fluo-orange-cs","12":"pa_color-mint-green-ral-6027-cs","13":"pa_color-modra-cs","14":"pa_color-virgingrip-blue-ral-670-6-cs","15":"pa_color-zelena","16":"pa_dual-texture-ano","17":"pa_fixation-navruty","18":"pa_material-eco-polyurethane-3rd-generation-cs","19":"pa_material-epoxy-fiberglass-reinforced-plastic-frp","20":"pa_size-all-cs","21":"pa_type-of-grip-crimps-cs","22":"pa_type-of-grip-jug-cs","23":"pack-boulder-kit","24":"desktop-align-left","25":"tablet-align-left","26":"mobile-align-left","28":"first","29":"instock","30":"taxable","31":"shipping-taxable","32":"purchasable","33":"product-type-variable"},"acf":[],"_links":{"self":[{"href":"https:\/\/www.virgingrip.com\/cs\/wp-json\/wp\/v2\/product\/27530","targetHints":{"allow":["GET"]}}],"collection":[{"href":"https:\/\/www.virgingrip.com\/cs\/wp-json\/wp\/v2\/product"}],"about":[{"href":"https:\/\/www.virgingrip.com\/cs\/wp-json\/wp\/v2\/types\/product"}],"wp:featuredmedia":[{"embeddable":true,"href":"https:\/\/www.virgingrip.com\/cs\/wp-json\/wp\/v2\/media\/27538"}],"wp:attachment":[{"href":"https:\/\/www.virgingrip.com\/cs\/wp-json\/wp\/v2\/media?parent=27530"}],"wp:term":[{"taxonomy":"product_brand","embeddable":true,"href":"https:\/\/www.virgingrip.com\/cs\/wp-json\/wp\/v2\/product_brand?post=27530"},{"taxonomy":"product_cat","embeddable":true,"href":"https:\/\/www.virgingrip.com\/cs\/wp-json\/wp\/v2\/product_cat?post=27530"},{"taxonomy":"product_tag","embeddable":true,"href":"https:\/\/www.virgingrip.com\/cs\/wp-json\/wp\/v2\/product_tag?post=27530"},{"taxonomy":"pack","embeddable":true,"href":"https:\/\/www.virgingrip.com\/cs\/wp-json\/wp\/v2\/pack?post=27530"},{"taxonomy":"style","embeddable":true,"href":"https:\/\/www.virgingrip.com\/cs\/wp-json\/wp\/v2\/style?post=27530"}],"curies":[{"name":"wp","href":"https:\/\/api.w.org\/{rel}","templated":true}]}}