{"id":27542,"date":"2026-04-21T22:28:34","date_gmt":"2026-04-21T20:28:34","guid":{"rendered":"https:\/\/www.virgingrip.com\/?post_type=product&#038;p=27542"},"modified":"2026-04-23T19:11:58","modified_gmt":"2026-04-23T17:11:58","slug":"falcons-footholds-kopirovat-kopirovat-kopirovat-kopirovat","status":"publish","type":"product","link":"https:\/\/www.virgingrip.com\/cs\/frp-makra\/falcons-footholds-kopirovat-kopirovat-kopirovat-kopirovat\/","title":{"rendered":"UFO Signature Hybrid Set"},"content":{"rendered":"<p>Dominantn\u00ed FRP makra definuj\u00ed sm\u011br pohybu a p\u0159irozen\u011b vedou lezce lini\u00ed, zat\u00edmco PU lezeck\u00e9 chyty dopl\u0148uj\u00ed sekvence o p\u0159esn\u00e9 kroky, kontrolu t\u011bla a technickou pr\u00e1ci v r\u016fzn\u00fdch \u00fahlech st\u011bny. Set je ide\u00e1ln\u00ed pro modern\u00ed cesty s d\u016frazem na flow, rovnov\u00e1hu a variabilitu pohybu.<\/p>\n<p>Doporu\u010den\u00fd v\u00fdb\u011br od VirginGripu umo\u017e\u0148uje rychle vytvo\u0159it origin\u00e1ln\u00ed a dob\u0159e \u010ditelnou linii bez nutnosti slo\u017eit\u00e9 kombinace jednotliv\u00fdch lezeck\u00fdch chyt\u016f.<\/p>\n","protected":false},"excerpt":{"rendered":"<p>Lezeck\u00e9 chyty VirginGrip UFO Signature Hybrid Set p\u0159edstavuj\u00ed pr\u00e9miov\u00fd set zam\u011b\u0159en\u00fd na plynul\u00e9 a technick\u00e9 linie s v\u00fdrazn\u00fdm vyu\u017eit\u00edm objemov\u00fdch prvk\u016f. Kombinace polyuretanov\u00fdch lezeck\u00fdch chyt\u016f a dvou extr\u00e9mn\u011b velk\u00fdch fiberglass maker (FRP) umo\u017e\u0148uje stav\u011bt dob\u0159e \u010diteln\u00e9 a pohybov\u011b atraktivn\u00ed bouldery i cesty pro lano.<\/p>\n","protected":false},"featured_media":27548,"template":"","meta":{"_acf_changed":false,"_crdt_document":"","site-sidebar-layout":"default","site-content-layout":"default","ast-site-content-layout":"default","site-content-style":"default","site-sidebar-style":"default","ast-global-header-display":"","ast-banner-title-visibility":"","ast-main-header-display":"","ast-hfb-above-header-display":"","ast-hfb-below-header-display":"","ast-hfb-mobile-header-display":"","site-post-title":"","ast-breadcrumbs-content":"","ast-featured-img":"","footer-sml-layout":"","ast-disable-related-posts":"","theme-transparent-header-meta":"default","adv-header-id-meta":"","stick-header-meta":"default","header-above-stick-meta":"","header-main-stick-meta":"","header-below-stick-meta":"","astra-migrate-meta-layouts":"set","ast-page-background-enabled":"default","ast-page-background-meta":{"desktop":{"background-color":"","background-image":"","background-repeat":"repeat","background-position":"center center","background-size":"auto","background-attachment":"scroll","background-type":"","background-media":"","overlay-type":"","overlay-color":"","overlay-opacity":"","overlay-gradient":""},"tablet":{"background-color":"","background-image":"","background-repeat":"repeat","background-position":"center center","background-size":"auto","background-attachment":"scroll","background-type":"","background-media":"","overlay-type":"","overlay-color":"","overlay-opacity":"","overlay-gradient":""},"mobile":{"background-color":"","background-image":"","background-repeat":"repeat","background-position":"center center","background-size":"auto","background-attachment":"scroll","background-type":"","background-media":"","overlay-type":"","overlay-color":"","overlay-opacity":"","overlay-gradient":""}},"ast-content-background-meta":{"desktop":{"background-color":"var(--ast-global-color-5)","background-image":"","background-repeat":"repeat","background-position":"center center","background-size":"auto","background-attachment":"scroll","background-type":"","background-media":"","overlay-type":"","overlay-color":"","overlay-opacity":"","overlay-gradient":""},"tablet":{"background-color":"var(--ast-global-color-5)","background-image":"","background-repeat":"repeat","background-position":"center center","background-size":"auto","background-attachment":"scroll","background-type":"","background-media":"","overlay-type":"","overlay-color":"","overlay-opacity":"","overlay-gradient":""},"mobile":{"background-color":"var(--ast-global-color-5)","background-image":"","background-repeat":"repeat","background-position":"center center","background-size":"auto","background-attachment":"scroll","background-type":"","background-media":"","overlay-type":"","overlay-color":"","overlay-opacity":"","overlay-gradient":""}},"_joinchat":[]},"product_brand":[],"product_cat":[533],"product_tag":[584],"pack":[331],"style":[],"class_list":{"0":"post-27542","1":"product","2":"type-product","3":"status-publish","4":"has-post-thumbnail","6":"product_cat-frp-makra","7":"product_tag-packs-cs","8":"pa_color-bila","9":"pa_color-cerna","10":"pa_color-cervena","11":"pa_color-fluo-orange-cs","12":"pa_color-mint-green-ral-6027-cs","13":"pa_color-modra-cs","14":"pa_color-virgingrip-blue-ral-670-6-cs","15":"pa_color-zelena","16":"pa_dual-texture-ano","17":"pa_fixation-navruty","18":"pa_material-eco-polyurethane-3rd-generation-cs","19":"pa_material-epoxy-fiberglass-reinforced-plastic-frp","20":"pa_size-all-cs","21":"pa_type-of-grip-crimps-cs","22":"pa_type-of-grip-jug-cs","23":"pa_type-of-grip-slopers-cs","24":"pack-boulder-kit","25":"desktop-align-left","26":"tablet-align-left","27":"mobile-align-left","29":"first","30":"instock","31":"taxable","32":"shipping-taxable","33":"purchasable","34":"product-type-variable"},"acf":[],"_links":{"self":[{"href":"https:\/\/www.virgingrip.com\/cs\/wp-json\/wp\/v2\/product\/27542","targetHints":{"allow":["GET"]}}],"collection":[{"href":"https:\/\/www.virgingrip.com\/cs\/wp-json\/wp\/v2\/product"}],"about":[{"href":"https:\/\/www.virgingrip.com\/cs\/wp-json\/wp\/v2\/types\/product"}],"wp:featuredmedia":[{"embeddable":true,"href":"https:\/\/www.virgingrip.com\/cs\/wp-json\/wp\/v2\/media\/27548"}],"wp:attachment":[{"href":"https:\/\/www.virgingrip.com\/cs\/wp-json\/wp\/v2\/media?parent=27542"}],"wp:term":[{"taxonomy":"product_brand","embeddable":true,"href":"https:\/\/www.virgingrip.com\/cs\/wp-json\/wp\/v2\/product_brand?post=27542"},{"taxonomy":"product_cat","embeddable":true,"href":"https:\/\/www.virgingrip.com\/cs\/wp-json\/wp\/v2\/product_cat?post=27542"},{"taxonomy":"product_tag","embeddable":true,"href":"https:\/\/www.virgingrip.com\/cs\/wp-json\/wp\/v2\/product_tag?post=27542"},{"taxonomy":"pack","embeddable":true,"href":"https:\/\/www.virgingrip.com\/cs\/wp-json\/wp\/v2\/pack?post=27542"},{"taxonomy":"style","embeddable":true,"href":"https:\/\/www.virgingrip.com\/cs\/wp-json\/wp\/v2\/style?post=27542"}],"curies":[{"name":"wp","href":"https:\/\/api.w.org\/{rel}","templated":true}]}}