{"id":5133,"date":"2018-12-23T12:31:03","date_gmt":"2018-12-23T11:31:03","guid":{"rendered":"https:\/\/virgingrip.com\/?post_type=product&#038;p=5133"},"modified":"2025-07-22T11:09:31","modified_gmt":"2025-07-22T09:09:31","slug":"climbing-holds-virgingrip-bones-the-skull-brain","status":"publish","type":"product","link":"https:\/\/www.virgingrip.com\/cs\/lezecke-chyty\/climbing-holds-virgingrip-bones-the-skull-brain\/","title":{"rendered":"VG Skull &#038; Brain"},"content":{"rendered":"<p>Tento lezeck\u00fd chyt nenech\u00e1 nikoho chladn\u00fdm. Reakce na n\u011bj jsou r\u016fzn\u00e9, ale nakonec se l\u00edb\u00ed v\u0161em. Mimochodem mozek samotn\u00fd je jedn\u00edm z\u00a0na\u0161ich nejpozitivn\u011bj\u0161\u00edch lezeck\u00fdch chyt\u016f. Je opravdu vhodn\u00fd do v\u0161ech \u00fahl\u016f lezeck\u00fdch nebo bouldrov\u00fdch st\u011bn. Chytni si sv\u016fj mozek!<\/p>\n","protected":false},"excerpt":{"rendered":"<p>Tento lezeck\u00fd chyt nenech\u00e1 nikoho chladn\u00fdm. Reakce na n\u011bj jsou r\u016fzn\u00e9, ale nakonec se l\u00edb\u00ed v\u0161em. Mimochodem mozek samotn\u00fd je jedn\u00edm z\u00a0na\u0161ich nejpozitivn\u011bj\u0161\u00edch lezeck\u00fdch chyt\u016f. Je opravdu vhodn\u00fd do v\u0161ech \u00fahl\u016f lezeck\u00fdch nebo bouldrov\u00fdch st\u011bn. Chytni si sv\u016fj mozek!<\/p>\n","protected":false},"featured_media":5034,"template":"","meta":{"_acf_changed":false,"_crdt_document":"","site-sidebar-layout":"default","site-content-layout":"default","ast-site-content-layout":"default","site-content-style":"default","site-sidebar-style":"default","ast-global-header-display":"","ast-banner-title-visibility":"","ast-main-header-display":"","ast-hfb-above-header-display":"","ast-hfb-below-header-display":"","ast-hfb-mobile-header-display":"","site-post-title":"","ast-breadcrumbs-content":"","ast-featured-img":"","footer-sml-layout":"","ast-disable-related-posts":"","theme-transparent-header-meta":"default","adv-header-id-meta":"","stick-header-meta":"default","header-above-stick-meta":"","header-main-stick-meta":"","header-below-stick-meta":"","astra-migrate-meta-layouts":"default","ast-page-background-enabled":"default","ast-page-background-meta":{"desktop":{"background-color":"","background-image":"","background-repeat":"repeat","background-position":"center center","background-size":"auto","background-attachment":"scroll","background-type":"","background-media":"","overlay-type":"","overlay-color":"","overlay-opacity":"","overlay-gradient":""},"tablet":{"background-color":"","background-image":"","background-repeat":"repeat","background-position":"center center","background-size":"auto","background-attachment":"scroll","background-type":"","background-media":"","overlay-type":"","overlay-color":"","overlay-opacity":"","overlay-gradient":""},"mobile":{"background-color":"","background-image":"","background-repeat":"repeat","background-position":"center center","background-size":"auto","background-attachment":"scroll","background-type":"","background-media":"","overlay-type":"","overlay-color":"","overlay-opacity":"","overlay-gradient":""}},"ast-content-background-meta":{"desktop":{"background-color":"var(--ast-global-color-5)","background-image":"","background-repeat":"repeat","background-position":"center center","background-size":"auto","background-attachment":"scroll","background-type":"","background-media":"","overlay-type":"","overlay-color":"","overlay-opacity":"","overlay-gradient":""},"tablet":{"background-color":"var(--ast-global-color-5)","background-image":"","background-repeat":"repeat","background-position":"center center","background-size":"auto","background-attachment":"scroll","background-type":"","background-media":"","overlay-type":"","overlay-color":"","overlay-opacity":"","overlay-gradient":""},"mobile":{"background-color":"var(--ast-global-color-5)","background-image":"","background-repeat":"repeat","background-position":"center center","background-size":"auto","background-attachment":"scroll","background-type":"","background-media":"","overlay-type":"","overlay-color":"","overlay-opacity":"","overlay-gradient":""}},"_joinchat":[]},"product_brand":[],"product_cat":[138,718],"product_tag":[524],"pack":[330],"style":[],"class_list":{"0":"post-5133","1":"product","2":"type-product","3":"status-publish","4":"has-post-thumbnail","6":"product_cat-lezecke-chyty","7":"product_cat-specialy","8":"product_tag-specialy","9":"pa_color-bila","10":"pa_dual-texture-ne","11":"pa_fixation-nasroub","12":"pa_material-eco-polyurethane-3rd-generation-cs","13":"pa_size-l-cs","14":"pa_size-m-cs","15":"pa_type-of-grip-jug-cs","16":"pack-st-sada","17":"desktop-align-left","18":"tablet-align-left","19":"mobile-align-left","21":"first","22":"instock","23":"taxable","24":"shipping-taxable","25":"purchasable","26":"product-type-variable"},"acf":[],"_links":{"self":[{"href":"https:\/\/www.virgingrip.com\/cs\/wp-json\/wp\/v2\/product\/5133","targetHints":{"allow":["GET"]}}],"collection":[{"href":"https:\/\/www.virgingrip.com\/cs\/wp-json\/wp\/v2\/product"}],"about":[{"href":"https:\/\/www.virgingrip.com\/cs\/wp-json\/wp\/v2\/types\/product"}],"wp:featuredmedia":[{"embeddable":true,"href":"https:\/\/www.virgingrip.com\/cs\/wp-json\/wp\/v2\/media\/5034"}],"wp:attachment":[{"href":"https:\/\/www.virgingrip.com\/cs\/wp-json\/wp\/v2\/media?parent=5133"}],"wp:term":[{"taxonomy":"product_brand","embeddable":true,"href":"https:\/\/www.virgingrip.com\/cs\/wp-json\/wp\/v2\/product_brand?post=5133"},{"taxonomy":"product_cat","embeddable":true,"href":"https:\/\/www.virgingrip.com\/cs\/wp-json\/wp\/v2\/product_cat?post=5133"},{"taxonomy":"product_tag","embeddable":true,"href":"https:\/\/www.virgingrip.com\/cs\/wp-json\/wp\/v2\/product_tag?post=5133"},{"taxonomy":"pack","embeddable":true,"href":"https:\/\/www.virgingrip.com\/cs\/wp-json\/wp\/v2\/pack?post=5133"},{"taxonomy":"style","embeddable":true,"href":"https:\/\/www.virgingrip.com\/cs\/wp-json\/wp\/v2\/style?post=5133"}],"curies":[{"name":"wp","href":"https:\/\/api.w.org\/{rel}","templated":true}]}}