{"id":21226,"date":"2022-01-20T16:58:04","date_gmt":"2022-01-20T15:58:04","guid":{"rendered":"https:\/\/virgingrip.com\/?page_id=21226"},"modified":"2022-06-16T17:13:00","modified_gmt":"2022-06-16T15:13:00","slug":"impresum","status":"publish","type":"page","link":"https:\/\/www.virgingrip.com\/de\/ueber-virgingrip\/impresum\/","title":{"rendered":"Impresum"},"content":{"rendered":"\n<hr class=\"wp-block-separator has-alpha-channel-opacity\"\/>\n\n<div class=\"wp-block-columns is-layout-flex wp-container-core-columns-is-layout-7387b849 wp-block-columns-is-layout-flex\">\n<div class=\"wp-block-column is-layout-flow wp-block-column-is-layout-flow\">\n<h4 class=\"wp-block-heading\"><strong>Kontakt<\/strong><\/h4>\n\n\n\n<p class=\"wp-block-paragraph\">VirginGrip s.r.o.&#13;\nTis\u00e1 382, 403 36 Tis\u00e1, Czech Republic&#13;\nMwSt.-Nr: CZ05579406<\/p>\n\n\n\n<p class=\"wp-block-paragraph\">Tom\u00e1\u0161 Riese&#13;\n<a href=\"mailto:grip@virgingrip.com\">grip@virgingrip.com<\/a>&#13;\nTel. +420 775 961 968<\/p>\n\n\n\n<p class=\"wp-block-paragraph\">Lenka Riesov\u00e1&#13;\n<a href=\"mailto:sales@virgingrip.com\">sales@virgingrip.com<\/a><\/p>\n<\/div>\n\n\n\n<div class=\"wp-block-column is-layout-flow wp-block-column-is-layout-flow\">\n<h4 class=\"wp-block-heading\"><strong>Bankkonto CZK<\/strong><\/h4>\n\n\n\n<p class=\"wp-block-paragraph\">\u010cSOB Bank&#13;\nBankkonto: 277370354\/0300&#13;\nIBAN: CZ47 0300 0000 0002 7737 0354&#13;\nBIC\/SWIFT: CEKOCZPP<\/p>\n<\/div>\n\n\n\n<div class=\"wp-block-column is-layout-flow wp-block-column-is-layout-flow\">\n<h4 class=\"wp-block-heading\"><strong>Bankkonto EUR<\/strong><\/h4>\n\n\n\n<p class=\"wp-block-paragraph\">\u010cSOB Bank&#13;\nBankkonto: 288316812\/0300&#13;\nIBAN: CZ25 0300 0000 0002 8831 6812&#13;\nBIC\/SWIFT: CEKOCZPP<\/p>\n<\/div>\n<\/div>\n\n<div style=\"height:80px\" aria-hidden=\"true\" class=\"wp-block-spacer\"><\/div>\n","protected":false},"excerpt":{"rendered":"<p>Kontakt VirginGrip s.r.o.&#13; Tis\u00e1 382, 403 36 Tis\u00e1, Czech Republic&#13; MwSt.-Nr: CZ05579406 Tom\u00e1\u0161 Riese&#13; grip@virgingrip.com&#13; Tel. +420 775 961 968 Lenka Riesov\u00e1&#13; sales@virgingrip.com Bankkonto CZK \u010cSOB Bank&#13; Bankkonto: 277370354\/0300&#13; IBAN: CZ47 0300 0000 0002 7737 0354&#13; BIC\/SWIFT: CEKOCZPP Bankkonto EUR \u010cSOB Bank&#13; Bankkonto: 288316812\/0300&#13; IBAN: CZ25 0300 0000 0002 8831 6812&#13; BIC\/SWIFT: CEKOCZPP<\/p>\n","protected":false},"author":1501,"featured_media":0,"parent":22118,"menu_order":39,"comment_status":"closed","ping_status":"closed","template":"","meta":{"_acf_changed":false,"_crdt_document":"","site-sidebar-layout":"default","site-content-layout":"default","ast-site-content-layout":"default","site-content-style":"default","site-sidebar-style":"default","ast-global-header-display":"","ast-banner-title-visibility":"","ast-main-header-display":"","ast-hfb-above-header-display":"","ast-hfb-below-header-display":"","ast-hfb-mobile-header-display":"","site-post-title":"","ast-breadcrumbs-content":"","ast-featured-img":"","footer-sml-layout":"","ast-disable-related-posts":"","theme-transparent-header-meta":"default","adv-header-id-meta":"","stick-header-meta":"default","header-above-stick-meta":"","header-main-stick-meta":"","header-below-stick-meta":"","astra-migrate-meta-layouts":"default","ast-page-background-enabled":"default","ast-page-background-meta":{"desktop":{"background-color":"","background-image":"","background-repeat":"repeat","background-position":"center center","background-size":"auto","background-attachment":"scroll","background-type":"","background-media":"","overlay-type":"","overlay-color":"","overlay-opacity":"","overlay-gradient":""},"tablet":{"background-color":"","background-image":"","background-repeat":"repeat","background-position":"center center","background-size":"auto","background-attachment":"scroll","background-type":"","background-media":"","overlay-type":"","overlay-color":"","overlay-opacity":"","overlay-gradient":""},"mobile":{"background-color":"","background-image":"","background-repeat":"repeat","background-position":"center center","background-size":"auto","background-attachment":"scroll","background-type":"","background-media":"","overlay-type":"","overlay-color":"","overlay-opacity":"","overlay-gradient":""}},"ast-content-background-meta":{"desktop":{"background-color":"var(--ast-global-color-5)","background-image":"","background-repeat":"repeat","background-position":"center center","background-size":"auto","background-attachment":"scroll","background-type":"","background-media":"","overlay-type":"","overlay-color":"","overlay-opacity":"","overlay-gradient":""},"tablet":{"background-color":"var(--ast-global-color-5)","background-image":"","background-repeat":"repeat","background-position":"center center","background-size":"auto","background-attachment":"scroll","background-type":"","background-media":"","overlay-type":"","overlay-color":"","overlay-opacity":"","overlay-gradient":""},"mobile":{"background-color":"var(--ast-global-color-5)","background-image":"","background-repeat":"repeat","background-position":"center center","background-size":"auto","background-attachment":"scroll","background-type":"","background-media":"","overlay-type":"","overlay-color":"","overlay-opacity":"","overlay-gradient":""}},"_joinchat":[],"footnotes":""},"class_list":["post-21226","page","type-page","status-publish","hentry"],"acf":[],"_links":{"self":[{"href":"https:\/\/www.virgingrip.com\/de\/wp-json\/wp\/v2\/pages\/21226","targetHints":{"allow":["GET"]}}],"collection":[{"href":"https:\/\/www.virgingrip.com\/de\/wp-json\/wp\/v2\/pages"}],"about":[{"href":"https:\/\/www.virgingrip.com\/de\/wp-json\/wp\/v2\/types\/page"}],"author":[{"embeddable":true,"href":"https:\/\/www.virgingrip.com\/de\/wp-json\/wp\/v2\/users\/1501"}],"replies":[{"embeddable":true,"href":"https:\/\/www.virgingrip.com\/de\/wp-json\/wp\/v2\/comments?post=21226"}],"version-history":[{"count":0,"href":"https:\/\/www.virgingrip.com\/de\/wp-json\/wp\/v2\/pages\/21226\/revisions"}],"up":[{"embeddable":true,"href":"https:\/\/www.virgingrip.com\/de\/wp-json\/wp\/v2\/pages\/22118"}],"wp:attachment":[{"href":"https:\/\/www.virgingrip.com\/de\/wp-json\/wp\/v2\/media?parent=21226"}],"curies":[{"name":"wp","href":"https:\/\/api.w.org\/{rel}","templated":true}]}}