{"id":21500,"date":"2022-05-03T14:16:01","date_gmt":"2022-05-03T12:16:01","guid":{"rendered":"https:\/\/virgingrip.com\/?page_id=21500"},"modified":"2022-05-19T12:54:13","modified_gmt":"2022-05-19T10:54:13","slug":"schutz-personenbezogener-daten","status":"publish","type":"page","link":"https:\/\/www.virgingrip.com\/de\/schutz-personenbezogener-daten\/","title":{"rendered":"Schutz personenbezogener Daten"},"content":{"rendered":"\n<p class=\"wp-block-paragraph\"><strong>Gesch\u00e4ftsbedingungen<\/strong><\/p>\n\n<p class=\"wp-block-paragraph\"><strong>1.<\/strong> Gem\u00e4\u00df den Bestimmungen der Verordnung (EU) des Europ\u00e4ischen Parlaments und des Rates vom 27. April 2016 zum Schutz nat\u00fcrlicher Personen bei der Verarbeitung personenbezogener Daten und zum freien Datenverkehr sowie zur Aufhebung der Richtlinie 95 \/ 46 \/ EG (nachstehend &#8222;DSGVO&#8220; genannt) erteilen Sie hiermit Ihre Einwilligung VirginGrip sro mit Sitz in Tis\u00e1 382, \u200b\u200b403 36 Tis\u00e1, Tschechische Republik, (Firmen-ID-Nr .: 05579406), nachstehend &#8222;der Beherrscher&#8220; genannt &#8222;) Um Ihre pers\u00f6nlichen Daten zu verarbeiten:<\/p>\n\n<p class=\"wp-block-paragraph\">1.1 vollst\u00e4ndiger Name&#13;\n1.2 Telefonnummer&#13;\n1.3 E-Mail (im Folgenden &#8222;personenbezogene Daten&#8220; genannt)&#13;\n1.4 Adresse (nachfolgend &#8222;Pers\u00f6nliche Daten&#8220; genannt)<\/p>\n\n<hr class=\"wp-block-separator has-alpha-channel-opacity\"\/>\n\n<p class=\"wp-block-paragraph\"><strong>2.<\/strong> Wir verarbeiten pers\u00f6nliche Daten aufgrund Ihrer ausdr\u00fccklichen Zustimmung.<\/p>\n\n<hr class=\"wp-block-separator has-alpha-channel-opacity\"\/>\n\n<p class=\"wp-block-paragraph\"><strong>3. <\/strong>Ihre pers\u00f6nlichen Daten werden verarbeitet, um Ihre Anfragen zur Lieferung bestellter Waren durch unsere Firma zu bearbeiten.<\/p>\n\n<hr class=\"wp-block-separator has-alpha-channel-opacity\"\/>\n\n<p class=\"wp-block-paragraph\"><strong>4.<\/strong> Bearbeitungszeitraum: 1 Jahr des Zustimmungsdatums. Nach Ablauf dieser Frist werden wir Ihre Daten ordnungsgem\u00e4\u00df l\u00f6schen.<\/p>\n\n<hr class=\"wp-block-separator has-alpha-channel-opacity\"\/>\n\n<p class=\"wp-block-paragraph\"><strong>5. <\/strong>Wir k\u00f6nnen Ihre personenbezogenen Daten an die folgenden Kategorien von Empf\u00e4ngern weitergeben:<\/p>\n\n<ul class=\"wp-block-list\"><li>hosting operator &#8211; ACTIVE 24, s.r.o. Sokolovsk\u00e1 394\/17 186 00 Praha 8, (Company ID: 25115804)<\/li><li>Unternehmen f\u00fcr Zwecke, die mit dieser Richtlinie vereinbar sind. Wir haben Ma\u00dfnahmen ergriffen, um personenbezogene Daten nur Mitarbeitern zug\u00e4nglich zu machen, die im Rahmen ihrer beruflichen Aufgaben Zugriff auf die Daten ben\u00f6tigen, und haben die Verwendung personenbezogener Daten f\u00fcr andere Zwecke vertraglich untersagt.<\/li><li>unsere Vertragswiederverk\u00e4ufer, Dienstleister und Partner, die uns Datenverarbeitungsdienste erbringen oder die auf andere Weise personenbezogene Daten f\u00fcr die in dieser Richtlinie beschriebenen oder Ihnen zum Zeitpunkt der Erhebung Ihrer personenbezogenen Daten mitgeteilten Zwecke verarbeiten. Dies kann die Bereitstellung von Daten an Vertragswiederverk\u00e4ufer und andere Dienstanbieter im Zusammenhang mit den Diensten umfassen, die sie f\u00fcr uns erbringen, wie z. B. IT-Plattformverwaltungsunterst\u00fctzung oder Supportdienste, Infrastruktur- und Anwendungsdienste, Marketing, Datenanalyse;<\/li><li>Strafverfolgungsbeh\u00f6rden, Aufsichtsbeh\u00f6rden, Regierungsbeh\u00f6rden, Gerichte oder andere Dritte, bei denen wir der Ansicht sind, dass eine Offenlegung erforderlich ist<ol><li>auf der Grundlage der geltenden Gesetze und Vorschriften,<\/li><li>zum Zweck der Aus\u00fcbung, Begr\u00fcndung oder des Schutzes unserer gesetzlichen Rechte oder<\/li><li>um unsere lebenswichtigen Interessen oder die lebenswichtigen Interessen einer anderen Person zu sch\u00fctzen;&#13;\n<\/li><\/ol><\/li><li>Berater, Rechtsanw\u00e4lte und \u00e4hnliche Einrichtungen im Zusammenhang mit den Beratungsdiensten, die sie uns im Rahmen unserer legitimen Gesch\u00e4ftsinteressen und im Rahmen der vertraglichen Verpflichtung erbringen, die Verwendung personenbezogener Daten f\u00fcr andere Zwecke zu untersagen;<\/li><li>ein potenzieller K\u00e4ufer (und seine Vertreter und Berater) im Zusammenhang mit einem beabsichtigten Kauf, einer Fusion oder \u00dcbernahme eines Teils unseres Unternehmens, vorausgesetzt, dass wir den K\u00e4ufer dar\u00fcber informieren, dass Ihre personenbezogenen Daten nur f\u00fcr die in dieser Richtlinie dargelegten Zwecke verwendet werden d\u00fcrfen;<\/li><li>ein anderes Unternehmen mit Ihrer vorherigen Zustimmung zur Offenlegung.<\/li><\/ul>\n\n<hr class=\"wp-block-separator has-alpha-channel-opacity\"\/>\n\n<p class=\"wp-block-paragraph\"><strong>6.<\/strong> Sie geben hiermit Ihre ausdr\u00fcckliche Zustimmung zu der oben genannten Verarbeitung. Personenbezogene Daten werden auf freiwilliger Basis zur Verf\u00fcgung gestellt. Sie k\u00f6nnen Ihre Zustimmung jederzeit widerrufen, indem Sie einfach auf diesen Link klicken: <a href=\"https:\/\/virgingrip.com\" target=\"_blank\" rel=\"noopener\">Ausloggen<\/a>.<\/p>\n\n<hr class=\"wp-block-separator has-alpha-channel-opacity\"\/>\n\n<p class=\"wp-block-paragraph\"><strong>7.<\/strong> Vorbehaltlich der DSGVO haben Sie folgende Rechte:<\/p>\n\n<ol class=\"wp-block-list\"><li>Ihre Zustimmung jederzeit widerrufen;<\/li><li>um Informationen \u00fcber die Verarbeitung personenbezogener Daten von uns anzufordern;<\/li><li>um Zugang zu pers\u00f6nlichen Daten von uns anzufordern;<\/li><li>zu verlangen, dass wir ungenaue personenbezogene Daten korrigieren, die wir gegebenenfalls erg\u00e4nzen oder aktualisieren;&#13;\n<\/li><li>um die sofortige L\u00f6schung personenbezogener Daten zu ersuchen;<\/li><li>zu verlangen, dass wir die Verarbeitung personenbezogener Daten einschr\u00e4nken;<\/li><li>G. zu verlangen, dass wir personenbezogene Daten in einem maschinenlesbaren Format \u00fcbermitteln;<\/li><li>Im Falle von Zweifeln bez\u00fcglich der Rechtm\u00e4\u00dfigkeit der Verarbeitung personenbezogener Daten k\u00f6nnen Sie unsere Firma \u00fcber grip@virgingrip.com kontaktieren<\/li><\/ol>\n\n<hr class=\"wp-block-separator has-alpha-channel-opacity\"\/>\n\n<p class=\"wp-block-paragraph\"><strong>8. <\/strong>Links zu anderen Websites<\/p>\n\n<ul class=\"wp-block-list\"><li>Diese Website kann Hyperlinks zu Websites enthalten, die Dritten geh\u00f6ren oder von Dritten betrieben werden. Solche Websites k\u00f6nnen ihren eigenen Datenschutzrichtlinien unterliegen. Bitte lesen Sie diese sorgf\u00e4ltig durch. Diese Richtlinien legen fest, wie Ihre beim Besuch dieser Websites erfassten personenbezogenen Daten verwendet werden.&#13;\n<\/li><li>Wir \u00fcbernehmen keine Verantwortung f\u00fcr die Datenschutzrichtlinien solcher Websites Dritter. Die Nutzung dieser Website erfolgt auf eigene Gefahr.<\/li><\/ul>\n\n<hr class=\"wp-block-separator has-alpha-channel-opacity\"\/>\n\n<p class=\"wp-block-paragraph\"><strong>9.<\/strong> Aktualisierung dieser Richtlinie<\/p>\n\n<ul class=\"wp-block-list\"><li>Wenn diese Richtlinie aufgrund rechtlicher, technischer oder gesch\u00e4ftlicher \u00c4nderungen aktualisiert werden muss, werden wir geeignete Ma\u00dfnahmen ergreifen, um Sie angemessen \u00fcber die Bedeutung der vorgenommenen \u00c4nderungen zu informieren. Bei wesentlichen \u00c4nderungen oder wenn dies nach geltendem Recht erforderlich ist, werden wir Sie um Ihre Zustimmung bitten.&#13;\n<\/li><\/ul>\n\n<hr class=\"wp-block-separator has-alpha-channel-opacity\"\/>\n\n<p class=\"wp-block-paragraph\">Letzte Aktualisierung: 21. Mai 2018<\/p>\n\n<div style=\"height:80px\" aria-hidden=\"true\" class=\"wp-block-spacer\"><\/div>\n","protected":false},"excerpt":{"rendered":"<p>Gesch\u00e4ftsbedingungen 1. Gem\u00e4\u00df den Bestimmungen der Verordnung (EU) des Europ\u00e4ischen Parlaments und des Rates vom 27. April 2016 zum Schutz nat\u00fcrlicher Personen bei der Verarbeitung personenbezogener Daten und zum freien Datenverkehr sowie zur Aufhebung der Richtlinie 95 \/ 46 \/ EG (nachstehend &#8222;DSGVO&#8220; genannt) erteilen Sie hiermit Ihre Einwilligung VirginGrip sro mit Sitz in Tis\u00e1 [&hellip;]<\/p>\n","protected":false},"author":1501,"featured_media":0,"parent":0,"menu_order":64,"comment_status":"closed","ping_status":"closed","template":"","meta":{"_acf_changed":false,"_crdt_document":"","site-sidebar-layout":"default","site-content-layout":"default","ast-site-content-layout":"default","site-content-style":"default","site-sidebar-style":"default","ast-global-header-display":"","ast-banner-title-visibility":"","ast-main-header-display":"","ast-hfb-above-header-display":"","ast-hfb-below-header-display":"","ast-hfb-mobile-header-display":"","site-post-title":"","ast-breadcrumbs-content":"","ast-featured-img":"","footer-sml-layout":"","ast-disable-related-posts":"","theme-transparent-header-meta":"default","adv-header-id-meta":"","stick-header-meta":"default","header-above-stick-meta":"","header-main-stick-meta":"","header-below-stick-meta":"","astra-migrate-meta-layouts":"default","ast-page-background-enabled":"default","ast-page-background-meta":{"desktop":{"background-color":"","background-image":"","background-repeat":"repeat","background-position":"center center","background-size":"auto","background-attachment":"scroll","background-type":"","background-media":"","overlay-type":"","overlay-color":"","overlay-opacity":"","overlay-gradient":""},"tablet":{"background-color":"","background-image":"","background-repeat":"repeat","background-position":"center center","background-size":"auto","background-attachment":"scroll","background-type":"","background-media":"","overlay-type":"","overlay-color":"","overlay-opacity":"","overlay-gradient":""},"mobile":{"background-color":"","background-image":"","background-repeat":"repeat","background-position":"center center","background-size":"auto","background-attachment":"scroll","background-type":"","background-media":"","overlay-type":"","overlay-color":"","overlay-opacity":"","overlay-gradient":""}},"ast-content-background-meta":{"desktop":{"background-color":"var(--ast-global-color-5)","background-image":"","background-repeat":"repeat","background-position":"center center","background-size":"auto","background-attachment":"scroll","background-type":"","background-media":"","overlay-type":"","overlay-color":"","overlay-opacity":"","overlay-gradient":""},"tablet":{"background-color":"var(--ast-global-color-5)","background-image":"","background-repeat":"repeat","background-position":"center center","background-size":"auto","background-attachment":"scroll","background-type":"","background-media":"","overlay-type":"","overlay-color":"","overlay-opacity":"","overlay-gradient":""},"mobile":{"background-color":"var(--ast-global-color-5)","background-image":"","background-repeat":"repeat","background-position":"center center","background-size":"auto","background-attachment":"scroll","background-type":"","background-media":"","overlay-type":"","overlay-color":"","overlay-opacity":"","overlay-gradient":""}},"_joinchat":[],"footnotes":""},"class_list":["post-21500","page","type-page","status-publish","hentry"],"acf":[],"_links":{"self":[{"href":"https:\/\/www.virgingrip.com\/de\/wp-json\/wp\/v2\/pages\/21500","targetHints":{"allow":["GET"]}}],"collection":[{"href":"https:\/\/www.virgingrip.com\/de\/wp-json\/wp\/v2\/pages"}],"about":[{"href":"https:\/\/www.virgingrip.com\/de\/wp-json\/wp\/v2\/types\/page"}],"author":[{"embeddable":true,"href":"https:\/\/www.virgingrip.com\/de\/wp-json\/wp\/v2\/users\/1501"}],"replies":[{"embeddable":true,"href":"https:\/\/www.virgingrip.com\/de\/wp-json\/wp\/v2\/comments?post=21500"}],"version-history":[{"count":0,"href":"https:\/\/www.virgingrip.com\/de\/wp-json\/wp\/v2\/pages\/21500\/revisions"}],"wp:attachment":[{"href":"https:\/\/www.virgingrip.com\/de\/wp-json\/wp\/v2\/media?parent=21500"}],"curies":[{"name":"wp","href":"https:\/\/api.w.org\/{rel}","templated":true}]}}