{"id":21693,"date":"2022-03-15T13:57:32","date_gmt":"2022-03-15T12:57:32","guid":{"rendered":"https:\/\/virgingrip.com\/?page_id=21693"},"modified":"2023-10-20T03:05:07","modified_gmt":"2023-10-20T01:05:07","slug":"unsere-geschichte","status":"publish","type":"page","link":"https:\/\/www.virgingrip.com\/de\/ueber-virgingrip\/unsere-geschichte\/","title":{"rendered":"Unsere Geschichte"},"content":{"rendered":"\n<div class=\"wp-block-columns rozcestnik gap10 is-layout-flex wp-container-core-columns-is-layout-7387b849 wp-block-columns-is-layout-flex\">\n<div class=\"wp-block-column custombox box1 invert is-layout-flow wp-block-column-is-layout-flow\"><\/div>\n\n\n\n<div class=\"wp-block-column custombox box2 invert darkgray is-layout-flow wp-block-column-is-layout-flow\">\n<h2 class=\"wp-block-heading has-text-align-left has-white-color has-text-color\" id=\"our-daily-inspiration\">Die Geschichte von VirginGrip begann im Jahr 2016<\/h2>\n\n\n\n<p class=\"has-text-align-left wp-block-paragraph\">Damals beschlossen die Gr\u00fcnder Jarda Je\u017eek und Tom\u00e1\u0161 Riese, in der nordb\u00f6hmischen Stadt Tis\u00e1 mit der Produktion von einzigartig gestalteten Klettergriffen von ausgezeichneter Qualit\u00e4t zu beginnen. <\/p>\n<\/div>\n<\/div>\n\n\n\n<div class=\"wp-block-columns rozcestnik gap10 is-layout-flex wp-container-core-columns-is-layout-7387b849 wp-block-columns-is-layout-flex\">\n<div class=\"wp-block-column custombox box3 lightgray is-layout-flow wp-block-column-is-layout-flow\">\n<h2 class=\"wp-block-heading has-text-align-right has-white-color has-text-color\" id=\"rocks-of-tisa\">Es ging um Qualit\u00e4t<\/h2>\n\n\n\n<p class=\"has-text-align-right has-white-color has-text-color wp-block-paragraph\">Urspr\u00fcnglich war geplant, die Griffe aus handels\u00fcblichem Polyurethan herzustellen, aber diese Materialien entsprachen nicht den Anforderungen der Gr\u00fcnder an die Langlebigkeit von Klettergriffen.  Ein Treffen mit dem deutschen Hersteller Ebalta gab den Ansto\u00df f\u00fcr die langfristige Entwicklung des besten Materials, und die Zusammenarbeit dauert bis heute an. Ein Jahr sp\u00e4ter erhielten sie die europ\u00e4ische Zertifizierung f\u00fcr ihre Produkte.\n<\/p>\n\n\n\n<p class=\"has-text-align-right has-white-color has-text-color wp-block-paragraph\"><a href=\"https:\/\/virgingrip.com\/de\/virgingrip-produktion\/\" target=\"_blank\" rel=\"noopener\">Mehr zur Produktion<\/a><\/p>\n<\/div>\n\n\n\n<div class=\"wp-block-column custombox box4 is-layout-flow wp-block-column-is-layout-flow\"><\/div>\n<\/div>\n\n\n\n<div class=\"wp-block-columns rozcestnik gap10 is-layout-flex wp-container-core-columns-is-layout-7387b849 wp-block-columns-is-layout-flex\">\n<div class=\"wp-block-column custombox box5 invert is-layout-flow wp-block-column-is-layout-flow\"><\/div>\n\n\n\n<div class=\"wp-block-column custombox box6 invert darkgray is-layout-flow wp-block-column-is-layout-flow\">\n<h2 class=\"wp-block-heading has-text-align-left has-white-color has-text-color\" id=\"our-daily-inspiration\">Ein wichtiger Meilenstein kam im Jahr 2018<\/h2>\n\n\n\n<p class=\"has-text-align-left wp-block-paragraph\">Weder die schwierigen Anf\u00e4nge, noch die langen N\u00e4chte, noch die Notwendigkeit, st\u00e4ndig Neues zu lernen hielten Jarda und Tom\u00e1\u0161 davon ab, das VirginGrip-Projekt zu entwickeln. Damals beschloss Tom\u00e1\u0161 die Klettergriffe aus eigener Produktion der Welt zu zeigen.<\/p>\n<\/div>\n<\/div>\n\n\n\n<div class=\"wp-block-columns rozcestnik gap10 is-layout-flex wp-container-core-columns-is-layout-7387b849 wp-block-columns-is-layout-flex\">\n<div class=\"wp-block-column custombox box7 lightgray is-layout-flow wp-block-column-is-layout-flow\">\n<h2 class=\"wp-block-heading has-text-align-right has-white-color has-text-color\" id=\"rocks-of-tisa\">Halls &amp; Walls 2018<\/h2>\n\n\n\n<p class=\"has-text-align-right has-white-color has-text-color wp-block-paragraph\">Im November 2018 nahm das Unternehmen zum ersten Mal an der internationalen Messe Halls &amp; Walls teil. Dank Jarda\u00b4s originellem Design kn\u00fcpfte VirginGrip Beziehungen zu ausl\u00e4ndischen H\u00e4ndlern nicht nur in Europa, sondern auch in \u00dcbersee, die bis heute andauern. Im selben Jahr erweiterte das Unternehmen seine Produktpalette um Kletterstrukturen aus Holz und beschr\u00e4nkte sich nicht mehr nur auf Klettergriffe.\n<\/p>\n<\/div>\n\n\n\n<div class=\"wp-block-column custombox box8 is-layout-flow wp-block-column-is-layout-flow\"><\/div>\n<\/div>\n\n\n\n<div class=\"wp-block-columns rozcestnik gap10 is-layout-flex wp-container-core-columns-is-layout-7387b849 wp-block-columns-is-layout-flex\">\n<div class=\"wp-block-column custombox box9 invert is-layout-flow wp-block-column-is-layout-flow\"><\/div>\n\n\n\n<div class=\"wp-block-column custombox box10 invert darkgray is-layout-flow wp-block-column-is-layout-flow\">\n<h2 class=\"wp-block-heading has-text-align-left has-white-color has-text-color\" id=\"our-daily-inspiration\">Auszeichnung f\u00fcr innovatives Unternehmen<\/h2>\n\n\n\n<p class=\"has-text-align-left wp-block-paragraph\">VirginGrip hat den 1. Platz im Wettbewerb f\u00fcr innovative Unternehmen 2019 in der Region \u00dast\u00ed nad Labem gewonnen.\n<\/p>\n<\/div>\n<\/div>\n\n\n\n<div class=\"wp-block-columns rozcestnik gap10 is-layout-flex wp-container-core-columns-is-layout-7387b849 wp-block-columns-is-layout-flex\">\n<div class=\"wp-block-column custombox box11 lightgray is-layout-flow wp-block-column-is-layout-flow\">\n<h2 class=\"wp-block-heading has-text-align-right has-white-color has-text-color\" id=\"rocks-of-tisa\">allHOLDS<\/h2>\n\n\n\n<p class=\"has-text-align-right has-white-color has-text-color wp-block-paragraph\">Am M\u00e4rz gr\u00fcndete VirginGrip zusammen mit dem deutschen Hersteller Ebalta den Europ\u00e4ischen Verband unabh\u00e4ngiger Hersteller von Polyurethan-Griffen allHOLDS. Heute hat diese Vereinigung von 6 Mitgliedern aus 3 L\u00e4ndern gemeinsam die 3. Generation von Polyurethan auf den Markt gebracht, das zu 40 % aus erneuerbaren Quellen stammt.  <\/p>\n\n\n\n<p class=\"has-text-align-right has-white-color has-text-color wp-block-paragraph\"><a href=\"https:\/\/www.allholds.com\/\" target=\"_blank\" rel=\"noreferrer noopener\">Mehr \u00fcber allHOLds<\/a><\/p>\n<\/div>\n\n\n\n<div class=\"wp-block-column custombox box12 is-layout-flow wp-block-column-is-layout-flow\"><\/div>\n<\/div>\n\n\n\n<div class=\"wp-block-columns rozcestnik gap10 is-layout-flex wp-container-core-columns-is-layout-7387b849 wp-block-columns-is-layout-flex\">\n<div class=\"wp-block-column custombox box13 invert is-layout-flow wp-block-column-is-layout-flow\"><\/div>\n\n\n\n<div class=\"wp-block-column custombox box14 invert darkgray is-layout-flow wp-block-column-is-layout-flow\">\n<h2 class=\"wp-block-heading has-text-align-left has-white-color has-text-color\" id=\"our-daily-inspiration\">Unsere Geschichte kann auch Ihre Geschichte sein!<\/h2>\n\n\n\n<p class=\"has-text-align-left wp-block-paragraph\"><a href=\"https:\/\/virgingrip.com\/de\/ueber-virgingrip\/\" target=\"_blank\" rel=\"noopener\">Mehr \u00fcber Virgin<\/a><a data-type=\"page\" data-id=\"20572\" href=\"https:\/\/virgingrip.com\/about\/\" target=\"_blank\" rel=\"noopener\">Grip<\/a><\/p>\n<\/div>\n<\/div>\n\n\n\n<div class=\"wp-block-cover is-light news_banner\"><span aria-hidden=\"true\" class=\"wp-block-cover__background has-background-dim\"><\/span><div class=\"wp-block-cover__inner-container is-layout-constrained wp-block-cover-is-layout-constrained\">\n<div class=\"wp-block-columns is-layout-flex wp-container-core-columns-is-layout-7387b849 wp-block-columns-is-layout-flex\">\n<div class=\"wp-block-column is-layout-flow wp-block-column-is-layout-flow\">\n<figure class=\"wp-block-image alignleft size-full\"><a href=\"https:\/\/virgingrip.com\/wp-content\/uploads\/news.svg\" target=\"_blank\" rel=\"noopener\"><img decoding=\"async\" src=\"https:\/\/virgingrip.com\/wp-content\/uploads\/news.svg\" alt=\"\" class=\"wp-image-24252\"\/><\/a><\/figure>\n<\/div>\n\n\n\n<div class=\"wp-block-column links is-layout-flow wp-block-column-is-layout-flow\">\n<ul class=\"wp-block-list\">\n<li>New products \/ Comming Soon<\/li>\n\n\n\n<li>Colour range  by VirginGrip<\/li>\n\n\n\n<li>Company progress<\/li>\n\n\n\n<li>VG team<\/li>\n<\/ul>\n<\/div>\n\n\n\n<div class=\"wp-block-column is-layout-flow wp-block-column-is-layout-flow\">\n<div class=\"wp-block-buttons is-layout-flex wp-block-buttons-is-layout-flex\">\n<div class=\"wp-block-button bold black\"><a class=\"wp-block-button__link has-background wp-element-button\" href=\"https:\/\/drive.google.com\/file\/d\/1xB-jLfEAUmIsdomMq6ktOJ0U6rn-dK9J\/view\" style=\"background-color:#e74f1c\" target=\"_blank\" rel=\"noreferrer noopener\">FIND WHAT IS NEW<\/a><\/div>\n<\/div>\n<\/div>\n<\/div>\n<\/div><\/div>\n","protected":false},"excerpt":{"rendered":"<p>Die Geschichte von VirginGrip begann im Jahr 2016 Damals beschlossen die Gr\u00fcnder Jarda Je\u017eek und Tom\u00e1\u0161 Riese, in der nordb\u00f6hmischen Stadt Tis\u00e1 mit der Produktion von einzigartig gestalteten Klettergriffen von ausgezeichneter Qualit\u00e4t zu beginnen. Es ging um Qualit\u00e4t Urspr\u00fcnglich war geplant, die Griffe aus handels\u00fcblichem Polyurethan herzustellen, aber diese Materialien entsprachen nicht den Anforderungen der [&hellip;]<\/p>\n","protected":false},"author":1501,"featured_media":0,"parent":22118,"menu_order":27,"comment_status":"closed","ping_status":"closed","template":"page-infoheader.php","meta":{"_acf_changed":false,"_crdt_document":"","site-sidebar-layout":"default","site-content-layout":"default","ast-site-content-layout":"default","site-content-style":"default","site-sidebar-style":"default","ast-global-header-display":"","ast-banner-title-visibility":"","ast-main-header-display":"","ast-hfb-above-header-display":"","ast-hfb-below-header-display":"","ast-hfb-mobile-header-display":"","site-post-title":"disabled","ast-breadcrumbs-content":"","ast-featured-img":"","footer-sml-layout":"","ast-disable-related-posts":"","theme-transparent-header-meta":"default","adv-header-id-meta":"","stick-header-meta":"default","header-above-stick-meta":"","header-main-stick-meta":"","header-below-stick-meta":"","astra-migrate-meta-layouts":"set","ast-page-background-enabled":"default","ast-page-background-meta":{"desktop":{"background-color":"","background-image":"","background-repeat":"repeat","background-position":"center center","background-size":"auto","background-attachment":"scroll","background-type":"","background-media":"","overlay-type":"","overlay-color":"","overlay-opacity":"","overlay-gradient":""},"tablet":{"background-color":"","background-image":"","background-repeat":"repeat","background-position":"center center","background-size":"auto","background-attachment":"scroll","background-type":"","background-media":"","overlay-type":"","overlay-color":"","overlay-opacity":"","overlay-gradient":""},"mobile":{"background-color":"","background-image":"","background-repeat":"repeat","background-position":"center center","background-size":"auto","background-attachment":"scroll","background-type":"","background-media":"","overlay-type":"","overlay-color":"","overlay-opacity":"","overlay-gradient":""}},"ast-content-background-meta":{"desktop":{"background-color":"var(--ast-global-color-5)","background-image":"","background-repeat":"repeat","background-position":"center center","background-size":"auto","background-attachment":"scroll","background-type":"","background-media":"","overlay-type":"","overlay-color":"","overlay-opacity":"","overlay-gradient":""},"tablet":{"background-color":"var(--ast-global-color-5)","background-image":"","background-repeat":"repeat","background-position":"center center","background-size":"auto","background-attachment":"scroll","background-type":"","background-media":"","overlay-type":"","overlay-color":"","overlay-opacity":"","overlay-gradient":""},"mobile":{"background-color":"var(--ast-global-color-5)","background-image":"","background-repeat":"repeat","background-position":"center center","background-size":"auto","background-attachment":"scroll","background-type":"","background-media":"","overlay-type":"","overlay-color":"","overlay-opacity":"","overlay-gradient":""}},"_joinchat":[],"footnotes":""},"class_list":["post-21693","page","type-page","status-publish","hentry"],"acf":[],"_links":{"self":[{"href":"https:\/\/www.virgingrip.com\/de\/wp-json\/wp\/v2\/pages\/21693","targetHints":{"allow":["GET"]}}],"collection":[{"href":"https:\/\/www.virgingrip.com\/de\/wp-json\/wp\/v2\/pages"}],"about":[{"href":"https:\/\/www.virgingrip.com\/de\/wp-json\/wp\/v2\/types\/page"}],"author":[{"embeddable":true,"href":"https:\/\/www.virgingrip.com\/de\/wp-json\/wp\/v2\/users\/1501"}],"replies":[{"embeddable":true,"href":"https:\/\/www.virgingrip.com\/de\/wp-json\/wp\/v2\/comments?post=21693"}],"version-history":[{"count":3,"href":"https:\/\/www.virgingrip.com\/de\/wp-json\/wp\/v2\/pages\/21693\/revisions"}],"predecessor-version":[{"id":24587,"href":"https:\/\/www.virgingrip.com\/de\/wp-json\/wp\/v2\/pages\/21693\/revisions\/24587"}],"up":[{"embeddable":true,"href":"https:\/\/www.virgingrip.com\/de\/wp-json\/wp\/v2\/pages\/22118"}],"wp:attachment":[{"href":"https:\/\/www.virgingrip.com\/de\/wp-json\/wp\/v2\/media?parent=21693"}],"curies":[{"name":"wp","href":"https:\/\/api.w.org\/{rel}","templated":true}]}}