{"id":24450,"date":"2023-10-10T02:34:53","date_gmt":"2023-10-10T00:34:53","guid":{"rendered":"https:\/\/virgingrip.com\/virgingrip-vyroba\/"},"modified":"2025-12-01T15:58:14","modified_gmt":"2025-12-01T14:58:14","slug":"virgingrip-produktion","status":"publish","type":"page","link":"https:\/\/www.virgingrip.com\/de\/virgingrip-produktion\/","title":{"rendered":"VirginGrip Produktion"},"content":{"rendered":"\n<div class=\"wp-block-columns rozcestnik gap10 is-layout-flex wp-container-core-columns-is-layout-7387b849 wp-block-columns-is-layout-flex\">\n<div class=\"wp-block-column custombox box1 invert is-layout-flow wp-block-column-is-layout-flow\"><\/div>\n\n\n\n<div class=\"wp-block-column custombox box2 invert darkgray is-layout-flow wp-block-column-is-layout-flow\">\n<h2 class=\"wp-block-heading has-text-align-left has-white-color has-text-color\" id=\"our-daily-inspiration\">100 % eigene Produktion der \nPU-Klettergriffe <\/h2>\n\n\n\n<p class=\"wp-block-paragraph\">Vom Modell des Klettergriffs (Master), \u00fcber die Silikonform, den Guss, das Schleifen und den Versand \u2013 alles in unserer eigenen Regie. Dadurch sind wir in der Lage, die neuesten Trends bei Klettergriffen schnell in die Produktion umzusetzen und selbst zu bestimmen, was und wann wir unseren Kunden pr\u00e4sentieren. \u00dcber Qualit\u00e4t muss man kein Wort verlieren \u2013 das ist Selbstverst\u00e4ndlichkeit!<\/p>\n\n\n\n<p class=\"wp-block-paragraph\"><a href=\"https:\/\/www.youtube.com\/watch?v=V_dfW_rgW2o&amp;t=19s\" target=\"_blank\" rel=\"noreferrer noopener\">Sehen Sie sich das Video unserer Produktion an<\/a><\/p>\n<\/div>\n<\/div>\n\n\n\n<div class=\"wp-block-columns rozcestnik gap10 is-layout-flex wp-container-core-columns-is-layout-7387b849 wp-block-columns-is-layout-flex\">\n<div class=\"wp-block-column custombox box13 lightgray is-layout-flow wp-block-column-is-layout-flow\">\n<h2 class=\"wp-block-heading has-text-align-right\"><strong>VirginGrip Umweltfreundliches Polyurethan<\/strong><\/h2>\n\n\n\n<p class=\"has-text-align-right wp-block-paragraph\">Unser Polyurethan hat viele Vorteile gegen\u00fcber Polyester in Bezug auf Nachhaltigkeit, Materialersparnis usw. Wir verwenden bis zu 40% erneuerbare Rohstoffe im Endprodukt und unser Polyurethan ist als \u201eCarbon Neutral Product\u201c zertifiziert!<\/p>\n\n\n\n<p class=\"has-text-align-right wp-block-paragraph\">Als Mitglied des allHOLDS-Verbandes arbeiten wir gemeinsam mit anderen Mitgliedern wie BLOCZ, Allg\u00e4u Holds,&nbsp;holdingGrips an der Weiterentwicklung.<\/p>\n<\/div>\n\n\n\n<div class=\"wp-block-column custombox box14 is-layout-flow wp-block-column-is-layout-flow\"><\/div>\n<\/div>\n\n\n\n<div class=\"wp-block-columns rozcestnik gap10 is-layout-flex wp-container-core-columns-is-layout-7387b849 wp-block-columns-is-layout-flex\">\n<div class=\"wp-block-column custombox box4 is-layout-flow wp-block-column-is-layout-flow\"><\/div>\n\n\n\n<div class=\"wp-block-column custombox box3 beige is-layout-flow wp-block-column-is-layout-flow\">\n<h2 class=\"wp-block-heading has-text-align-left\">Lieferzeit<\/h2>\n\n\n\n<p class=\"has-text-align-left wp-block-paragraph\">Wir k\u00f6nnen nicht zaubern, aber wir sind immer bereit unseren Kunden entgegenzukommen. Die Produktionsplanung liegt vollst\u00e4ndig in unseren H\u00e4nden und wenn ihr wirklich eine kurze Lieferzeit ben\u00f6tigt, sind wir bereit, eine L\u00f6sung zu finden. Nat\u00fcrlich zu Standardpreisen.<\/p>\n<\/div>\n<\/div>\n\n\n\n<div class=\"wp-block-columns rozcestnik gap10 is-layout-flex wp-container-core-columns-is-layout-7387b849 wp-block-columns-is-layout-flex\">\n<div class=\"wp-block-column custombox box6 invert darkgray is-layout-flow wp-block-column-is-layout-flow\">\n<h2 class=\"wp-block-heading has-text-align-right has-white-color has-text-color\" id=\"our-daily-inspiration\">PU-Klettergriffe + 19 Farben<\/h2>\n\n\n\n<p class=\"has-text-align-right wp-block-paragraph\">Unsere breite Farbpalette ist eine Antwort auf die Bed\u00fcrfnisse von euch, Kunden. Wir bieten Grund- und Leuchtfarben an, die der Marktnachfrage, sowie andere Farben, die den aktuellen Trends entsprechen. Alle Pigmente sind immer auf Lager. Unser besonderes VG Blue ist zeitlos und un\u00fcbersehbar.\n<\/p>\n<\/div>\n\n\n\n<div class=\"wp-block-column custombox box5 invert is-layout-flow wp-block-column-is-layout-flow\"><\/div>\n<\/div>\n\n\n\n<div class=\"wp-block-columns rozcestnik gap10 is-layout-flex wp-container-core-columns-is-layout-7387b849 wp-block-columns-is-layout-flex\">\n<div class=\"wp-block-column custombox box8 is-layout-flow wp-block-column-is-layout-flow\"><\/div>\n\n\n\n<div class=\"wp-block-column custombox box7 lightgreen is-layout-flow wp-block-column-is-layout-flow\">\n<h2 class=\"wp-block-heading has-text-align-left\">Glasfaser-Makros<\/h2>\n\n\n\n<p class=\"has-text-align-left wp-block-paragraph\">Ohne diese Produktlinie ist es unm\u00f6glich, die Richtung vorzugeben und zu den Besten zu geh\u00f6ren. Nach 18 Monaten Entwicklungszeit verf\u00fcgen wir \u00fcber eine eigene Technologie zur Herstellung von Glasfaserstrukturen. Dies erm\u00f6glicht uns unsere Makros der Fighter- und UFO-Serien jedes Jahr erfolgreich zu erweitern.<\/p>\n<\/div>\n<\/div>\n\n\n\n<div class=\"wp-block-columns rozcestnik gap10 is-layout-flex wp-container-core-columns-is-layout-7387b849 wp-block-columns-is-layout-flex\">\n<div class=\"wp-block-column custombox box10 invert darkgray is-layout-flow wp-block-column-is-layout-flow\">\n<h2 class=\"wp-block-heading has-text-align-right has-white-color has-text-color\" id=\"our-daily-inspiration\">Holzstrukturen<\/h2>\n\n\n\n<p class=\"has-text-align-right wp-block-paragraph\">Wir sind stolz auf funktionales Design, das Routensetzern erm\u00f6glicht, wirklich kreativ zu sein. Die Holzstrukturen bestehen aus 18 mm Sperrholz. Die Oberfl\u00e4chenbehandlung unserer Strukturen ist unverwechselbar.<\/p>\n<\/div>\n\n\n\n<div class=\"wp-block-column custombox box9 invert is-layout-flow wp-block-column-is-layout-flow\"><\/div>\n<\/div>\n\n\n\n<div class=\"wp-block-columns rozcestnik gap10 is-layout-flex wp-container-core-columns-is-layout-7387b849 wp-block-columns-is-layout-flex\">\n<div class=\"wp-block-column custombox box12 is-layout-flow wp-block-column-is-layout-flow\"><\/div>\n\n\n\n<div class=\"wp-block-column custombox box11 lightgrey is-layout-flow wp-block-column-is-layout-flow\">\n<h2 class=\"wp-block-heading has-text-align-left\">Wir unterst\u00fctzen lokale Produktion<\/h2>\n\n\n\n<p class=\"has-text-align-left wp-block-paragraph\">Wir entwerfen alle Metallzubeh\u00f6rteile \u2013 von kleinen Unterlegscheiben, Schrauben, Metalleins\u00e4tzen bis hin zu verschiedenen Sicherheitselementen \u2013 selbst und unsere lokalen Partner \u00fcbernehmen die Produktion.<\/p>\n<\/div>\n<\/div>\n\n\n\n<div class=\"wp-block-group reach-to-top is-layout-constrained wp-block-group-is-layout-constrained\"><div class=\"wp-block-group__inner-container\">\n<h3 class=\"wp-block-heading has-text-align-center\">#ReachTheTop<\/h3>\n\n\n\n<figure class=\"wp-block-image size-full\"><a href=\"https:\/\/www.virgingrip.com\/wp-content\/uploads\/reach-the-top-1.svg\"><img decoding=\"async\" src=\"https:\/\/www.virgingrip.com\/wp-content\/uploads\/reach-the-top-1.svg\" alt=\"\" class=\"wp-image-24439\" style=\"object-fit:cover\"\/><\/a><\/figure>\n\n\n\n<h3 class=\"wp-block-heading has-text-align-center\">Together.<\/h3>\n<\/div><\/div>\n\n\n\n<div class=\"wp-block-cover is-light news_section\"><span aria-hidden=\"true\" class=\"wp-block-cover__background has-background-dim\"><\/span><div class=\"wp-block-cover__inner-container is-layout-constrained wp-block-cover-is-layout-constrained\">\n<figure class=\"wp-block-image size-full desktop-image\"><a href=\"https:\/\/drive.google.com\/file\/d\/15o4OKBdVO5eK1XPdtjRc_cUIhWlzPdQT\/view?usp=drive_link\" target=\"_blank\" rel=\"https:\/\/drive.google.com\/file\/d\/1ZQLpH-v5DfibvgrZXGtfTWUpCW5QaU08\/view noreferrer noopener\"><img decoding=\"async\" width=\"2560\" height=\"209\" src=\"https:\/\/www.virgingrip.com\/wp-content\/uploads\/vg-news25-horizontal--scaled.png\" alt=\"\" class=\"wp-image-27069\" srcset=\"https:\/\/www.virgingrip.com\/wp-content\/uploads\/vg-news25-horizontal--scaled.png 2560w, https:\/\/www.virgingrip.com\/wp-content\/uploads\/vg-news25-horizontal--300x25.png 300w, https:\/\/www.virgingrip.com\/wp-content\/uploads\/vg-news25-horizontal--1024x84.png 1024w, https:\/\/www.virgingrip.com\/wp-content\/uploads\/vg-news25-horizontal--768x63.png 768w, https:\/\/www.virgingrip.com\/wp-content\/uploads\/vg-news25-horizontal--1536x126.png 1536w, https:\/\/www.virgingrip.com\/wp-content\/uploads\/vg-news25-horizontal--405x33.png 405w, https:\/\/www.virgingrip.com\/wp-content\/uploads\/vg-news25-horizontal--615x50.png 615w, https:\/\/www.virgingrip.com\/wp-content\/uploads\/vg-news25-horizontal--40x3.png 40w\" sizes=\"(max-width: 2560px) 100vw, 2560px\" \/><\/a><\/figure>\n\n\n\n<figure class=\"wp-block-image size-full mobile-image\"><a href=\"https:\/\/drive.google.com\/file\/d\/15o4OKBdVO5eK1XPdtjRc_cUIhWlzPdQT\/view?usp=drive_link\" target=\"_blank\" rel=\"https:\/\/drive.google.com\/file\/d\/1ZQLpH-v5DfibvgrZXGtfTWUpCW5QaU08\/view noopener\"><img decoding=\"async\" width=\"780\" height=\"780\" src=\"https:\/\/www.virgingrip.com\/wp-content\/uploads\/vg-news25-square-.png\" alt=\"\" class=\"wp-image-27067\" style=\"object-fit:cover\" srcset=\"https:\/\/www.virgingrip.com\/wp-content\/uploads\/vg-news25-square-.png 780w, https:\/\/www.virgingrip.com\/wp-content\/uploads\/vg-news25-square--300x300.png 300w, https:\/\/www.virgingrip.com\/wp-content\/uploads\/vg-news25-square--150x150.png 150w, https:\/\/www.virgingrip.com\/wp-content\/uploads\/vg-news25-square--768x768.png 768w, https:\/\/www.virgingrip.com\/wp-content\/uploads\/vg-news25-square--430x430.png 430w, https:\/\/www.virgingrip.com\/wp-content\/uploads\/vg-news25-square--405x405.png 405w, https:\/\/www.virgingrip.com\/wp-content\/uploads\/vg-news25-square--615x615.png 615w, https:\/\/www.virgingrip.com\/wp-content\/uploads\/vg-news25-square--100x100.png 100w, https:\/\/www.virgingrip.com\/wp-content\/uploads\/vg-news25-square--40x40.png 40w\" sizes=\"(max-width: 780px) 100vw, 780px\" \/><\/a><\/figure>\n<\/div><\/div>\n","protected":false},"excerpt":{"rendered":"<p>100 % eigene Produktion der PU-Klettergriffe Vom Modell des Klettergriffs (Master), \u00fcber die Silikonform, den Guss, das Schleifen und den Versand \u2013 alles in unserer eigenen Regie. Dadurch sind wir in der Lage, die neuesten Trends bei Klettergriffen schnell in die Produktion umzusetzen und selbst zu bestimmen, was und wann wir unseren Kunden pr\u00e4sentieren. \u00dcber [&hellip;]<\/p>\n","protected":false},"author":1500,"featured_media":0,"parent":0,"menu_order":49,"comment_status":"closed","ping_status":"closed","template":"page-infoheader.php","meta":{"_acf_changed":false,"_crdt_document":"","site-sidebar-layout":"no-sidebar","site-content-layout":"","ast-site-content-layout":"default","site-content-style":"default","site-sidebar-style":"default","ast-global-header-display":"","ast-banner-title-visibility":"","ast-main-header-display":"","ast-hfb-above-header-display":"","ast-hfb-below-header-display":"","ast-hfb-mobile-header-display":"","site-post-title":"disabled","ast-breadcrumbs-content":"","ast-featured-img":"","footer-sml-layout":"","ast-disable-related-posts":"","theme-transparent-header-meta":"","adv-header-id-meta":"","stick-header-meta":"","header-above-stick-meta":"","header-main-stick-meta":"","header-below-stick-meta":"","astra-migrate-meta-layouts":"set","ast-page-background-enabled":"default","ast-page-background-meta":{"desktop":{"background-color":"","background-image":"","background-repeat":"repeat","background-position":"center center","background-size":"auto","background-attachment":"scroll","background-type":"","background-media":"","overlay-type":"","overlay-color":"","overlay-opacity":"","overlay-gradient":""},"tablet":{"background-color":"","background-image":"","background-repeat":"repeat","background-position":"center center","background-size":"auto","background-attachment":"scroll","background-type":"","background-media":"","overlay-type":"","overlay-color":"","overlay-opacity":"","overlay-gradient":""},"mobile":{"background-color":"","background-image":"","background-repeat":"repeat","background-position":"center center","background-size":"auto","background-attachment":"scroll","background-type":"","background-media":"","overlay-type":"","overlay-color":"","overlay-opacity":"","overlay-gradient":""}},"ast-content-background-meta":{"desktop":{"background-color":"var(--ast-global-color-5)","background-image":"","background-repeat":"repeat","background-position":"center center","background-size":"auto","background-attachment":"scroll","background-type":"","background-media":"","overlay-type":"","overlay-color":"","overlay-opacity":"","overlay-gradient":""},"tablet":{"background-color":"var(--ast-global-color-5)","background-image":"","background-repeat":"repeat","background-position":"center center","background-size":"auto","background-attachment":"scroll","background-type":"","background-media":"","overlay-type":"","overlay-color":"","overlay-opacity":"","overlay-gradient":""},"mobile":{"background-color":"var(--ast-global-color-5)","background-image":"","background-repeat":"repeat","background-position":"center center","background-size":"auto","background-attachment":"scroll","background-type":"","background-media":"","overlay-type":"","overlay-color":"","overlay-opacity":"","overlay-gradient":""}},"_joinchat":[],"footnotes":""},"class_list":["post-24450","page","type-page","status-publish","hentry"],"acf":[],"_links":{"self":[{"href":"https:\/\/www.virgingrip.com\/de\/wp-json\/wp\/v2\/pages\/24450","targetHints":{"allow":["GET"]}}],"collection":[{"href":"https:\/\/www.virgingrip.com\/de\/wp-json\/wp\/v2\/pages"}],"about":[{"href":"https:\/\/www.virgingrip.com\/de\/wp-json\/wp\/v2\/types\/page"}],"author":[{"embeddable":true,"href":"https:\/\/www.virgingrip.com\/de\/wp-json\/wp\/v2\/users\/1500"}],"replies":[{"embeddable":true,"href":"https:\/\/www.virgingrip.com\/de\/wp-json\/wp\/v2\/comments?post=24450"}],"version-history":[{"count":3,"href":"https:\/\/www.virgingrip.com\/de\/wp-json\/wp\/v2\/pages\/24450\/revisions"}],"predecessor-version":[{"id":27079,"href":"https:\/\/www.virgingrip.com\/de\/wp-json\/wp\/v2\/pages\/24450\/revisions\/27079"}],"wp:attachment":[{"href":"https:\/\/www.virgingrip.com\/de\/wp-json\/wp\/v2\/media?parent=24450"}],"curies":[{"name":"wp","href":"https:\/\/api.w.org\/{rel}","templated":true}]}}