{"id":10784,"date":"2020-03-02T14:01:49","date_gmt":"2020-03-02T13:01:49","guid":{"rendered":"https:\/\/virgingrip.com\/?post_type=product&#038;p=10784"},"modified":"2025-07-22T11:04:44","modified_gmt":"2025-07-22T09:04:44","slug":"space-breaker-1","status":"publish","type":"product","link":"https:\/\/www.virgingrip.com\/de\/holzvolumen\/space-breaker-1\/","title":{"rendered":"Space Breaker 1"},"content":{"rendered":"<p>Diese einzigartigen Griffe scheinen die beliebtesten unserer Crack-Formation zu sein! Diese unverwechselbaren Klettergriffe sind f\u00fcr Sport- und Wettbewerbswege f\u00fcr Seilklettern an \u00fcberh\u00e4ngenden W\u00e4nden und oder f\u00fcr Sportklettern an senkrechten W\u00e4nden bestimmt. Ihre markanten Kanten zeigen klar, wie wer trainiert hat! Sie sind auf der Wand un\u00fcbersehbar!<\/p>\n","protected":false},"excerpt":{"rendered":"<p>Diese einzigartigen Griffe scheinen die beliebtesten unserer Crack-Formation zu sein! Diese unverwechselbaren Klettergriffe sind f\u00fcr Sport- und Wettbewerbswege f\u00fcr Seilklettern an \u00fcberh\u00e4ngenden W\u00e4nden und oder f\u00fcr Sportklettern an senkrechten W\u00e4nden bestimmt. Ihre markanten Kanten zeigen klar, wie wer trainiert hat! Sie sind auf der Wand un\u00fcbersehbar!<\/p>\n","protected":false},"featured_media":23111,"template":"","meta":{"_acf_changed":false,"_crdt_document":"","site-sidebar-layout":"default","site-content-layout":"default","ast-site-content-layout":"default","site-content-style":"default","site-sidebar-style":"default","ast-global-header-display":"","ast-banner-title-visibility":"","ast-main-header-display":"","ast-hfb-above-header-display":"","ast-hfb-below-header-display":"","ast-hfb-mobile-header-display":"","site-post-title":"","ast-breadcrumbs-content":"","ast-featured-img":"","footer-sml-layout":"","ast-disable-related-posts":"","theme-transparent-header-meta":"default","adv-header-id-meta":"","stick-header-meta":"default","header-above-stick-meta":"","header-main-stick-meta":"","header-below-stick-meta":"","astra-migrate-meta-layouts":"default","ast-page-background-enabled":"default","ast-page-background-meta":{"desktop":{"background-color":"","background-image":"","background-repeat":"repeat","background-position":"center center","background-size":"auto","background-attachment":"scroll","background-type":"","background-media":"","overlay-type":"","overlay-color":"","overlay-opacity":"","overlay-gradient":""},"tablet":{"background-color":"","background-image":"","background-repeat":"repeat","background-position":"center center","background-size":"auto","background-attachment":"scroll","background-type":"","background-media":"","overlay-type":"","overlay-color":"","overlay-opacity":"","overlay-gradient":""},"mobile":{"background-color":"","background-image":"","background-repeat":"repeat","background-position":"center center","background-size":"auto","background-attachment":"scroll","background-type":"","background-media":"","overlay-type":"","overlay-color":"","overlay-opacity":"","overlay-gradient":""}},"ast-content-background-meta":{"desktop":{"background-color":"var(--ast-global-color-5)","background-image":"","background-repeat":"repeat","background-position":"center center","background-size":"auto","background-attachment":"scroll","background-type":"","background-media":"","overlay-type":"","overlay-color":"","overlay-opacity":"","overlay-gradient":""},"tablet":{"background-color":"var(--ast-global-color-5)","background-image":"","background-repeat":"repeat","background-position":"center center","background-size":"auto","background-attachment":"scroll","background-type":"","background-media":"","overlay-type":"","overlay-color":"","overlay-opacity":"","overlay-gradient":""},"mobile":{"background-color":"var(--ast-global-color-5)","background-image":"","background-repeat":"repeat","background-position":"center center","background-size":"auto","background-attachment":"scroll","background-type":"","background-media":"","overlay-type":"","overlay-color":"","overlay-opacity":"","overlay-gradient":""}},"_joinchat":[]},"product_brand":[],"product_cat":[271],"product_tag":[],"pack":[],"style":[],"class_list":{"0":"post-10784","1":"product","2":"type-product","3":"status-publish","4":"has-post-thumbnail","6":"product_cat-holzvolumen","7":"pa_color-blau-de","8":"pa_color-gelb","9":"pa_color-grey-ral-7001-de","10":"pa_color-grun","11":"pa_color-rot","12":"pa_color-schwarz","13":"pa_color-violet-ral-4008-de","14":"pa_color-weis","15":"pa_fixation-screw-on-de","16":"pa_material-18mm-plywood-de","17":"desktop-align-left","18":"tablet-align-left","19":"mobile-align-left","21":"first","22":"onbackorder","23":"taxable","24":"shipping-taxable","25":"purchasable","26":"product-type-variable"},"acf":[],"_links":{"self":[{"href":"https:\/\/www.virgingrip.com\/de\/wp-json\/wp\/v2\/product\/10784","targetHints":{"allow":["GET"]}}],"collection":[{"href":"https:\/\/www.virgingrip.com\/de\/wp-json\/wp\/v2\/product"}],"about":[{"href":"https:\/\/www.virgingrip.com\/de\/wp-json\/wp\/v2\/types\/product"}],"wp:featuredmedia":[{"embeddable":true,"href":"https:\/\/www.virgingrip.com\/de\/wp-json\/wp\/v2\/media\/23111"}],"wp:attachment":[{"href":"https:\/\/www.virgingrip.com\/de\/wp-json\/wp\/v2\/media?parent=10784"}],"wp:term":[{"taxonomy":"product_brand","embeddable":true,"href":"https:\/\/www.virgingrip.com\/de\/wp-json\/wp\/v2\/product_brand?post=10784"},{"taxonomy":"product_cat","embeddable":true,"href":"https:\/\/www.virgingrip.com\/de\/wp-json\/wp\/v2\/product_cat?post=10784"},{"taxonomy":"product_tag","embeddable":true,"href":"https:\/\/www.virgingrip.com\/de\/wp-json\/wp\/v2\/product_tag?post=10784"},{"taxonomy":"pack","embeddable":true,"href":"https:\/\/www.virgingrip.com\/de\/wp-json\/wp\/v2\/pack?post=10784"},{"taxonomy":"style","embeddable":true,"href":"https:\/\/www.virgingrip.com\/de\/wp-json\/wp\/v2\/style?post=10784"}],"curies":[{"name":"wp","href":"https:\/\/api.w.org\/{rel}","templated":true}]}}