{"id":19621,"date":"2021-04-28T16:23:55","date_gmt":"2021-04-28T14:23:55","guid":{"rendered":"https:\/\/virgingrip.com\/?post_type=product&#038;p=19621"},"modified":"2026-03-19T21:13:07","modified_gmt":"2026-03-19T20:13:07","slug":"seashells-klettergriffe-set","status":"publish","type":"product","link":"https:\/\/www.virgingrip.com\/de\/klettergriffe\/seashells-klettergriffe-set\/","title":{"rendered":"Seashells large"},"content":{"rendered":"<p>Mit diesem Satz von zehn Klettergriffen aus unserem hochwertigen PU haben wir gro\u00dfe Pl\u00e4ne! Sie wurden speziell f\u00fcr wettbewerbsf\u00e4hige Boulderrouten\u00a0 entwickelt und hergestellt. Wir m\u00f6chten sie bei internationalen Wettbewerben sehen! Moderne Formen und die gr\u00f6\u00dften individuellen Klettergriffe, die ihr von uns haben k\u00f6nnt!!!<\/p>\n<p style=\"margin: 0cm; margin-bottom: .0001pt;\"><span lang=\"EN-GB\">\u00a0<\/span><\/p>\n<p style=\"margin: 0cm; margin-bottom: .0001pt;\"><span lang=\"EN-GB\">\u00a0<\/span><\/p>\n","protected":false},"excerpt":{"rendered":"<p>Mit diesem Satz von zehn Klettergriffen aus unserem hochwertigen PU haben wir gro\u00dfe Pl\u00e4ne! Sie wurden speziell f\u00fcr wettbewerbsf\u00e4hige Boulderrouten\u00a0 entwickelt und hergestellt. Wir m\u00f6chten sie bei internationalen Wettbewerben sehen! Moderne Formen und die gr\u00f6\u00dften individuellen Klettergriffe, die ihr von uns haben k\u00f6nnt!!! \u00a0 \u00a0<\/p>\n","protected":false},"featured_media":22663,"template":"","meta":{"_acf_changed":false,"_crdt_document":"","site-sidebar-layout":"default","site-content-layout":"default","ast-site-content-layout":"default","site-content-style":"default","site-sidebar-style":"default","ast-global-header-display":"","ast-banner-title-visibility":"","ast-main-header-display":"","ast-hfb-above-header-display":"","ast-hfb-below-header-display":"","ast-hfb-mobile-header-display":"","site-post-title":"","ast-breadcrumbs-content":"","ast-featured-img":"","footer-sml-layout":"","ast-disable-related-posts":"","theme-transparent-header-meta":"default","adv-header-id-meta":"","stick-header-meta":"default","header-above-stick-meta":"","header-main-stick-meta":"","header-below-stick-meta":"","astra-migrate-meta-layouts":"set","ast-page-background-enabled":"default","ast-page-background-meta":{"desktop":{"background-color":"","background-image":"","background-repeat":"repeat","background-position":"center center","background-size":"auto","background-attachment":"scroll","background-type":"","background-media":"","overlay-type":"","overlay-color":"","overlay-opacity":"","overlay-gradient":""},"tablet":{"background-color":"","background-image":"","background-repeat":"repeat","background-position":"center center","background-size":"auto","background-attachment":"scroll","background-type":"","background-media":"","overlay-type":"","overlay-color":"","overlay-opacity":"","overlay-gradient":""},"mobile":{"background-color":"","background-image":"","background-repeat":"repeat","background-position":"center center","background-size":"auto","background-attachment":"scroll","background-type":"","background-media":"","overlay-type":"","overlay-color":"","overlay-opacity":"","overlay-gradient":""}},"ast-content-background-meta":{"desktop":{"background-color":"var(--ast-global-color-5)","background-image":"","background-repeat":"repeat","background-position":"center center","background-size":"auto","background-attachment":"scroll","background-type":"","background-media":"","overlay-type":"","overlay-color":"","overlay-opacity":"","overlay-gradient":""},"tablet":{"background-color":"var(--ast-global-color-5)","background-image":"","background-repeat":"repeat","background-position":"center center","background-size":"auto","background-attachment":"scroll","background-type":"","background-media":"","overlay-type":"","overlay-color":"","overlay-opacity":"","overlay-gradient":""},"mobile":{"background-color":"var(--ast-global-color-5)","background-image":"","background-repeat":"repeat","background-position":"center center","background-size":"auto","background-attachment":"scroll","background-type":"","background-media":"","overlay-type":"","overlay-color":"","overlay-opacity":"","overlay-gradient":""}},"_joinchat":[]},"product_brand":[],"product_cat":[713,177],"product_tag":[528],"pack":[330],"style":[],"class_list":{"0":"post-19621","1":"product","2":"type-product","3":"status-publish","4":"has-post-thumbnail","6":"product_cat-wettkampflinie","7":"product_cat-klettergriffe","8":"product_tag-competition-line-de","9":"pa_color-blau-de","10":"pa_color-brown-orange-ral-8023-de","11":"pa_color-fluo-green-de","12":"pa_color-fluo-orange-ral-2005","13":"pa_color-fluo-pink-pantone-806c-de","14":"pa_color-gelb","15":"pa_color-grey-ral-7001-de","16":"pa_color-grun","17":"pa_color-light-orange-ral-2011-de","18":"pa_color-mint-green-ral-6027","19":"pa_color-rot","20":"pa_color-schwarz","21":"pa_color-violet-ral-4008-de","22":"pa_color-virgingrip-blue-ral-670-6-de","23":"pa_color-weis","24":"pa_dual-texture-ja","25":"pa_fixation-screw-on-de","26":"pa_material-eco-polyurethane-3rd-generation-de","27":"pa_size-xl-de","28":"pa_size-xxl-de-2","29":"pa_type-of-grip-slopers-de","30":"pack-st-sada","31":"desktop-align-left","32":"tablet-align-left","33":"mobile-align-left","35":"first","36":"instock","37":"taxable","38":"shipping-taxable","39":"purchasable","40":"product-type-variable"},"acf":[],"_links":{"self":[{"href":"https:\/\/www.virgingrip.com\/de\/wp-json\/wp\/v2\/product\/19621","targetHints":{"allow":["GET"]}}],"collection":[{"href":"https:\/\/www.virgingrip.com\/de\/wp-json\/wp\/v2\/product"}],"about":[{"href":"https:\/\/www.virgingrip.com\/de\/wp-json\/wp\/v2\/types\/product"}],"wp:featuredmedia":[{"embeddable":true,"href":"https:\/\/www.virgingrip.com\/de\/wp-json\/wp\/v2\/media\/22663"}],"wp:attachment":[{"href":"https:\/\/www.virgingrip.com\/de\/wp-json\/wp\/v2\/media?parent=19621"}],"wp:term":[{"taxonomy":"product_brand","embeddable":true,"href":"https:\/\/www.virgingrip.com\/de\/wp-json\/wp\/v2\/product_brand?post=19621"},{"taxonomy":"product_cat","embeddable":true,"href":"https:\/\/www.virgingrip.com\/de\/wp-json\/wp\/v2\/product_cat?post=19621"},{"taxonomy":"product_tag","embeddable":true,"href":"https:\/\/www.virgingrip.com\/de\/wp-json\/wp\/v2\/product_tag?post=19621"},{"taxonomy":"pack","embeddable":true,"href":"https:\/\/www.virgingrip.com\/de\/wp-json\/wp\/v2\/pack?post=19621"},{"taxonomy":"style","embeddable":true,"href":"https:\/\/www.virgingrip.com\/de\/wp-json\/wp\/v2\/style?post=19621"}],"curies":[{"name":"wp","href":"https:\/\/api.w.org\/{rel}","templated":true}]}}