{"id":19747,"date":"2021-06-15T17:25:23","date_gmt":"2021-06-15T15:25:23","guid":{"rendered":"https:\/\/virgingrip.com\/?post_type=product&#038;p=19747"},"modified":"2025-07-22T11:04:45","modified_gmt":"2025-07-22T09:04:45","slug":"virgingrip-twins","status":"publish","type":"product","link":"https:\/\/www.virgingrip.com\/de\/holzvolumen\/virgingrip-twins\/","title":{"rendered":"VirginGrip Twins"},"content":{"rendered":"<p>Eins kann ohne das andere nicht sein, denn nur zusammen bilden sie ein perfektes Ganzes. Die Griffe k\u00f6nnen auch separat gekauft werden, aber beide zusammen sind definitiv besser! Hochwertige Oberfl\u00e4che und Stahlbauteile zur Befestigung von Schrauben mit Klettergriffen. Hergestellt aus 18mm Sperrholz. Die Kantenl\u00e4nge betr\u00e4gt 125 cm!!! Die H\u00f6he der Struktur betr\u00e4gt 18 cm.<\/p>\n<p style=\"margin: 0cm; margin-bottom: .0001pt;\"><span lang=\"EN-GB\">\u00a0<\/span><\/p>\n","protected":false},"excerpt":{"rendered":"<p>Eins kann ohne das andere nicht sein, denn nur zusammen bilden sie ein perfektes Ganzes. Die Griffe k\u00f6nnen auch separat gekauft werden, aber beide zusammen sind definitiv besser! Hochwertige Oberfl\u00e4che und Stahlbauteile zur Befestigung von Schrauben mit Klettergriffen. Hergestellt aus 18mm Sperrholz. Die Kantenl\u00e4nge betr\u00e4gt 125 cm!!! Die H\u00f6he der Struktur betr\u00e4gt 18 cm. \u00a0<\/p>\n","protected":false},"featured_media":23255,"template":"","meta":{"_acf_changed":false,"_crdt_document":"","site-sidebar-layout":"default","site-content-layout":"default","ast-site-content-layout":"default","site-content-style":"default","site-sidebar-style":"default","ast-global-header-display":"","ast-banner-title-visibility":"","ast-main-header-display":"","ast-hfb-above-header-display":"","ast-hfb-below-header-display":"","ast-hfb-mobile-header-display":"","site-post-title":"","ast-breadcrumbs-content":"","ast-featured-img":"","footer-sml-layout":"","ast-disable-related-posts":"","theme-transparent-header-meta":"default","adv-header-id-meta":"","stick-header-meta":"default","header-above-stick-meta":"","header-main-stick-meta":"","header-below-stick-meta":"","astra-migrate-meta-layouts":"default","ast-page-background-enabled":"default","ast-page-background-meta":{"desktop":{"background-color":"","background-image":"","background-repeat":"repeat","background-position":"center center","background-size":"auto","background-attachment":"scroll","background-type":"","background-media":"","overlay-type":"","overlay-color":"","overlay-opacity":"","overlay-gradient":""},"tablet":{"background-color":"","background-image":"","background-repeat":"repeat","background-position":"center center","background-size":"auto","background-attachment":"scroll","background-type":"","background-media":"","overlay-type":"","overlay-color":"","overlay-opacity":"","overlay-gradient":""},"mobile":{"background-color":"","background-image":"","background-repeat":"repeat","background-position":"center center","background-size":"auto","background-attachment":"scroll","background-type":"","background-media":"","overlay-type":"","overlay-color":"","overlay-opacity":"","overlay-gradient":""}},"ast-content-background-meta":{"desktop":{"background-color":"var(--ast-global-color-5)","background-image":"","background-repeat":"repeat","background-position":"center center","background-size":"auto","background-attachment":"scroll","background-type":"","background-media":"","overlay-type":"","overlay-color":"","overlay-opacity":"","overlay-gradient":""},"tablet":{"background-color":"var(--ast-global-color-5)","background-image":"","background-repeat":"repeat","background-position":"center center","background-size":"auto","background-attachment":"scroll","background-type":"","background-media":"","overlay-type":"","overlay-color":"","overlay-opacity":"","overlay-gradient":""},"mobile":{"background-color":"var(--ast-global-color-5)","background-image":"","background-repeat":"repeat","background-position":"center center","background-size":"auto","background-attachment":"scroll","background-type":"","background-media":"","overlay-type":"","overlay-color":"","overlay-opacity":"","overlay-gradient":""}},"_joinchat":[]},"product_brand":[],"product_cat":[271],"product_tag":[],"pack":[],"style":[],"class_list":{"0":"post-19747","1":"product","2":"type-product","3":"status-publish","4":"has-post-thumbnail","6":"product_cat-holzvolumen","7":"pa_color-blau-de","8":"pa_color-gelb","9":"pa_color-grey-ral-7001-de","10":"pa_color-grun","11":"pa_color-rot","12":"pa_color-schwarz","13":"pa_color-violet-ral-4008-de","14":"pa_color-weis","15":"pa_fixation-screw-on-de","16":"pa_material-18mm-plywood-de","17":"desktop-align-left","18":"tablet-align-left","19":"mobile-align-left","21":"first","22":"onbackorder","23":"taxable","24":"shipping-taxable","25":"purchasable","26":"product-type-variable"},"acf":[],"_links":{"self":[{"href":"https:\/\/www.virgingrip.com\/de\/wp-json\/wp\/v2\/product\/19747","targetHints":{"allow":["GET"]}}],"collection":[{"href":"https:\/\/www.virgingrip.com\/de\/wp-json\/wp\/v2\/product"}],"about":[{"href":"https:\/\/www.virgingrip.com\/de\/wp-json\/wp\/v2\/types\/product"}],"wp:featuredmedia":[{"embeddable":true,"href":"https:\/\/www.virgingrip.com\/de\/wp-json\/wp\/v2\/media\/23255"}],"wp:attachment":[{"href":"https:\/\/www.virgingrip.com\/de\/wp-json\/wp\/v2\/media?parent=19747"}],"wp:term":[{"taxonomy":"product_brand","embeddable":true,"href":"https:\/\/www.virgingrip.com\/de\/wp-json\/wp\/v2\/product_brand?post=19747"},{"taxonomy":"product_cat","embeddable":true,"href":"https:\/\/www.virgingrip.com\/de\/wp-json\/wp\/v2\/product_cat?post=19747"},{"taxonomy":"product_tag","embeddable":true,"href":"https:\/\/www.virgingrip.com\/de\/wp-json\/wp\/v2\/product_tag?post=19747"},{"taxonomy":"pack","embeddable":true,"href":"https:\/\/www.virgingrip.com\/de\/wp-json\/wp\/v2\/pack?post=19747"},{"taxonomy":"style","embeddable":true,"href":"https:\/\/www.virgingrip.com\/de\/wp-json\/wp\/v2\/style?post=19747"}],"curies":[{"name":"wp","href":"https:\/\/api.w.org\/{rel}","templated":true}]}}