{"id":20001,"date":"2021-10-21T17:22:26","date_gmt":"2021-10-21T15:22:26","guid":{"rendered":"https:\/\/virgingrip.com\/?post_type=product&#038;p=20001"},"modified":"2025-07-22T11:05:38","modified_gmt":"2025-07-22T09:05:38","slug":"virgingrip-trainer-wooden-pull-up-board","status":"publish","type":"product","link":"https:\/\/www.virgingrip.com\/de\/holzvolumen\/virgingrip-trainer-wooden-pull-up-board\/","title":{"rendered":"VirginGrip Trainer &#8211; wooden pull up board"},"content":{"rendered":"<p>Fitness Booster Board aus Holz: Ihr m\u00f6chtet trainieren und habt nicht genug Platz f\u00fcr eine Kletterwand zu Hause? M\u00f6chtet ihr einzelne Griffe \u00e4ndern und habt genug von statischen Booster-Boards? Wir haben eine L\u00f6sung f\u00fcr euch: unser Booster-Board aus Holz mit 29 L\u00f6chern zum Anbringen von Klettergriffen. Ihr k\u00f6nnt entweder unsere speziellen PU-Griffe kaufen, zum Anziehen. Sie passen genau an die Form des Boards. Diese Griffe k\u00f6nnen um 360 Grad gedreht werden und sie funktionieren so, wie ihr sie braucht! Ihr k\u00f6nnt auch Klettergriffe verwenden, die ihr bereits zu Hause habt, oder Klettergriffe aus unserem VirginGrip-Sortiment. Das Board wird mit Zubeh\u00f6r f\u00fcr den Einbau geliefert. <\/p>\n","protected":false},"excerpt":{"rendered":"<p>Fitness Booster Board aus Holz: Ihr m\u00f6chtet trainieren und habt nicht genug Platz f\u00fcr eine Kletterwand zu Hause? M\u00f6chtet ihr einzelne Griffe \u00e4ndern und habt genug von statischen Booster-Boards? Wir haben eine L\u00f6sung f\u00fcr euch: unser Booster-Board aus Holz mit 29 L\u00f6chern zum Anbringen von Klettergriffen. Ihr k\u00f6nnt entweder unsere speziellen PU-Griffe kaufen, zum Anziehen. [&hellip;]<\/p>\n","protected":false},"featured_media":23258,"template":"","meta":{"_acf_changed":false,"_crdt_document":"","site-sidebar-layout":"default","site-content-layout":"default","ast-site-content-layout":"default","site-content-style":"default","site-sidebar-style":"default","ast-global-header-display":"","ast-banner-title-visibility":"","ast-main-header-display":"","ast-hfb-above-header-display":"","ast-hfb-below-header-display":"","ast-hfb-mobile-header-display":"","site-post-title":"","ast-breadcrumbs-content":"","ast-featured-img":"","footer-sml-layout":"","ast-disable-related-posts":"","theme-transparent-header-meta":"default","adv-header-id-meta":"","stick-header-meta":"default","header-above-stick-meta":"","header-main-stick-meta":"","header-below-stick-meta":"","astra-migrate-meta-layouts":"default","ast-page-background-enabled":"default","ast-page-background-meta":{"desktop":{"background-color":"","background-image":"","background-repeat":"repeat","background-position":"center center","background-size":"auto","background-attachment":"scroll","background-type":"","background-media":"","overlay-type":"","overlay-color":"","overlay-opacity":"","overlay-gradient":""},"tablet":{"background-color":"","background-image":"","background-repeat":"repeat","background-position":"center center","background-size":"auto","background-attachment":"scroll","background-type":"","background-media":"","overlay-type":"","overlay-color":"","overlay-opacity":"","overlay-gradient":""},"mobile":{"background-color":"","background-image":"","background-repeat":"repeat","background-position":"center center","background-size":"auto","background-attachment":"scroll","background-type":"","background-media":"","overlay-type":"","overlay-color":"","overlay-opacity":"","overlay-gradient":""}},"ast-content-background-meta":{"desktop":{"background-color":"var(--ast-global-color-5)","background-image":"","background-repeat":"repeat","background-position":"center center","background-size":"auto","background-attachment":"scroll","background-type":"","background-media":"","overlay-type":"","overlay-color":"","overlay-opacity":"","overlay-gradient":""},"tablet":{"background-color":"var(--ast-global-color-5)","background-image":"","background-repeat":"repeat","background-position":"center center","background-size":"auto","background-attachment":"scroll","background-type":"","background-media":"","overlay-type":"","overlay-color":"","overlay-opacity":"","overlay-gradient":""},"mobile":{"background-color":"var(--ast-global-color-5)","background-image":"","background-repeat":"repeat","background-position":"center center","background-size":"auto","background-attachment":"scroll","background-type":"","background-media":"","overlay-type":"","overlay-color":"","overlay-opacity":"","overlay-gradient":""}},"_joinchat":[]},"product_brand":[],"product_cat":[271,151],"product_tag":[],"pack":[],"style":[],"class_list":{"0":"post-20001","1":"product","2":"type-product","3":"status-publish","4":"has-post-thumbnail","6":"product_cat-holzvolumen","7":"product_cat-zubehor","8":"pa_color-weis","9":"pa_fixation-screw-on-de","10":"pa_material-18mm-plywood-de","11":"desktop-align-left","12":"tablet-align-left","13":"mobile-align-left","15":"first","16":"instock","17":"taxable","18":"shipping-taxable","19":"purchasable","20":"product-type-variable"},"acf":[],"_links":{"self":[{"href":"https:\/\/www.virgingrip.com\/de\/wp-json\/wp\/v2\/product\/20001","targetHints":{"allow":["GET"]}}],"collection":[{"href":"https:\/\/www.virgingrip.com\/de\/wp-json\/wp\/v2\/product"}],"about":[{"href":"https:\/\/www.virgingrip.com\/de\/wp-json\/wp\/v2\/types\/product"}],"wp:featuredmedia":[{"embeddable":true,"href":"https:\/\/www.virgingrip.com\/de\/wp-json\/wp\/v2\/media\/23258"}],"wp:attachment":[{"href":"https:\/\/www.virgingrip.com\/de\/wp-json\/wp\/v2\/media?parent=20001"}],"wp:term":[{"taxonomy":"product_brand","embeddable":true,"href":"https:\/\/www.virgingrip.com\/de\/wp-json\/wp\/v2\/product_brand?post=20001"},{"taxonomy":"product_cat","embeddable":true,"href":"https:\/\/www.virgingrip.com\/de\/wp-json\/wp\/v2\/product_cat?post=20001"},{"taxonomy":"product_tag","embeddable":true,"href":"https:\/\/www.virgingrip.com\/de\/wp-json\/wp\/v2\/product_tag?post=20001"},{"taxonomy":"pack","embeddable":true,"href":"https:\/\/www.virgingrip.com\/de\/wp-json\/wp\/v2\/pack?post=20001"},{"taxonomy":"style","embeddable":true,"href":"https:\/\/www.virgingrip.com\/de\/wp-json\/wp\/v2\/style?post=20001"}],"curies":[{"name":"wp","href":"https:\/\/api.w.org\/{rel}","templated":true}]}}